{"id":70405,"date":"2022-08-10T00:11:00","date_gmt":"2022-08-09T22:11:00","guid":{"rendered":"http:\/\/test.valvex.com\/product\/bateria-wannowa-scienna-z-akcesoriami\/"},"modified":"2024-12-31T15:46:25","modified_gmt":"2024-12-31T14:46:25","slug":"decor-bateria-wannowa-scienna-z-akcesoriami","status":"publish","type":"product","link":"http:\/\/test.valvex.com\/ro\/produs\/decor-bateria-wannowa-scienna-z-akcesoriami\/","title":{"rendered":"Baterie pentru cad\u0103\/du\u0219 cu montaj pe perete"},"content":{"rendered":"\n<h2 class=\"wp-block-heading\">Woda na jedno klikni\u0119cie<\/h2>\n\n<p>Nowa seria baterii DECOR \u0142\u0105czy najnowsze rozwi\u0105zania technologiczne i innowacje ze stylem funkcjonowania wedle filozofii zr\u00f3wnowa\u017conego rozwoju. Od teraz korzystaj z wody w wygodny, nowoczesny, ale i odpowiedzialny spos\u00f3b.<\/p>\n\n<p>Dzi\u0119ki szybkiemu startowi wody i mo\u017cliwo\u015bci wybrania optymalnej temperatury na sta\u0142e, DECOR jest nie tylko bardziej komfortowy i prosty w obs\u0142udze na co dzie\u0144. Jest r\u00f3wnie\u017c narz\u0119dziem do oszcz\u0119dzania wody oraz Twojego czasu i pieni\u0119dzy. Dzi\u0119ki sta\u0142emu ci\u015bnieniu wody nie ryzykujesz uruchomienia zbyt du\u017cego ci\u015bnienia wody.<\/p>\n\n<p>Zastrze\u017cony wz\u00f3r pokr\u0119t\u0142a zmiany temperatury nadaje mu niepowtarzalnego stylu, ale i sprawia, \u017ce jego obs\u0142uga jest komfortowa i pewna.<\/p>\n\n<p>Jak korzysta\u0107 z baterii DECOR?<br\/>To bardzo proste!<br\/>1. Ustawiasz pokr\u0119t\u0142o na odpowiadaj\u0105c\u0105 Ci temperatur\u0119.<\/p>\n\n<figure class=\"wp-block-image size-full\"><img loading=\"lazy\" decoding=\"async\" width=\"300\" height=\"168\" src=\"http:\/\/test.valvex.com\/wp-content\/uploads\/2022\/08\/valvex_click_on-bateria-wannowa-03-300x168-1.png\" alt=\"\" class=\"wp-image-63381\"\/><\/figure>\n\n<p>2. Wciskasz przycisk.<\/p>\n\n<figure class=\"wp-block-image size-full\"><img loading=\"lazy\" decoding=\"async\" width=\"300\" height=\"168\" src=\"http:\/\/test.valvex.com\/wp-content\/uploads\/2022\/08\/valvex_click_on-bateria-wannowa-04-1-300x168-1.png\" alt=\"\" class=\"wp-image-63382\"\/><\/figure>\n","protected":false},"featured_media":70407,"template":"","ikony_produktow":[2141,2143,2164,2165,2155,2142,2144,2153],"product_category":[1814,1934,1949],"product_series":[2154],"color":[1967],"class_list":["post-70405","product","type-product","status-publish","has-post-thumbnail","hentry","ikony_produktow-25anigarantie","ikony_produktow-cartusceramicro","ikony_produktow-obrot-ro","ikony_produktow-para-de-dus-inclusa-in-set","ikony_produktow-wlacz_jednym_kliknieciem-ro","ikony_produktow-serviciude-48deoreinpolonia","ikony_produktow-o2-ro","ikony_produktow-easyclean-ro","product_category-baie","product_category-cada-de-baie","product_category-baterii-pentru-cada","product_series-decor-ro","color-blackgold"],"acf":[],"yoast_head":"<!-- This site is optimized with the Yoast SEO plugin v22.2 - https:\/\/yoast.com\/wordpress\/plugins\/seo\/ -->\n<title>Baterie pentru cad\u0103\/du\u0219 cu montaj pe perete - Valvex<\/title>\n<meta name=\"robots\" content=\"index, follow, max-snippet:-1, max-image-preview:large, max-video-preview:-1\" \/>\n<link rel=\"canonical\" href=\"http:\/\/test.valvex.com\/ro\/produs\/decor-bateria-wannowa-scienna-z-akcesoriami\/\" \/>\n<meta property=\"og:locale\" content=\"ro_RO\" \/>\n<meta property=\"og:type\" content=\"article\" \/>\n<meta property=\"og:title\" content=\"Baterie pentru cad\u0103\/du\u0219 cu montaj pe perete - Valvex\" \/>\n<meta property=\"og:description\" content=\"Woda na jedno klikni\u0119cie Nowa seria baterii DECOR \u0142\u0105czy najnowsze rozwi\u0105zania technologiczne i innowacje ze stylem funkcjonowania wedle filozofii zr\u00f3wnowa\u017conego rozwoju. Od teraz korzystaj z wody w wygodny, nowoczesny, ale i odpowiedzialny spos\u00f3b. Dzi\u0119ki szybkiemu startowi wody i mo\u017cliwo\u015bci wybrania optymalnej temperatury na sta\u0142e, DECOR jest nie tylko bardziej komfortowy i prosty w obs\u0142udze na [&hellip;]\" \/>\n<meta property=\"og:url\" content=\"http:\/\/test.valvex.com\/ro\/produs\/decor-bateria-wannowa-scienna-z-akcesoriami\/\" \/>\n<meta property=\"og:site_name\" content=\"Valvex\" \/>\n<meta property=\"article:modified_time\" content=\"2024-12-31T14:46:25+00:00\" \/>\n<meta property=\"og:image\" content=\"http:\/\/test.valvex.com\/wp-content\/uploads\/2022\/08\/VALVEX_2420720_DECOR-Black-Gold_wanna.png\" \/>\n\t<meta property=\"og:image:width\" content=\"800\" \/>\n\t<meta property=\"og:image:height\" content=\"800\" \/>\n\t<meta property=\"og:image:type\" content=\"image\/png\" \/>\n<meta name=\"twitter:card\" content=\"summary_large_image\" \/>\n<meta name=\"twitter:label1\" content=\"Timp estimat pentru citire\" \/>\n\t<meta name=\"twitter:data1\" content=\"2 minute\" \/>\n<script type=\"application\/ld+json\" class=\"yoast-schema-graph\">{\"@context\":\"https:\/\/schema.org\",\"@graph\":[{\"@type\":\"WebPage\",\"@id\":\"http:\/\/test.valvex.com\/ro\/produs\/decor-bateria-wannowa-scienna-z-akcesoriami\/\",\"url\":\"http:\/\/test.valvex.com\/ro\/produs\/decor-bateria-wannowa-scienna-z-akcesoriami\/\",\"name\":\"Baterie pentru cad\u0103\/du\u0219 cu montaj pe perete - Valvex\",\"isPartOf\":{\"@id\":\"http:\/\/test.valvex.com\/ro\/#website\"},\"primaryImageOfPage\":{\"@id\":\"http:\/\/test.valvex.com\/ro\/produs\/decor-bateria-wannowa-scienna-z-akcesoriami\/#primaryimage\"},\"image\":{\"@id\":\"http:\/\/test.valvex.com\/ro\/produs\/decor-bateria-wannowa-scienna-z-akcesoriami\/#primaryimage\"},\"thumbnailUrl\":\"http:\/\/test.valvex.com\/wp-content\/uploads\/2022\/08\/VALVEX_2420720_DECOR-Black-Gold_wanna.png\",\"datePublished\":\"2022-08-09T22:11:00+00:00\",\"dateModified\":\"2024-12-31T14:46:25+00:00\",\"breadcrumb\":{\"@id\":\"http:\/\/test.valvex.com\/ro\/produs\/decor-bateria-wannowa-scienna-z-akcesoriami\/#breadcrumb\"},\"inLanguage\":\"ro-RO\",\"potentialAction\":[{\"@type\":\"ReadAction\",\"target\":[\"http:\/\/test.valvex.com\/ro\/produs\/decor-bateria-wannowa-scienna-z-akcesoriami\/\"]}]},{\"@type\":\"ImageObject\",\"inLanguage\":\"ro-RO\",\"@id\":\"http:\/\/test.valvex.com\/ro\/produs\/decor-bateria-wannowa-scienna-z-akcesoriami\/#primaryimage\",\"url\":\"http:\/\/test.valvex.com\/wp-content\/uploads\/2022\/08\/VALVEX_2420720_DECOR-Black-Gold_wanna.png\",\"contentUrl\":\"http:\/\/test.valvex.com\/wp-content\/uploads\/2022\/08\/VALVEX_2420720_DECOR-Black-Gold_wanna.png\",\"width\":800,\"height\":800},{\"@type\":\"BreadcrumbList\",\"@id\":\"http:\/\/test.valvex.com\/ro\/produs\/decor-bateria-wannowa-scienna-z-akcesoriami\/#breadcrumb\",\"itemListElement\":[{\"@type\":\"ListItem\",\"position\":1,\"name\":\"Strona g\u0142\u00f3wna\",\"item\":\"http:\/\/test.valvex.com\/ro\/\"},{\"@type\":\"ListItem\",\"position\":2,\"name\":\"Baie\",\"item\":\"http:\/\/test.valvex.com\/ro\/oferta\/baie\/\"},{\"@type\":\"ListItem\",\"position\":3,\"name\":\"Baterie pentru cad\u0103\/du\u0219 cu montaj pe perete\"}]},{\"@type\":\"WebSite\",\"@id\":\"http:\/\/test.valvex.com\/ro\/#website\",\"url\":\"http:\/\/test.valvex.com\/ro\/\",\"name\":\"Valvex\",\"description\":\"Produc\u0103tor de instala\u021bii sanitare \u0219i sanitare\",\"potentialAction\":[{\"@type\":\"SearchAction\",\"target\":{\"@type\":\"EntryPoint\",\"urlTemplate\":\"http:\/\/test.valvex.com\/ro\/?s={search_term_string}\"},\"query-input\":\"required name=search_term_string\"}],\"inLanguage\":\"ro-RO\"}]}<\/script>\n<!-- \/ Yoast SEO plugin. -->","yoast_head_json":{"title":"Baterie pentru cad\u0103\/du\u0219 cu montaj pe perete - Valvex","robots":{"index":"index","follow":"follow","max-snippet":"max-snippet:-1","max-image-preview":"max-image-preview:large","max-video-preview":"max-video-preview:-1"},"canonical":"http:\/\/test.valvex.com\/ro\/produs\/decor-bateria-wannowa-scienna-z-akcesoriami\/","og_locale":"ro_RO","og_type":"article","og_title":"Baterie pentru cad\u0103\/du\u0219 cu montaj pe perete - Valvex","og_description":"Woda na jedno klikni\u0119cie Nowa seria baterii DECOR \u0142\u0105czy najnowsze rozwi\u0105zania technologiczne i innowacje ze stylem funkcjonowania wedle filozofii zr\u00f3wnowa\u017conego rozwoju. Od teraz korzystaj z wody w wygodny, nowoczesny, ale i odpowiedzialny spos\u00f3b. Dzi\u0119ki szybkiemu startowi wody i mo\u017cliwo\u015bci wybrania optymalnej temperatury na sta\u0142e, DECOR jest nie tylko bardziej komfortowy i prosty w obs\u0142udze na [&hellip;]","og_url":"http:\/\/test.valvex.com\/ro\/produs\/decor-bateria-wannowa-scienna-z-akcesoriami\/","og_site_name":"Valvex","article_modified_time":"2024-12-31T14:46:25+00:00","og_image":[{"width":800,"height":800,"url":"http:\/\/test.valvex.com\/wp-content\/uploads\/2022\/08\/VALVEX_2420720_DECOR-Black-Gold_wanna.png","type":"image\/png"}],"twitter_card":"summary_large_image","twitter_misc":{"Timp estimat pentru citire":"2 minute"},"schema":{"@context":"https:\/\/schema.org","@graph":[{"@type":"WebPage","@id":"http:\/\/test.valvex.com\/ro\/produs\/decor-bateria-wannowa-scienna-z-akcesoriami\/","url":"http:\/\/test.valvex.com\/ro\/produs\/decor-bateria-wannowa-scienna-z-akcesoriami\/","name":"Baterie pentru cad\u0103\/du\u0219 cu montaj pe perete - Valvex","isPartOf":{"@id":"http:\/\/test.valvex.com\/ro\/#website"},"primaryImageOfPage":{"@id":"http:\/\/test.valvex.com\/ro\/produs\/decor-bateria-wannowa-scienna-z-akcesoriami\/#primaryimage"},"image":{"@id":"http:\/\/test.valvex.com\/ro\/produs\/decor-bateria-wannowa-scienna-z-akcesoriami\/#primaryimage"},"thumbnailUrl":"http:\/\/test.valvex.com\/wp-content\/uploads\/2022\/08\/VALVEX_2420720_DECOR-Black-Gold_wanna.png","datePublished":"2022-08-09T22:11:00+00:00","dateModified":"2024-12-31T14:46:25+00:00","breadcrumb":{"@id":"http:\/\/test.valvex.com\/ro\/produs\/decor-bateria-wannowa-scienna-z-akcesoriami\/#breadcrumb"},"inLanguage":"ro-RO","potentialAction":[{"@type":"ReadAction","target":["http:\/\/test.valvex.com\/ro\/produs\/decor-bateria-wannowa-scienna-z-akcesoriami\/"]}]},{"@type":"ImageObject","inLanguage":"ro-RO","@id":"http:\/\/test.valvex.com\/ro\/produs\/decor-bateria-wannowa-scienna-z-akcesoriami\/#primaryimage","url":"http:\/\/test.valvex.com\/wp-content\/uploads\/2022\/08\/VALVEX_2420720_DECOR-Black-Gold_wanna.png","contentUrl":"http:\/\/test.valvex.com\/wp-content\/uploads\/2022\/08\/VALVEX_2420720_DECOR-Black-Gold_wanna.png","width":800,"height":800},{"@type":"BreadcrumbList","@id":"http:\/\/test.valvex.com\/ro\/produs\/decor-bateria-wannowa-scienna-z-akcesoriami\/#breadcrumb","itemListElement":[{"@type":"ListItem","position":1,"name":"Strona g\u0142\u00f3wna","item":"http:\/\/test.valvex.com\/ro\/"},{"@type":"ListItem","position":2,"name":"Baie","item":"http:\/\/test.valvex.com\/ro\/oferta\/baie\/"},{"@type":"ListItem","position":3,"name":"Baterie pentru cad\u0103\/du\u0219 cu montaj pe perete"}]},{"@type":"WebSite","@id":"http:\/\/test.valvex.com\/ro\/#website","url":"http:\/\/test.valvex.com\/ro\/","name":"Valvex","description":"Produc\u0103tor de instala\u021bii sanitare \u0219i sanitare","potentialAction":[{"@type":"SearchAction","target":{"@type":"EntryPoint","urlTemplate":"http:\/\/test.valvex.com\/ro\/?s={search_term_string}"},"query-input":"required name=search_term_string"}],"inLanguage":"ro-RO"}]}},"_links":{"self":[{"href":"http:\/\/test.valvex.com\/ro\/wp-json\/wp\/v2\/product\/70405","targetHints":{"allow":["GET"]}}],"collection":[{"href":"http:\/\/test.valvex.com\/ro\/wp-json\/wp\/v2\/product"}],"about":[{"href":"http:\/\/test.valvex.com\/ro\/wp-json\/wp\/v2\/types\/product"}],"wp:featuredmedia":[{"embeddable":true,"href":"http:\/\/test.valvex.com\/ro\/wp-json\/wp\/v2\/media\/70407"}],"wp:attachment":[{"href":"http:\/\/test.valvex.com\/ro\/wp-json\/wp\/v2\/media?parent=70405"}],"wp:term":[{"taxonomy":"ikony_produktow","embeddable":true,"href":"http:\/\/test.valvex.com\/ro\/wp-json\/wp\/v2\/ikony_produktow?post=70405"},{"taxonomy":"product_category","embeddable":true,"href":"http:\/\/test.valvex.com\/ro\/wp-json\/wp\/v2\/product_category?post=70405"},{"taxonomy":"product_series","embeddable":true,"href":"http:\/\/test.valvex.com\/ro\/wp-json\/wp\/v2\/product_series?post=70405"},{"taxonomy":"color","embeddable":true,"href":"http:\/\/test.valvex.com\/ro\/wp-json\/wp\/v2\/color?post=70405"}],"curies":[{"name":"wp","href":"https:\/\/api.w.org\/{rel}","templated":true}]}}