{"id":52461,"date":"2021-02-17T17:15:13","date_gmt":"2021-02-17T16:15:13","guid":{"rendered":"http:\/\/test.valvex.com\/product\/conne-baterie-de-bucatarie-cu-teava-curbata-si-maner-lateral\/"},"modified":"2024-03-05T15:43:06","modified_gmt":"2024-03-05T14:43:06","slug":"conne-conne-baterie-de-bucatarie-cu-teava-curbata-si-maner-lateral","status":"publish","type":"product","link":"http:\/\/test.valvex.com\/ro\/produs\/conne-conne-baterie-de-bucatarie-cu-teava-curbata-si-maner-lateral\/","title":{"rendered":"CONNE Baterie de buc\u0103t\u0103rie cu \u0163eav\u0103 curbat\u0103 \u0219i m\u00e2ner lateral"},"content":{"rendered":"","protected":false},"featured_media":0,"template":"","ikony_produktow":[1649,1658,1667,1675,1691,1690],"product_category":[],"product_series":[526],"color":[],"class_list":["post-52461","product","type-product","status-publish","hentry","ikony_produktow-25latgwarancji","ikony_produktow-48hserwiswpolsce","ikony_produktow-comfortzone","ikony_produktow-ceramic_head","ikony_produktow-obrot","ikony_produktow-o2","product_series-conne-ro"],"acf":[],"yoast_head":"<!-- This site is optimized with the Yoast SEO plugin v22.2 - https:\/\/yoast.com\/wordpress\/plugins\/seo\/ -->\n<title>CONNE Baterie de buc\u0103t\u0103rie cu \u0163eav\u0103 curbat\u0103 \u0219i m\u00e2ner lateral - Valvex<\/title>\n<meta name=\"robots\" content=\"index, follow, max-snippet:-1, max-image-preview:large, max-video-preview:-1\" \/>\n<link rel=\"canonical\" href=\"http:\/\/test.valvex.com\/ro\/produs\/conne-conne-baterie-de-bucatarie-cu-teava-curbata-si-maner-lateral\/\" \/>\n<meta property=\"og:locale\" content=\"ro_RO\" \/>\n<meta property=\"og:type\" content=\"article\" \/>\n<meta property=\"og:title\" content=\"CONNE Baterie de buc\u0103t\u0103rie cu \u0163eav\u0103 curbat\u0103 \u0219i m\u00e2ner lateral - Valvex\" \/>\n<meta property=\"og:url\" content=\"http:\/\/test.valvex.com\/ro\/produs\/conne-conne-baterie-de-bucatarie-cu-teava-curbata-si-maner-lateral\/\" \/>\n<meta property=\"og:site_name\" content=\"Valvex\" \/>\n<meta property=\"article:modified_time\" content=\"2024-03-05T14:43:06+00:00\" \/>\n<meta name=\"twitter:card\" content=\"summary_large_image\" \/>\n<script type=\"application\/ld+json\" class=\"yoast-schema-graph\">{\"@context\":\"https:\/\/schema.org\",\"@graph\":[{\"@type\":\"WebPage\",\"@id\":\"http:\/\/test.valvex.com\/ro\/produs\/conne-conne-baterie-de-bucatarie-cu-teava-curbata-si-maner-lateral\/\",\"url\":\"http:\/\/test.valvex.com\/ro\/produs\/conne-conne-baterie-de-bucatarie-cu-teava-curbata-si-maner-lateral\/\",\"name\":\"CONNE Baterie de buc\u0103t\u0103rie cu \u0163eav\u0103 curbat\u0103 \u0219i m\u00e2ner lateral - Valvex\",\"isPartOf\":{\"@id\":\"http:\/\/test.valvex.com\/ro\/#website\"},\"datePublished\":\"2021-02-17T16:15:13+00:00\",\"dateModified\":\"2024-03-05T14:43:06+00:00\",\"breadcrumb\":{\"@id\":\"http:\/\/test.valvex.com\/ro\/produs\/conne-conne-baterie-de-bucatarie-cu-teava-curbata-si-maner-lateral\/#breadcrumb\"},\"inLanguage\":\"ro-RO\",\"potentialAction\":[{\"@type\":\"ReadAction\",\"target\":[\"http:\/\/test.valvex.com\/ro\/produs\/conne-conne-baterie-de-bucatarie-cu-teava-curbata-si-maner-lateral\/\"]}]},{\"@type\":\"BreadcrumbList\",\"@id\":\"http:\/\/test.valvex.com\/ro\/produs\/conne-conne-baterie-de-bucatarie-cu-teava-curbata-si-maner-lateral\/#breadcrumb\",\"itemListElement\":[{\"@type\":\"ListItem\",\"position\":1,\"name\":\"Strona g\u0142\u00f3wna\",\"item\":\"http:\/\/test.valvex.com\/ro\/\"},{\"@type\":\"ListItem\",\"position\":2,\"name\":\"CONNE Baterie de buc\u0103t\u0103rie cu \u0163eav\u0103 curbat\u0103 \u0219i m\u00e2ner lateral\"}]},{\"@type\":\"WebSite\",\"@id\":\"http:\/\/test.valvex.com\/ro\/#website\",\"url\":\"http:\/\/test.valvex.com\/ro\/\",\"name\":\"Valvex\",\"description\":\"Produc\u0103tor de instala\u021bii sanitare \u0219i sanitare\",\"potentialAction\":[{\"@type\":\"SearchAction\",\"target\":{\"@type\":\"EntryPoint\",\"urlTemplate\":\"http:\/\/test.valvex.com\/ro\/?s={search_term_string}\"},\"query-input\":\"required name=search_term_string\"}],\"inLanguage\":\"ro-RO\"}]}<\/script>\n<!-- \/ Yoast SEO plugin. -->","yoast_head_json":{"title":"CONNE Baterie de buc\u0103t\u0103rie cu \u0163eav\u0103 curbat\u0103 \u0219i m\u00e2ner lateral - Valvex","robots":{"index":"index","follow":"follow","max-snippet":"max-snippet:-1","max-image-preview":"max-image-preview:large","max-video-preview":"max-video-preview:-1"},"canonical":"http:\/\/test.valvex.com\/ro\/produs\/conne-conne-baterie-de-bucatarie-cu-teava-curbata-si-maner-lateral\/","og_locale":"ro_RO","og_type":"article","og_title":"CONNE Baterie de buc\u0103t\u0103rie cu \u0163eav\u0103 curbat\u0103 \u0219i m\u00e2ner lateral - Valvex","og_url":"http:\/\/test.valvex.com\/ro\/produs\/conne-conne-baterie-de-bucatarie-cu-teava-curbata-si-maner-lateral\/","og_site_name":"Valvex","article_modified_time":"2024-03-05T14:43:06+00:00","twitter_card":"summary_large_image","schema":{"@context":"https:\/\/schema.org","@graph":[{"@type":"WebPage","@id":"http:\/\/test.valvex.com\/ro\/produs\/conne-conne-baterie-de-bucatarie-cu-teava-curbata-si-maner-lateral\/","url":"http:\/\/test.valvex.com\/ro\/produs\/conne-conne-baterie-de-bucatarie-cu-teava-curbata-si-maner-lateral\/","name":"CONNE Baterie de buc\u0103t\u0103rie cu \u0163eav\u0103 curbat\u0103 \u0219i m\u00e2ner lateral - Valvex","isPartOf":{"@id":"http:\/\/test.valvex.com\/ro\/#website"},"datePublished":"2021-02-17T16:15:13+00:00","dateModified":"2024-03-05T14:43:06+00:00","breadcrumb":{"@id":"http:\/\/test.valvex.com\/ro\/produs\/conne-conne-baterie-de-bucatarie-cu-teava-curbata-si-maner-lateral\/#breadcrumb"},"inLanguage":"ro-RO","potentialAction":[{"@type":"ReadAction","target":["http:\/\/test.valvex.com\/ro\/produs\/conne-conne-baterie-de-bucatarie-cu-teava-curbata-si-maner-lateral\/"]}]},{"@type":"BreadcrumbList","@id":"http:\/\/test.valvex.com\/ro\/produs\/conne-conne-baterie-de-bucatarie-cu-teava-curbata-si-maner-lateral\/#breadcrumb","itemListElement":[{"@type":"ListItem","position":1,"name":"Strona g\u0142\u00f3wna","item":"http:\/\/test.valvex.com\/ro\/"},{"@type":"ListItem","position":2,"name":"CONNE Baterie de buc\u0103t\u0103rie cu \u0163eav\u0103 curbat\u0103 \u0219i m\u00e2ner lateral"}]},{"@type":"WebSite","@id":"http:\/\/test.valvex.com\/ro\/#website","url":"http:\/\/test.valvex.com\/ro\/","name":"Valvex","description":"Produc\u0103tor de instala\u021bii sanitare \u0219i sanitare","potentialAction":[{"@type":"SearchAction","target":{"@type":"EntryPoint","urlTemplate":"http:\/\/test.valvex.com\/ro\/?s={search_term_string}"},"query-input":"required name=search_term_string"}],"inLanguage":"ro-RO"}]}},"_links":{"self":[{"href":"http:\/\/test.valvex.com\/ro\/wp-json\/wp\/v2\/product\/52461","targetHints":{"allow":["GET"]}}],"collection":[{"href":"http:\/\/test.valvex.com\/ro\/wp-json\/wp\/v2\/product"}],"about":[{"href":"http:\/\/test.valvex.com\/ro\/wp-json\/wp\/v2\/types\/product"}],"wp:attachment":[{"href":"http:\/\/test.valvex.com\/ro\/wp-json\/wp\/v2\/media?parent=52461"}],"wp:term":[{"taxonomy":"ikony_produktow","embeddable":true,"href":"http:\/\/test.valvex.com\/ro\/wp-json\/wp\/v2\/ikony_produktow?post=52461"},{"taxonomy":"product_category","embeddable":true,"href":"http:\/\/test.valvex.com\/ro\/wp-json\/wp\/v2\/product_category?post=52461"},{"taxonomy":"product_series","embeddable":true,"href":"http:\/\/test.valvex.com\/ro\/wp-json\/wp\/v2\/product_series?post=52461"},{"taxonomy":"color","embeddable":true,"href":"http:\/\/test.valvex.com\/ro\/wp-json\/wp\/v2\/color?post=52461"}],"curies":[{"name":"wp","href":"https:\/\/api.w.org\/{rel}","templated":true}]}}