{"id":52201,"date":"2021-09-24T15:48:42","date_gmt":"2021-09-24T13:48:42","guid":{"rendered":"http:\/\/test.valvex.com\/product\/loft-black-baterie-stativa-inalta-pentru-lavoar\/"},"modified":"2024-08-21T09:37:58","modified_gmt":"2024-08-21T07:37:58","slug":"loft-baterie-stativ%c4%83-%c3%aenalt%c4%83-pentru-lavoar-52201","status":"publish","type":"product","link":"http:\/\/test.valvex.com\/ro\/produs\/loft-baterie-stativ%c4%83-%c3%aenalt%c4%83-pentru-lavoar-52201\/","title":{"rendered":"Baterie stativ\u0103 \u00eenalt\u0103 pentru lavoar"},"content":{"rendered":"","protected":false},"featured_media":75810,"template":"","ikony_produktow":[2141,2143,2147,2142,2144,2146,2150,2153],"product_category":[2300,1814,1924],"product_series":[514],"color":[1762],"class_list":["post-52201","product","type-product","status-publish","has-post-thumbnail","hentry","ikony_produktow-25anigarantie","ikony_produktow-cartusceramicro","ikony_produktow-save-money-ro","ikony_produktow-serviciude-48deoreinpolonia","ikony_produktow-o2-ro","ikony_produktow-easyfix-ro","ikony_produktow-comfortzone-ro","ikony_produktow-easyclean-ro","product_category-baterie-pentru-chiuveta-inalt","product_category-baie","product_category-lavoar","product_series-loft-ro","color-black"],"acf":[],"yoast_head":"<!-- This site is optimized with the Yoast SEO plugin v22.2 - https:\/\/yoast.com\/wordpress\/plugins\/seo\/ -->\n<title>Baterie stativ\u0103 \u00eenalt\u0103 pentru lavoar - Valvex<\/title>\n<meta name=\"robots\" content=\"index, follow, max-snippet:-1, max-image-preview:large, max-video-preview:-1\" \/>\n<link rel=\"canonical\" href=\"http:\/\/test.valvex.com\/ro\/produs\/loft-baterie-stativ%c4%83-%c3%aenalt%c4%83-pentru-lavoar-52201\/\" \/>\n<meta property=\"og:locale\" content=\"ro_RO\" \/>\n<meta property=\"og:type\" content=\"article\" \/>\n<meta property=\"og:title\" content=\"Baterie stativ\u0103 \u00eenalt\u0103 pentru lavoar - Valvex\" \/>\n<meta property=\"og:url\" content=\"http:\/\/test.valvex.com\/ro\/produs\/loft-baterie-stativ%c4%83-%c3%aenalt%c4%83-pentru-lavoar-52201\/\" \/>\n<meta property=\"og:site_name\" content=\"Valvex\" \/>\n<meta property=\"article:modified_time\" content=\"2024-08-21T07:37:58+00:00\" \/>\n<meta property=\"og:image\" content=\"http:\/\/test.valvex.com\/wp-content\/uploads\/2021\/09\/VALVEX_2455910_LOFT_Black_umywalka-wysoka.png\" \/>\n\t<meta property=\"og:image:width\" content=\"800\" \/>\n\t<meta property=\"og:image:height\" content=\"800\" \/>\n\t<meta property=\"og:image:type\" content=\"image\/png\" \/>\n<meta name=\"twitter:card\" content=\"summary_large_image\" \/>\n<meta name=\"twitter:label1\" content=\"Timp estimat pentru citire\" \/>\n\t<meta name=\"twitter:data1\" content=\"1 minut\" \/>\n<script type=\"application\/ld+json\" class=\"yoast-schema-graph\">{\"@context\":\"https:\/\/schema.org\",\"@graph\":[{\"@type\":\"WebPage\",\"@id\":\"http:\/\/test.valvex.com\/ro\/produs\/loft-baterie-stativ%c4%83-%c3%aenalt%c4%83-pentru-lavoar-52201\/\",\"url\":\"http:\/\/test.valvex.com\/ro\/produs\/loft-baterie-stativ%c4%83-%c3%aenalt%c4%83-pentru-lavoar-52201\/\",\"name\":\"Baterie stativ\u0103 \u00eenalt\u0103 pentru lavoar - Valvex\",\"isPartOf\":{\"@id\":\"http:\/\/test.valvex.com\/ro\/#website\"},\"primaryImageOfPage\":{\"@id\":\"http:\/\/test.valvex.com\/ro\/produs\/loft-baterie-stativ%c4%83-%c3%aenalt%c4%83-pentru-lavoar-52201\/#primaryimage\"},\"image\":{\"@id\":\"http:\/\/test.valvex.com\/ro\/produs\/loft-baterie-stativ%c4%83-%c3%aenalt%c4%83-pentru-lavoar-52201\/#primaryimage\"},\"thumbnailUrl\":\"http:\/\/test.valvex.com\/wp-content\/uploads\/2021\/09\/VALVEX_2455910_LOFT_BLACK.png\",\"datePublished\":\"2021-09-24T13:48:42+00:00\",\"dateModified\":\"2024-08-21T07:37:58+00:00\",\"breadcrumb\":{\"@id\":\"http:\/\/test.valvex.com\/ro\/produs\/loft-baterie-stativ%c4%83-%c3%aenalt%c4%83-pentru-lavoar-52201\/#breadcrumb\"},\"inLanguage\":\"ro-RO\",\"potentialAction\":[{\"@type\":\"ReadAction\",\"target\":[\"http:\/\/test.valvex.com\/ro\/produs\/loft-baterie-stativ%c4%83-%c3%aenalt%c4%83-pentru-lavoar-52201\/\"]}]},{\"@type\":\"ImageObject\",\"inLanguage\":\"ro-RO\",\"@id\":\"http:\/\/test.valvex.com\/ro\/produs\/loft-baterie-stativ%c4%83-%c3%aenalt%c4%83-pentru-lavoar-52201\/#primaryimage\",\"url\":\"http:\/\/test.valvex.com\/wp-content\/uploads\/2021\/09\/VALVEX_2455910_LOFT_BLACK.png\",\"contentUrl\":\"http:\/\/test.valvex.com\/wp-content\/uploads\/2021\/09\/VALVEX_2455910_LOFT_BLACK.png\",\"width\":800,\"height\":800},{\"@type\":\"BreadcrumbList\",\"@id\":\"http:\/\/test.valvex.com\/ro\/produs\/loft-baterie-stativ%c4%83-%c3%aenalt%c4%83-pentru-lavoar-52201\/#breadcrumb\",\"itemListElement\":[{\"@type\":\"ListItem\",\"position\":1,\"name\":\"Strona g\u0142\u00f3wna\",\"item\":\"http:\/\/test.valvex.com\/ro\/\"},{\"@type\":\"ListItem\",\"position\":2,\"name\":\"Baie\",\"item\":\"http:\/\/test.valvex.com\/ro\/oferta\/baie\/\"},{\"@type\":\"ListItem\",\"position\":3,\"name\":\"Baterie stativ\u0103 \u00eenalt\u0103 pentru lavoar\"}]},{\"@type\":\"WebSite\",\"@id\":\"http:\/\/test.valvex.com\/ro\/#website\",\"url\":\"http:\/\/test.valvex.com\/ro\/\",\"name\":\"Valvex\",\"description\":\"Produc\u0103tor de instala\u021bii sanitare \u0219i sanitare\",\"potentialAction\":[{\"@type\":\"SearchAction\",\"target\":{\"@type\":\"EntryPoint\",\"urlTemplate\":\"http:\/\/test.valvex.com\/ro\/?s={search_term_string}\"},\"query-input\":\"required name=search_term_string\"}],\"inLanguage\":\"ro-RO\"}]}<\/script>\n<!-- \/ Yoast SEO plugin. -->","yoast_head_json":{"title":"Baterie stativ\u0103 \u00eenalt\u0103 pentru lavoar - Valvex","robots":{"index":"index","follow":"follow","max-snippet":"max-snippet:-1","max-image-preview":"max-image-preview:large","max-video-preview":"max-video-preview:-1"},"canonical":"http:\/\/test.valvex.com\/ro\/produs\/loft-baterie-stativ%c4%83-%c3%aenalt%c4%83-pentru-lavoar-52201\/","og_locale":"ro_RO","og_type":"article","og_title":"Baterie stativ\u0103 \u00eenalt\u0103 pentru lavoar - Valvex","og_url":"http:\/\/test.valvex.com\/ro\/produs\/loft-baterie-stativ%c4%83-%c3%aenalt%c4%83-pentru-lavoar-52201\/","og_site_name":"Valvex","article_modified_time":"2024-08-21T07:37:58+00:00","og_image":[{"width":800,"height":800,"url":"http:\/\/test.valvex.com\/wp-content\/uploads\/2021\/09\/VALVEX_2455910_LOFT_Black_umywalka-wysoka.png","type":"image\/png"}],"twitter_card":"summary_large_image","twitter_misc":{"Timp estimat pentru citire":"1 minut"},"schema":{"@context":"https:\/\/schema.org","@graph":[{"@type":"WebPage","@id":"http:\/\/test.valvex.com\/ro\/produs\/loft-baterie-stativ%c4%83-%c3%aenalt%c4%83-pentru-lavoar-52201\/","url":"http:\/\/test.valvex.com\/ro\/produs\/loft-baterie-stativ%c4%83-%c3%aenalt%c4%83-pentru-lavoar-52201\/","name":"Baterie stativ\u0103 \u00eenalt\u0103 pentru lavoar - Valvex","isPartOf":{"@id":"http:\/\/test.valvex.com\/ro\/#website"},"primaryImageOfPage":{"@id":"http:\/\/test.valvex.com\/ro\/produs\/loft-baterie-stativ%c4%83-%c3%aenalt%c4%83-pentru-lavoar-52201\/#primaryimage"},"image":{"@id":"http:\/\/test.valvex.com\/ro\/produs\/loft-baterie-stativ%c4%83-%c3%aenalt%c4%83-pentru-lavoar-52201\/#primaryimage"},"thumbnailUrl":"http:\/\/test.valvex.com\/wp-content\/uploads\/2021\/09\/VALVEX_2455910_LOFT_BLACK.png","datePublished":"2021-09-24T13:48:42+00:00","dateModified":"2024-08-21T07:37:58+00:00","breadcrumb":{"@id":"http:\/\/test.valvex.com\/ro\/produs\/loft-baterie-stativ%c4%83-%c3%aenalt%c4%83-pentru-lavoar-52201\/#breadcrumb"},"inLanguage":"ro-RO","potentialAction":[{"@type":"ReadAction","target":["http:\/\/test.valvex.com\/ro\/produs\/loft-baterie-stativ%c4%83-%c3%aenalt%c4%83-pentru-lavoar-52201\/"]}]},{"@type":"ImageObject","inLanguage":"ro-RO","@id":"http:\/\/test.valvex.com\/ro\/produs\/loft-baterie-stativ%c4%83-%c3%aenalt%c4%83-pentru-lavoar-52201\/#primaryimage","url":"http:\/\/test.valvex.com\/wp-content\/uploads\/2021\/09\/VALVEX_2455910_LOFT_BLACK.png","contentUrl":"http:\/\/test.valvex.com\/wp-content\/uploads\/2021\/09\/VALVEX_2455910_LOFT_BLACK.png","width":800,"height":800},{"@type":"BreadcrumbList","@id":"http:\/\/test.valvex.com\/ro\/produs\/loft-baterie-stativ%c4%83-%c3%aenalt%c4%83-pentru-lavoar-52201\/#breadcrumb","itemListElement":[{"@type":"ListItem","position":1,"name":"Strona g\u0142\u00f3wna","item":"http:\/\/test.valvex.com\/ro\/"},{"@type":"ListItem","position":2,"name":"Baie","item":"http:\/\/test.valvex.com\/ro\/oferta\/baie\/"},{"@type":"ListItem","position":3,"name":"Baterie stativ\u0103 \u00eenalt\u0103 pentru lavoar"}]},{"@type":"WebSite","@id":"http:\/\/test.valvex.com\/ro\/#website","url":"http:\/\/test.valvex.com\/ro\/","name":"Valvex","description":"Produc\u0103tor de instala\u021bii sanitare \u0219i sanitare","potentialAction":[{"@type":"SearchAction","target":{"@type":"EntryPoint","urlTemplate":"http:\/\/test.valvex.com\/ro\/?s={search_term_string}"},"query-input":"required name=search_term_string"}],"inLanguage":"ro-RO"}]}},"_links":{"self":[{"href":"http:\/\/test.valvex.com\/ro\/wp-json\/wp\/v2\/product\/52201","targetHints":{"allow":["GET"]}}],"collection":[{"href":"http:\/\/test.valvex.com\/ro\/wp-json\/wp\/v2\/product"}],"about":[{"href":"http:\/\/test.valvex.com\/ro\/wp-json\/wp\/v2\/types\/product"}],"wp:featuredmedia":[{"embeddable":true,"href":"http:\/\/test.valvex.com\/ro\/wp-json\/wp\/v2\/media\/75810"}],"wp:attachment":[{"href":"http:\/\/test.valvex.com\/ro\/wp-json\/wp\/v2\/media?parent=52201"}],"wp:term":[{"taxonomy":"ikony_produktow","embeddable":true,"href":"http:\/\/test.valvex.com\/ro\/wp-json\/wp\/v2\/ikony_produktow?post=52201"},{"taxonomy":"product_category","embeddable":true,"href":"http:\/\/test.valvex.com\/ro\/wp-json\/wp\/v2\/product_category?post=52201"},{"taxonomy":"product_series","embeddable":true,"href":"http:\/\/test.valvex.com\/ro\/wp-json\/wp\/v2\/product_series?post=52201"},{"taxonomy":"color","embeddable":true,"href":"http:\/\/test.valvex.com\/ro\/wp-json\/wp\/v2\/color?post=52201"}],"curies":[{"name":"wp","href":"https:\/\/api.w.org\/{rel}","templated":true}]}}