{"id":51488,"date":"2021-09-24T15:03:54","date_gmt":"2021-09-24T13:03:54","guid":{"rendered":"http:\/\/test.valvex.com\/product\/aurora-baterie-de-bucatarie-stativa-cu-maner-lateral-perlator-mikado\/"},"modified":"2024-06-07T11:44:10","modified_gmt":"2024-06-07T09:44:10","slug":"aurora-baterie-de-buc%c4%83tarie-stativ%c4%83-cu-m%c3%a2ner-lateral-perlator-mikado-51488","status":"publish","type":"product","link":"http:\/\/test.valvex.com\/ro\/produs\/aurora-baterie-de-buc%c4%83tarie-stativ%c4%83-cu-m%c3%a2ner-lateral-perlator-mikado-51488\/","title":{"rendered":"Baterie de buc\u0103tarie stativ\u0103 cu m\u00e2ner lateral + Perlator MIKADO"},"content":{"rendered":"","protected":false},"featured_media":72839,"template":"","ikony_produktow":[2143,2229,2164,2144,2146,2158],"product_category":[1774,1809,2020,472],"product_series":[1275],"color":[1760],"class_list":["post-51488","product","type-product","status-publish","has-post-thumbnail","hentry","ikony_produktow-cartusceramicro","ikony_produktow-pn10-ro","ikony_produktow-obrot-ro","ikony_produktow-o2-ro","ikony_produktow-easyfix-ro","ikony_produktow-t90c-ro","product_category-bucatarie","product_category-baterii-de-bucatarie","product_category-mixere-de-bucatarie","product_category-baterii-pentru-bucatarie-bathroom-and-kitchen-area-strefa-lazienki-i-kuchni","product_series-aurora-ro","color-chrome"],"acf":[],"yoast_head":"<!-- This site is optimized with the Yoast SEO plugin v22.2 - https:\/\/yoast.com\/wordpress\/plugins\/seo\/ -->\n<title>Baterie de buc\u0103tarie stativ\u0103 cu m\u00e2ner lateral + Perlator MIKADO - Valvex<\/title>\n<meta name=\"robots\" content=\"index, follow, max-snippet:-1, max-image-preview:large, max-video-preview:-1\" \/>\n<link rel=\"canonical\" href=\"http:\/\/test.valvex.com\/ro\/produs\/aurora-baterie-de-buc%c4%83tarie-stativ%c4%83-cu-m%c3%a2ner-lateral-perlator-mikado-51488\/\" \/>\n<meta property=\"og:locale\" content=\"ro_RO\" \/>\n<meta property=\"og:type\" content=\"article\" \/>\n<meta property=\"og:title\" content=\"Baterie de buc\u0103tarie stativ\u0103 cu m\u00e2ner lateral + Perlator MIKADO - Valvex\" \/>\n<meta property=\"og:url\" content=\"http:\/\/test.valvex.com\/ro\/produs\/aurora-baterie-de-buc%c4%83tarie-stativ%c4%83-cu-m%c3%a2ner-lateral-perlator-mikado-51488\/\" \/>\n<meta property=\"og:site_name\" content=\"Valvex\" \/>\n<meta property=\"article:modified_time\" content=\"2024-06-07T09:44:10+00:00\" \/>\n<meta property=\"og:image\" content=\"http:\/\/test.valvex.com\/wp-content\/uploads\/2021\/09\/VALVEX_2445157_Aurora_kuchnia_MIKADO-2.png\" \/>\n\t<meta property=\"og:image:width\" content=\"2500\" \/>\n\t<meta property=\"og:image:height\" content=\"2500\" \/>\n\t<meta property=\"og:image:type\" content=\"image\/png\" \/>\n<meta name=\"twitter:card\" content=\"summary_large_image\" \/>\n<meta name=\"twitter:label1\" content=\"Timp estimat pentru citire\" \/>\n\t<meta name=\"twitter:data1\" content=\"1 minut\" \/>\n<script type=\"application\/ld+json\" class=\"yoast-schema-graph\">{\"@context\":\"https:\/\/schema.org\",\"@graph\":[{\"@type\":\"WebPage\",\"@id\":\"http:\/\/test.valvex.com\/ro\/produs\/aurora-baterie-de-buc%c4%83tarie-stativ%c4%83-cu-m%c3%a2ner-lateral-perlator-mikado-51488\/\",\"url\":\"http:\/\/test.valvex.com\/ro\/produs\/aurora-baterie-de-buc%c4%83tarie-stativ%c4%83-cu-m%c3%a2ner-lateral-perlator-mikado-51488\/\",\"name\":\"Baterie de buc\u0103tarie stativ\u0103 cu m\u00e2ner lateral + Perlator MIKADO - Valvex\",\"isPartOf\":{\"@id\":\"http:\/\/test.valvex.com\/ro\/#website\"},\"primaryImageOfPage\":{\"@id\":\"http:\/\/test.valvex.com\/ro\/produs\/aurora-baterie-de-buc%c4%83tarie-stativ%c4%83-cu-m%c3%a2ner-lateral-perlator-mikado-51488\/#primaryimage\"},\"image\":{\"@id\":\"http:\/\/test.valvex.com\/ro\/produs\/aurora-baterie-de-buc%c4%83tarie-stativ%c4%83-cu-m%c3%a2ner-lateral-perlator-mikado-51488\/#primaryimage\"},\"thumbnailUrl\":\"http:\/\/test.valvex.com\/wp-content\/uploads\/2021\/09\/VALVEX_2445157_Aurora_kuchnia_MIKADO-2.png\",\"datePublished\":\"2021-09-24T13:03:54+00:00\",\"dateModified\":\"2024-06-07T09:44:10+00:00\",\"breadcrumb\":{\"@id\":\"http:\/\/test.valvex.com\/ro\/produs\/aurora-baterie-de-buc%c4%83tarie-stativ%c4%83-cu-m%c3%a2ner-lateral-perlator-mikado-51488\/#breadcrumb\"},\"inLanguage\":\"ro-RO\",\"potentialAction\":[{\"@type\":\"ReadAction\",\"target\":[\"http:\/\/test.valvex.com\/ro\/produs\/aurora-baterie-de-buc%c4%83tarie-stativ%c4%83-cu-m%c3%a2ner-lateral-perlator-mikado-51488\/\"]}]},{\"@type\":\"ImageObject\",\"inLanguage\":\"ro-RO\",\"@id\":\"http:\/\/test.valvex.com\/ro\/produs\/aurora-baterie-de-buc%c4%83tarie-stativ%c4%83-cu-m%c3%a2ner-lateral-perlator-mikado-51488\/#primaryimage\",\"url\":\"http:\/\/test.valvex.com\/wp-content\/uploads\/2021\/09\/VALVEX_2445157_Aurora_kuchnia_MIKADO-2.png\",\"contentUrl\":\"http:\/\/test.valvex.com\/wp-content\/uploads\/2021\/09\/VALVEX_2445157_Aurora_kuchnia_MIKADO-2.png\",\"width\":2500,\"height\":2500},{\"@type\":\"BreadcrumbList\",\"@id\":\"http:\/\/test.valvex.com\/ro\/produs\/aurora-baterie-de-buc%c4%83tarie-stativ%c4%83-cu-m%c3%a2ner-lateral-perlator-mikado-51488\/#breadcrumb\",\"itemListElement\":[{\"@type\":\"ListItem\",\"position\":1,\"name\":\"Strona g\u0142\u00f3wna\",\"item\":\"http:\/\/test.valvex.com\/ro\/\"},{\"@type\":\"ListItem\",\"position\":2,\"name\":\"Buc\u0103t\u0103rie\",\"item\":\"http:\/\/test.valvex.com\/ro\/oferta\/bucatarie\/\"},{\"@type\":\"ListItem\",\"position\":3,\"name\":\"Baterie de buc\u0103tarie stativ\u0103 cu m\u00e2ner lateral + Perlator MIKADO\"}]},{\"@type\":\"WebSite\",\"@id\":\"http:\/\/test.valvex.com\/ro\/#website\",\"url\":\"http:\/\/test.valvex.com\/ro\/\",\"name\":\"Valvex\",\"description\":\"Produc\u0103tor de instala\u021bii sanitare \u0219i sanitare\",\"potentialAction\":[{\"@type\":\"SearchAction\",\"target\":{\"@type\":\"EntryPoint\",\"urlTemplate\":\"http:\/\/test.valvex.com\/ro\/?s={search_term_string}\"},\"query-input\":\"required name=search_term_string\"}],\"inLanguage\":\"ro-RO\"}]}<\/script>\n<!-- \/ Yoast SEO plugin. -->","yoast_head_json":{"title":"Baterie de buc\u0103tarie stativ\u0103 cu m\u00e2ner lateral + Perlator MIKADO - Valvex","robots":{"index":"index","follow":"follow","max-snippet":"max-snippet:-1","max-image-preview":"max-image-preview:large","max-video-preview":"max-video-preview:-1"},"canonical":"http:\/\/test.valvex.com\/ro\/produs\/aurora-baterie-de-buc%c4%83tarie-stativ%c4%83-cu-m%c3%a2ner-lateral-perlator-mikado-51488\/","og_locale":"ro_RO","og_type":"article","og_title":"Baterie de buc\u0103tarie stativ\u0103 cu m\u00e2ner lateral + Perlator MIKADO - Valvex","og_url":"http:\/\/test.valvex.com\/ro\/produs\/aurora-baterie-de-buc%c4%83tarie-stativ%c4%83-cu-m%c3%a2ner-lateral-perlator-mikado-51488\/","og_site_name":"Valvex","article_modified_time":"2024-06-07T09:44:10+00:00","og_image":[{"width":2500,"height":2500,"url":"http:\/\/test.valvex.com\/wp-content\/uploads\/2021\/09\/VALVEX_2445157_Aurora_kuchnia_MIKADO-2.png","type":"image\/png"}],"twitter_card":"summary_large_image","twitter_misc":{"Timp estimat pentru citire":"1 minut"},"schema":{"@context":"https:\/\/schema.org","@graph":[{"@type":"WebPage","@id":"http:\/\/test.valvex.com\/ro\/produs\/aurora-baterie-de-buc%c4%83tarie-stativ%c4%83-cu-m%c3%a2ner-lateral-perlator-mikado-51488\/","url":"http:\/\/test.valvex.com\/ro\/produs\/aurora-baterie-de-buc%c4%83tarie-stativ%c4%83-cu-m%c3%a2ner-lateral-perlator-mikado-51488\/","name":"Baterie de buc\u0103tarie stativ\u0103 cu m\u00e2ner lateral + Perlator MIKADO - Valvex","isPartOf":{"@id":"http:\/\/test.valvex.com\/ro\/#website"},"primaryImageOfPage":{"@id":"http:\/\/test.valvex.com\/ro\/produs\/aurora-baterie-de-buc%c4%83tarie-stativ%c4%83-cu-m%c3%a2ner-lateral-perlator-mikado-51488\/#primaryimage"},"image":{"@id":"http:\/\/test.valvex.com\/ro\/produs\/aurora-baterie-de-buc%c4%83tarie-stativ%c4%83-cu-m%c3%a2ner-lateral-perlator-mikado-51488\/#primaryimage"},"thumbnailUrl":"http:\/\/test.valvex.com\/wp-content\/uploads\/2021\/09\/VALVEX_2445157_Aurora_kuchnia_MIKADO-2.png","datePublished":"2021-09-24T13:03:54+00:00","dateModified":"2024-06-07T09:44:10+00:00","breadcrumb":{"@id":"http:\/\/test.valvex.com\/ro\/produs\/aurora-baterie-de-buc%c4%83tarie-stativ%c4%83-cu-m%c3%a2ner-lateral-perlator-mikado-51488\/#breadcrumb"},"inLanguage":"ro-RO","potentialAction":[{"@type":"ReadAction","target":["http:\/\/test.valvex.com\/ro\/produs\/aurora-baterie-de-buc%c4%83tarie-stativ%c4%83-cu-m%c3%a2ner-lateral-perlator-mikado-51488\/"]}]},{"@type":"ImageObject","inLanguage":"ro-RO","@id":"http:\/\/test.valvex.com\/ro\/produs\/aurora-baterie-de-buc%c4%83tarie-stativ%c4%83-cu-m%c3%a2ner-lateral-perlator-mikado-51488\/#primaryimage","url":"http:\/\/test.valvex.com\/wp-content\/uploads\/2021\/09\/VALVEX_2445157_Aurora_kuchnia_MIKADO-2.png","contentUrl":"http:\/\/test.valvex.com\/wp-content\/uploads\/2021\/09\/VALVEX_2445157_Aurora_kuchnia_MIKADO-2.png","width":2500,"height":2500},{"@type":"BreadcrumbList","@id":"http:\/\/test.valvex.com\/ro\/produs\/aurora-baterie-de-buc%c4%83tarie-stativ%c4%83-cu-m%c3%a2ner-lateral-perlator-mikado-51488\/#breadcrumb","itemListElement":[{"@type":"ListItem","position":1,"name":"Strona g\u0142\u00f3wna","item":"http:\/\/test.valvex.com\/ro\/"},{"@type":"ListItem","position":2,"name":"Buc\u0103t\u0103rie","item":"http:\/\/test.valvex.com\/ro\/oferta\/bucatarie\/"},{"@type":"ListItem","position":3,"name":"Baterie de buc\u0103tarie stativ\u0103 cu m\u00e2ner lateral + Perlator MIKADO"}]},{"@type":"WebSite","@id":"http:\/\/test.valvex.com\/ro\/#website","url":"http:\/\/test.valvex.com\/ro\/","name":"Valvex","description":"Produc\u0103tor de instala\u021bii sanitare \u0219i sanitare","potentialAction":[{"@type":"SearchAction","target":{"@type":"EntryPoint","urlTemplate":"http:\/\/test.valvex.com\/ro\/?s={search_term_string}"},"query-input":"required name=search_term_string"}],"inLanguage":"ro-RO"}]}},"_links":{"self":[{"href":"http:\/\/test.valvex.com\/ro\/wp-json\/wp\/v2\/product\/51488","targetHints":{"allow":["GET"]}}],"collection":[{"href":"http:\/\/test.valvex.com\/ro\/wp-json\/wp\/v2\/product"}],"about":[{"href":"http:\/\/test.valvex.com\/ro\/wp-json\/wp\/v2\/types\/product"}],"wp:featuredmedia":[{"embeddable":true,"href":"http:\/\/test.valvex.com\/ro\/wp-json\/wp\/v2\/media\/72839"}],"wp:attachment":[{"href":"http:\/\/test.valvex.com\/ro\/wp-json\/wp\/v2\/media?parent=51488"}],"wp:term":[{"taxonomy":"ikony_produktow","embeddable":true,"href":"http:\/\/test.valvex.com\/ro\/wp-json\/wp\/v2\/ikony_produktow?post=51488"},{"taxonomy":"product_category","embeddable":true,"href":"http:\/\/test.valvex.com\/ro\/wp-json\/wp\/v2\/product_category?post=51488"},{"taxonomy":"product_series","embeddable":true,"href":"http:\/\/test.valvex.com\/ro\/wp-json\/wp\/v2\/product_series?post=51488"},{"taxonomy":"color","embeddable":true,"href":"http:\/\/test.valvex.com\/ro\/wp-json\/wp\/v2\/color?post=51488"}],"curies":[{"name":"wp","href":"https:\/\/api.w.org\/{rel}","templated":true}]}}