{"id":51314,"date":"2021-10-25T11:11:28","date_gmt":"2021-10-25T09:11:28","guid":{"rendered":"http:\/\/test.valvex.com\/product\/angel-plus-robinet-coltar-cromat-cu-%ef%ac%81ltru-si-piulita-pentru-legatura-la-baterii-sanitare\/"},"modified":"2024-03-05T15:38:14","modified_gmt":"2024-03-05T14:38:14","slug":"angel-plus-robinet-col%c5%a3ar-cromat-cu-%ef%ac%81ltru-%c8%99i-piuli%c5%a3%c4%83-pentru-leg%c4%83tur%c4%83-la-baterii-sanitare-51314","status":"publish","type":"product","link":"http:\/\/test.valvex.com\/ro\/produs\/angel-plus-robinet-col%c5%a3ar-cromat-cu-%ef%ac%81ltru-%c8%99i-piuli%c5%a3%c4%83-pentru-leg%c4%83tur%c4%83-la-baterii-sanitare-51314\/","title":{"rendered":"Robinet col\u0163ar cromat cu \ufb01ltru \u0219i piuli\u0163\u0103 (pentru leg\u0103tur\u0103 la baterii sanitare)"},"content":{"rendered":"","protected":false},"featured_media":51311,"template":"","ikony_produktow":[1649,1684,1973,2158],"product_category":[232],"product_series":[902],"color":[],"class_list":["post-51314","product","type-product","status-publish","has-post-thumbnail","hentry","ikony_produktow-25latgwarancji","ikony_produktow-metalhandle","ikony_produktow-t90c","ikony_produktow-t90c-ro","product_category-zona-de-instalatii","product_series-angel-plus-ro"],"acf":[],"yoast_head":"<!-- This site is optimized with the Yoast SEO plugin v22.2 - https:\/\/yoast.com\/wordpress\/plugins\/seo\/ -->\n<title>Robinet col\u0163ar cromat cu \ufb01ltru \u0219i piuli\u0163\u0103 (pentru leg\u0103tur\u0103 la baterii sanitare) - Valvex<\/title>\n<meta name=\"robots\" content=\"index, follow, max-snippet:-1, max-image-preview:large, max-video-preview:-1\" \/>\n<link rel=\"canonical\" href=\"http:\/\/test.valvex.com\/ro\/produs\/angel-plus-robinet-col%c5%a3ar-cromat-cu-%ef%ac%81ltru-%c8%99i-piuli%c5%a3%c4%83-pentru-leg%c4%83tur%c4%83-la-baterii-sanitare-51314\/\" \/>\n<meta property=\"og:locale\" content=\"ro_RO\" \/>\n<meta property=\"og:type\" content=\"article\" \/>\n<meta property=\"og:title\" content=\"Robinet col\u0163ar cromat cu \ufb01ltru \u0219i piuli\u0163\u0103 (pentru leg\u0103tur\u0103 la baterii sanitare) - Valvex\" \/>\n<meta property=\"og:url\" content=\"http:\/\/test.valvex.com\/ro\/produs\/angel-plus-robinet-col%c5%a3ar-cromat-cu-%ef%ac%81ltru-%c8%99i-piuli%c5%a3%c4%83-pentru-leg%c4%83tur%c4%83-la-baterii-sanitare-51314\/\" \/>\n<meta property=\"og:site_name\" content=\"Valvex\" \/>\n<meta property=\"article:modified_time\" content=\"2024-03-05T14:38:14+00:00\" \/>\n<meta property=\"og:image\" content=\"http:\/\/test.valvex.com\/wp-content\/uploads\/2022\/03\/1482980.jpg\" \/>\n\t<meta property=\"og:image:width\" content=\"650\" \/>\n\t<meta property=\"og:image:height\" content=\"415\" \/>\n\t<meta property=\"og:image:type\" content=\"image\/jpeg\" \/>\n<meta name=\"twitter:card\" content=\"summary_large_image\" \/>\n<script type=\"application\/ld+json\" class=\"yoast-schema-graph\">{\"@context\":\"https:\/\/schema.org\",\"@graph\":[{\"@type\":\"WebPage\",\"@id\":\"http:\/\/test.valvex.com\/ro\/produs\/angel-plus-robinet-col%c5%a3ar-cromat-cu-%ef%ac%81ltru-%c8%99i-piuli%c5%a3%c4%83-pentru-leg%c4%83tur%c4%83-la-baterii-sanitare-51314\/\",\"url\":\"http:\/\/test.valvex.com\/ro\/produs\/angel-plus-robinet-col%c5%a3ar-cromat-cu-%ef%ac%81ltru-%c8%99i-piuli%c5%a3%c4%83-pentru-leg%c4%83tur%c4%83-la-baterii-sanitare-51314\/\",\"name\":\"Robinet col\u0163ar cromat cu \ufb01ltru \u0219i piuli\u0163\u0103 (pentru leg\u0103tur\u0103 la baterii sanitare) - Valvex\",\"isPartOf\":{\"@id\":\"http:\/\/test.valvex.com\/ro\/#website\"},\"primaryImageOfPage\":{\"@id\":\"http:\/\/test.valvex.com\/ro\/produs\/angel-plus-robinet-col%c5%a3ar-cromat-cu-%ef%ac%81ltru-%c8%99i-piuli%c5%a3%c4%83-pentru-leg%c4%83tur%c4%83-la-baterii-sanitare-51314\/#primaryimage\"},\"image\":{\"@id\":\"http:\/\/test.valvex.com\/ro\/produs\/angel-plus-robinet-col%c5%a3ar-cromat-cu-%ef%ac%81ltru-%c8%99i-piuli%c5%a3%c4%83-pentru-leg%c4%83tur%c4%83-la-baterii-sanitare-51314\/#primaryimage\"},\"thumbnailUrl\":\"http:\/\/test.valvex.com\/wp-content\/uploads\/2022\/03\/1482980.jpg\",\"datePublished\":\"2021-10-25T09:11:28+00:00\",\"dateModified\":\"2024-03-05T14:38:14+00:00\",\"breadcrumb\":{\"@id\":\"http:\/\/test.valvex.com\/ro\/produs\/angel-plus-robinet-col%c5%a3ar-cromat-cu-%ef%ac%81ltru-%c8%99i-piuli%c5%a3%c4%83-pentru-leg%c4%83tur%c4%83-la-baterii-sanitare-51314\/#breadcrumb\"},\"inLanguage\":\"ro-RO\",\"potentialAction\":[{\"@type\":\"ReadAction\",\"target\":[\"http:\/\/test.valvex.com\/ro\/produs\/angel-plus-robinet-col%c5%a3ar-cromat-cu-%ef%ac%81ltru-%c8%99i-piuli%c5%a3%c4%83-pentru-leg%c4%83tur%c4%83-la-baterii-sanitare-51314\/\"]}]},{\"@type\":\"ImageObject\",\"inLanguage\":\"ro-RO\",\"@id\":\"http:\/\/test.valvex.com\/ro\/produs\/angel-plus-robinet-col%c5%a3ar-cromat-cu-%ef%ac%81ltru-%c8%99i-piuli%c5%a3%c4%83-pentru-leg%c4%83tur%c4%83-la-baterii-sanitare-51314\/#primaryimage\",\"url\":\"http:\/\/test.valvex.com\/wp-content\/uploads\/2022\/03\/1482980.jpg\",\"contentUrl\":\"http:\/\/test.valvex.com\/wp-content\/uploads\/2022\/03\/1482980.jpg\",\"width\":650,\"height\":415},{\"@type\":\"BreadcrumbList\",\"@id\":\"http:\/\/test.valvex.com\/ro\/produs\/angel-plus-robinet-col%c5%a3ar-cromat-cu-%ef%ac%81ltru-%c8%99i-piuli%c5%a3%c4%83-pentru-leg%c4%83tur%c4%83-la-baterii-sanitare-51314\/#breadcrumb\",\"itemListElement\":[{\"@type\":\"ListItem\",\"position\":1,\"name\":\"Strona g\u0142\u00f3wna\",\"item\":\"http:\/\/test.valvex.com\/ro\/\"},{\"@type\":\"ListItem\",\"position\":2,\"name\":\"Zona de instalatii\",\"item\":\"http:\/\/test.valvex.com\/ro\/oferta\/zona-de-instalatii\/\"},{\"@type\":\"ListItem\",\"position\":3,\"name\":\"Robinet col\u0163ar cromat cu \ufb01ltru \u0219i piuli\u0163\u0103 (pentru leg\u0103tur\u0103 la baterii sanitare)\"}]},{\"@type\":\"WebSite\",\"@id\":\"http:\/\/test.valvex.com\/ro\/#website\",\"url\":\"http:\/\/test.valvex.com\/ro\/\",\"name\":\"Valvex\",\"description\":\"Produc\u0103tor de instala\u021bii sanitare \u0219i sanitare\",\"potentialAction\":[{\"@type\":\"SearchAction\",\"target\":{\"@type\":\"EntryPoint\",\"urlTemplate\":\"http:\/\/test.valvex.com\/ro\/?s={search_term_string}\"},\"query-input\":\"required name=search_term_string\"}],\"inLanguage\":\"ro-RO\"}]}<\/script>\n<!-- \/ Yoast SEO plugin. -->","yoast_head_json":{"title":"Robinet col\u0163ar cromat cu \ufb01ltru \u0219i piuli\u0163\u0103 (pentru leg\u0103tur\u0103 la baterii sanitare) - Valvex","robots":{"index":"index","follow":"follow","max-snippet":"max-snippet:-1","max-image-preview":"max-image-preview:large","max-video-preview":"max-video-preview:-1"},"canonical":"http:\/\/test.valvex.com\/ro\/produs\/angel-plus-robinet-col%c5%a3ar-cromat-cu-%ef%ac%81ltru-%c8%99i-piuli%c5%a3%c4%83-pentru-leg%c4%83tur%c4%83-la-baterii-sanitare-51314\/","og_locale":"ro_RO","og_type":"article","og_title":"Robinet col\u0163ar cromat cu \ufb01ltru \u0219i piuli\u0163\u0103 (pentru leg\u0103tur\u0103 la baterii sanitare) - Valvex","og_url":"http:\/\/test.valvex.com\/ro\/produs\/angel-plus-robinet-col%c5%a3ar-cromat-cu-%ef%ac%81ltru-%c8%99i-piuli%c5%a3%c4%83-pentru-leg%c4%83tur%c4%83-la-baterii-sanitare-51314\/","og_site_name":"Valvex","article_modified_time":"2024-03-05T14:38:14+00:00","og_image":[{"width":650,"height":415,"url":"http:\/\/test.valvex.com\/wp-content\/uploads\/2022\/03\/1482980.jpg","type":"image\/jpeg"}],"twitter_card":"summary_large_image","schema":{"@context":"https:\/\/schema.org","@graph":[{"@type":"WebPage","@id":"http:\/\/test.valvex.com\/ro\/produs\/angel-plus-robinet-col%c5%a3ar-cromat-cu-%ef%ac%81ltru-%c8%99i-piuli%c5%a3%c4%83-pentru-leg%c4%83tur%c4%83-la-baterii-sanitare-51314\/","url":"http:\/\/test.valvex.com\/ro\/produs\/angel-plus-robinet-col%c5%a3ar-cromat-cu-%ef%ac%81ltru-%c8%99i-piuli%c5%a3%c4%83-pentru-leg%c4%83tur%c4%83-la-baterii-sanitare-51314\/","name":"Robinet col\u0163ar cromat cu \ufb01ltru \u0219i piuli\u0163\u0103 (pentru leg\u0103tur\u0103 la baterii sanitare) - Valvex","isPartOf":{"@id":"http:\/\/test.valvex.com\/ro\/#website"},"primaryImageOfPage":{"@id":"http:\/\/test.valvex.com\/ro\/produs\/angel-plus-robinet-col%c5%a3ar-cromat-cu-%ef%ac%81ltru-%c8%99i-piuli%c5%a3%c4%83-pentru-leg%c4%83tur%c4%83-la-baterii-sanitare-51314\/#primaryimage"},"image":{"@id":"http:\/\/test.valvex.com\/ro\/produs\/angel-plus-robinet-col%c5%a3ar-cromat-cu-%ef%ac%81ltru-%c8%99i-piuli%c5%a3%c4%83-pentru-leg%c4%83tur%c4%83-la-baterii-sanitare-51314\/#primaryimage"},"thumbnailUrl":"http:\/\/test.valvex.com\/wp-content\/uploads\/2022\/03\/1482980.jpg","datePublished":"2021-10-25T09:11:28+00:00","dateModified":"2024-03-05T14:38:14+00:00","breadcrumb":{"@id":"http:\/\/test.valvex.com\/ro\/produs\/angel-plus-robinet-col%c5%a3ar-cromat-cu-%ef%ac%81ltru-%c8%99i-piuli%c5%a3%c4%83-pentru-leg%c4%83tur%c4%83-la-baterii-sanitare-51314\/#breadcrumb"},"inLanguage":"ro-RO","potentialAction":[{"@type":"ReadAction","target":["http:\/\/test.valvex.com\/ro\/produs\/angel-plus-robinet-col%c5%a3ar-cromat-cu-%ef%ac%81ltru-%c8%99i-piuli%c5%a3%c4%83-pentru-leg%c4%83tur%c4%83-la-baterii-sanitare-51314\/"]}]},{"@type":"ImageObject","inLanguage":"ro-RO","@id":"http:\/\/test.valvex.com\/ro\/produs\/angel-plus-robinet-col%c5%a3ar-cromat-cu-%ef%ac%81ltru-%c8%99i-piuli%c5%a3%c4%83-pentru-leg%c4%83tur%c4%83-la-baterii-sanitare-51314\/#primaryimage","url":"http:\/\/test.valvex.com\/wp-content\/uploads\/2022\/03\/1482980.jpg","contentUrl":"http:\/\/test.valvex.com\/wp-content\/uploads\/2022\/03\/1482980.jpg","width":650,"height":415},{"@type":"BreadcrumbList","@id":"http:\/\/test.valvex.com\/ro\/produs\/angel-plus-robinet-col%c5%a3ar-cromat-cu-%ef%ac%81ltru-%c8%99i-piuli%c5%a3%c4%83-pentru-leg%c4%83tur%c4%83-la-baterii-sanitare-51314\/#breadcrumb","itemListElement":[{"@type":"ListItem","position":1,"name":"Strona g\u0142\u00f3wna","item":"http:\/\/test.valvex.com\/ro\/"},{"@type":"ListItem","position":2,"name":"Zona de instalatii","item":"http:\/\/test.valvex.com\/ro\/oferta\/zona-de-instalatii\/"},{"@type":"ListItem","position":3,"name":"Robinet col\u0163ar cromat cu \ufb01ltru \u0219i piuli\u0163\u0103 (pentru leg\u0103tur\u0103 la baterii sanitare)"}]},{"@type":"WebSite","@id":"http:\/\/test.valvex.com\/ro\/#website","url":"http:\/\/test.valvex.com\/ro\/","name":"Valvex","description":"Produc\u0103tor de instala\u021bii sanitare \u0219i sanitare","potentialAction":[{"@type":"SearchAction","target":{"@type":"EntryPoint","urlTemplate":"http:\/\/test.valvex.com\/ro\/?s={search_term_string}"},"query-input":"required name=search_term_string"}],"inLanguage":"ro-RO"}]}},"_links":{"self":[{"href":"http:\/\/test.valvex.com\/ro\/wp-json\/wp\/v2\/product\/51314","targetHints":{"allow":["GET"]}}],"collection":[{"href":"http:\/\/test.valvex.com\/ro\/wp-json\/wp\/v2\/product"}],"about":[{"href":"http:\/\/test.valvex.com\/ro\/wp-json\/wp\/v2\/types\/product"}],"wp:featuredmedia":[{"embeddable":true,"href":"http:\/\/test.valvex.com\/ro\/wp-json\/wp\/v2\/media\/51311"}],"wp:attachment":[{"href":"http:\/\/test.valvex.com\/ro\/wp-json\/wp\/v2\/media?parent=51314"}],"wp:term":[{"taxonomy":"ikony_produktow","embeddable":true,"href":"http:\/\/test.valvex.com\/ro\/wp-json\/wp\/v2\/ikony_produktow?post=51314"},{"taxonomy":"product_category","embeddable":true,"href":"http:\/\/test.valvex.com\/ro\/wp-json\/wp\/v2\/product_category?post=51314"},{"taxonomy":"product_series","embeddable":true,"href":"http:\/\/test.valvex.com\/ro\/wp-json\/wp\/v2\/product_series?post=51314"},{"taxonomy":"color","embeddable":true,"href":"http:\/\/test.valvex.com\/ro\/wp-json\/wp\/v2\/color?post=51314"}],"curies":[{"name":"wp","href":"https:\/\/api.w.org\/{rel}","templated":true}]}}