{"id":50011,"date":"2020-03-19T15:46:09","date_gmt":"2020-03-19T14:46:09","guid":{"rendered":"http:\/\/test.valvex.com\/product\/vector-cap-termostatic-tip-gz-05-gz-051628\/"},"modified":"2024-07-12T09:48:19","modified_gmt":"2024-07-12T07:48:19","slug":"vector-cap-termostatic-tip-gz-05-gz-0516-28-50011","status":"publish","type":"product","link":"http:\/\/test.valvex.com\/ro\/produs\/vector-cap-termostatic-tip-gz-05-gz-0516-28-50011\/","title":{"rendered":"Cap\u00a0termostatic\u00a0tip\u00a0GZ.05,\u00a0GZ.05\u00ad16\/28"},"content":{"rendered":"\r\n<h3 class=\"wp-block-heading\">VECTOR G\u0142owica termostatyczna typ GZ.05<\/h3>\r\n\r\n\r\n\r\n<p>G\u0142owica VECTOR wsp\u00f3\u0142pracuje z zaworami termostatycznymi VECTOR typ ZT22. G\u0142owica <span class=\"A4\">posiada mo\u017cliwo\u015b\u0107 blokady nastaw temperatury, dost\u0119pne s\u0105 modele z fabryczn\u0105 blokad\u0105 nastawy dolnej temperatury <\/span>na 16\u00b0C (4440400, 4440420). <span class=\"A4\">W ofercie znajduj\u0105 si\u0119 te\u017c g\u0142owice z blokad\u0105 zabezpieczaj\u0105c\u0105 przed demonta\u017cem<\/span> (kod 4440020 i 4440420).<\/p>\r\n\r\n\r\n\r\n<h3 class=\"wp-block-heading\">Cechy charakterystyczne produktu:<\/h3>\r\n\r\n\r\n\r\n<ul class=\"wp-block-list\">\r\n<li>Czujnik cieczowy<\/li>\r\n<li>Blokada nastaw temperatury<\/li>\r\n<li>Wsp\u00f3\u0142praca z zaworami ZT22<\/li>\r\n<li>Ci\u015bnienie maksymalne: PN10<\/li>\r\n<li>Temperatura maksymalna: 100\u00b0C<\/li>\r\n<\/ul>\r\n","protected":false},"featured_media":50008,"template":"","ikony_produktow":[],"product_category":[232,328,334],"product_series":[970],"color":[],"class_list":["post-50011","product","type-product","status-publish","has-post-thumbnail","hentry","product_category-zona-de-instalatii","product_category-fitinguri-pentru-sistemele-de-incalzire-centrala","product_category-capete-termostatice","product_series-vector-ro"],"acf":[],"yoast_head":"<!-- This site is optimized with the Yoast SEO plugin v22.2 - https:\/\/yoast.com\/wordpress\/plugins\/seo\/ -->\n<title>Cap\u00a0termostatic\u00a0tip\u00a0GZ.05,\u00a0GZ.05\u00ad16\/28 - Valvex<\/title>\n<meta name=\"robots\" content=\"index, follow, max-snippet:-1, max-image-preview:large, max-video-preview:-1\" \/>\n<link rel=\"canonical\" href=\"http:\/\/test.valvex.com\/ro\/produs\/vector-cap-termostatic-tip-gz-05-gz-0516-28-50011\/\" \/>\n<meta property=\"og:locale\" content=\"ro_RO\" \/>\n<meta property=\"og:type\" content=\"article\" \/>\n<meta property=\"og:title\" content=\"Cap\u00a0termostatic\u00a0tip\u00a0GZ.05,\u00a0GZ.05\u00ad16\/28 - Valvex\" \/>\n<meta property=\"og:description\" content=\"VECTOR G\u0142owica termostatyczna typ GZ.05 G\u0142owica VECTOR wsp\u00f3\u0142pracuje z zaworami termostatycznymi VECTOR typ ZT22. G\u0142owica posiada mo\u017cliwo\u015b\u0107 blokady nastaw temperatury, dost\u0119pne s\u0105 modele z fabryczn\u0105 blokad\u0105 nastawy dolnej temperatury na 16\u00b0C (4440400, 4440420). W ofercie znajduj\u0105 si\u0119 te\u017c g\u0142owice z blokad\u0105 zabezpieczaj\u0105c\u0105 przed demonta\u017cem (kod 4440020 i 4440420). Cechy charakterystyczne produktu: Czujnik cieczowy Blokada nastaw [&hellip;]\" \/>\n<meta property=\"og:url\" content=\"http:\/\/test.valvex.com\/ro\/produs\/vector-cap-termostatic-tip-gz-05-gz-0516-28-50011\/\" \/>\n<meta property=\"og:site_name\" content=\"Valvex\" \/>\n<meta property=\"article:modified_time\" content=\"2024-07-12T07:48:19+00:00\" \/>\n<meta property=\"og:image\" content=\"http:\/\/test.valvex.com\/wp-content\/uploads\/2022\/03\/4440000.jpg\" \/>\n\t<meta property=\"og:image:width\" content=\"650\" \/>\n\t<meta property=\"og:image:height\" content=\"415\" \/>\n\t<meta property=\"og:image:type\" content=\"image\/jpeg\" \/>\n<meta name=\"twitter:card\" content=\"summary_large_image\" \/>\n<meta name=\"twitter:label1\" content=\"Timp estimat pentru citire\" \/>\n\t<meta name=\"twitter:data1\" content=\"1 minut\" \/>\n<script type=\"application\/ld+json\" class=\"yoast-schema-graph\">{\"@context\":\"https:\/\/schema.org\",\"@graph\":[{\"@type\":\"WebPage\",\"@id\":\"http:\/\/test.valvex.com\/ro\/produs\/vector-cap-termostatic-tip-gz-05-gz-0516-28-50011\/\",\"url\":\"http:\/\/test.valvex.com\/ro\/produs\/vector-cap-termostatic-tip-gz-05-gz-0516-28-50011\/\",\"name\":\"Cap\u00a0termostatic\u00a0tip\u00a0GZ.05,\u00a0GZ.05\u00ad16\/28 - Valvex\",\"isPartOf\":{\"@id\":\"http:\/\/test.valvex.com\/ro\/#website\"},\"primaryImageOfPage\":{\"@id\":\"http:\/\/test.valvex.com\/ro\/produs\/vector-cap-termostatic-tip-gz-05-gz-0516-28-50011\/#primaryimage\"},\"image\":{\"@id\":\"http:\/\/test.valvex.com\/ro\/produs\/vector-cap-termostatic-tip-gz-05-gz-0516-28-50011\/#primaryimage\"},\"thumbnailUrl\":\"http:\/\/test.valvex.com\/wp-content\/uploads\/2022\/03\/4440000.jpg\",\"datePublished\":\"2020-03-19T14:46:09+00:00\",\"dateModified\":\"2024-07-12T07:48:19+00:00\",\"breadcrumb\":{\"@id\":\"http:\/\/test.valvex.com\/ro\/produs\/vector-cap-termostatic-tip-gz-05-gz-0516-28-50011\/#breadcrumb\"},\"inLanguage\":\"ro-RO\",\"potentialAction\":[{\"@type\":\"ReadAction\",\"target\":[\"http:\/\/test.valvex.com\/ro\/produs\/vector-cap-termostatic-tip-gz-05-gz-0516-28-50011\/\"]}]},{\"@type\":\"ImageObject\",\"inLanguage\":\"ro-RO\",\"@id\":\"http:\/\/test.valvex.com\/ro\/produs\/vector-cap-termostatic-tip-gz-05-gz-0516-28-50011\/#primaryimage\",\"url\":\"http:\/\/test.valvex.com\/wp-content\/uploads\/2022\/03\/4440000.jpg\",\"contentUrl\":\"http:\/\/test.valvex.com\/wp-content\/uploads\/2022\/03\/4440000.jpg\",\"width\":650,\"height\":415},{\"@type\":\"BreadcrumbList\",\"@id\":\"http:\/\/test.valvex.com\/ro\/produs\/vector-cap-termostatic-tip-gz-05-gz-0516-28-50011\/#breadcrumb\",\"itemListElement\":[{\"@type\":\"ListItem\",\"position\":1,\"name\":\"Strona g\u0142\u00f3wna\",\"item\":\"http:\/\/test.valvex.com\/ro\/\"},{\"@type\":\"ListItem\",\"position\":2,\"name\":\"Zona de instalatii\",\"item\":\"http:\/\/test.valvex.com\/ro\/oferta\/zona-de-instalatii\/\"},{\"@type\":\"ListItem\",\"position\":3,\"name\":\"Fitinguri pentru sistemele de incalzire centrala\",\"item\":\"http:\/\/test.valvex.com\/ro\/oferta\/zona-de-instalatii\/fitinguri-pentru-sistemele-de-incalzire-centrala\/\"},{\"@type\":\"ListItem\",\"position\":4,\"name\":\"Capete termostatice\",\"item\":\"http:\/\/test.valvex.com\/ro\/oferta\/zona-de-instalatii\/fitinguri-pentru-sistemele-de-incalzire-centrala\/capete-termostatice\/\"},{\"@type\":\"ListItem\",\"position\":5,\"name\":\"Cap\u00a0termostatic\u00a0tip\u00a0GZ.05,\u00a0GZ.05\u00ad16\/28\"}]},{\"@type\":\"WebSite\",\"@id\":\"http:\/\/test.valvex.com\/ro\/#website\",\"url\":\"http:\/\/test.valvex.com\/ro\/\",\"name\":\"Valvex\",\"description\":\"Produc\u0103tor de instala\u021bii sanitare \u0219i sanitare\",\"potentialAction\":[{\"@type\":\"SearchAction\",\"target\":{\"@type\":\"EntryPoint\",\"urlTemplate\":\"http:\/\/test.valvex.com\/ro\/?s={search_term_string}\"},\"query-input\":\"required name=search_term_string\"}],\"inLanguage\":\"ro-RO\"}]}<\/script>\n<!-- \/ Yoast SEO plugin. -->","yoast_head_json":{"title":"Cap\u00a0termostatic\u00a0tip\u00a0GZ.05,\u00a0GZ.05\u00ad16\/28 - Valvex","robots":{"index":"index","follow":"follow","max-snippet":"max-snippet:-1","max-image-preview":"max-image-preview:large","max-video-preview":"max-video-preview:-1"},"canonical":"http:\/\/test.valvex.com\/ro\/produs\/vector-cap-termostatic-tip-gz-05-gz-0516-28-50011\/","og_locale":"ro_RO","og_type":"article","og_title":"Cap\u00a0termostatic\u00a0tip\u00a0GZ.05,\u00a0GZ.05\u00ad16\/28 - Valvex","og_description":"VECTOR G\u0142owica termostatyczna typ GZ.05 G\u0142owica VECTOR wsp\u00f3\u0142pracuje z zaworami termostatycznymi VECTOR typ ZT22. G\u0142owica posiada mo\u017cliwo\u015b\u0107 blokady nastaw temperatury, dost\u0119pne s\u0105 modele z fabryczn\u0105 blokad\u0105 nastawy dolnej temperatury na 16\u00b0C (4440400, 4440420). W ofercie znajduj\u0105 si\u0119 te\u017c g\u0142owice z blokad\u0105 zabezpieczaj\u0105c\u0105 przed demonta\u017cem (kod 4440020 i 4440420). Cechy charakterystyczne produktu: Czujnik cieczowy Blokada nastaw [&hellip;]","og_url":"http:\/\/test.valvex.com\/ro\/produs\/vector-cap-termostatic-tip-gz-05-gz-0516-28-50011\/","og_site_name":"Valvex","article_modified_time":"2024-07-12T07:48:19+00:00","og_image":[{"width":650,"height":415,"url":"http:\/\/test.valvex.com\/wp-content\/uploads\/2022\/03\/4440000.jpg","type":"image\/jpeg"}],"twitter_card":"summary_large_image","twitter_misc":{"Timp estimat pentru citire":"1 minut"},"schema":{"@context":"https:\/\/schema.org","@graph":[{"@type":"WebPage","@id":"http:\/\/test.valvex.com\/ro\/produs\/vector-cap-termostatic-tip-gz-05-gz-0516-28-50011\/","url":"http:\/\/test.valvex.com\/ro\/produs\/vector-cap-termostatic-tip-gz-05-gz-0516-28-50011\/","name":"Cap\u00a0termostatic\u00a0tip\u00a0GZ.05,\u00a0GZ.05\u00ad16\/28 - Valvex","isPartOf":{"@id":"http:\/\/test.valvex.com\/ro\/#website"},"primaryImageOfPage":{"@id":"http:\/\/test.valvex.com\/ro\/produs\/vector-cap-termostatic-tip-gz-05-gz-0516-28-50011\/#primaryimage"},"image":{"@id":"http:\/\/test.valvex.com\/ro\/produs\/vector-cap-termostatic-tip-gz-05-gz-0516-28-50011\/#primaryimage"},"thumbnailUrl":"http:\/\/test.valvex.com\/wp-content\/uploads\/2022\/03\/4440000.jpg","datePublished":"2020-03-19T14:46:09+00:00","dateModified":"2024-07-12T07:48:19+00:00","breadcrumb":{"@id":"http:\/\/test.valvex.com\/ro\/produs\/vector-cap-termostatic-tip-gz-05-gz-0516-28-50011\/#breadcrumb"},"inLanguage":"ro-RO","potentialAction":[{"@type":"ReadAction","target":["http:\/\/test.valvex.com\/ro\/produs\/vector-cap-termostatic-tip-gz-05-gz-0516-28-50011\/"]}]},{"@type":"ImageObject","inLanguage":"ro-RO","@id":"http:\/\/test.valvex.com\/ro\/produs\/vector-cap-termostatic-tip-gz-05-gz-0516-28-50011\/#primaryimage","url":"http:\/\/test.valvex.com\/wp-content\/uploads\/2022\/03\/4440000.jpg","contentUrl":"http:\/\/test.valvex.com\/wp-content\/uploads\/2022\/03\/4440000.jpg","width":650,"height":415},{"@type":"BreadcrumbList","@id":"http:\/\/test.valvex.com\/ro\/produs\/vector-cap-termostatic-tip-gz-05-gz-0516-28-50011\/#breadcrumb","itemListElement":[{"@type":"ListItem","position":1,"name":"Strona g\u0142\u00f3wna","item":"http:\/\/test.valvex.com\/ro\/"},{"@type":"ListItem","position":2,"name":"Zona de instalatii","item":"http:\/\/test.valvex.com\/ro\/oferta\/zona-de-instalatii\/"},{"@type":"ListItem","position":3,"name":"Fitinguri pentru sistemele de incalzire centrala","item":"http:\/\/test.valvex.com\/ro\/oferta\/zona-de-instalatii\/fitinguri-pentru-sistemele-de-incalzire-centrala\/"},{"@type":"ListItem","position":4,"name":"Capete termostatice","item":"http:\/\/test.valvex.com\/ro\/oferta\/zona-de-instalatii\/fitinguri-pentru-sistemele-de-incalzire-centrala\/capete-termostatice\/"},{"@type":"ListItem","position":5,"name":"Cap\u00a0termostatic\u00a0tip\u00a0GZ.05,\u00a0GZ.05\u00ad16\/28"}]},{"@type":"WebSite","@id":"http:\/\/test.valvex.com\/ro\/#website","url":"http:\/\/test.valvex.com\/ro\/","name":"Valvex","description":"Produc\u0103tor de instala\u021bii sanitare \u0219i sanitare","potentialAction":[{"@type":"SearchAction","target":{"@type":"EntryPoint","urlTemplate":"http:\/\/test.valvex.com\/ro\/?s={search_term_string}"},"query-input":"required name=search_term_string"}],"inLanguage":"ro-RO"}]}},"_links":{"self":[{"href":"http:\/\/test.valvex.com\/ro\/wp-json\/wp\/v2\/product\/50011","targetHints":{"allow":["GET"]}}],"collection":[{"href":"http:\/\/test.valvex.com\/ro\/wp-json\/wp\/v2\/product"}],"about":[{"href":"http:\/\/test.valvex.com\/ro\/wp-json\/wp\/v2\/types\/product"}],"wp:featuredmedia":[{"embeddable":true,"href":"http:\/\/test.valvex.com\/ro\/wp-json\/wp\/v2\/media\/50008"}],"wp:attachment":[{"href":"http:\/\/test.valvex.com\/ro\/wp-json\/wp\/v2\/media?parent=50011"}],"wp:term":[{"taxonomy":"ikony_produktow","embeddable":true,"href":"http:\/\/test.valvex.com\/ro\/wp-json\/wp\/v2\/ikony_produktow?post=50011"},{"taxonomy":"product_category","embeddable":true,"href":"http:\/\/test.valvex.com\/ro\/wp-json\/wp\/v2\/product_category?post=50011"},{"taxonomy":"product_series","embeddable":true,"href":"http:\/\/test.valvex.com\/ro\/wp-json\/wp\/v2\/product_series?post=50011"},{"taxonomy":"color","embeddable":true,"href":"http:\/\/test.valvex.com\/ro\/wp-json\/wp\/v2\/color?post=50011"}],"curies":[{"name":"wp","href":"https:\/\/api.w.org\/{rel}","templated":true}]}}