{"id":49067,"date":"2021-02-17T17:51:57","date_gmt":"2021-02-17T16:51:57","guid":{"rendered":"http:\/\/test.valvex.com\/product\/galeo-baterie-de-bucatarie-inalta-cu-teava-rotativa\/"},"modified":"2024-05-16T15:13:25","modified_gmt":"2024-05-16T13:13:25","slug":"galeo-baterie-de-buc%c4%83t%c4%83rie-%c3%aenalt%c4%83-cu-%c5%a3eav%c4%83-rotativ%c4%83-49067","status":"publish","type":"product","link":"http:\/\/test.valvex.com\/ro\/produs\/galeo-baterie-de-buc%c4%83t%c4%83rie-%c3%aenalt%c4%83-cu-%c5%a3eav%c4%83-rotativ%c4%83-49067\/","title":{"rendered":"Baterie de buc\u0103t\u0103rie \u00eenalt\u0103 cu \u0163eav\u0103 rotativ\u0103"},"content":{"rendered":"<h3>Practic si functional.<\/h3>\n<p style=\"text-align: justify\">Practic si functional. Pipa rotativa asigura libertatea de miscare in utilizarea bateriei. Cartusul ceramic asigura reglarea jetului de apa si oxigeneaza apa, reducand consumul, dar mentinand comfortul utilizarii.<\/p>\n<p style=\"text-align: justify\">\n<table style=\"border-color: #ffffff;background-color: #ffffff\">\n<tbody>\n<tr style=\"width: 70px\">\n<td style=\"border-color: #ffffff\"><img decoding=\"async\" src=\"http:\/\/test.valvex.com\/content\/themes\/valvex\/assets\/img\/product-icons\/o2.png\" class=\" aligncenter\" \/><\/td>\n<td style=\"border-color: #ffffff\"><strong>Aerating stream regulator<\/strong><\/td>\n<\/tr>\n<tr>\n<td style=\"width: 70px;border-color: #ffffff\"><img decoding=\"async\" src=\"http:\/\/test.valvex.com\/content\/themes\/valvex\/assets\/img\/product-icons\/hcceramic.png\" class=\" aligncenter\" \/><\/td>\n<td style=\"border-color: #ffffff\"><strong>Mixer \/ ceramic head<\/strong><\/td>\n<\/tr>\n<tr style=\"width: 70px\">\n<td style=\"border-color: #ffffff\"><img decoding=\"async\" src=\"http:\/\/test.valvex.com\/content\/themes\/valvex\/assets\/img\/product-icons\/obrot.png\" class=\" aligncenter\" \/><\/td>\n<td style=\"border-color: #ffffff\"><strong>Rotational spout<\/strong><\/td>\n<\/tr>\n<\/tbody>\n<\/table>\n","protected":false},"featured_media":74336,"template":"","ikony_produktow":[2141,1649,1658,2143,1675,2164,1691,2142,2144,1690],"product_category":[1957,1774,1809,2020,472],"product_series":[556],"color":[1760],"class_list":["post-49067","product","type-product","status-publish","has-post-thumbnail","hentry","ikony_produktow-25anigarantie","ikony_produktow-25latgwarancji","ikony_produktow-48hserwiswpolsce","ikony_produktow-cartusceramicro","ikony_produktow-ceramic_head","ikony_produktow-obrot-ro","ikony_produktow-obrot","ikony_produktow-serviciude-48deoreinpolonia","ikony_produktow-o2-ro","ikony_produktow-o2","product_category-baterie-kuchenne-3","product_category-bucatarie","product_category-baterii-de-bucatarie","product_category-mixere-de-bucatarie","product_category-baterii-pentru-bucatarie-bathroom-and-kitchen-area-strefa-lazienki-i-kuchni","product_series-galeo-ro","color-chrome"],"acf":[],"yoast_head":"<!-- This site is optimized with the Yoast SEO plugin v22.2 - https:\/\/yoast.com\/wordpress\/plugins\/seo\/ -->\n<title>Baterie de buc\u0103t\u0103rie \u00eenalt\u0103 cu \u0163eav\u0103 rotativ\u0103 - Valvex<\/title>\n<meta name=\"robots\" content=\"index, follow, max-snippet:-1, max-image-preview:large, max-video-preview:-1\" \/>\n<link rel=\"canonical\" href=\"http:\/\/test.valvex.com\/ro\/produs\/galeo-baterie-de-buc%c4%83t%c4%83rie-%c3%aenalt%c4%83-cu-%c5%a3eav%c4%83-rotativ%c4%83-49067\/\" \/>\n<meta property=\"og:locale\" content=\"ro_RO\" \/>\n<meta property=\"og:type\" content=\"article\" \/>\n<meta property=\"og:title\" content=\"Baterie de buc\u0103t\u0103rie \u00eenalt\u0103 cu \u0163eav\u0103 rotativ\u0103 - Valvex\" \/>\n<meta property=\"og:description\" content=\"Practic si functional. Practic si functional. Pipa rotativa asigura libertatea de miscare in utilizarea bateriei. Cartusul ceramic asigura reglarea jetului de apa si oxigeneaza apa, reducand consumul, dar mentinand comfortul utilizarii. Aerating stream regulator Mixer \/ ceramic head Rotational spout\" \/>\n<meta property=\"og:url\" content=\"http:\/\/test.valvex.com\/ro\/produs\/galeo-baterie-de-buc%c4%83t%c4%83rie-%c3%aenalt%c4%83-cu-%c5%a3eav%c4%83-rotativ%c4%83-49067\/\" \/>\n<meta property=\"og:site_name\" content=\"Valvex\" \/>\n<meta property=\"article:modified_time\" content=\"2024-05-16T13:13:25+00:00\" \/>\n<meta property=\"og:image\" content=\"http:\/\/test.valvex.com\/wp-content\/uploads\/2022\/03\/2441010.jpg\" \/>\n\t<meta property=\"og:image:width\" content=\"650\" \/>\n\t<meta property=\"og:image:height\" content=\"415\" \/>\n\t<meta property=\"og:image:type\" content=\"image\/jpeg\" \/>\n<meta name=\"twitter:card\" content=\"summary_large_image\" \/>\n<meta name=\"twitter:label1\" content=\"Timp estimat pentru citire\" \/>\n\t<meta name=\"twitter:data1\" content=\"2 minute\" \/>\n<script type=\"application\/ld+json\" class=\"yoast-schema-graph\">{\"@context\":\"https:\/\/schema.org\",\"@graph\":[{\"@type\":\"WebPage\",\"@id\":\"http:\/\/test.valvex.com\/ro\/produs\/galeo-baterie-de-buc%c4%83t%c4%83rie-%c3%aenalt%c4%83-cu-%c5%a3eav%c4%83-rotativ%c4%83-49067\/\",\"url\":\"http:\/\/test.valvex.com\/ro\/produs\/galeo-baterie-de-buc%c4%83t%c4%83rie-%c3%aenalt%c4%83-cu-%c5%a3eav%c4%83-rotativ%c4%83-49067\/\",\"name\":\"Baterie de buc\u0103t\u0103rie \u00eenalt\u0103 cu \u0163eav\u0103 rotativ\u0103 - Valvex\",\"isPartOf\":{\"@id\":\"http:\/\/test.valvex.com\/ro\/#website\"},\"primaryImageOfPage\":{\"@id\":\"http:\/\/test.valvex.com\/ro\/produs\/galeo-baterie-de-buc%c4%83t%c4%83rie-%c3%aenalt%c4%83-cu-%c5%a3eav%c4%83-rotativ%c4%83-49067\/#primaryimage\"},\"image\":{\"@id\":\"http:\/\/test.valvex.com\/ro\/produs\/galeo-baterie-de-buc%c4%83t%c4%83rie-%c3%aenalt%c4%83-cu-%c5%a3eav%c4%83-rotativ%c4%83-49067\/#primaryimage\"},\"thumbnailUrl\":\"http:\/\/test.valvex.com\/wp-content\/uploads\/2022\/03\/2441010.jpg\",\"datePublished\":\"2021-02-17T16:51:57+00:00\",\"dateModified\":\"2024-05-16T13:13:25+00:00\",\"breadcrumb\":{\"@id\":\"http:\/\/test.valvex.com\/ro\/produs\/galeo-baterie-de-buc%c4%83t%c4%83rie-%c3%aenalt%c4%83-cu-%c5%a3eav%c4%83-rotativ%c4%83-49067\/#breadcrumb\"},\"inLanguage\":\"ro-RO\",\"potentialAction\":[{\"@type\":\"ReadAction\",\"target\":[\"http:\/\/test.valvex.com\/ro\/produs\/galeo-baterie-de-buc%c4%83t%c4%83rie-%c3%aenalt%c4%83-cu-%c5%a3eav%c4%83-rotativ%c4%83-49067\/\"]}]},{\"@type\":\"ImageObject\",\"inLanguage\":\"ro-RO\",\"@id\":\"http:\/\/test.valvex.com\/ro\/produs\/galeo-baterie-de-buc%c4%83t%c4%83rie-%c3%aenalt%c4%83-cu-%c5%a3eav%c4%83-rotativ%c4%83-49067\/#primaryimage\",\"url\":\"http:\/\/test.valvex.com\/wp-content\/uploads\/2022\/03\/2441010.jpg\",\"contentUrl\":\"http:\/\/test.valvex.com\/wp-content\/uploads\/2022\/03\/2441010.jpg\",\"width\":650,\"height\":415},{\"@type\":\"BreadcrumbList\",\"@id\":\"http:\/\/test.valvex.com\/ro\/produs\/galeo-baterie-de-buc%c4%83t%c4%83rie-%c3%aenalt%c4%83-cu-%c5%a3eav%c4%83-rotativ%c4%83-49067\/#breadcrumb\",\"itemListElement\":[{\"@type\":\"ListItem\",\"position\":1,\"name\":\"Strona g\u0142\u00f3wna\",\"item\":\"http:\/\/test.valvex.com\/ro\/\"},{\"@type\":\"ListItem\",\"position\":2,\"name\":\"Buc\u0103t\u0103rie\",\"item\":\"http:\/\/test.valvex.com\/ro\/oferta\/bucatarie\/\"},{\"@type\":\"ListItem\",\"position\":3,\"name\":\"Baterie de buc\u0103t\u0103rie \u00eenalt\u0103 cu \u0163eav\u0103 rotativ\u0103\"}]},{\"@type\":\"WebSite\",\"@id\":\"http:\/\/test.valvex.com\/ro\/#website\",\"url\":\"http:\/\/test.valvex.com\/ro\/\",\"name\":\"Valvex\",\"description\":\"Produc\u0103tor de instala\u021bii sanitare \u0219i sanitare\",\"potentialAction\":[{\"@type\":\"SearchAction\",\"target\":{\"@type\":\"EntryPoint\",\"urlTemplate\":\"http:\/\/test.valvex.com\/ro\/?s={search_term_string}\"},\"query-input\":\"required name=search_term_string\"}],\"inLanguage\":\"ro-RO\"}]}<\/script>\n<!-- \/ Yoast SEO plugin. -->","yoast_head_json":{"title":"Baterie de buc\u0103t\u0103rie \u00eenalt\u0103 cu \u0163eav\u0103 rotativ\u0103 - Valvex","robots":{"index":"index","follow":"follow","max-snippet":"max-snippet:-1","max-image-preview":"max-image-preview:large","max-video-preview":"max-video-preview:-1"},"canonical":"http:\/\/test.valvex.com\/ro\/produs\/galeo-baterie-de-buc%c4%83t%c4%83rie-%c3%aenalt%c4%83-cu-%c5%a3eav%c4%83-rotativ%c4%83-49067\/","og_locale":"ro_RO","og_type":"article","og_title":"Baterie de buc\u0103t\u0103rie \u00eenalt\u0103 cu \u0163eav\u0103 rotativ\u0103 - Valvex","og_description":"Practic si functional. Practic si functional. Pipa rotativa asigura libertatea de miscare in utilizarea bateriei. Cartusul ceramic asigura reglarea jetului de apa si oxigeneaza apa, reducand consumul, dar mentinand comfortul utilizarii. Aerating stream regulator Mixer \/ ceramic head Rotational spout","og_url":"http:\/\/test.valvex.com\/ro\/produs\/galeo-baterie-de-buc%c4%83t%c4%83rie-%c3%aenalt%c4%83-cu-%c5%a3eav%c4%83-rotativ%c4%83-49067\/","og_site_name":"Valvex","article_modified_time":"2024-05-16T13:13:25+00:00","og_image":[{"width":650,"height":415,"url":"http:\/\/test.valvex.com\/wp-content\/uploads\/2022\/03\/2441010.jpg","type":"image\/jpeg"}],"twitter_card":"summary_large_image","twitter_misc":{"Timp estimat pentru citire":"2 minute"},"schema":{"@context":"https:\/\/schema.org","@graph":[{"@type":"WebPage","@id":"http:\/\/test.valvex.com\/ro\/produs\/galeo-baterie-de-buc%c4%83t%c4%83rie-%c3%aenalt%c4%83-cu-%c5%a3eav%c4%83-rotativ%c4%83-49067\/","url":"http:\/\/test.valvex.com\/ro\/produs\/galeo-baterie-de-buc%c4%83t%c4%83rie-%c3%aenalt%c4%83-cu-%c5%a3eav%c4%83-rotativ%c4%83-49067\/","name":"Baterie de buc\u0103t\u0103rie \u00eenalt\u0103 cu \u0163eav\u0103 rotativ\u0103 - Valvex","isPartOf":{"@id":"http:\/\/test.valvex.com\/ro\/#website"},"primaryImageOfPage":{"@id":"http:\/\/test.valvex.com\/ro\/produs\/galeo-baterie-de-buc%c4%83t%c4%83rie-%c3%aenalt%c4%83-cu-%c5%a3eav%c4%83-rotativ%c4%83-49067\/#primaryimage"},"image":{"@id":"http:\/\/test.valvex.com\/ro\/produs\/galeo-baterie-de-buc%c4%83t%c4%83rie-%c3%aenalt%c4%83-cu-%c5%a3eav%c4%83-rotativ%c4%83-49067\/#primaryimage"},"thumbnailUrl":"http:\/\/test.valvex.com\/wp-content\/uploads\/2022\/03\/2441010.jpg","datePublished":"2021-02-17T16:51:57+00:00","dateModified":"2024-05-16T13:13:25+00:00","breadcrumb":{"@id":"http:\/\/test.valvex.com\/ro\/produs\/galeo-baterie-de-buc%c4%83t%c4%83rie-%c3%aenalt%c4%83-cu-%c5%a3eav%c4%83-rotativ%c4%83-49067\/#breadcrumb"},"inLanguage":"ro-RO","potentialAction":[{"@type":"ReadAction","target":["http:\/\/test.valvex.com\/ro\/produs\/galeo-baterie-de-buc%c4%83t%c4%83rie-%c3%aenalt%c4%83-cu-%c5%a3eav%c4%83-rotativ%c4%83-49067\/"]}]},{"@type":"ImageObject","inLanguage":"ro-RO","@id":"http:\/\/test.valvex.com\/ro\/produs\/galeo-baterie-de-buc%c4%83t%c4%83rie-%c3%aenalt%c4%83-cu-%c5%a3eav%c4%83-rotativ%c4%83-49067\/#primaryimage","url":"http:\/\/test.valvex.com\/wp-content\/uploads\/2022\/03\/2441010.jpg","contentUrl":"http:\/\/test.valvex.com\/wp-content\/uploads\/2022\/03\/2441010.jpg","width":650,"height":415},{"@type":"BreadcrumbList","@id":"http:\/\/test.valvex.com\/ro\/produs\/galeo-baterie-de-buc%c4%83t%c4%83rie-%c3%aenalt%c4%83-cu-%c5%a3eav%c4%83-rotativ%c4%83-49067\/#breadcrumb","itemListElement":[{"@type":"ListItem","position":1,"name":"Strona g\u0142\u00f3wna","item":"http:\/\/test.valvex.com\/ro\/"},{"@type":"ListItem","position":2,"name":"Buc\u0103t\u0103rie","item":"http:\/\/test.valvex.com\/ro\/oferta\/bucatarie\/"},{"@type":"ListItem","position":3,"name":"Baterie de buc\u0103t\u0103rie \u00eenalt\u0103 cu \u0163eav\u0103 rotativ\u0103"}]},{"@type":"WebSite","@id":"http:\/\/test.valvex.com\/ro\/#website","url":"http:\/\/test.valvex.com\/ro\/","name":"Valvex","description":"Produc\u0103tor de instala\u021bii sanitare \u0219i sanitare","potentialAction":[{"@type":"SearchAction","target":{"@type":"EntryPoint","urlTemplate":"http:\/\/test.valvex.com\/ro\/?s={search_term_string}"},"query-input":"required name=search_term_string"}],"inLanguage":"ro-RO"}]}},"_links":{"self":[{"href":"http:\/\/test.valvex.com\/ro\/wp-json\/wp\/v2\/product\/49067","targetHints":{"allow":["GET"]}}],"collection":[{"href":"http:\/\/test.valvex.com\/ro\/wp-json\/wp\/v2\/product"}],"about":[{"href":"http:\/\/test.valvex.com\/ro\/wp-json\/wp\/v2\/types\/product"}],"wp:featuredmedia":[{"embeddable":true,"href":"http:\/\/test.valvex.com\/ro\/wp-json\/wp\/v2\/media\/74336"}],"wp:attachment":[{"href":"http:\/\/test.valvex.com\/ro\/wp-json\/wp\/v2\/media?parent=49067"}],"wp:term":[{"taxonomy":"ikony_produktow","embeddable":true,"href":"http:\/\/test.valvex.com\/ro\/wp-json\/wp\/v2\/ikony_produktow?post=49067"},{"taxonomy":"product_category","embeddable":true,"href":"http:\/\/test.valvex.com\/ro\/wp-json\/wp\/v2\/product_category?post=49067"},{"taxonomy":"product_series","embeddable":true,"href":"http:\/\/test.valvex.com\/ro\/wp-json\/wp\/v2\/product_series?post=49067"},{"taxonomy":"color","embeddable":true,"href":"http:\/\/test.valvex.com\/ro\/wp-json\/wp\/v2\/color?post=49067"}],"curies":[{"name":"wp","href":"https:\/\/api.w.org\/{rel}","templated":true}]}}