{"id":48934,"date":"2021-02-17T17:16:25","date_gmt":"2021-02-17T16:16:25","guid":{"rendered":"http:\/\/test.valvex.com\/product\/delta-baterie-de-bucatarie-cu-teava-curbata-si-maner-lateral-2\/"},"modified":"2024-05-16T15:15:54","modified_gmt":"2024-05-16T13:15:54","slug":"delta-baterie-de-buc%c4%83t%c4%83rie-cu-%c5%a3eav%c4%83-curbat%c4%83-%c8%99i-m%c3%a2ner-lateral-48934","status":"publish","type":"product","link":"http:\/\/test.valvex.com\/ro\/produs\/delta-baterie-de-buc%c4%83t%c4%83rie-cu-%c5%a3eav%c4%83-curbat%c4%83-%c8%99i-m%c3%a2ner-lateral-48934\/","title":{"rendered":"Baterie de buc\u0103t\u0103rie cu \u0163eav\u0103 curbat\u0103 \u0219i m\u00e2ner lateral"},"content":{"rendered":"<h3>Functionalite atemporala.<\/h3>\n<div style=\"text-align: justify;\">Forma subtila a bateriei reliefeaza o lebada plutind printre valuri. Se combina perfect cu un interior in care predomina spatiul aerisit si pur. Luminozitatea formei merge mana in mana cu usurinta utilizarii &#8211; cartusul ceramic precis garanteaza reglarea lina a debitului de apa, intrucat pipa rotativa faciliteaza activitatile de zi cu zi din bucatarie.<\/div>\n<div style=\"text-align: justify;\"><\/div>\n<div style=\"text-align: justify;\">\n<table style=\"border-color: #ffffff; background-color: #ffffff;\">\n<tbody>\n<tr style=\"width: 70px;\">\n<td style=\"border-color: #ffffff;\"><img decoding=\"async\" class=\" aligncenter\" src=\"http:\/\/test.valvex.com\/content\/themes\/valvex\/assets\/img\/product-icons\/o2.png\" \/><\/td>\n<td style=\"border-color: #ffffff;\"><strong>Aerating stream regulator<\/strong><\/td>\n<\/tr>\n<tr>\n<td style=\"width: 70px; border-color: #ffffff;\"><img decoding=\"async\" class=\" aligncenter\" src=\"http:\/\/test.valvex.com\/content\/themes\/valvex\/assets\/img\/product-icons\/hcceramic.png\" \/><\/td>\n<td style=\"border-color: #ffffff;\"><strong>Mixer \/ ceramic head<\/strong><\/td>\n<\/tr>\n<tr style=\"width: 70px;\">\n<td style=\"border-color: #ffffff;\"><img decoding=\"async\" class=\" aligncenter\" src=\"http:\/\/test.valvex.com\/content\/themes\/valvex\/assets\/img\/product-icons\/obrot.png\" \/><\/td>\n<td style=\"border-color: #ffffff;\"><strong>Rotational spout<\/strong><\/td>\n<\/tr>\n<tr style=\"width: 70px;\">\n<td style=\"border-color: #ffffff;\"><img decoding=\"async\" class=\" aligncenter\" src=\"http:\/\/test.valvex.com\/content\/themes\/valvex\/assets\/img\/product-icons\/comfortzone.png\" \/><\/td>\n<td style=\"border-color: #ffffff;\"><strong>Comfortable use<\/strong><\/td>\n<\/tr>\n<\/tbody>\n<\/table>\n<\/div>\n","protected":false},"featured_media":74361,"template":"","ikony_produktow":[2141,1649,1658,2143,1667,1675,2164,1691,2142,2144,2150,1690],"product_category":[1957,1774,1809,2020,472],"product_series":[538],"color":[1760],"class_list":["post-48934","product","type-product","status-publish","has-post-thumbnail","hentry","ikony_produktow-25anigarantie","ikony_produktow-25latgwarancji","ikony_produktow-48hserwiswpolsce","ikony_produktow-cartusceramicro","ikony_produktow-comfortzone","ikony_produktow-ceramic_head","ikony_produktow-obrot-ro","ikony_produktow-obrot","ikony_produktow-serviciude-48deoreinpolonia","ikony_produktow-o2-ro","ikony_produktow-comfortzone-ro","ikony_produktow-o2","product_category-baterie-kuchenne-3","product_category-bucatarie","product_category-baterii-de-bucatarie","product_category-mixere-de-bucatarie","product_category-baterii-pentru-bucatarie-bathroom-and-kitchen-area-strefa-lazienki-i-kuchni","product_series-delta-ro","color-chrome"],"acf":[],"yoast_head":"<!-- This site is optimized with the Yoast SEO plugin v22.2 - https:\/\/yoast.com\/wordpress\/plugins\/seo\/ -->\n<title>Baterie de buc\u0103t\u0103rie cu \u0163eav\u0103 curbat\u0103 \u0219i m\u00e2ner lateral - Valvex<\/title>\n<meta name=\"robots\" content=\"index, follow, max-snippet:-1, max-image-preview:large, max-video-preview:-1\" \/>\n<link rel=\"canonical\" href=\"http:\/\/test.valvex.com\/ro\/produs\/delta-baterie-de-buc%c4%83t%c4%83rie-cu-%c5%a3eav%c4%83-curbat%c4%83-%c8%99i-m%c3%a2ner-lateral-48934\/\" \/>\n<meta property=\"og:locale\" content=\"ro_RO\" \/>\n<meta property=\"og:type\" content=\"article\" \/>\n<meta property=\"og:title\" content=\"Baterie de buc\u0103t\u0103rie cu \u0163eav\u0103 curbat\u0103 \u0219i m\u00e2ner lateral - Valvex\" \/>\n<meta property=\"og:description\" content=\"Functionalite atemporala. Forma subtila a bateriei reliefeaza o lebada plutind printre valuri. Se combina perfect cu un interior in care predomina spatiul aerisit si pur. Luminozitatea formei merge mana in mana cu usurinta utilizarii &#8211; cartusul ceramic precis garanteaza reglarea lina a debitului de apa, intrucat pipa rotativa faciliteaza activitatile de zi cu zi din [&hellip;]\" \/>\n<meta property=\"og:url\" content=\"http:\/\/test.valvex.com\/ro\/produs\/delta-baterie-de-buc%c4%83t%c4%83rie-cu-%c5%a3eav%c4%83-curbat%c4%83-%c8%99i-m%c3%a2ner-lateral-48934\/\" \/>\n<meta property=\"og:site_name\" content=\"Valvex\" \/>\n<meta property=\"article:modified_time\" content=\"2024-05-16T13:15:54+00:00\" \/>\n<meta property=\"og:image\" content=\"http:\/\/test.valvex.com\/wp-content\/uploads\/2022\/03\/2450070.jpg\" \/>\n\t<meta property=\"og:image:width\" content=\"650\" \/>\n\t<meta property=\"og:image:height\" content=\"415\" \/>\n\t<meta property=\"og:image:type\" content=\"image\/jpeg\" \/>\n<meta name=\"twitter:card\" content=\"summary_large_image\" \/>\n<meta name=\"twitter:label1\" content=\"Timp estimat pentru citire\" \/>\n\t<meta name=\"twitter:data1\" content=\"2 minute\" \/>\n<script type=\"application\/ld+json\" class=\"yoast-schema-graph\">{\"@context\":\"https:\/\/schema.org\",\"@graph\":[{\"@type\":\"WebPage\",\"@id\":\"http:\/\/test.valvex.com\/ro\/produs\/delta-baterie-de-buc%c4%83t%c4%83rie-cu-%c5%a3eav%c4%83-curbat%c4%83-%c8%99i-m%c3%a2ner-lateral-48934\/\",\"url\":\"http:\/\/test.valvex.com\/ro\/produs\/delta-baterie-de-buc%c4%83t%c4%83rie-cu-%c5%a3eav%c4%83-curbat%c4%83-%c8%99i-m%c3%a2ner-lateral-48934\/\",\"name\":\"Baterie de buc\u0103t\u0103rie cu \u0163eav\u0103 curbat\u0103 \u0219i m\u00e2ner lateral - Valvex\",\"isPartOf\":{\"@id\":\"http:\/\/test.valvex.com\/ro\/#website\"},\"primaryImageOfPage\":{\"@id\":\"http:\/\/test.valvex.com\/ro\/produs\/delta-baterie-de-buc%c4%83t%c4%83rie-cu-%c5%a3eav%c4%83-curbat%c4%83-%c8%99i-m%c3%a2ner-lateral-48934\/#primaryimage\"},\"image\":{\"@id\":\"http:\/\/test.valvex.com\/ro\/produs\/delta-baterie-de-buc%c4%83t%c4%83rie-cu-%c5%a3eav%c4%83-curbat%c4%83-%c8%99i-m%c3%a2ner-lateral-48934\/#primaryimage\"},\"thumbnailUrl\":\"http:\/\/test.valvex.com\/wp-content\/uploads\/2022\/03\/2450070.jpg\",\"datePublished\":\"2021-02-17T16:16:25+00:00\",\"dateModified\":\"2024-05-16T13:15:54+00:00\",\"breadcrumb\":{\"@id\":\"http:\/\/test.valvex.com\/ro\/produs\/delta-baterie-de-buc%c4%83t%c4%83rie-cu-%c5%a3eav%c4%83-curbat%c4%83-%c8%99i-m%c3%a2ner-lateral-48934\/#breadcrumb\"},\"inLanguage\":\"ro-RO\",\"potentialAction\":[{\"@type\":\"ReadAction\",\"target\":[\"http:\/\/test.valvex.com\/ro\/produs\/delta-baterie-de-buc%c4%83t%c4%83rie-cu-%c5%a3eav%c4%83-curbat%c4%83-%c8%99i-m%c3%a2ner-lateral-48934\/\"]}]},{\"@type\":\"ImageObject\",\"inLanguage\":\"ro-RO\",\"@id\":\"http:\/\/test.valvex.com\/ro\/produs\/delta-baterie-de-buc%c4%83t%c4%83rie-cu-%c5%a3eav%c4%83-curbat%c4%83-%c8%99i-m%c3%a2ner-lateral-48934\/#primaryimage\",\"url\":\"http:\/\/test.valvex.com\/wp-content\/uploads\/2022\/03\/2450070.jpg\",\"contentUrl\":\"http:\/\/test.valvex.com\/wp-content\/uploads\/2022\/03\/2450070.jpg\",\"width\":650,\"height\":415},{\"@type\":\"BreadcrumbList\",\"@id\":\"http:\/\/test.valvex.com\/ro\/produs\/delta-baterie-de-buc%c4%83t%c4%83rie-cu-%c5%a3eav%c4%83-curbat%c4%83-%c8%99i-m%c3%a2ner-lateral-48934\/#breadcrumb\",\"itemListElement\":[{\"@type\":\"ListItem\",\"position\":1,\"name\":\"Strona g\u0142\u00f3wna\",\"item\":\"http:\/\/test.valvex.com\/ro\/\"},{\"@type\":\"ListItem\",\"position\":2,\"name\":\"Buc\u0103t\u0103rie\",\"item\":\"http:\/\/test.valvex.com\/ro\/oferta\/bucatarie\/\"},{\"@type\":\"ListItem\",\"position\":3,\"name\":\"Baterii de bucatarie\",\"item\":\"http:\/\/test.valvex.com\/ro\/oferta\/bucatarie\/baterii-de-bucatarie\/\"},{\"@type\":\"ListItem\",\"position\":4,\"name\":\"Mixere de buc\u0103t\u0103rie\",\"item\":\"http:\/\/test.valvex.com\/ro\/oferta\/bucatarie\/baterii-de-bucatarie\/mixere-de-bucatarie\/\"},{\"@type\":\"ListItem\",\"position\":5,\"name\":\"Baterie de buc\u0103t\u0103rie cu \u0163eav\u0103 curbat\u0103 \u0219i m\u00e2ner lateral\"}]},{\"@type\":\"WebSite\",\"@id\":\"http:\/\/test.valvex.com\/ro\/#website\",\"url\":\"http:\/\/test.valvex.com\/ro\/\",\"name\":\"Valvex\",\"description\":\"Produc\u0103tor de instala\u021bii sanitare \u0219i sanitare\",\"potentialAction\":[{\"@type\":\"SearchAction\",\"target\":{\"@type\":\"EntryPoint\",\"urlTemplate\":\"http:\/\/test.valvex.com\/ro\/?s={search_term_string}\"},\"query-input\":\"required name=search_term_string\"}],\"inLanguage\":\"ro-RO\"}]}<\/script>\n<!-- \/ Yoast SEO plugin. -->","yoast_head_json":{"title":"Baterie de buc\u0103t\u0103rie cu \u0163eav\u0103 curbat\u0103 \u0219i m\u00e2ner lateral - Valvex","robots":{"index":"index","follow":"follow","max-snippet":"max-snippet:-1","max-image-preview":"max-image-preview:large","max-video-preview":"max-video-preview:-1"},"canonical":"http:\/\/test.valvex.com\/ro\/produs\/delta-baterie-de-buc%c4%83t%c4%83rie-cu-%c5%a3eav%c4%83-curbat%c4%83-%c8%99i-m%c3%a2ner-lateral-48934\/","og_locale":"ro_RO","og_type":"article","og_title":"Baterie de buc\u0103t\u0103rie cu \u0163eav\u0103 curbat\u0103 \u0219i m\u00e2ner lateral - Valvex","og_description":"Functionalite atemporala. Forma subtila a bateriei reliefeaza o lebada plutind printre valuri. Se combina perfect cu un interior in care predomina spatiul aerisit si pur. Luminozitatea formei merge mana in mana cu usurinta utilizarii &#8211; cartusul ceramic precis garanteaza reglarea lina a debitului de apa, intrucat pipa rotativa faciliteaza activitatile de zi cu zi din [&hellip;]","og_url":"http:\/\/test.valvex.com\/ro\/produs\/delta-baterie-de-buc%c4%83t%c4%83rie-cu-%c5%a3eav%c4%83-curbat%c4%83-%c8%99i-m%c3%a2ner-lateral-48934\/","og_site_name":"Valvex","article_modified_time":"2024-05-16T13:15:54+00:00","og_image":[{"width":650,"height":415,"url":"http:\/\/test.valvex.com\/wp-content\/uploads\/2022\/03\/2450070.jpg","type":"image\/jpeg"}],"twitter_card":"summary_large_image","twitter_misc":{"Timp estimat pentru citire":"2 minute"},"schema":{"@context":"https:\/\/schema.org","@graph":[{"@type":"WebPage","@id":"http:\/\/test.valvex.com\/ro\/produs\/delta-baterie-de-buc%c4%83t%c4%83rie-cu-%c5%a3eav%c4%83-curbat%c4%83-%c8%99i-m%c3%a2ner-lateral-48934\/","url":"http:\/\/test.valvex.com\/ro\/produs\/delta-baterie-de-buc%c4%83t%c4%83rie-cu-%c5%a3eav%c4%83-curbat%c4%83-%c8%99i-m%c3%a2ner-lateral-48934\/","name":"Baterie de buc\u0103t\u0103rie cu \u0163eav\u0103 curbat\u0103 \u0219i m\u00e2ner lateral - Valvex","isPartOf":{"@id":"http:\/\/test.valvex.com\/ro\/#website"},"primaryImageOfPage":{"@id":"http:\/\/test.valvex.com\/ro\/produs\/delta-baterie-de-buc%c4%83t%c4%83rie-cu-%c5%a3eav%c4%83-curbat%c4%83-%c8%99i-m%c3%a2ner-lateral-48934\/#primaryimage"},"image":{"@id":"http:\/\/test.valvex.com\/ro\/produs\/delta-baterie-de-buc%c4%83t%c4%83rie-cu-%c5%a3eav%c4%83-curbat%c4%83-%c8%99i-m%c3%a2ner-lateral-48934\/#primaryimage"},"thumbnailUrl":"http:\/\/test.valvex.com\/wp-content\/uploads\/2022\/03\/2450070.jpg","datePublished":"2021-02-17T16:16:25+00:00","dateModified":"2024-05-16T13:15:54+00:00","breadcrumb":{"@id":"http:\/\/test.valvex.com\/ro\/produs\/delta-baterie-de-buc%c4%83t%c4%83rie-cu-%c5%a3eav%c4%83-curbat%c4%83-%c8%99i-m%c3%a2ner-lateral-48934\/#breadcrumb"},"inLanguage":"ro-RO","potentialAction":[{"@type":"ReadAction","target":["http:\/\/test.valvex.com\/ro\/produs\/delta-baterie-de-buc%c4%83t%c4%83rie-cu-%c5%a3eav%c4%83-curbat%c4%83-%c8%99i-m%c3%a2ner-lateral-48934\/"]}]},{"@type":"ImageObject","inLanguage":"ro-RO","@id":"http:\/\/test.valvex.com\/ro\/produs\/delta-baterie-de-buc%c4%83t%c4%83rie-cu-%c5%a3eav%c4%83-curbat%c4%83-%c8%99i-m%c3%a2ner-lateral-48934\/#primaryimage","url":"http:\/\/test.valvex.com\/wp-content\/uploads\/2022\/03\/2450070.jpg","contentUrl":"http:\/\/test.valvex.com\/wp-content\/uploads\/2022\/03\/2450070.jpg","width":650,"height":415},{"@type":"BreadcrumbList","@id":"http:\/\/test.valvex.com\/ro\/produs\/delta-baterie-de-buc%c4%83t%c4%83rie-cu-%c5%a3eav%c4%83-curbat%c4%83-%c8%99i-m%c3%a2ner-lateral-48934\/#breadcrumb","itemListElement":[{"@type":"ListItem","position":1,"name":"Strona g\u0142\u00f3wna","item":"http:\/\/test.valvex.com\/ro\/"},{"@type":"ListItem","position":2,"name":"Buc\u0103t\u0103rie","item":"http:\/\/test.valvex.com\/ro\/oferta\/bucatarie\/"},{"@type":"ListItem","position":3,"name":"Baterii de bucatarie","item":"http:\/\/test.valvex.com\/ro\/oferta\/bucatarie\/baterii-de-bucatarie\/"},{"@type":"ListItem","position":4,"name":"Mixere de buc\u0103t\u0103rie","item":"http:\/\/test.valvex.com\/ro\/oferta\/bucatarie\/baterii-de-bucatarie\/mixere-de-bucatarie\/"},{"@type":"ListItem","position":5,"name":"Baterie de buc\u0103t\u0103rie cu \u0163eav\u0103 curbat\u0103 \u0219i m\u00e2ner lateral"}]},{"@type":"WebSite","@id":"http:\/\/test.valvex.com\/ro\/#website","url":"http:\/\/test.valvex.com\/ro\/","name":"Valvex","description":"Produc\u0103tor de instala\u021bii sanitare \u0219i sanitare","potentialAction":[{"@type":"SearchAction","target":{"@type":"EntryPoint","urlTemplate":"http:\/\/test.valvex.com\/ro\/?s={search_term_string}"},"query-input":"required name=search_term_string"}],"inLanguage":"ro-RO"}]}},"_links":{"self":[{"href":"http:\/\/test.valvex.com\/ro\/wp-json\/wp\/v2\/product\/48934","targetHints":{"allow":["GET"]}}],"collection":[{"href":"http:\/\/test.valvex.com\/ro\/wp-json\/wp\/v2\/product"}],"about":[{"href":"http:\/\/test.valvex.com\/ro\/wp-json\/wp\/v2\/types\/product"}],"wp:featuredmedia":[{"embeddable":true,"href":"http:\/\/test.valvex.com\/ro\/wp-json\/wp\/v2\/media\/74361"}],"wp:attachment":[{"href":"http:\/\/test.valvex.com\/ro\/wp-json\/wp\/v2\/media?parent=48934"}],"wp:term":[{"taxonomy":"ikony_produktow","embeddable":true,"href":"http:\/\/test.valvex.com\/ro\/wp-json\/wp\/v2\/ikony_produktow?post=48934"},{"taxonomy":"product_category","embeddable":true,"href":"http:\/\/test.valvex.com\/ro\/wp-json\/wp\/v2\/product_category?post=48934"},{"taxonomy":"product_series","embeddable":true,"href":"http:\/\/test.valvex.com\/ro\/wp-json\/wp\/v2\/product_series?post=48934"},{"taxonomy":"color","embeddable":true,"href":"http:\/\/test.valvex.com\/ro\/wp-json\/wp\/v2\/color?post=48934"}],"curies":[{"name":"wp","href":"https:\/\/api.w.org\/{rel}","templated":true}]}}