{"id":48864,"date":"2021-02-17T17:13:51","date_gmt":"2021-02-17T16:13:51","guid":{"rendered":"http:\/\/test.valvex.com\/product\/tube-eco-baterie-de-bucatarie-cu-teava-curbata-si-maner-lateral\/"},"modified":"2024-05-16T15:18:17","modified_gmt":"2024-05-16T13:18:17","slug":"tube-baterie-de-buc%c4%83t%c4%83rie-cu-%c5%a3eav%c4%83-curbat%c4%83-%c8%99i-m%c3%a2ner-lateral-48864","status":"publish","type":"product","link":"http:\/\/test.valvex.com\/ro\/produs\/tube-baterie-de-buc%c4%83t%c4%83rie-cu-%c5%a3eav%c4%83-curbat%c4%83-%c8%99i-m%c3%a2ner-lateral-48864\/","title":{"rendered":"Baterie de buc\u0103t\u0103rie cu \u0163eav\u0103 curbat\u0103 \u0219i m\u00e2ner lateral"},"content":{"rendered":"<h3>TUBE a fost creata special pentru tine&#8230;<\/h3>\n<p style=\"text-align: justify\">Pipa subtire si rotunjita, plasata pe o baza cilindrica, este ideea perfecta pentru o bucatarie contemporana. Ii da fiecarei bucatarii contemporane un pic de atmosfera industriala. Aceasta este combinatia dintre modernism si functionalitate &#8211; zona de comfort, realizata de teava inalta, rotativa asigura miscarea nerestrictionata si faciliteaza munca de zi cu zi in bucatarie.<\/p>\n<p style=\"text-align: justify\">\n<table style=\"border-color: #ffffff;background-color: #ffffff\">\n<tbody>\n<tr style=\"width: 70px\">\n<td style=\"border-color: #ffffff\"><img decoding=\"async\" src=\"http:\/\/test.valvex.com\/content\/themes\/valvex\/assets\/img\/product-icons\/o2.png\" class=\" aligncenter\" \/><\/td>\n<td style=\"border-color: #ffffff\"><strong>Aerating stream regulator<\/strong><\/td>\n<\/tr>\n<tr>\n<td style=\"width: 70px;border-color: #ffffff\"><img decoding=\"async\" src=\"http:\/\/test.valvex.com\/content\/themes\/valvex\/assets\/img\/product-icons\/hcceramic.png\" class=\" aligncenter\" \/><\/td>\n<td style=\"border-color: #ffffff\"><strong>Mixer \/ ceramic head<\/strong><\/td>\n<\/tr>\n<tr style=\"width: 70px\">\n<td style=\"border-color: #ffffff\"><img decoding=\"async\" src=\"http:\/\/test.valvex.com\/content\/themes\/valvex\/assets\/img\/product-icons\/obrot.png\" class=\" aligncenter\" \/><\/td>\n<td style=\"border-color: #ffffff\"><strong>Rotational spout<\/strong><\/td>\n<\/tr>\n<tr style=\"width: 70px\">\n<td style=\"border-color: #ffffff\"><img decoding=\"async\" src=\"http:\/\/test.valvex.com\/content\/themes\/valvex\/assets\/img\/product-icons\/comfortzone.png\" class=\" aligncenter\" \/><\/td>\n<td style=\"border-color: #ffffff\"><strong>Comfortable use<\/strong><\/td>\n<\/tr>\n<tr style=\"width: 70px\">\n<td style=\"border-color: #ffffff\"><img decoding=\"async\" src=\"http:\/\/test.valvex.com\/content\/themes\/valvex\/assets\/img\/product-icons\/easyclean.png\" class=\" aligncenter\" \/><\/td>\n<td style=\"border-color: #ffffff\"><strong>Stream regulator<\/strong><br \/>\n<strong>with the anti-limescale system<\/strong><\/td>\n<\/tr>\n<\/tbody>\n<\/table>\n","protected":false},"featured_media":75709,"template":"","ikony_produktow":[2141,1649,1658,2143,1667,1675,2164,1669,1691,2142,2144,2150,2153,1690],"product_category":[1957,1774,1809,2020,472],"product_series":[520],"color":[1760],"class_list":["post-48864","product","type-product","status-publish","has-post-thumbnail","hentry","ikony_produktow-25anigarantie","ikony_produktow-25latgwarancji","ikony_produktow-48hserwiswpolsce","ikony_produktow-cartusceramicro","ikony_produktow-comfortzone","ikony_produktow-ceramic_head","ikony_produktow-obrot-ro","ikony_produktow-easyclean","ikony_produktow-obrot","ikony_produktow-serviciude-48deoreinpolonia","ikony_produktow-o2-ro","ikony_produktow-comfortzone-ro","ikony_produktow-easyclean-ro","ikony_produktow-o2","product_category-baterie-kuchenne-3","product_category-bucatarie","product_category-baterii-de-bucatarie","product_category-mixere-de-bucatarie","product_category-baterii-pentru-bucatarie-bathroom-and-kitchen-area-strefa-lazienki-i-kuchni","product_series-tube-ro","color-chrome"],"acf":[],"yoast_head":"<!-- This site is optimized with the Yoast SEO plugin v22.2 - https:\/\/yoast.com\/wordpress\/plugins\/seo\/ -->\n<title>Baterie de buc\u0103t\u0103rie cu \u0163eav\u0103 curbat\u0103 \u0219i m\u00e2ner lateral - Valvex<\/title>\n<meta name=\"robots\" content=\"index, follow, max-snippet:-1, max-image-preview:large, max-video-preview:-1\" \/>\n<link rel=\"canonical\" href=\"http:\/\/test.valvex.com\/ro\/produs\/tube-baterie-de-buc%c4%83t%c4%83rie-cu-%c5%a3eav%c4%83-curbat%c4%83-%c8%99i-m%c3%a2ner-lateral-48864\/\" \/>\n<meta property=\"og:locale\" content=\"ro_RO\" \/>\n<meta property=\"og:type\" content=\"article\" \/>\n<meta property=\"og:title\" content=\"Baterie de buc\u0103t\u0103rie cu \u0163eav\u0103 curbat\u0103 \u0219i m\u00e2ner lateral - Valvex\" \/>\n<meta property=\"og:description\" content=\"TUBE a fost creata special pentru tine&#8230; Pipa subtire si rotunjita, plasata pe o baza cilindrica, este ideea perfecta pentru o bucatarie contemporana. Ii da fiecarei bucatarii contemporane un pic de atmosfera industriala. Aceasta este combinatia dintre modernism si functionalitate &#8211; zona de comfort, realizata de teava inalta, rotativa asigura miscarea nerestrictionata si faciliteaza munca [&hellip;]\" \/>\n<meta property=\"og:url\" content=\"http:\/\/test.valvex.com\/ro\/produs\/tube-baterie-de-buc%c4%83t%c4%83rie-cu-%c5%a3eav%c4%83-curbat%c4%83-%c8%99i-m%c3%a2ner-lateral-48864\/\" \/>\n<meta property=\"og:site_name\" content=\"Valvex\" \/>\n<meta property=\"article:modified_time\" content=\"2024-05-16T13:18:17+00:00\" \/>\n<meta property=\"og:image\" content=\"http:\/\/test.valvex.com\/wp-content\/uploads\/2021\/02\/VALVEX_2454860_TUBE_kuchenna.png\" \/>\n\t<meta property=\"og:image:width\" content=\"800\" \/>\n\t<meta property=\"og:image:height\" content=\"800\" \/>\n\t<meta property=\"og:image:type\" content=\"image\/png\" \/>\n<meta name=\"twitter:card\" content=\"summary_large_image\" \/>\n<meta name=\"twitter:label1\" content=\"Timp estimat pentru citire\" \/>\n\t<meta name=\"twitter:data1\" content=\"2 minute\" \/>\n<script type=\"application\/ld+json\" class=\"yoast-schema-graph\">{\"@context\":\"https:\/\/schema.org\",\"@graph\":[{\"@type\":\"WebPage\",\"@id\":\"http:\/\/test.valvex.com\/ro\/produs\/tube-baterie-de-buc%c4%83t%c4%83rie-cu-%c5%a3eav%c4%83-curbat%c4%83-%c8%99i-m%c3%a2ner-lateral-48864\/\",\"url\":\"http:\/\/test.valvex.com\/ro\/produs\/tube-baterie-de-buc%c4%83t%c4%83rie-cu-%c5%a3eav%c4%83-curbat%c4%83-%c8%99i-m%c3%a2ner-lateral-48864\/\",\"name\":\"Baterie de buc\u0103t\u0103rie cu \u0163eav\u0103 curbat\u0103 \u0219i m\u00e2ner lateral - Valvex\",\"isPartOf\":{\"@id\":\"http:\/\/test.valvex.com\/ro\/#website\"},\"primaryImageOfPage\":{\"@id\":\"http:\/\/test.valvex.com\/ro\/produs\/tube-baterie-de-buc%c4%83t%c4%83rie-cu-%c5%a3eav%c4%83-curbat%c4%83-%c8%99i-m%c3%a2ner-lateral-48864\/#primaryimage\"},\"image\":{\"@id\":\"http:\/\/test.valvex.com\/ro\/produs\/tube-baterie-de-buc%c4%83t%c4%83rie-cu-%c5%a3eav%c4%83-curbat%c4%83-%c8%99i-m%c3%a2ner-lateral-48864\/#primaryimage\"},\"thumbnailUrl\":\"http:\/\/test.valvex.com\/wp-content\/uploads\/2021\/02\/2454860.png\",\"datePublished\":\"2021-02-17T16:13:51+00:00\",\"dateModified\":\"2024-05-16T13:18:17+00:00\",\"breadcrumb\":{\"@id\":\"http:\/\/test.valvex.com\/ro\/produs\/tube-baterie-de-buc%c4%83t%c4%83rie-cu-%c5%a3eav%c4%83-curbat%c4%83-%c8%99i-m%c3%a2ner-lateral-48864\/#breadcrumb\"},\"inLanguage\":\"ro-RO\",\"potentialAction\":[{\"@type\":\"ReadAction\",\"target\":[\"http:\/\/test.valvex.com\/ro\/produs\/tube-baterie-de-buc%c4%83t%c4%83rie-cu-%c5%a3eav%c4%83-curbat%c4%83-%c8%99i-m%c3%a2ner-lateral-48864\/\"]}]},{\"@type\":\"ImageObject\",\"inLanguage\":\"ro-RO\",\"@id\":\"http:\/\/test.valvex.com\/ro\/produs\/tube-baterie-de-buc%c4%83t%c4%83rie-cu-%c5%a3eav%c4%83-curbat%c4%83-%c8%99i-m%c3%a2ner-lateral-48864\/#primaryimage\",\"url\":\"http:\/\/test.valvex.com\/wp-content\/uploads\/2021\/02\/2454860.png\",\"contentUrl\":\"http:\/\/test.valvex.com\/wp-content\/uploads\/2021\/02\/2454860.png\",\"width\":800,\"height\":800},{\"@type\":\"BreadcrumbList\",\"@id\":\"http:\/\/test.valvex.com\/ro\/produs\/tube-baterie-de-buc%c4%83t%c4%83rie-cu-%c5%a3eav%c4%83-curbat%c4%83-%c8%99i-m%c3%a2ner-lateral-48864\/#breadcrumb\",\"itemListElement\":[{\"@type\":\"ListItem\",\"position\":1,\"name\":\"Strona g\u0142\u00f3wna\",\"item\":\"http:\/\/test.valvex.com\/ro\/\"},{\"@type\":\"ListItem\",\"position\":2,\"name\":\"Buc\u0103t\u0103rie\",\"item\":\"http:\/\/test.valvex.com\/ro\/oferta\/bucatarie\/\"},{\"@type\":\"ListItem\",\"position\":3,\"name\":\"Baterie de buc\u0103t\u0103rie cu \u0163eav\u0103 curbat\u0103 \u0219i m\u00e2ner lateral\"}]},{\"@type\":\"WebSite\",\"@id\":\"http:\/\/test.valvex.com\/ro\/#website\",\"url\":\"http:\/\/test.valvex.com\/ro\/\",\"name\":\"Valvex\",\"description\":\"Produc\u0103tor de instala\u021bii sanitare \u0219i sanitare\",\"potentialAction\":[{\"@type\":\"SearchAction\",\"target\":{\"@type\":\"EntryPoint\",\"urlTemplate\":\"http:\/\/test.valvex.com\/ro\/?s={search_term_string}\"},\"query-input\":\"required name=search_term_string\"}],\"inLanguage\":\"ro-RO\"}]}<\/script>\n<!-- \/ Yoast SEO plugin. -->","yoast_head_json":{"title":"Baterie de buc\u0103t\u0103rie cu \u0163eav\u0103 curbat\u0103 \u0219i m\u00e2ner lateral - Valvex","robots":{"index":"index","follow":"follow","max-snippet":"max-snippet:-1","max-image-preview":"max-image-preview:large","max-video-preview":"max-video-preview:-1"},"canonical":"http:\/\/test.valvex.com\/ro\/produs\/tube-baterie-de-buc%c4%83t%c4%83rie-cu-%c5%a3eav%c4%83-curbat%c4%83-%c8%99i-m%c3%a2ner-lateral-48864\/","og_locale":"ro_RO","og_type":"article","og_title":"Baterie de buc\u0103t\u0103rie cu \u0163eav\u0103 curbat\u0103 \u0219i m\u00e2ner lateral - Valvex","og_description":"TUBE a fost creata special pentru tine&#8230; Pipa subtire si rotunjita, plasata pe o baza cilindrica, este ideea perfecta pentru o bucatarie contemporana. Ii da fiecarei bucatarii contemporane un pic de atmosfera industriala. Aceasta este combinatia dintre modernism si functionalitate &#8211; zona de comfort, realizata de teava inalta, rotativa asigura miscarea nerestrictionata si faciliteaza munca [&hellip;]","og_url":"http:\/\/test.valvex.com\/ro\/produs\/tube-baterie-de-buc%c4%83t%c4%83rie-cu-%c5%a3eav%c4%83-curbat%c4%83-%c8%99i-m%c3%a2ner-lateral-48864\/","og_site_name":"Valvex","article_modified_time":"2024-05-16T13:18:17+00:00","og_image":[{"width":800,"height":800,"url":"http:\/\/test.valvex.com\/wp-content\/uploads\/2021\/02\/VALVEX_2454860_TUBE_kuchenna.png","type":"image\/png"}],"twitter_card":"summary_large_image","twitter_misc":{"Timp estimat pentru citire":"2 minute"},"schema":{"@context":"https:\/\/schema.org","@graph":[{"@type":"WebPage","@id":"http:\/\/test.valvex.com\/ro\/produs\/tube-baterie-de-buc%c4%83t%c4%83rie-cu-%c5%a3eav%c4%83-curbat%c4%83-%c8%99i-m%c3%a2ner-lateral-48864\/","url":"http:\/\/test.valvex.com\/ro\/produs\/tube-baterie-de-buc%c4%83t%c4%83rie-cu-%c5%a3eav%c4%83-curbat%c4%83-%c8%99i-m%c3%a2ner-lateral-48864\/","name":"Baterie de buc\u0103t\u0103rie cu \u0163eav\u0103 curbat\u0103 \u0219i m\u00e2ner lateral - Valvex","isPartOf":{"@id":"http:\/\/test.valvex.com\/ro\/#website"},"primaryImageOfPage":{"@id":"http:\/\/test.valvex.com\/ro\/produs\/tube-baterie-de-buc%c4%83t%c4%83rie-cu-%c5%a3eav%c4%83-curbat%c4%83-%c8%99i-m%c3%a2ner-lateral-48864\/#primaryimage"},"image":{"@id":"http:\/\/test.valvex.com\/ro\/produs\/tube-baterie-de-buc%c4%83t%c4%83rie-cu-%c5%a3eav%c4%83-curbat%c4%83-%c8%99i-m%c3%a2ner-lateral-48864\/#primaryimage"},"thumbnailUrl":"http:\/\/test.valvex.com\/wp-content\/uploads\/2021\/02\/2454860.png","datePublished":"2021-02-17T16:13:51+00:00","dateModified":"2024-05-16T13:18:17+00:00","breadcrumb":{"@id":"http:\/\/test.valvex.com\/ro\/produs\/tube-baterie-de-buc%c4%83t%c4%83rie-cu-%c5%a3eav%c4%83-curbat%c4%83-%c8%99i-m%c3%a2ner-lateral-48864\/#breadcrumb"},"inLanguage":"ro-RO","potentialAction":[{"@type":"ReadAction","target":["http:\/\/test.valvex.com\/ro\/produs\/tube-baterie-de-buc%c4%83t%c4%83rie-cu-%c5%a3eav%c4%83-curbat%c4%83-%c8%99i-m%c3%a2ner-lateral-48864\/"]}]},{"@type":"ImageObject","inLanguage":"ro-RO","@id":"http:\/\/test.valvex.com\/ro\/produs\/tube-baterie-de-buc%c4%83t%c4%83rie-cu-%c5%a3eav%c4%83-curbat%c4%83-%c8%99i-m%c3%a2ner-lateral-48864\/#primaryimage","url":"http:\/\/test.valvex.com\/wp-content\/uploads\/2021\/02\/2454860.png","contentUrl":"http:\/\/test.valvex.com\/wp-content\/uploads\/2021\/02\/2454860.png","width":800,"height":800},{"@type":"BreadcrumbList","@id":"http:\/\/test.valvex.com\/ro\/produs\/tube-baterie-de-buc%c4%83t%c4%83rie-cu-%c5%a3eav%c4%83-curbat%c4%83-%c8%99i-m%c3%a2ner-lateral-48864\/#breadcrumb","itemListElement":[{"@type":"ListItem","position":1,"name":"Strona g\u0142\u00f3wna","item":"http:\/\/test.valvex.com\/ro\/"},{"@type":"ListItem","position":2,"name":"Buc\u0103t\u0103rie","item":"http:\/\/test.valvex.com\/ro\/oferta\/bucatarie\/"},{"@type":"ListItem","position":3,"name":"Baterie de buc\u0103t\u0103rie cu \u0163eav\u0103 curbat\u0103 \u0219i m\u00e2ner lateral"}]},{"@type":"WebSite","@id":"http:\/\/test.valvex.com\/ro\/#website","url":"http:\/\/test.valvex.com\/ro\/","name":"Valvex","description":"Produc\u0103tor de instala\u021bii sanitare \u0219i sanitare","potentialAction":[{"@type":"SearchAction","target":{"@type":"EntryPoint","urlTemplate":"http:\/\/test.valvex.com\/ro\/?s={search_term_string}"},"query-input":"required name=search_term_string"}],"inLanguage":"ro-RO"}]}},"_links":{"self":[{"href":"http:\/\/test.valvex.com\/ro\/wp-json\/wp\/v2\/product\/48864","targetHints":{"allow":["GET"]}}],"collection":[{"href":"http:\/\/test.valvex.com\/ro\/wp-json\/wp\/v2\/product"}],"about":[{"href":"http:\/\/test.valvex.com\/ro\/wp-json\/wp\/v2\/types\/product"}],"wp:featuredmedia":[{"embeddable":true,"href":"http:\/\/test.valvex.com\/ro\/wp-json\/wp\/v2\/media\/75709"}],"wp:attachment":[{"href":"http:\/\/test.valvex.com\/ro\/wp-json\/wp\/v2\/media?parent=48864"}],"wp:term":[{"taxonomy":"ikony_produktow","embeddable":true,"href":"http:\/\/test.valvex.com\/ro\/wp-json\/wp\/v2\/ikony_produktow?post=48864"},{"taxonomy":"product_category","embeddable":true,"href":"http:\/\/test.valvex.com\/ro\/wp-json\/wp\/v2\/product_category?post=48864"},{"taxonomy":"product_series","embeddable":true,"href":"http:\/\/test.valvex.com\/ro\/wp-json\/wp\/v2\/product_series?post=48864"},{"taxonomy":"color","embeddable":true,"href":"http:\/\/test.valvex.com\/ro\/wp-json\/wp\/v2\/color?post=48864"}],"curies":[{"name":"wp","href":"https:\/\/api.w.org\/{rel}","templated":true}]}}