{"id":69582,"date":"2022-04-05T02:24:21","date_gmt":"2022-04-05T00:24:21","guid":{"rendered":"http:\/\/test.valvex.com\/zona-profesionala\/pentru-investitor\/produkty\/"},"modified":"2024-02-14T00:30:54","modified_gmt":"2024-02-13T23:30:54","slug":"produse","status":"publish","type":"page","link":"http:\/\/test.valvex.com\/ro\/zona-profesionala\/pentru-investitor\/produse\/","title":{"rendered":"Produse"},"content":{"rendered":"\n<h3 class=\"wp-block-heading\">G\u0103se\u0219te produse<\/h3>\n\n\n\n<p>Cau\u021bi un produs specific sau o \u00eentreag\u0103 serie? Vrei s\u0103 \u0219tii pre\u021burile, variantele de culoare \u0219i caracteristicile acestora? Sau poate pl\u0103nuie\u0219ti s\u0103 r\u0103sfoie\u0219ti accesoriile \u0219i bateriile disponibile, pentru a crea apoi un set care s\u0103 se potriveasc\u0103 cu ideea ta? Nu a\u0219tepta \u0219i cunoa\u0219te mai bine produsele Valvex prin motorul de c\u0103utare de mai jos.<\/p>\n","protected":false},"excerpt":{"rendered":"<p>G\u0103se\u0219te produse Cau\u021bi un produs specific sau o \u00eentreag\u0103 serie? Vrei s\u0103 \u0219tii pre\u021burile, variantele de culoare \u0219i caracteristicile acestora? Sau poate pl\u0103nuie\u0219ti s\u0103 r\u0103sfoie\u0219ti accesoriile \u0219i bateriile disponibile, pentru a crea apoi un set care s\u0103 se potriveasc\u0103 cu ideea ta? Nu a\u0219tepta \u0219i cunoa\u0219te mai bine produsele Valvex prin motorul de c\u0103utare de [&hellip;]<\/p>\n","protected":false},"author":12,"featured_media":68206,"parent":69554,"menu_order":277,"comment_status":"closed","ping_status":"closed","template":"page-search.php","meta":{"_acf_changed":false,"footnotes":""},"class_list":["post-69582","page","type-page","status-publish","has-post-thumbnail","hentry"],"acf":[],"yoast_head":"<!-- This site is optimized with the Yoast SEO plugin v22.2 - https:\/\/yoast.com\/wordpress\/plugins\/seo\/ -->\n<title>Produse - Valvex<\/title>\n<meta name=\"robots\" content=\"index, follow, max-snippet:-1, max-image-preview:large, max-video-preview:-1\" \/>\n<link rel=\"canonical\" href=\"http:\/\/test.valvex.com\/ro\/zona-profesionala\/pentru-investitor\/produse\/\" \/>\n<meta property=\"og:locale\" content=\"ro_RO\" \/>\n<meta property=\"og:type\" content=\"article\" \/>\n<meta property=\"og:title\" content=\"Produse - Valvex\" \/>\n<meta property=\"og:description\" content=\"G\u0103se\u0219te produse Cau\u021bi un produs specific sau o \u00eentreag\u0103 serie? Vrei s\u0103 \u0219tii pre\u021burile, variantele de culoare \u0219i caracteristicile acestora? Sau poate pl\u0103nuie\u0219ti s\u0103 r\u0103sfoie\u0219ti accesoriile \u0219i bateriile disponibile, pentru a crea apoi un set care s\u0103 se potriveasc\u0103 cu ideea ta? Nu a\u0219tepta \u0219i cunoa\u0219te mai bine produsele Valvex prin motorul de c\u0103utare de [&hellip;]\" \/>\n<meta property=\"og:url\" content=\"http:\/\/test.valvex.com\/ro\/zona-profesionala\/pentru-investitor\/produse\/\" \/>\n<meta property=\"og:site_name\" content=\"Valvex\" \/>\n<meta property=\"article:modified_time\" content=\"2024-02-13T23:30:54+00:00\" \/>\n<meta property=\"og:image\" content=\"http:\/\/test.valvex.com\/wp-content\/uploads\/2022\/06\/Valvex-dla-inwestora.jpg\" \/>\n\t<meta property=\"og:image:width\" content=\"2400\" \/>\n\t<meta property=\"og:image:height\" content=\"843\" \/>\n\t<meta property=\"og:image:type\" content=\"image\/jpeg\" \/>\n<meta name=\"twitter:card\" content=\"summary_large_image\" \/>\n<meta name=\"twitter:label1\" content=\"Timp estimat pentru citire\" \/>\n\t<meta name=\"twitter:data1\" content=\"1 minut\" \/>\n<script type=\"application\/ld+json\" class=\"yoast-schema-graph\">{\"@context\":\"https:\/\/schema.org\",\"@graph\":[{\"@type\":\"WebPage\",\"@id\":\"http:\/\/test.valvex.com\/ro\/zona-profesionala\/pentru-investitor\/produse\/\",\"url\":\"http:\/\/test.valvex.com\/ro\/zona-profesionala\/pentru-investitor\/produse\/\",\"name\":\"Produse - Valvex\",\"isPartOf\":{\"@id\":\"http:\/\/test.valvex.com\/ro\/#website\"},\"primaryImageOfPage\":{\"@id\":\"http:\/\/test.valvex.com\/ro\/zona-profesionala\/pentru-investitor\/produse\/#primaryimage\"},\"image\":{\"@id\":\"http:\/\/test.valvex.com\/ro\/zona-profesionala\/pentru-investitor\/produse\/#primaryimage\"},\"thumbnailUrl\":\"http:\/\/test.valvex.com\/wp-content\/uploads\/2022\/06\/Valvex-dla-inwestora.jpg\",\"datePublished\":\"2022-04-05T00:24:21+00:00\",\"dateModified\":\"2024-02-13T23:30:54+00:00\",\"breadcrumb\":{\"@id\":\"http:\/\/test.valvex.com\/ro\/zona-profesionala\/pentru-investitor\/produse\/#breadcrumb\"},\"inLanguage\":\"ro-RO\",\"potentialAction\":[{\"@type\":\"ReadAction\",\"target\":[\"http:\/\/test.valvex.com\/ro\/zona-profesionala\/pentru-investitor\/produse\/\"]}]},{\"@type\":\"ImageObject\",\"inLanguage\":\"ro-RO\",\"@id\":\"http:\/\/test.valvex.com\/ro\/zona-profesionala\/pentru-investitor\/produse\/#primaryimage\",\"url\":\"http:\/\/test.valvex.com\/wp-content\/uploads\/2022\/06\/Valvex-dla-inwestora.jpg\",\"contentUrl\":\"http:\/\/test.valvex.com\/wp-content\/uploads\/2022\/06\/Valvex-dla-inwestora.jpg\",\"width\":2400,\"height\":843},{\"@type\":\"BreadcrumbList\",\"@id\":\"http:\/\/test.valvex.com\/ro\/zona-profesionala\/pentru-investitor\/produse\/#breadcrumb\",\"itemListElement\":[{\"@type\":\"ListItem\",\"position\":1,\"name\":\"Strona g\u0142\u00f3wna\",\"item\":\"http:\/\/test.valvex.com\/ro\/\"},{\"@type\":\"ListItem\",\"position\":2,\"name\":\"Zona Profesional\u0103\",\"item\":\"http:\/\/test.valvex.com\/ro\/zona-profesionala\/\"},{\"@type\":\"ListItem\",\"position\":3,\"name\":\"Pentru Investitor\",\"item\":\"http:\/\/test.valvex.com\/ro\/zona-profesionala\/pentru-investitor\/\"},{\"@type\":\"ListItem\",\"position\":4,\"name\":\"Produse\"}]},{\"@type\":\"WebSite\",\"@id\":\"http:\/\/test.valvex.com\/ro\/#website\",\"url\":\"http:\/\/test.valvex.com\/ro\/\",\"name\":\"Valvex\",\"description\":\"Produc\u0103tor de instala\u021bii sanitare \u0219i sanitare\",\"potentialAction\":[{\"@type\":\"SearchAction\",\"target\":{\"@type\":\"EntryPoint\",\"urlTemplate\":\"http:\/\/test.valvex.com\/ro\/?s={search_term_string}\"},\"query-input\":\"required name=search_term_string\"}],\"inLanguage\":\"ro-RO\"}]}<\/script>\n<!-- \/ Yoast SEO plugin. -->","yoast_head_json":{"title":"Produse - Valvex","robots":{"index":"index","follow":"follow","max-snippet":"max-snippet:-1","max-image-preview":"max-image-preview:large","max-video-preview":"max-video-preview:-1"},"canonical":"http:\/\/test.valvex.com\/ro\/zona-profesionala\/pentru-investitor\/produse\/","og_locale":"ro_RO","og_type":"article","og_title":"Produse - Valvex","og_description":"G\u0103se\u0219te produse Cau\u021bi un produs specific sau o \u00eentreag\u0103 serie? Vrei s\u0103 \u0219tii pre\u021burile, variantele de culoare \u0219i caracteristicile acestora? Sau poate pl\u0103nuie\u0219ti s\u0103 r\u0103sfoie\u0219ti accesoriile \u0219i bateriile disponibile, pentru a crea apoi un set care s\u0103 se potriveasc\u0103 cu ideea ta? Nu a\u0219tepta \u0219i cunoa\u0219te mai bine produsele Valvex prin motorul de c\u0103utare de [&hellip;]","og_url":"http:\/\/test.valvex.com\/ro\/zona-profesionala\/pentru-investitor\/produse\/","og_site_name":"Valvex","article_modified_time":"2024-02-13T23:30:54+00:00","og_image":[{"width":2400,"height":843,"url":"http:\/\/test.valvex.com\/wp-content\/uploads\/2022\/06\/Valvex-dla-inwestora.jpg","type":"image\/jpeg"}],"twitter_card":"summary_large_image","twitter_misc":{"Timp estimat pentru citire":"1 minut"},"schema":{"@context":"https:\/\/schema.org","@graph":[{"@type":"WebPage","@id":"http:\/\/test.valvex.com\/ro\/zona-profesionala\/pentru-investitor\/produse\/","url":"http:\/\/test.valvex.com\/ro\/zona-profesionala\/pentru-investitor\/produse\/","name":"Produse - Valvex","isPartOf":{"@id":"http:\/\/test.valvex.com\/ro\/#website"},"primaryImageOfPage":{"@id":"http:\/\/test.valvex.com\/ro\/zona-profesionala\/pentru-investitor\/produse\/#primaryimage"},"image":{"@id":"http:\/\/test.valvex.com\/ro\/zona-profesionala\/pentru-investitor\/produse\/#primaryimage"},"thumbnailUrl":"http:\/\/test.valvex.com\/wp-content\/uploads\/2022\/06\/Valvex-dla-inwestora.jpg","datePublished":"2022-04-05T00:24:21+00:00","dateModified":"2024-02-13T23:30:54+00:00","breadcrumb":{"@id":"http:\/\/test.valvex.com\/ro\/zona-profesionala\/pentru-investitor\/produse\/#breadcrumb"},"inLanguage":"ro-RO","potentialAction":[{"@type":"ReadAction","target":["http:\/\/test.valvex.com\/ro\/zona-profesionala\/pentru-investitor\/produse\/"]}]},{"@type":"ImageObject","inLanguage":"ro-RO","@id":"http:\/\/test.valvex.com\/ro\/zona-profesionala\/pentru-investitor\/produse\/#primaryimage","url":"http:\/\/test.valvex.com\/wp-content\/uploads\/2022\/06\/Valvex-dla-inwestora.jpg","contentUrl":"http:\/\/test.valvex.com\/wp-content\/uploads\/2022\/06\/Valvex-dla-inwestora.jpg","width":2400,"height":843},{"@type":"BreadcrumbList","@id":"http:\/\/test.valvex.com\/ro\/zona-profesionala\/pentru-investitor\/produse\/#breadcrumb","itemListElement":[{"@type":"ListItem","position":1,"name":"Strona g\u0142\u00f3wna","item":"http:\/\/test.valvex.com\/ro\/"},{"@type":"ListItem","position":2,"name":"Zona Profesional\u0103","item":"http:\/\/test.valvex.com\/ro\/zona-profesionala\/"},{"@type":"ListItem","position":3,"name":"Pentru Investitor","item":"http:\/\/test.valvex.com\/ro\/zona-profesionala\/pentru-investitor\/"},{"@type":"ListItem","position":4,"name":"Produse"}]},{"@type":"WebSite","@id":"http:\/\/test.valvex.com\/ro\/#website","url":"http:\/\/test.valvex.com\/ro\/","name":"Valvex","description":"Produc\u0103tor de instala\u021bii sanitare \u0219i sanitare","potentialAction":[{"@type":"SearchAction","target":{"@type":"EntryPoint","urlTemplate":"http:\/\/test.valvex.com\/ro\/?s={search_term_string}"},"query-input":"required name=search_term_string"}],"inLanguage":"ro-RO"}]}},"_links":{"self":[{"href":"http:\/\/test.valvex.com\/ro\/wp-json\/wp\/v2\/pages\/69582","targetHints":{"allow":["GET"]}}],"collection":[{"href":"http:\/\/test.valvex.com\/ro\/wp-json\/wp\/v2\/pages"}],"about":[{"href":"http:\/\/test.valvex.com\/ro\/wp-json\/wp\/v2\/types\/page"}],"author":[{"embeddable":true,"href":"http:\/\/test.valvex.com\/ro\/wp-json\/wp\/v2\/users\/12"}],"replies":[{"embeddable":true,"href":"http:\/\/test.valvex.com\/ro\/wp-json\/wp\/v2\/comments?post=69582"}],"version-history":[{"count":1,"href":"http:\/\/test.valvex.com\/ro\/wp-json\/wp\/v2\/pages\/69582\/revisions"}],"predecessor-version":[{"id":69586,"href":"http:\/\/test.valvex.com\/ro\/wp-json\/wp\/v2\/pages\/69582\/revisions\/69586"}],"up":[{"embeddable":true,"href":"http:\/\/test.valvex.com\/ro\/wp-json\/wp\/v2\/pages\/69554"}],"wp:featuredmedia":[{"embeddable":true,"href":"http:\/\/test.valvex.com\/ro\/wp-json\/wp\/v2\/media\/68206"}],"wp:attachment":[{"href":"http:\/\/test.valvex.com\/ro\/wp-json\/wp\/v2\/media?parent=69582"}],"curies":[{"name":"wp","href":"https:\/\/api.w.org\/{rel}","templated":true}]}}