{"id":69567,"date":"2022-08-01T14:14:43","date_gmt":"2022-08-01T12:14:43","guid":{"rendered":"http:\/\/test.valvex.com\/zona-profesionala\/pentru-investitor\/pliki-do-pobrania\/"},"modified":"2024-02-14T00:23:03","modified_gmt":"2024-02-13T23:23:03","slug":"descarcari","status":"publish","type":"page","link":"http:\/\/test.valvex.com\/ro\/zona-profesionala\/pentru-investitor\/descarcari\/","title":{"rendered":"Desc\u0103rc\u0103ri"},"content":{"rendered":"\n<h3 class=\"wp-block-heading\">Desc\u0103rc\u0103ri<\/h3>\n\n\n\n<div class=\"wp-block-columns is-layout-flex wp-container-core-columns-is-layout-9d6595d7 wp-block-columns-is-layout-flex\">\n<div class=\"wp-block-column is-layout-flow wp-block-column-is-layout-flow\" style=\"flex-basis:66.66%\">\n<p>\u00cen aceast\u0103 sec\u021biune, ve\u021bi g\u0103si cataloage, liste de pre\u021buri, manuale \u0219i toate datele tehnice referitoare la oferta noastr\u0103 \u0219i produsele individuale. Indiferent dac\u0103 ave\u021bi nevoie de ele pentru munc\u0103, un proiect sau utilizarea zilnic\u0103 a echipamentelor \u2013 aici ve\u021bi g\u0103si tot ce ave\u021bi nevoie.<\/p>\n<\/div>\n\n\n\n<div class=\"wp-block-column is-layout-flow wp-block-column-is-layout-flow\" style=\"flex-basis:33.33%\"><\/div>\n<\/div>\n","protected":false},"excerpt":{"rendered":"<p>Desc\u0103rc\u0103ri \u00cen aceast\u0103 sec\u021biune, ve\u021bi g\u0103si cataloage, liste de pre\u021buri, manuale \u0219i toate datele tehnice referitoare la oferta noastr\u0103 \u0219i produsele individuale. Indiferent dac\u0103 ave\u021bi nevoie de ele pentru munc\u0103, un proiect sau utilizarea zilnic\u0103 a echipamentelor \u2013 aici ve\u021bi g\u0103si tot ce ave\u021bi nevoie.<\/p>\n","protected":false},"author":12,"featured_media":68206,"parent":69554,"menu_order":282,"comment_status":"closed","ping_status":"closed","template":"page-pliki.php","meta":{"_acf_changed":false,"footnotes":""},"class_list":["post-69567","page","type-page","status-publish","has-post-thumbnail","hentry"],"acf":[],"yoast_head":"<!-- This site is optimized with the Yoast SEO plugin v22.2 - https:\/\/yoast.com\/wordpress\/plugins\/seo\/ -->\n<title>Desc\u0103rc\u0103ri - Valvex<\/title>\n<meta name=\"robots\" content=\"index, follow, max-snippet:-1, max-image-preview:large, max-video-preview:-1\" \/>\n<link rel=\"canonical\" href=\"http:\/\/test.valvex.com\/ro\/zona-profesionala\/pentru-investitor\/descarcari\/\" \/>\n<meta property=\"og:locale\" content=\"ro_RO\" \/>\n<meta property=\"og:type\" content=\"article\" \/>\n<meta property=\"og:title\" content=\"Desc\u0103rc\u0103ri - Valvex\" \/>\n<meta property=\"og:description\" content=\"Desc\u0103rc\u0103ri \u00cen aceast\u0103 sec\u021biune, ve\u021bi g\u0103si cataloage, liste de pre\u021buri, manuale \u0219i toate datele tehnice referitoare la oferta noastr\u0103 \u0219i produsele individuale. Indiferent dac\u0103 ave\u021bi nevoie de ele pentru munc\u0103, un proiect sau utilizarea zilnic\u0103 a echipamentelor \u2013 aici ve\u021bi g\u0103si tot ce ave\u021bi nevoie.\" \/>\n<meta property=\"og:url\" content=\"http:\/\/test.valvex.com\/ro\/zona-profesionala\/pentru-investitor\/descarcari\/\" \/>\n<meta property=\"og:site_name\" content=\"Valvex\" \/>\n<meta property=\"article:modified_time\" content=\"2024-02-13T23:23:03+00:00\" \/>\n<meta property=\"og:image\" content=\"http:\/\/test.valvex.com\/wp-content\/uploads\/2022\/06\/Valvex-dla-inwestora.jpg\" \/>\n\t<meta property=\"og:image:width\" content=\"2400\" \/>\n\t<meta property=\"og:image:height\" content=\"843\" \/>\n\t<meta property=\"og:image:type\" content=\"image\/jpeg\" \/>\n<meta name=\"twitter:card\" content=\"summary_large_image\" \/>\n<meta name=\"twitter:label1\" content=\"Timp estimat pentru citire\" \/>\n\t<meta name=\"twitter:data1\" content=\"1 minut\" \/>\n<script type=\"application\/ld+json\" class=\"yoast-schema-graph\">{\"@context\":\"https:\/\/schema.org\",\"@graph\":[{\"@type\":\"WebPage\",\"@id\":\"http:\/\/test.valvex.com\/ro\/zona-profesionala\/pentru-investitor\/descarcari\/\",\"url\":\"http:\/\/test.valvex.com\/ro\/zona-profesionala\/pentru-investitor\/descarcari\/\",\"name\":\"Desc\u0103rc\u0103ri - Valvex\",\"isPartOf\":{\"@id\":\"http:\/\/test.valvex.com\/ro\/#website\"},\"primaryImageOfPage\":{\"@id\":\"http:\/\/test.valvex.com\/ro\/zona-profesionala\/pentru-investitor\/descarcari\/#primaryimage\"},\"image\":{\"@id\":\"http:\/\/test.valvex.com\/ro\/zona-profesionala\/pentru-investitor\/descarcari\/#primaryimage\"},\"thumbnailUrl\":\"http:\/\/test.valvex.com\/wp-content\/uploads\/2022\/06\/Valvex-dla-inwestora.jpg\",\"datePublished\":\"2022-08-01T12:14:43+00:00\",\"dateModified\":\"2024-02-13T23:23:03+00:00\",\"breadcrumb\":{\"@id\":\"http:\/\/test.valvex.com\/ro\/zona-profesionala\/pentru-investitor\/descarcari\/#breadcrumb\"},\"inLanguage\":\"ro-RO\",\"potentialAction\":[{\"@type\":\"ReadAction\",\"target\":[\"http:\/\/test.valvex.com\/ro\/zona-profesionala\/pentru-investitor\/descarcari\/\"]}]},{\"@type\":\"ImageObject\",\"inLanguage\":\"ro-RO\",\"@id\":\"http:\/\/test.valvex.com\/ro\/zona-profesionala\/pentru-investitor\/descarcari\/#primaryimage\",\"url\":\"http:\/\/test.valvex.com\/wp-content\/uploads\/2022\/06\/Valvex-dla-inwestora.jpg\",\"contentUrl\":\"http:\/\/test.valvex.com\/wp-content\/uploads\/2022\/06\/Valvex-dla-inwestora.jpg\",\"width\":2400,\"height\":843},{\"@type\":\"BreadcrumbList\",\"@id\":\"http:\/\/test.valvex.com\/ro\/zona-profesionala\/pentru-investitor\/descarcari\/#breadcrumb\",\"itemListElement\":[{\"@type\":\"ListItem\",\"position\":1,\"name\":\"Strona g\u0142\u00f3wna\",\"item\":\"http:\/\/test.valvex.com\/ro\/\"},{\"@type\":\"ListItem\",\"position\":2,\"name\":\"Zona Profesional\u0103\",\"item\":\"http:\/\/test.valvex.com\/ro\/zona-profesionala\/\"},{\"@type\":\"ListItem\",\"position\":3,\"name\":\"Pentru Investitor\",\"item\":\"http:\/\/test.valvex.com\/ro\/zona-profesionala\/pentru-investitor\/\"},{\"@type\":\"ListItem\",\"position\":4,\"name\":\"Desc\u0103rc\u0103ri\"}]},{\"@type\":\"WebSite\",\"@id\":\"http:\/\/test.valvex.com\/ro\/#website\",\"url\":\"http:\/\/test.valvex.com\/ro\/\",\"name\":\"Valvex\",\"description\":\"Produc\u0103tor de instala\u021bii sanitare \u0219i sanitare\",\"potentialAction\":[{\"@type\":\"SearchAction\",\"target\":{\"@type\":\"EntryPoint\",\"urlTemplate\":\"http:\/\/test.valvex.com\/ro\/?s={search_term_string}\"},\"query-input\":\"required name=search_term_string\"}],\"inLanguage\":\"ro-RO\"}]}<\/script>\n<!-- \/ Yoast SEO plugin. -->","yoast_head_json":{"title":"Desc\u0103rc\u0103ri - Valvex","robots":{"index":"index","follow":"follow","max-snippet":"max-snippet:-1","max-image-preview":"max-image-preview:large","max-video-preview":"max-video-preview:-1"},"canonical":"http:\/\/test.valvex.com\/ro\/zona-profesionala\/pentru-investitor\/descarcari\/","og_locale":"ro_RO","og_type":"article","og_title":"Desc\u0103rc\u0103ri - Valvex","og_description":"Desc\u0103rc\u0103ri \u00cen aceast\u0103 sec\u021biune, ve\u021bi g\u0103si cataloage, liste de pre\u021buri, manuale \u0219i toate datele tehnice referitoare la oferta noastr\u0103 \u0219i produsele individuale. Indiferent dac\u0103 ave\u021bi nevoie de ele pentru munc\u0103, un proiect sau utilizarea zilnic\u0103 a echipamentelor \u2013 aici ve\u021bi g\u0103si tot ce ave\u021bi nevoie.","og_url":"http:\/\/test.valvex.com\/ro\/zona-profesionala\/pentru-investitor\/descarcari\/","og_site_name":"Valvex","article_modified_time":"2024-02-13T23:23:03+00:00","og_image":[{"width":2400,"height":843,"url":"http:\/\/test.valvex.com\/wp-content\/uploads\/2022\/06\/Valvex-dla-inwestora.jpg","type":"image\/jpeg"}],"twitter_card":"summary_large_image","twitter_misc":{"Timp estimat pentru citire":"1 minut"},"schema":{"@context":"https:\/\/schema.org","@graph":[{"@type":"WebPage","@id":"http:\/\/test.valvex.com\/ro\/zona-profesionala\/pentru-investitor\/descarcari\/","url":"http:\/\/test.valvex.com\/ro\/zona-profesionala\/pentru-investitor\/descarcari\/","name":"Desc\u0103rc\u0103ri - Valvex","isPartOf":{"@id":"http:\/\/test.valvex.com\/ro\/#website"},"primaryImageOfPage":{"@id":"http:\/\/test.valvex.com\/ro\/zona-profesionala\/pentru-investitor\/descarcari\/#primaryimage"},"image":{"@id":"http:\/\/test.valvex.com\/ro\/zona-profesionala\/pentru-investitor\/descarcari\/#primaryimage"},"thumbnailUrl":"http:\/\/test.valvex.com\/wp-content\/uploads\/2022\/06\/Valvex-dla-inwestora.jpg","datePublished":"2022-08-01T12:14:43+00:00","dateModified":"2024-02-13T23:23:03+00:00","breadcrumb":{"@id":"http:\/\/test.valvex.com\/ro\/zona-profesionala\/pentru-investitor\/descarcari\/#breadcrumb"},"inLanguage":"ro-RO","potentialAction":[{"@type":"ReadAction","target":["http:\/\/test.valvex.com\/ro\/zona-profesionala\/pentru-investitor\/descarcari\/"]}]},{"@type":"ImageObject","inLanguage":"ro-RO","@id":"http:\/\/test.valvex.com\/ro\/zona-profesionala\/pentru-investitor\/descarcari\/#primaryimage","url":"http:\/\/test.valvex.com\/wp-content\/uploads\/2022\/06\/Valvex-dla-inwestora.jpg","contentUrl":"http:\/\/test.valvex.com\/wp-content\/uploads\/2022\/06\/Valvex-dla-inwestora.jpg","width":2400,"height":843},{"@type":"BreadcrumbList","@id":"http:\/\/test.valvex.com\/ro\/zona-profesionala\/pentru-investitor\/descarcari\/#breadcrumb","itemListElement":[{"@type":"ListItem","position":1,"name":"Strona g\u0142\u00f3wna","item":"http:\/\/test.valvex.com\/ro\/"},{"@type":"ListItem","position":2,"name":"Zona Profesional\u0103","item":"http:\/\/test.valvex.com\/ro\/zona-profesionala\/"},{"@type":"ListItem","position":3,"name":"Pentru Investitor","item":"http:\/\/test.valvex.com\/ro\/zona-profesionala\/pentru-investitor\/"},{"@type":"ListItem","position":4,"name":"Desc\u0103rc\u0103ri"}]},{"@type":"WebSite","@id":"http:\/\/test.valvex.com\/ro\/#website","url":"http:\/\/test.valvex.com\/ro\/","name":"Valvex","description":"Produc\u0103tor de instala\u021bii sanitare \u0219i sanitare","potentialAction":[{"@type":"SearchAction","target":{"@type":"EntryPoint","urlTemplate":"http:\/\/test.valvex.com\/ro\/?s={search_term_string}"},"query-input":"required name=search_term_string"}],"inLanguage":"ro-RO"}]}},"_links":{"self":[{"href":"http:\/\/test.valvex.com\/ro\/wp-json\/wp\/v2\/pages\/69567","targetHints":{"allow":["GET"]}}],"collection":[{"href":"http:\/\/test.valvex.com\/ro\/wp-json\/wp\/v2\/pages"}],"about":[{"href":"http:\/\/test.valvex.com\/ro\/wp-json\/wp\/v2\/types\/page"}],"author":[{"embeddable":true,"href":"http:\/\/test.valvex.com\/ro\/wp-json\/wp\/v2\/users\/12"}],"replies":[{"embeddable":true,"href":"http:\/\/test.valvex.com\/ro\/wp-json\/wp\/v2\/comments?post=69567"}],"version-history":[{"count":1,"href":"http:\/\/test.valvex.com\/ro\/wp-json\/wp\/v2\/pages\/69567\/revisions"}],"predecessor-version":[{"id":69570,"href":"http:\/\/test.valvex.com\/ro\/wp-json\/wp\/v2\/pages\/69567\/revisions\/69570"}],"up":[{"embeddable":true,"href":"http:\/\/test.valvex.com\/ro\/wp-json\/wp\/v2\/pages\/69554"}],"wp:featuredmedia":[{"embeddable":true,"href":"http:\/\/test.valvex.com\/ro\/wp-json\/wp\/v2\/media\/68206"}],"wp:attachment":[{"href":"http:\/\/test.valvex.com\/ro\/wp-json\/wp\/v2\/media?parent=69567"}],"curies":[{"name":"wp","href":"https:\/\/api.w.org\/{rel}","templated":true}]}}