{"id":69560,"date":"2022-08-02T16:30:32","date_gmt":"2022-08-02T14:30:32","guid":{"rendered":"http:\/\/test.valvex.com\/zona-profesionala\/pentru-investitor\/znajdz-przedstawiciela\/"},"modified":"2024-02-14T00:17:37","modified_gmt":"2024-02-13T23:17:37","slug":"gaseste-un-reprezentant","status":"publish","type":"page","link":"http:\/\/test.valvex.com\/ro\/zona-profesionala\/pentru-investitor\/gaseste-un-reprezentant\/","title":{"rendered":"G\u0103se\u0219te un reprezentant"},"content":{"rendered":"\n<p>Ai mai multe \u00eentreb\u0103ri care trebuie r\u0103spunse? Cau\u021bi suport din partea unui specialist de \u00eencredere cu ani de experien\u021b\u0103? Ai \u00eendoieli dac\u0103 produsele noastre sunt exact ceea ce cau\u021bi? Te invit\u0103m s\u0103 iei leg\u0103tura cu reprezentan\u021bii no\u0219tri comerciali. Cu ajutorul instrumentului nostru de c\u0103utare, \u00ee\u021bi vom indica persoana care activeaz\u0103 \u00een regiunea ta, cea mai apropiat\u0103 de locul \u00een care te afli \u00een prezent. Promitem c\u0103 ajutorul pe care \u00eel vei primi va fi de cel mai \u00eenalt nivel.<\/p>\n","protected":false},"excerpt":{"rendered":"<p>Ai mai multe \u00eentreb\u0103ri care trebuie r\u0103spunse? Cau\u021bi suport din partea unui specialist de \u00eencredere cu ani de experien\u021b\u0103? Ai \u00eendoieli dac\u0103 produsele noastre sunt exact ceea ce cau\u021bi? Te invit\u0103m s\u0103 iei leg\u0103tura cu reprezentan\u021bii no\u0219tri comerciali. Cu ajutorul instrumentului nostru de c\u0103utare, \u00ee\u021bi vom indica persoana care activeaz\u0103 \u00een regiunea ta, cea mai [&hellip;]<\/p>\n","protected":false},"author":12,"featured_media":68206,"parent":69554,"menu_order":286,"comment_status":"closed","ping_status":"closed","template":"page-gdzie-kupic.php","meta":{"_acf_changed":false,"footnotes":""},"class_list":["post-69560","page","type-page","status-publish","has-post-thumbnail","hentry"],"acf":[],"yoast_head":"<!-- This site is optimized with the Yoast SEO plugin v22.2 - https:\/\/yoast.com\/wordpress\/plugins\/seo\/ -->\n<title>G\u0103se\u0219te un reprezentant - Valvex<\/title>\n<meta name=\"robots\" content=\"index, follow, max-snippet:-1, max-image-preview:large, max-video-preview:-1\" \/>\n<link rel=\"canonical\" href=\"http:\/\/test.valvex.com\/ro\/zona-profesionala\/pentru-investitor\/gaseste-un-reprezentant\/\" \/>\n<meta property=\"og:locale\" content=\"ro_RO\" \/>\n<meta property=\"og:type\" content=\"article\" \/>\n<meta property=\"og:title\" content=\"G\u0103se\u0219te un reprezentant - Valvex\" \/>\n<meta property=\"og:description\" content=\"Ai mai multe \u00eentreb\u0103ri care trebuie r\u0103spunse? Cau\u021bi suport din partea unui specialist de \u00eencredere cu ani de experien\u021b\u0103? Ai \u00eendoieli dac\u0103 produsele noastre sunt exact ceea ce cau\u021bi? Te invit\u0103m s\u0103 iei leg\u0103tura cu reprezentan\u021bii no\u0219tri comerciali. Cu ajutorul instrumentului nostru de c\u0103utare, \u00ee\u021bi vom indica persoana care activeaz\u0103 \u00een regiunea ta, cea mai [&hellip;]\" \/>\n<meta property=\"og:url\" content=\"http:\/\/test.valvex.com\/ro\/zona-profesionala\/pentru-investitor\/gaseste-un-reprezentant\/\" \/>\n<meta property=\"og:site_name\" content=\"Valvex\" \/>\n<meta property=\"article:modified_time\" content=\"2024-02-13T23:17:37+00:00\" \/>\n<meta property=\"og:image\" content=\"http:\/\/test.valvex.com\/wp-content\/uploads\/2022\/06\/Valvex-dla-inwestora.jpg\" \/>\n\t<meta property=\"og:image:width\" content=\"2400\" \/>\n\t<meta property=\"og:image:height\" content=\"843\" \/>\n\t<meta property=\"og:image:type\" content=\"image\/jpeg\" \/>\n<meta name=\"twitter:card\" content=\"summary_large_image\" \/>\n<meta name=\"twitter:label1\" content=\"Timp estimat pentru citire\" \/>\n\t<meta name=\"twitter:data1\" content=\"1 minut\" \/>\n<script type=\"application\/ld+json\" class=\"yoast-schema-graph\">{\"@context\":\"https:\/\/schema.org\",\"@graph\":[{\"@type\":\"WebPage\",\"@id\":\"http:\/\/test.valvex.com\/ro\/zona-profesionala\/pentru-investitor\/gaseste-un-reprezentant\/\",\"url\":\"http:\/\/test.valvex.com\/ro\/zona-profesionala\/pentru-investitor\/gaseste-un-reprezentant\/\",\"name\":\"G\u0103se\u0219te un reprezentant - Valvex\",\"isPartOf\":{\"@id\":\"http:\/\/test.valvex.com\/ro\/#website\"},\"primaryImageOfPage\":{\"@id\":\"http:\/\/test.valvex.com\/ro\/zona-profesionala\/pentru-investitor\/gaseste-un-reprezentant\/#primaryimage\"},\"image\":{\"@id\":\"http:\/\/test.valvex.com\/ro\/zona-profesionala\/pentru-investitor\/gaseste-un-reprezentant\/#primaryimage\"},\"thumbnailUrl\":\"http:\/\/test.valvex.com\/wp-content\/uploads\/2022\/06\/Valvex-dla-inwestora.jpg\",\"datePublished\":\"2022-08-02T14:30:32+00:00\",\"dateModified\":\"2024-02-13T23:17:37+00:00\",\"breadcrumb\":{\"@id\":\"http:\/\/test.valvex.com\/ro\/zona-profesionala\/pentru-investitor\/gaseste-un-reprezentant\/#breadcrumb\"},\"inLanguage\":\"ro-RO\",\"potentialAction\":[{\"@type\":\"ReadAction\",\"target\":[\"http:\/\/test.valvex.com\/ro\/zona-profesionala\/pentru-investitor\/gaseste-un-reprezentant\/\"]}]},{\"@type\":\"ImageObject\",\"inLanguage\":\"ro-RO\",\"@id\":\"http:\/\/test.valvex.com\/ro\/zona-profesionala\/pentru-investitor\/gaseste-un-reprezentant\/#primaryimage\",\"url\":\"http:\/\/test.valvex.com\/wp-content\/uploads\/2022\/06\/Valvex-dla-inwestora.jpg\",\"contentUrl\":\"http:\/\/test.valvex.com\/wp-content\/uploads\/2022\/06\/Valvex-dla-inwestora.jpg\",\"width\":2400,\"height\":843},{\"@type\":\"BreadcrumbList\",\"@id\":\"http:\/\/test.valvex.com\/ro\/zona-profesionala\/pentru-investitor\/gaseste-un-reprezentant\/#breadcrumb\",\"itemListElement\":[{\"@type\":\"ListItem\",\"position\":1,\"name\":\"Strona g\u0142\u00f3wna\",\"item\":\"http:\/\/test.valvex.com\/ro\/\"},{\"@type\":\"ListItem\",\"position\":2,\"name\":\"Zona Profesional\u0103\",\"item\":\"http:\/\/test.valvex.com\/ro\/zona-profesionala\/\"},{\"@type\":\"ListItem\",\"position\":3,\"name\":\"Pentru Investitor\",\"item\":\"http:\/\/test.valvex.com\/ro\/zona-profesionala\/pentru-investitor\/\"},{\"@type\":\"ListItem\",\"position\":4,\"name\":\"G\u0103se\u0219te un reprezentant\"}]},{\"@type\":\"WebSite\",\"@id\":\"http:\/\/test.valvex.com\/ro\/#website\",\"url\":\"http:\/\/test.valvex.com\/ro\/\",\"name\":\"Valvex\",\"description\":\"Produc\u0103tor de instala\u021bii sanitare \u0219i sanitare\",\"potentialAction\":[{\"@type\":\"SearchAction\",\"target\":{\"@type\":\"EntryPoint\",\"urlTemplate\":\"http:\/\/test.valvex.com\/ro\/?s={search_term_string}\"},\"query-input\":\"required name=search_term_string\"}],\"inLanguage\":\"ro-RO\"}]}<\/script>\n<!-- \/ Yoast SEO plugin. -->","yoast_head_json":{"title":"G\u0103se\u0219te un reprezentant - Valvex","robots":{"index":"index","follow":"follow","max-snippet":"max-snippet:-1","max-image-preview":"max-image-preview:large","max-video-preview":"max-video-preview:-1"},"canonical":"http:\/\/test.valvex.com\/ro\/zona-profesionala\/pentru-investitor\/gaseste-un-reprezentant\/","og_locale":"ro_RO","og_type":"article","og_title":"G\u0103se\u0219te un reprezentant - Valvex","og_description":"Ai mai multe \u00eentreb\u0103ri care trebuie r\u0103spunse? Cau\u021bi suport din partea unui specialist de \u00eencredere cu ani de experien\u021b\u0103? Ai \u00eendoieli dac\u0103 produsele noastre sunt exact ceea ce cau\u021bi? Te invit\u0103m s\u0103 iei leg\u0103tura cu reprezentan\u021bii no\u0219tri comerciali. Cu ajutorul instrumentului nostru de c\u0103utare, \u00ee\u021bi vom indica persoana care activeaz\u0103 \u00een regiunea ta, cea mai [&hellip;]","og_url":"http:\/\/test.valvex.com\/ro\/zona-profesionala\/pentru-investitor\/gaseste-un-reprezentant\/","og_site_name":"Valvex","article_modified_time":"2024-02-13T23:17:37+00:00","og_image":[{"width":2400,"height":843,"url":"http:\/\/test.valvex.com\/wp-content\/uploads\/2022\/06\/Valvex-dla-inwestora.jpg","type":"image\/jpeg"}],"twitter_card":"summary_large_image","twitter_misc":{"Timp estimat pentru citire":"1 minut"},"schema":{"@context":"https:\/\/schema.org","@graph":[{"@type":"WebPage","@id":"http:\/\/test.valvex.com\/ro\/zona-profesionala\/pentru-investitor\/gaseste-un-reprezentant\/","url":"http:\/\/test.valvex.com\/ro\/zona-profesionala\/pentru-investitor\/gaseste-un-reprezentant\/","name":"G\u0103se\u0219te un reprezentant - Valvex","isPartOf":{"@id":"http:\/\/test.valvex.com\/ro\/#website"},"primaryImageOfPage":{"@id":"http:\/\/test.valvex.com\/ro\/zona-profesionala\/pentru-investitor\/gaseste-un-reprezentant\/#primaryimage"},"image":{"@id":"http:\/\/test.valvex.com\/ro\/zona-profesionala\/pentru-investitor\/gaseste-un-reprezentant\/#primaryimage"},"thumbnailUrl":"http:\/\/test.valvex.com\/wp-content\/uploads\/2022\/06\/Valvex-dla-inwestora.jpg","datePublished":"2022-08-02T14:30:32+00:00","dateModified":"2024-02-13T23:17:37+00:00","breadcrumb":{"@id":"http:\/\/test.valvex.com\/ro\/zona-profesionala\/pentru-investitor\/gaseste-un-reprezentant\/#breadcrumb"},"inLanguage":"ro-RO","potentialAction":[{"@type":"ReadAction","target":["http:\/\/test.valvex.com\/ro\/zona-profesionala\/pentru-investitor\/gaseste-un-reprezentant\/"]}]},{"@type":"ImageObject","inLanguage":"ro-RO","@id":"http:\/\/test.valvex.com\/ro\/zona-profesionala\/pentru-investitor\/gaseste-un-reprezentant\/#primaryimage","url":"http:\/\/test.valvex.com\/wp-content\/uploads\/2022\/06\/Valvex-dla-inwestora.jpg","contentUrl":"http:\/\/test.valvex.com\/wp-content\/uploads\/2022\/06\/Valvex-dla-inwestora.jpg","width":2400,"height":843},{"@type":"BreadcrumbList","@id":"http:\/\/test.valvex.com\/ro\/zona-profesionala\/pentru-investitor\/gaseste-un-reprezentant\/#breadcrumb","itemListElement":[{"@type":"ListItem","position":1,"name":"Strona g\u0142\u00f3wna","item":"http:\/\/test.valvex.com\/ro\/"},{"@type":"ListItem","position":2,"name":"Zona Profesional\u0103","item":"http:\/\/test.valvex.com\/ro\/zona-profesionala\/"},{"@type":"ListItem","position":3,"name":"Pentru Investitor","item":"http:\/\/test.valvex.com\/ro\/zona-profesionala\/pentru-investitor\/"},{"@type":"ListItem","position":4,"name":"G\u0103se\u0219te un reprezentant"}]},{"@type":"WebSite","@id":"http:\/\/test.valvex.com\/ro\/#website","url":"http:\/\/test.valvex.com\/ro\/","name":"Valvex","description":"Produc\u0103tor de instala\u021bii sanitare \u0219i sanitare","potentialAction":[{"@type":"SearchAction","target":{"@type":"EntryPoint","urlTemplate":"http:\/\/test.valvex.com\/ro\/?s={search_term_string}"},"query-input":"required name=search_term_string"}],"inLanguage":"ro-RO"}]}},"_links":{"self":[{"href":"http:\/\/test.valvex.com\/ro\/wp-json\/wp\/v2\/pages\/69560","targetHints":{"allow":["GET"]}}],"collection":[{"href":"http:\/\/test.valvex.com\/ro\/wp-json\/wp\/v2\/pages"}],"about":[{"href":"http:\/\/test.valvex.com\/ro\/wp-json\/wp\/v2\/types\/page"}],"author":[{"embeddable":true,"href":"http:\/\/test.valvex.com\/ro\/wp-json\/wp\/v2\/users\/12"}],"replies":[{"embeddable":true,"href":"http:\/\/test.valvex.com\/ro\/wp-json\/wp\/v2\/comments?post=69560"}],"version-history":[{"count":1,"href":"http:\/\/test.valvex.com\/ro\/wp-json\/wp\/v2\/pages\/69560\/revisions"}],"predecessor-version":[{"id":69561,"href":"http:\/\/test.valvex.com\/ro\/wp-json\/wp\/v2\/pages\/69560\/revisions\/69561"}],"up":[{"embeddable":true,"href":"http:\/\/test.valvex.com\/ro\/wp-json\/wp\/v2\/pages\/69554"}],"wp:featuredmedia":[{"embeddable":true,"href":"http:\/\/test.valvex.com\/ro\/wp-json\/wp\/v2\/media\/68206"}],"wp:attachment":[{"href":"http:\/\/test.valvex.com\/ro\/wp-json\/wp\/v2\/media?parent=69560"}],"curies":[{"name":"wp","href":"https:\/\/api.w.org\/{rel}","templated":true}]}}