{"id":69418,"date":"2022-08-17T15:02:21","date_gmt":"2022-08-17T13:02:21","guid":{"rendered":"http:\/\/test.valvex.com\/zona-profesionala\/pentru-designer\/program-partnerski-dla-projektantow\/"},"modified":"2024-04-25T08:21:54","modified_gmt":"2024-04-25T06:21:54","slug":"program-partener","status":"publish","type":"page","link":"http:\/\/test.valvex.com\/ro\/zona-profesionala\/pentru-designer\/program-partener\/","title":{"rendered":"Program partener"},"content":{"rendered":"\n<h3 class=\"wp-block-heading\"><strong>\u00censcrie\u021bi-v\u0103 \u00een programul de parteneriat Valvex!<\/strong><\/h3>\n\n\n\n<p>Suntem \u00een c\u0103utarea unor designeri \u0219i arhitec\u021bi de interior dornici s\u0103 colaboreze cu noi.<\/p>\n\n\n\n<p>Am creat un program de parteneriat adaptat special nevoilor dumneavoastr\u0103. Dorim s\u0103 v\u0103 sprijinim activitatea de zi cu zi, prin facilitarea procesului de c\u0103utare a produselor \u0219i a materialelor aferente.<\/p>\n\n\n\n<p>Dac\u0103 sunte\u021bi \u00een c\u0103utarea unor informa\u021bii mai detaliate despre produsele noastre, ave\u021bi nevoie de modele 3D pentru proiectele dumneavoastr\u0103 sau dori\u021bi s\u0103 ne adresa\u021bi \u00eentreb\u0103ri tehnice &#8211; scrie\u021bi-ne sau transmite\u021bi o solicitare de \u00eenscriere \u00een Program. Ne va face pl\u0103cere s\u0103 v\u0103 ajut\u0103m.<\/p>\n\n\n\n<div class=\"wp-block-columns is-layout-flex wp-container-core-columns-is-layout-9d6595d7 wp-block-columns-is-layout-flex\">\n<div class=\"wp-block-column is-vertically-aligned-center is-layout-flow wp-block-column-is-layout-flow\" style=\"flex-basis:100%\">\n<div class=\"wp-block-group\"><div class=\"wp-block-group__inner-container is-layout-flow wp-block-group-is-layout-flow\">\n<div style=\"height:30px\" aria-hidden=\"true\" class=\"wp-block-spacer\"><\/div>\n<\/div><\/div>\n<\/div>\n<\/div>\n\n\n\n<div class=\"wp-block-columns is-layout-flex wp-container-core-columns-is-layout-9d6595d7 wp-block-columns-is-layout-flex\">\n<div class=\"wp-block-column is-layout-flow wp-block-column-is-layout-flow\" style=\"flex-basis:59.6%\"><\/div>\n\n\n\n<div class=\"wp-block-column is-layout-flow wp-block-column-is-layout-flow\" style=\"flex-basis:66.67%\">\n<h3 class=\"wp-block-heading mb-16\">V\u0103 invit\u0103m s\u0103 ne contacta\u021bi<\/h3>\n\n\n\n<div class=\"wpcf7 no-js\" id=\"wpcf7-f69506-o1\" lang=\"ro-RO\" dir=\"ltr\">\n<div class=\"screen-reader-response\"><p role=\"status\" aria-live=\"polite\" aria-atomic=\"true\"><\/p> <ul><\/ul><\/div>\n<form action=\"\/ro\/wp-json\/wp\/v2\/pages\/69418#wpcf7-f69506-o1\" method=\"post\" class=\"wpcf7-form init\" aria-label=\"Formular de contact\" novalidate=\"novalidate\" data-status=\"init\">\n<div style=\"display: none;\">\n<input type=\"hidden\" name=\"_wpcf7\" value=\"69506\" \/>\n<input type=\"hidden\" name=\"_wpcf7_version\" value=\"5.9.8\" \/>\n<input type=\"hidden\" name=\"_wpcf7_locale\" value=\"ro_RO\" \/>\n<input type=\"hidden\" name=\"_wpcf7_unit_tag\" value=\"wpcf7-f69506-o1\" \/>\n<input type=\"hidden\" name=\"_wpcf7_container_post\" value=\"0\" \/>\n<input type=\"hidden\" name=\"_wpcf7_posted_data_hash\" value=\"\" \/>\n<input type=\"hidden\" name=\"_wpcf7_recaptcha_response\" value=\"\" \/>\n<\/div>\n<div class=\"grid md:grid-cols-2 gap-2\">\n\t<div>\n\t\t<p><label>Prenume <span class=\"wpcf7-form-control-wrap\" data-name=\"your-name\"><input size=\"40\" maxlength=\"400\" class=\"wpcf7-form-control wpcf7-text wpcf7-validates-as-required\" aria-required=\"true\" aria-invalid=\"false\" value=\"\" type=\"text\" name=\"your-name\" \/><\/span> <\/label>\n\t\t<\/p>\n\t<\/div>\n\t<div>\n\t\t<p><label>Nume <span class=\"wpcf7-form-control-wrap\" data-name=\"your-lastname\"><input size=\"40\" maxlength=\"400\" class=\"wpcf7-form-control wpcf7-text wpcf7-validates-as-required\" aria-required=\"true\" aria-invalid=\"false\" value=\"\" type=\"text\" name=\"your-lastname\" \/><\/span> <\/label>\n\t\t<\/p>\n\t<\/div>\n<\/div>\n<p><label>Numele companiei <span class=\"wpcf7-form-control-wrap\" data-name=\"company-name\"><input size=\"40\" maxlength=\"400\" class=\"wpcf7-form-control wpcf7-text wpcf7-validates-as-required\" aria-required=\"true\" aria-invalid=\"false\" value=\"\" type=\"text\" name=\"company-name\" \/><\/span> <\/label>\n<\/p>\n<div class=\"grid md:grid-cols-2 gap-2\">\n\t<div>\n\t\t<p><label>E-mail <span class=\"wpcf7-form-control-wrap\" data-name=\"your-email\"><input size=\"40\" maxlength=\"400\" class=\"wpcf7-form-control wpcf7-email wpcf7-validates-as-required wpcf7-text wpcf7-validates-as-email\" aria-required=\"true\" aria-invalid=\"false\" value=\"\" type=\"email\" name=\"your-email\" \/><\/span> <\/label>\n\t\t<\/p>\n\t<\/div>\n\t<div>\n\t\t<p><label>Num\u0103r de telefon <span class=\"wpcf7-form-control-wrap\" data-name=\"your-phone\"><input size=\"40\" maxlength=\"400\" class=\"wpcf7-form-control wpcf7-tel wpcf7-validates-as-required wpcf7-text wpcf7-validates-as-tel\" aria-required=\"true\" aria-invalid=\"false\" value=\"\" type=\"tel\" name=\"your-phone\" \/><\/span> <\/label>\n\t\t<\/p>\n\t<\/div>\n<\/div>\n<p><label>Mesajul t\u0103u<br \/>\n<span class=\"wpcf7-form-control-wrap\" data-name=\"your-message\"><textarea cols=\"40\" rows=\"10\" maxlength=\"2000\" class=\"wpcf7-form-control wpcf7-textarea wpcf7-validates-as-required\" aria-required=\"true\" aria-invalid=\"false\" name=\"your-message\"><\/textarea><\/span> <\/label>\n<\/p>\n<p style=\"font-size: 0.8rem;color: #989898;font-weight: normal;\">Administratorul datelor dumneavoastr\u0103 personale furnizate este Valvex S.A. cu sediul \u00een Jordan\u00f3w, pe strada Nad Skaw\u0105 2, 34-240 Jordan\u00f3w, \u00eenregistrat\u0103 \u00een Registrul Comer\u021ban\u021bilor al Registrului Na\u021bional al Instan\u021belor de Judecat\u0103 de c\u0103tre Tribunalul de District pentru Krak\u00f3w - \u015ar\u00f3dmie\u015bcie \u00een Krak\u00f3w, Sec\u021bia XII Comercial\u0103 a KRS sub num\u0103rul KRS 0000026818, CIF: 735-00-24-499, REGON: 490399956. Proces\u0103m datele dumneavoastr\u0103 personale \u00een scopul de a r\u0103spunde la \u00eentreb\u0103rile trimise sau \u00een alte chestiuni \u00een care ne contacta\u021bi utiliz\u00e2nd acest formular.\n<\/p>\n<p><label style=\"font-size: 0.8rem;color: #989898;font-weight: normal;\"> <span class=\"wpcf7-form-control-wrap\" data-name=\"dane-osobowe\"><span class=\"wpcf7-form-control wpcf7-acceptance optional\"><span class=\"wpcf7-list-item\"><input type=\"checkbox\" name=\"dane-osobowe\" value=\"1\" aria-invalid=\"false\" \/><\/span><\/span><\/span>&nbsp;&nbsp;\u00cemi exprim acordul de a fi contactat prin canalul de comunicare furnizat \u00een formular \u00een scopuri de marketing, inclusiv prezentarea ofertelor nesolicitate de produse \u0219i servicii de c\u0103tre Valvex S.A. \u00cen situa\u021biile prev\u0103zute de lege, ave\u021bi dreptul la: acces la datele dumneavoastr\u0103, primirea unei copii a datelor, rectificare, \u0219tergere, limitarea prelucr\u0103rii, transferul datelor, retragerea consim\u021b\u0103m\u00e2ntului \u0219i obiec\u021bia fa\u021b\u0103 de prelucrarea datelor. Informa\u021biile complete privind prelucrarea datelor personale \u00een comunicarea de afaceri sunt disponibile \u00een sec\u021biunea <a href=\"\/ro\/politica-de-confidentialitate\/\" target=\"_blank\" style=\"color:#ff0613;\">Politica de Confiden\u021bialitate<\/a>.<\/label>\n<\/p>\n<div class=\"text-right\">\n\t<p><input class=\"wpcf7-form-control wpcf7-submit has-spinner\" type=\"submit\" value=\"Trimite\" \/>\n\t<\/p>\n<\/div><div class=\"wpcf7-response-output\" aria-hidden=\"true\"><\/div>\n<\/form>\n<\/div>\n\n<\/div>\n<\/div>\n","protected":false},"excerpt":{"rendered":"<p>\u00censcrie\u021bi-v\u0103 \u00een programul de parteneriat Valvex! Suntem \u00een c\u0103utarea unor designeri \u0219i arhitec\u021bi de interior dornici s\u0103 colaboreze cu noi. Am creat un program de parteneriat adaptat special nevoilor dumneavoastr\u0103. Dorim s\u0103 v\u0103 sprijinim activitatea de zi cu zi, prin facilitarea procesului de c\u0103utare a produselor \u0219i a materialelor aferente. Dac\u0103 sunte\u021bi \u00een c\u0103utarea unor [&hellip;]<\/p>\n","protected":false},"author":12,"featured_media":68187,"parent":69412,"menu_order":70,"comment_status":"closed","ping_status":"closed","template":"","meta":{"_acf_changed":false,"footnotes":""},"class_list":["post-69418","page","type-page","status-publish","has-post-thumbnail","hentry"],"acf":[],"yoast_head":"<!-- This site is optimized with the Yoast SEO plugin v22.2 - https:\/\/yoast.com\/wordpress\/plugins\/seo\/ -->\n<title>Program partener - Valvex<\/title>\n<meta name=\"robots\" content=\"index, follow, max-snippet:-1, max-image-preview:large, max-video-preview:-1\" \/>\n<link rel=\"canonical\" href=\"http:\/\/test.valvex.com\/ro\/zona-profesionala\/pentru-designer\/program-partener\/\" \/>\n<meta property=\"og:locale\" content=\"ro_RO\" \/>\n<meta property=\"og:type\" content=\"article\" \/>\n<meta property=\"og:title\" content=\"Program partener - Valvex\" \/>\n<meta property=\"og:description\" content=\"\u00censcrie\u021bi-v\u0103 \u00een programul de parteneriat Valvex! Suntem \u00een c\u0103utarea unor designeri \u0219i arhitec\u021bi de interior dornici s\u0103 colaboreze cu noi. Am creat un program de parteneriat adaptat special nevoilor dumneavoastr\u0103. Dorim s\u0103 v\u0103 sprijinim activitatea de zi cu zi, prin facilitarea procesului de c\u0103utare a produselor \u0219i a materialelor aferente. Dac\u0103 sunte\u021bi \u00een c\u0103utarea unor [&hellip;]\" \/>\n<meta property=\"og:url\" content=\"http:\/\/test.valvex.com\/ro\/zona-profesionala\/pentru-designer\/program-partener\/\" \/>\n<meta property=\"og:site_name\" content=\"Valvex\" \/>\n<meta property=\"article:modified_time\" content=\"2024-04-25T06:21:54+00:00\" \/>\n<meta property=\"og:image\" content=\"http:\/\/test.valvex.com\/wp-content\/uploads\/2022\/06\/Valvex-dla-projektanta.jpg\" \/>\n\t<meta property=\"og:image:width\" content=\"2400\" \/>\n\t<meta property=\"og:image:height\" content=\"843\" \/>\n\t<meta property=\"og:image:type\" content=\"image\/jpeg\" \/>\n<meta name=\"twitter:card\" content=\"summary_large_image\" \/>\n<meta name=\"twitter:label1\" content=\"Timp estimat pentru citire\" \/>\n\t<meta name=\"twitter:data1\" content=\"1 minut\" \/>\n<script type=\"application\/ld+json\" class=\"yoast-schema-graph\">{\"@context\":\"https:\/\/schema.org\",\"@graph\":[{\"@type\":\"WebPage\",\"@id\":\"http:\/\/test.valvex.com\/ro\/zona-profesionala\/pentru-designer\/program-partener\/\",\"url\":\"http:\/\/test.valvex.com\/ro\/zona-profesionala\/pentru-designer\/program-partener\/\",\"name\":\"Program partener - Valvex\",\"isPartOf\":{\"@id\":\"http:\/\/test.valvex.com\/ro\/#website\"},\"primaryImageOfPage\":{\"@id\":\"http:\/\/test.valvex.com\/ro\/zona-profesionala\/pentru-designer\/program-partener\/#primaryimage\"},\"image\":{\"@id\":\"http:\/\/test.valvex.com\/ro\/zona-profesionala\/pentru-designer\/program-partener\/#primaryimage\"},\"thumbnailUrl\":\"http:\/\/test.valvex.com\/wp-content\/uploads\/2022\/06\/Valvex-dla-projektanta.jpg\",\"datePublished\":\"2022-08-17T13:02:21+00:00\",\"dateModified\":\"2024-04-25T06:21:54+00:00\",\"breadcrumb\":{\"@id\":\"http:\/\/test.valvex.com\/ro\/zona-profesionala\/pentru-designer\/program-partener\/#breadcrumb\"},\"inLanguage\":\"ro-RO\",\"potentialAction\":[{\"@type\":\"ReadAction\",\"target\":[\"http:\/\/test.valvex.com\/ro\/zona-profesionala\/pentru-designer\/program-partener\/\"]}]},{\"@type\":\"ImageObject\",\"inLanguage\":\"ro-RO\",\"@id\":\"http:\/\/test.valvex.com\/ro\/zona-profesionala\/pentru-designer\/program-partener\/#primaryimage\",\"url\":\"http:\/\/test.valvex.com\/wp-content\/uploads\/2022\/06\/Valvex-dla-projektanta.jpg\",\"contentUrl\":\"http:\/\/test.valvex.com\/wp-content\/uploads\/2022\/06\/Valvex-dla-projektanta.jpg\",\"width\":2400,\"height\":843},{\"@type\":\"BreadcrumbList\",\"@id\":\"http:\/\/test.valvex.com\/ro\/zona-profesionala\/pentru-designer\/program-partener\/#breadcrumb\",\"itemListElement\":[{\"@type\":\"ListItem\",\"position\":1,\"name\":\"Strona g\u0142\u00f3wna\",\"item\":\"http:\/\/test.valvex.com\/ro\/\"},{\"@type\":\"ListItem\",\"position\":2,\"name\":\"Zona Profesional\u0103\",\"item\":\"http:\/\/test.valvex.com\/ro\/zona-profesionala\/\"},{\"@type\":\"ListItem\",\"position\":3,\"name\":\"Pentru designer\",\"item\":\"http:\/\/test.valvex.com\/ro\/strefa-profesjonalisty\/strefa-projektanta\/\"},{\"@type\":\"ListItem\",\"position\":4,\"name\":\"Program partener\"}]},{\"@type\":\"WebSite\",\"@id\":\"http:\/\/test.valvex.com\/ro\/#website\",\"url\":\"http:\/\/test.valvex.com\/ro\/\",\"name\":\"Valvex\",\"description\":\"Produc\u0103tor de instala\u021bii sanitare \u0219i sanitare\",\"potentialAction\":[{\"@type\":\"SearchAction\",\"target\":{\"@type\":\"EntryPoint\",\"urlTemplate\":\"http:\/\/test.valvex.com\/ro\/?s={search_term_string}\"},\"query-input\":\"required name=search_term_string\"}],\"inLanguage\":\"ro-RO\"}]}<\/script>\n<!-- \/ Yoast SEO plugin. -->","yoast_head_json":{"title":"Program partener - Valvex","robots":{"index":"index","follow":"follow","max-snippet":"max-snippet:-1","max-image-preview":"max-image-preview:large","max-video-preview":"max-video-preview:-1"},"canonical":"http:\/\/test.valvex.com\/ro\/zona-profesionala\/pentru-designer\/program-partener\/","og_locale":"ro_RO","og_type":"article","og_title":"Program partener - Valvex","og_description":"\u00censcrie\u021bi-v\u0103 \u00een programul de parteneriat Valvex! Suntem \u00een c\u0103utarea unor designeri \u0219i arhitec\u021bi de interior dornici s\u0103 colaboreze cu noi. Am creat un program de parteneriat adaptat special nevoilor dumneavoastr\u0103. Dorim s\u0103 v\u0103 sprijinim activitatea de zi cu zi, prin facilitarea procesului de c\u0103utare a produselor \u0219i a materialelor aferente. Dac\u0103 sunte\u021bi \u00een c\u0103utarea unor [&hellip;]","og_url":"http:\/\/test.valvex.com\/ro\/zona-profesionala\/pentru-designer\/program-partener\/","og_site_name":"Valvex","article_modified_time":"2024-04-25T06:21:54+00:00","og_image":[{"width":2400,"height":843,"url":"http:\/\/test.valvex.com\/wp-content\/uploads\/2022\/06\/Valvex-dla-projektanta.jpg","type":"image\/jpeg"}],"twitter_card":"summary_large_image","twitter_misc":{"Timp estimat pentru citire":"1 minut"},"schema":{"@context":"https:\/\/schema.org","@graph":[{"@type":"WebPage","@id":"http:\/\/test.valvex.com\/ro\/zona-profesionala\/pentru-designer\/program-partener\/","url":"http:\/\/test.valvex.com\/ro\/zona-profesionala\/pentru-designer\/program-partener\/","name":"Program partener - Valvex","isPartOf":{"@id":"http:\/\/test.valvex.com\/ro\/#website"},"primaryImageOfPage":{"@id":"http:\/\/test.valvex.com\/ro\/zona-profesionala\/pentru-designer\/program-partener\/#primaryimage"},"image":{"@id":"http:\/\/test.valvex.com\/ro\/zona-profesionala\/pentru-designer\/program-partener\/#primaryimage"},"thumbnailUrl":"http:\/\/test.valvex.com\/wp-content\/uploads\/2022\/06\/Valvex-dla-projektanta.jpg","datePublished":"2022-08-17T13:02:21+00:00","dateModified":"2024-04-25T06:21:54+00:00","breadcrumb":{"@id":"http:\/\/test.valvex.com\/ro\/zona-profesionala\/pentru-designer\/program-partener\/#breadcrumb"},"inLanguage":"ro-RO","potentialAction":[{"@type":"ReadAction","target":["http:\/\/test.valvex.com\/ro\/zona-profesionala\/pentru-designer\/program-partener\/"]}]},{"@type":"ImageObject","inLanguage":"ro-RO","@id":"http:\/\/test.valvex.com\/ro\/zona-profesionala\/pentru-designer\/program-partener\/#primaryimage","url":"http:\/\/test.valvex.com\/wp-content\/uploads\/2022\/06\/Valvex-dla-projektanta.jpg","contentUrl":"http:\/\/test.valvex.com\/wp-content\/uploads\/2022\/06\/Valvex-dla-projektanta.jpg","width":2400,"height":843},{"@type":"BreadcrumbList","@id":"http:\/\/test.valvex.com\/ro\/zona-profesionala\/pentru-designer\/program-partener\/#breadcrumb","itemListElement":[{"@type":"ListItem","position":1,"name":"Strona g\u0142\u00f3wna","item":"http:\/\/test.valvex.com\/ro\/"},{"@type":"ListItem","position":2,"name":"Zona Profesional\u0103","item":"http:\/\/test.valvex.com\/ro\/zona-profesionala\/"},{"@type":"ListItem","position":3,"name":"Pentru designer","item":"http:\/\/test.valvex.com\/ro\/strefa-profesjonalisty\/strefa-projektanta\/"},{"@type":"ListItem","position":4,"name":"Program partener"}]},{"@type":"WebSite","@id":"http:\/\/test.valvex.com\/ro\/#website","url":"http:\/\/test.valvex.com\/ro\/","name":"Valvex","description":"Produc\u0103tor de instala\u021bii sanitare \u0219i sanitare","potentialAction":[{"@type":"SearchAction","target":{"@type":"EntryPoint","urlTemplate":"http:\/\/test.valvex.com\/ro\/?s={search_term_string}"},"query-input":"required name=search_term_string"}],"inLanguage":"ro-RO"}]}},"_links":{"self":[{"href":"http:\/\/test.valvex.com\/ro\/wp-json\/wp\/v2\/pages\/69418","targetHints":{"allow":["GET"]}}],"collection":[{"href":"http:\/\/test.valvex.com\/ro\/wp-json\/wp\/v2\/pages"}],"about":[{"href":"http:\/\/test.valvex.com\/ro\/wp-json\/wp\/v2\/types\/page"}],"author":[{"embeddable":true,"href":"http:\/\/test.valvex.com\/ro\/wp-json\/wp\/v2\/users\/12"}],"replies":[{"embeddable":true,"href":"http:\/\/test.valvex.com\/ro\/wp-json\/wp\/v2\/comments?post=69418"}],"version-history":[{"count":4,"href":"http:\/\/test.valvex.com\/ro\/wp-json\/wp\/v2\/pages\/69418\/revisions"}],"predecessor-version":[{"id":71563,"href":"http:\/\/test.valvex.com\/ro\/wp-json\/wp\/v2\/pages\/69418\/revisions\/71563"}],"up":[{"embeddable":true,"href":"http:\/\/test.valvex.com\/ro\/wp-json\/wp\/v2\/pages\/69412"}],"wp:featuredmedia":[{"embeddable":true,"href":"http:\/\/test.valvex.com\/ro\/wp-json\/wp\/v2\/media\/68187"}],"wp:attachment":[{"href":"http:\/\/test.valvex.com\/ro\/wp-json\/wp\/v2\/media?parent=69418"}],"curies":[{"name":"wp","href":"https:\/\/api.w.org\/{rel}","templated":true}]}}