{"id":68640,"date":"2022-01-03T12:48:05","date_gmt":"2022-01-03T11:48:05","guid":{"rendered":"http:\/\/test.valvex.com\/instalacje\/"},"modified":"2024-04-25T08:47:03","modified_gmt":"2024-04-25T06:47:03","slug":"instalatii","status":"publish","type":"page","link":"http:\/\/test.valvex.com\/ro\/instalatii\/","title":{"rendered":"Instala\u021bii"},"content":{"rendered":"\n<h3 class=\"wp-block-heading\"><strong>Instala\u021bii \u2013 r\u0103spundem cerin\u021belor celor mai exigente proiecte<\/strong><\/h3>\n\n\n\n<p>Calitatea ridicat\u0103 \u0219i durabilitatea instala\u021biei depind de propriet\u0103\u021bile elementelor sale individuale. Ne str\u0103duim s\u0103 \u00eembun\u0103t\u0103\u021bim func\u021bionalitatea produselor noastre, prin c\u0103utarea celor mai moderne solu\u021bii &#8211; pentru a facilita \u0219i a accelera munca instalatorilor \u0219i pentru a cre\u0219te calitatea \u0219i fiabilitatea instala\u021biei ca atare. \u00cen calitate de lider \u00een industria robine\u021bilor cu bil\u0103, v\u0103 garant\u0103m c\u0103 pute\u021bi conta pe noi atunci c\u00e2nd vine vorba de sisteme de instala\u021bii de ap\u0103, gaz \u0219i \u00eenc\u0103lzire.<\/p>\n","protected":false},"excerpt":{"rendered":"<p>Instala\u021bii \u2013 r\u0103spundem cerin\u021belor celor mai exigente proiecte Calitatea ridicat\u0103 \u0219i durabilitatea instala\u021biei depind de propriet\u0103\u021bile elementelor sale individuale. Ne str\u0103duim s\u0103 \u00eembun\u0103t\u0103\u021bim func\u021bionalitatea produselor noastre, prin c\u0103utarea celor mai moderne solu\u021bii &#8211; pentru a facilita \u0219i a accelera munca instalatorilor \u0219i pentru a cre\u0219te calitatea \u0219i fiabilitatea instala\u021biei ca atare. \u00cen calitate de lider [&hellip;]<\/p>\n","protected":false},"author":12,"featured_media":68641,"parent":0,"menu_order":83,"comment_status":"closed","ping_status":"closed","template":"page-grupa-produktow.php","meta":{"_acf_changed":false,"footnotes":""},"class_list":["post-68640","page","type-page","status-publish","has-post-thumbnail","hentry"],"acf":[],"yoast_head":"<!-- This site is optimized with the Yoast SEO plugin v22.2 - https:\/\/yoast.com\/wordpress\/plugins\/seo\/ -->\n<title>Instala\u021bii - Valvex<\/title>\n<meta name=\"robots\" content=\"index, follow, max-snippet:-1, max-image-preview:large, max-video-preview:-1\" \/>\n<link rel=\"canonical\" href=\"http:\/\/test.valvex.com\/ro\/instalatii\/\" \/>\n<meta property=\"og:locale\" content=\"ro_RO\" \/>\n<meta property=\"og:type\" content=\"article\" \/>\n<meta property=\"og:title\" content=\"Instala\u021bii - Valvex\" \/>\n<meta property=\"og:description\" content=\"Instala\u021bii \u2013 r\u0103spundem cerin\u021belor celor mai exigente proiecte Calitatea ridicat\u0103 \u0219i durabilitatea instala\u021biei depind de propriet\u0103\u021bile elementelor sale individuale. Ne str\u0103duim s\u0103 \u00eembun\u0103t\u0103\u021bim func\u021bionalitatea produselor noastre, prin c\u0103utarea celor mai moderne solu\u021bii &#8211; pentru a facilita \u0219i a accelera munca instalatorilor \u0219i pentru a cre\u0219te calitatea \u0219i fiabilitatea instala\u021biei ca atare. \u00cen calitate de lider [&hellip;]\" \/>\n<meta property=\"og:url\" content=\"http:\/\/test.valvex.com\/ro\/instalatii\/\" \/>\n<meta property=\"og:site_name\" content=\"Valvex\" \/>\n<meta property=\"article:modified_time\" content=\"2024-04-25T06:47:03+00:00\" \/>\n<meta property=\"og:image\" content=\"http:\/\/test.valvex.com\/wp-content\/uploads\/2023\/01\/Header_instalacje-1024x164.png\" \/>\n\t<meta property=\"og:image:width\" content=\"1024\" \/>\n\t<meta property=\"og:image:height\" content=\"164\" \/>\n\t<meta property=\"og:image:type\" content=\"image\/png\" \/>\n<meta name=\"twitter:card\" content=\"summary_large_image\" \/>\n<meta name=\"twitter:label1\" content=\"Timp estimat pentru citire\" \/>\n\t<meta name=\"twitter:data1\" content=\"1 minut\" \/>\n<script type=\"application\/ld+json\" class=\"yoast-schema-graph\">{\"@context\":\"https:\/\/schema.org\",\"@graph\":[{\"@type\":\"WebPage\",\"@id\":\"http:\/\/test.valvex.com\/ro\/instalatii\/\",\"url\":\"http:\/\/test.valvex.com\/ro\/instalatii\/\",\"name\":\"Instala\u021bii - Valvex\",\"isPartOf\":{\"@id\":\"http:\/\/test.valvex.com\/ro\/#website\"},\"primaryImageOfPage\":{\"@id\":\"http:\/\/test.valvex.com\/ro\/instalatii\/#primaryimage\"},\"image\":{\"@id\":\"http:\/\/test.valvex.com\/ro\/instalatii\/#primaryimage\"},\"thumbnailUrl\":\"http:\/\/test.valvex.com\/wp-content\/uploads\/2023\/01\/Header_instalacje.png\",\"datePublished\":\"2022-01-03T11:48:05+00:00\",\"dateModified\":\"2024-04-25T06:47:03+00:00\",\"breadcrumb\":{\"@id\":\"http:\/\/test.valvex.com\/ro\/instalatii\/#breadcrumb\"},\"inLanguage\":\"ro-RO\",\"potentialAction\":[{\"@type\":\"ReadAction\",\"target\":[\"http:\/\/test.valvex.com\/ro\/instalatii\/\"]}]},{\"@type\":\"ImageObject\",\"inLanguage\":\"ro-RO\",\"@id\":\"http:\/\/test.valvex.com\/ro\/instalatii\/#primaryimage\",\"url\":\"http:\/\/test.valvex.com\/wp-content\/uploads\/2023\/01\/Header_instalacje.png\",\"contentUrl\":\"http:\/\/test.valvex.com\/wp-content\/uploads\/2023\/01\/Header_instalacje.png\",\"width\":2400,\"height\":384},{\"@type\":\"BreadcrumbList\",\"@id\":\"http:\/\/test.valvex.com\/ro\/instalatii\/#breadcrumb\",\"itemListElement\":[{\"@type\":\"ListItem\",\"position\":1,\"name\":\"Strona g\u0142\u00f3wna\",\"item\":\"http:\/\/test.valvex.com\/ro\/\"},{\"@type\":\"ListItem\",\"position\":2,\"name\":\"Instala\u021bii\"}]},{\"@type\":\"WebSite\",\"@id\":\"http:\/\/test.valvex.com\/ro\/#website\",\"url\":\"http:\/\/test.valvex.com\/ro\/\",\"name\":\"Valvex\",\"description\":\"Produc\u0103tor de instala\u021bii sanitare \u0219i sanitare\",\"potentialAction\":[{\"@type\":\"SearchAction\",\"target\":{\"@type\":\"EntryPoint\",\"urlTemplate\":\"http:\/\/test.valvex.com\/ro\/?s={search_term_string}\"},\"query-input\":\"required name=search_term_string\"}],\"inLanguage\":\"ro-RO\"}]}<\/script>\n<!-- \/ Yoast SEO plugin. -->","yoast_head_json":{"title":"Instala\u021bii - Valvex","robots":{"index":"index","follow":"follow","max-snippet":"max-snippet:-1","max-image-preview":"max-image-preview:large","max-video-preview":"max-video-preview:-1"},"canonical":"http:\/\/test.valvex.com\/ro\/instalatii\/","og_locale":"ro_RO","og_type":"article","og_title":"Instala\u021bii - Valvex","og_description":"Instala\u021bii \u2013 r\u0103spundem cerin\u021belor celor mai exigente proiecte Calitatea ridicat\u0103 \u0219i durabilitatea instala\u021biei depind de propriet\u0103\u021bile elementelor sale individuale. Ne str\u0103duim s\u0103 \u00eembun\u0103t\u0103\u021bim func\u021bionalitatea produselor noastre, prin c\u0103utarea celor mai moderne solu\u021bii &#8211; pentru a facilita \u0219i a accelera munca instalatorilor \u0219i pentru a cre\u0219te calitatea \u0219i fiabilitatea instala\u021biei ca atare. \u00cen calitate de lider [&hellip;]","og_url":"http:\/\/test.valvex.com\/ro\/instalatii\/","og_site_name":"Valvex","article_modified_time":"2024-04-25T06:47:03+00:00","og_image":[{"width":1024,"height":164,"url":"http:\/\/test.valvex.com\/wp-content\/uploads\/2023\/01\/Header_instalacje-1024x164.png","type":"image\/png"}],"twitter_card":"summary_large_image","twitter_misc":{"Timp estimat pentru citire":"1 minut"},"schema":{"@context":"https:\/\/schema.org","@graph":[{"@type":"WebPage","@id":"http:\/\/test.valvex.com\/ro\/instalatii\/","url":"http:\/\/test.valvex.com\/ro\/instalatii\/","name":"Instala\u021bii - Valvex","isPartOf":{"@id":"http:\/\/test.valvex.com\/ro\/#website"},"primaryImageOfPage":{"@id":"http:\/\/test.valvex.com\/ro\/instalatii\/#primaryimage"},"image":{"@id":"http:\/\/test.valvex.com\/ro\/instalatii\/#primaryimage"},"thumbnailUrl":"http:\/\/test.valvex.com\/wp-content\/uploads\/2023\/01\/Header_instalacje.png","datePublished":"2022-01-03T11:48:05+00:00","dateModified":"2024-04-25T06:47:03+00:00","breadcrumb":{"@id":"http:\/\/test.valvex.com\/ro\/instalatii\/#breadcrumb"},"inLanguage":"ro-RO","potentialAction":[{"@type":"ReadAction","target":["http:\/\/test.valvex.com\/ro\/instalatii\/"]}]},{"@type":"ImageObject","inLanguage":"ro-RO","@id":"http:\/\/test.valvex.com\/ro\/instalatii\/#primaryimage","url":"http:\/\/test.valvex.com\/wp-content\/uploads\/2023\/01\/Header_instalacje.png","contentUrl":"http:\/\/test.valvex.com\/wp-content\/uploads\/2023\/01\/Header_instalacje.png","width":2400,"height":384},{"@type":"BreadcrumbList","@id":"http:\/\/test.valvex.com\/ro\/instalatii\/#breadcrumb","itemListElement":[{"@type":"ListItem","position":1,"name":"Strona g\u0142\u00f3wna","item":"http:\/\/test.valvex.com\/ro\/"},{"@type":"ListItem","position":2,"name":"Instala\u021bii"}]},{"@type":"WebSite","@id":"http:\/\/test.valvex.com\/ro\/#website","url":"http:\/\/test.valvex.com\/ro\/","name":"Valvex","description":"Produc\u0103tor de instala\u021bii sanitare \u0219i sanitare","potentialAction":[{"@type":"SearchAction","target":{"@type":"EntryPoint","urlTemplate":"http:\/\/test.valvex.com\/ro\/?s={search_term_string}"},"query-input":"required name=search_term_string"}],"inLanguage":"ro-RO"}]}},"_links":{"self":[{"href":"http:\/\/test.valvex.com\/ro\/wp-json\/wp\/v2\/pages\/68640","targetHints":{"allow":["GET"]}}],"collection":[{"href":"http:\/\/test.valvex.com\/ro\/wp-json\/wp\/v2\/pages"}],"about":[{"href":"http:\/\/test.valvex.com\/ro\/wp-json\/wp\/v2\/types\/page"}],"author":[{"embeddable":true,"href":"http:\/\/test.valvex.com\/ro\/wp-json\/wp\/v2\/users\/12"}],"replies":[{"embeddable":true,"href":"http:\/\/test.valvex.com\/ro\/wp-json\/wp\/v2\/comments?post=68640"}],"version-history":[{"count":3,"href":"http:\/\/test.valvex.com\/ro\/wp-json\/wp\/v2\/pages\/68640\/revisions"}],"predecessor-version":[{"id":71590,"href":"http:\/\/test.valvex.com\/ro\/wp-json\/wp\/v2\/pages\/68640\/revisions\/71590"}],"wp:featuredmedia":[{"embeddable":true,"href":"http:\/\/test.valvex.com\/ro\/wp-json\/wp\/v2\/media\/68641"}],"wp:attachment":[{"href":"http:\/\/test.valvex.com\/ro\/wp-json\/wp\/v2\/media?parent=68640"}],"curies":[{"name":"wp","href":"https:\/\/api.w.org\/{rel}","templated":true}]}}