{"id":68218,"date":"2022-01-03T12:47:45","date_gmt":"2022-01-03T11:47:45","guid":{"rendered":"http:\/\/test.valvex.com\/lazienka\/"},"modified":"2024-04-19T14:36:26","modified_gmt":"2024-04-19T12:36:26","slug":"baie","status":"publish","type":"page","link":"http:\/\/test.valvex.com\/ro\/baie\/","title":{"rendered":"Baie"},"content":{"rendered":"\n<p><\/p>\n\n\n\n<h3 class=\"wp-block-heading\"><strong>Baia \u2013 refugiul dumneavoastr\u0103 intim<\/strong><\/h3>\n\n\n\n<p>Baia reprezint\u0103 un spa\u021biu deosebit \u00een locuin\u021ba dumneavoastr\u0103. Aceasta serve\u0219te \u00een principal asigur\u0103rii igienei, \u00eens\u0103 poate fi \u0219i un refugiu minunat \u00een care pute\u021bi sc\u0103pa de agita\u021bia zilei. Atunci c\u00e2nd o amenaj\u0103m \u00een culori, texturi \u0219i materiale care ne reflect\u0103 optim propriul sim\u021b estetic, baia ne va \u00eenv\u0103lui \u00eentr-o senza\u021bie de intimitate, lini\u0219te \u0219i relaxare. Descoperi\u021bi gama de produse de baie Valvex \u0219i opta\u021bi pentru robinete \u0219i du\u0219uri care vor conferi un caracter unic b\u0103ii dumneavoastr\u0103.<\/p>\n\n\n\n<p><\/p>\n","protected":false},"excerpt":{"rendered":"<p>Baia \u2013 refugiul dumneavoastr\u0103 intim Baia reprezint\u0103 un spa\u021biu deosebit \u00een locuin\u021ba dumneavoastr\u0103. Aceasta serve\u0219te \u00een principal asigur\u0103rii igienei, \u00eens\u0103 poate fi \u0219i un refugiu minunat \u00een care pute\u021bi sc\u0103pa de agita\u021bia zilei. Atunci c\u00e2nd o amenaj\u0103m \u00een culori, texturi \u0219i materiale care ne reflect\u0103 optim propriul sim\u021b estetic, baia ne va \u00eenv\u0103lui \u00eentr-o senza\u021bie [&hellip;]<\/p>\n","protected":false},"author":12,"featured_media":69160,"parent":0,"menu_order":131,"comment_status":"closed","ping_status":"closed","template":"page-grupa-produktow.php","meta":{"_acf_changed":false,"footnotes":""},"class_list":["post-68218","page","type-page","status-publish","has-post-thumbnail","hentry"],"acf":[],"yoast_head":"<!-- This site is optimized with the Yoast SEO plugin v22.2 - https:\/\/yoast.com\/wordpress\/plugins\/seo\/ -->\n<title>Baie - Valvex<\/title>\n<meta name=\"robots\" content=\"index, follow, max-snippet:-1, max-image-preview:large, max-video-preview:-1\" \/>\n<link rel=\"canonical\" href=\"http:\/\/test.valvex.com\/ro\/baie\/\" \/>\n<meta property=\"og:locale\" content=\"ro_RO\" \/>\n<meta property=\"og:type\" content=\"article\" \/>\n<meta property=\"og:title\" content=\"Baie - Valvex\" \/>\n<meta property=\"og:description\" content=\"Baia \u2013 refugiul dumneavoastr\u0103 intim Baia reprezint\u0103 un spa\u021biu deosebit \u00een locuin\u021ba dumneavoastr\u0103. Aceasta serve\u0219te \u00een principal asigur\u0103rii igienei, \u00eens\u0103 poate fi \u0219i un refugiu minunat \u00een care pute\u021bi sc\u0103pa de agita\u021bia zilei. Atunci c\u00e2nd o amenaj\u0103m \u00een culori, texturi \u0219i materiale care ne reflect\u0103 optim propriul sim\u021b estetic, baia ne va \u00eenv\u0103lui \u00eentr-o senza\u021bie [&hellip;]\" \/>\n<meta property=\"og:url\" content=\"http:\/\/test.valvex.com\/ro\/baie\/\" \/>\n<meta property=\"og:site_name\" content=\"Valvex\" \/>\n<meta property=\"article:modified_time\" content=\"2024-04-19T12:36:26+00:00\" \/>\n<meta property=\"og:image\" content=\"http:\/\/test.valvex.com\/wp-content\/uploads\/2024\/01\/Header_baterie-lazienki-1024x164.png\" \/>\n\t<meta property=\"og:image:width\" content=\"1024\" \/>\n\t<meta property=\"og:image:height\" content=\"164\" \/>\n\t<meta property=\"og:image:type\" content=\"image\/png\" \/>\n<meta name=\"twitter:card\" content=\"summary_large_image\" \/>\n<meta name=\"twitter:label1\" content=\"Timp estimat pentru citire\" \/>\n\t<meta name=\"twitter:data1\" content=\"1 minut\" \/>\n<script type=\"application\/ld+json\" class=\"yoast-schema-graph\">{\"@context\":\"https:\/\/schema.org\",\"@graph\":[{\"@type\":\"WebPage\",\"@id\":\"http:\/\/test.valvex.com\/ro\/baie\/\",\"url\":\"http:\/\/test.valvex.com\/ro\/baie\/\",\"name\":\"Baie - Valvex\",\"isPartOf\":{\"@id\":\"http:\/\/test.valvex.com\/ro\/#website\"},\"primaryImageOfPage\":{\"@id\":\"http:\/\/test.valvex.com\/ro\/baie\/#primaryimage\"},\"image\":{\"@id\":\"http:\/\/test.valvex.com\/ro\/baie\/#primaryimage\"},\"thumbnailUrl\":\"http:\/\/test.valvex.com\/wp-content\/uploads\/2024\/01\/Header_baterie-lazienki.png\",\"datePublished\":\"2022-01-03T11:47:45+00:00\",\"dateModified\":\"2024-04-19T12:36:26+00:00\",\"breadcrumb\":{\"@id\":\"http:\/\/test.valvex.com\/ro\/baie\/#breadcrumb\"},\"inLanguage\":\"ro-RO\",\"potentialAction\":[{\"@type\":\"ReadAction\",\"target\":[\"http:\/\/test.valvex.com\/ro\/baie\/\"]}]},{\"@type\":\"ImageObject\",\"inLanguage\":\"ro-RO\",\"@id\":\"http:\/\/test.valvex.com\/ro\/baie\/#primaryimage\",\"url\":\"http:\/\/test.valvex.com\/wp-content\/uploads\/2024\/01\/Header_baterie-lazienki.png\",\"contentUrl\":\"http:\/\/test.valvex.com\/wp-content\/uploads\/2024\/01\/Header_baterie-lazienki.png\",\"width\":2400,\"height\":384},{\"@type\":\"BreadcrumbList\",\"@id\":\"http:\/\/test.valvex.com\/ro\/baie\/#breadcrumb\",\"itemListElement\":[{\"@type\":\"ListItem\",\"position\":1,\"name\":\"Strona g\u0142\u00f3wna\",\"item\":\"http:\/\/test.valvex.com\/ro\/\"},{\"@type\":\"ListItem\",\"position\":2,\"name\":\"Baie\"}]},{\"@type\":\"WebSite\",\"@id\":\"http:\/\/test.valvex.com\/ro\/#website\",\"url\":\"http:\/\/test.valvex.com\/ro\/\",\"name\":\"Valvex\",\"description\":\"Produc\u0103tor de instala\u021bii sanitare \u0219i sanitare\",\"potentialAction\":[{\"@type\":\"SearchAction\",\"target\":{\"@type\":\"EntryPoint\",\"urlTemplate\":\"http:\/\/test.valvex.com\/ro\/?s={search_term_string}\"},\"query-input\":\"required name=search_term_string\"}],\"inLanguage\":\"ro-RO\"}]}<\/script>\n<!-- \/ Yoast SEO plugin. -->","yoast_head_json":{"title":"Baie - Valvex","robots":{"index":"index","follow":"follow","max-snippet":"max-snippet:-1","max-image-preview":"max-image-preview:large","max-video-preview":"max-video-preview:-1"},"canonical":"http:\/\/test.valvex.com\/ro\/baie\/","og_locale":"ro_RO","og_type":"article","og_title":"Baie - Valvex","og_description":"Baia \u2013 refugiul dumneavoastr\u0103 intim Baia reprezint\u0103 un spa\u021biu deosebit \u00een locuin\u021ba dumneavoastr\u0103. Aceasta serve\u0219te \u00een principal asigur\u0103rii igienei, \u00eens\u0103 poate fi \u0219i un refugiu minunat \u00een care pute\u021bi sc\u0103pa de agita\u021bia zilei. Atunci c\u00e2nd o amenaj\u0103m \u00een culori, texturi \u0219i materiale care ne reflect\u0103 optim propriul sim\u021b estetic, baia ne va \u00eenv\u0103lui \u00eentr-o senza\u021bie [&hellip;]","og_url":"http:\/\/test.valvex.com\/ro\/baie\/","og_site_name":"Valvex","article_modified_time":"2024-04-19T12:36:26+00:00","og_image":[{"width":1024,"height":164,"url":"http:\/\/test.valvex.com\/wp-content\/uploads\/2024\/01\/Header_baterie-lazienki-1024x164.png","type":"image\/png"}],"twitter_card":"summary_large_image","twitter_misc":{"Timp estimat pentru citire":"1 minut"},"schema":{"@context":"https:\/\/schema.org","@graph":[{"@type":"WebPage","@id":"http:\/\/test.valvex.com\/ro\/baie\/","url":"http:\/\/test.valvex.com\/ro\/baie\/","name":"Baie - Valvex","isPartOf":{"@id":"http:\/\/test.valvex.com\/ro\/#website"},"primaryImageOfPage":{"@id":"http:\/\/test.valvex.com\/ro\/baie\/#primaryimage"},"image":{"@id":"http:\/\/test.valvex.com\/ro\/baie\/#primaryimage"},"thumbnailUrl":"http:\/\/test.valvex.com\/wp-content\/uploads\/2024\/01\/Header_baterie-lazienki.png","datePublished":"2022-01-03T11:47:45+00:00","dateModified":"2024-04-19T12:36:26+00:00","breadcrumb":{"@id":"http:\/\/test.valvex.com\/ro\/baie\/#breadcrumb"},"inLanguage":"ro-RO","potentialAction":[{"@type":"ReadAction","target":["http:\/\/test.valvex.com\/ro\/baie\/"]}]},{"@type":"ImageObject","inLanguage":"ro-RO","@id":"http:\/\/test.valvex.com\/ro\/baie\/#primaryimage","url":"http:\/\/test.valvex.com\/wp-content\/uploads\/2024\/01\/Header_baterie-lazienki.png","contentUrl":"http:\/\/test.valvex.com\/wp-content\/uploads\/2024\/01\/Header_baterie-lazienki.png","width":2400,"height":384},{"@type":"BreadcrumbList","@id":"http:\/\/test.valvex.com\/ro\/baie\/#breadcrumb","itemListElement":[{"@type":"ListItem","position":1,"name":"Strona g\u0142\u00f3wna","item":"http:\/\/test.valvex.com\/ro\/"},{"@type":"ListItem","position":2,"name":"Baie"}]},{"@type":"WebSite","@id":"http:\/\/test.valvex.com\/ro\/#website","url":"http:\/\/test.valvex.com\/ro\/","name":"Valvex","description":"Produc\u0103tor de instala\u021bii sanitare \u0219i sanitare","potentialAction":[{"@type":"SearchAction","target":{"@type":"EntryPoint","urlTemplate":"http:\/\/test.valvex.com\/ro\/?s={search_term_string}"},"query-input":"required name=search_term_string"}],"inLanguage":"ro-RO"}]}},"_links":{"self":[{"href":"http:\/\/test.valvex.com\/ro\/wp-json\/wp\/v2\/pages\/68218","targetHints":{"allow":["GET"]}}],"collection":[{"href":"http:\/\/test.valvex.com\/ro\/wp-json\/wp\/v2\/pages"}],"about":[{"href":"http:\/\/test.valvex.com\/ro\/wp-json\/wp\/v2\/types\/page"}],"author":[{"embeddable":true,"href":"http:\/\/test.valvex.com\/ro\/wp-json\/wp\/v2\/users\/12"}],"replies":[{"embeddable":true,"href":"http:\/\/test.valvex.com\/ro\/wp-json\/wp\/v2\/comments?post=68218"}],"version-history":[{"count":2,"href":"http:\/\/test.valvex.com\/ro\/wp-json\/wp\/v2\/pages\/68218\/revisions"}],"predecessor-version":[{"id":71534,"href":"http:\/\/test.valvex.com\/ro\/wp-json\/wp\/v2\/pages\/68218\/revisions\/71534"}],"wp:featuredmedia":[{"embeddable":true,"href":"http:\/\/test.valvex.com\/ro\/wp-json\/wp\/v2\/media\/69160"}],"wp:attachment":[{"href":"http:\/\/test.valvex.com\/ro\/wp-json\/wp\/v2\/media?parent=68218"}],"curies":[{"name":"wp","href":"https:\/\/api.w.org\/{rel}","templated":true}]}}