{"id":68156,"date":"2022-03-20T22:18:46","date_gmt":"2022-03-20T21:18:46","guid":{"rendered":"http:\/\/test.valvex.com\/dla-dystrybutora\/"},"modified":"2024-04-24T15:23:05","modified_gmt":"2024-04-24T13:23:05","slug":"pentru-distribuitor","status":"publish","type":"page","link":"http:\/\/test.valvex.com\/ro\/zona-profesionala\/pentru-distribuitor\/pentru-distribuitor\/","title":{"rendered":"Pentru distribuitor"},"content":{"rendered":"\n<div class=\"wp-block-columns is-layout-flex wp-container-core-columns-is-layout-9d6595d7 wp-block-columns-is-layout-flex\">\n<div class=\"wp-block-column is-layout-flow wp-block-column-is-layout-flow\" style=\"flex-basis:66.66%\">\n<p>Ne concentr\u0103m angajamentul \u0219i energia \u00een produc\u021bie. Ne dorim ca produsele noastre s\u0103 fie de cea mai \u00eenalt\u0103 calitate \u0219i s\u0103 respecte toate cerin\u021bele pie\u021bei &#8211; de la design inovator la durabilitate pe termen lung p\u00e2n\u0103 la design estetic. \u00cen calitate de companie, nu vindem direct &#8211; aten\u021bia noastr\u0103 este \u00eendreptat\u0103 spre ceea ce \u0219tim s\u0103 facem cel mai bine. \u00cens\u0103 ne dorim ca toate utiliz\u0103rile produselor noastre de c\u0103tre un client s\u0103 fie satisf\u0103c\u0103toare pentru acesta. Lucr\u0103m cu cei mai buni angrosi\u0219ti \u0219i cu cele mai bune magazine de calitatea \u0219i precizia c\u0103rora nu am fost nicic\u00e2nd dezam\u0103gi\u021bi.<\/p>\n\n\n\n<p>Ne dorim ca rela\u021biile noastre s\u0103 fie reu\u0219ite \u0219i ca obiectivul nostru comun s\u0103 fie c\u00e2t mai u\u0219or realizabil. La r\u00e2ndul nostru, sus\u021binem at\u00e2t distribuitorii cu care colabor\u0103m pe termen lung, c\u00e2t \u0219i profesioni\u0219tii afla\u021bi la \u00eenceput de drum \u0219i care au nevoie de sprijin semnificativ la v\u00e2nzarea produselor noastre.<\/p>\n\n\n\n<p>Inten\u021bion\u0103m s\u0103 v\u0103 \u00eenlesnim familiarizarea cu gamele noastre de produse \u0219i cu detaliile fiec\u0103rui produs \u00een parte \u0219i dorim ca dumneavoastr\u0103 s\u0103 g\u0103si\u021bi datele necesare \u00eentr-un singur loc, \u00eentr-o form\u0103 accesibil\u0103 \u0219i condensat\u0103. \u00a0\u00cen sec\u021biunea distribuitorilor ve\u021bi g\u0103si materiale de v\u00e2nzare, oferte noi \u0219i recomand\u0103ri privind utilizarea produselor noastre.<\/p>\n\n\n\n<p>Pe site-ul nostru ve\u021bi g\u0103si toate informa\u021biile care v\u0103 vor u\u0219ura munca de zi cu zi &#8211; oferte speciale pentru distribuitori, o hart\u0103 pe care sunt marcate zonele de operare ale reprezentan\u021bilor no\u0219tri de v\u00e2nz\u0103ri, date de contact \u0219i fi\u0219iere necesare pentru desc\u0103rcare. Nu uita\u021bi s\u0103 verifica\u021bi:<\/p>\n\n\n\n<ul class=\"wp-block-list\">\n<li><strong>Promo\u021bii \u0219i carduri de v\u00e2nzare<\/strong> \u2013 Aici se reg\u0103sesc oferte speciale s\u0103pt\u0103m\u00e2nale preg\u0103tite pentru distribuitori. Nu rata\u021bi ocazia, pentru c\u0103 v\u0103 preg\u0103tim ceva nou \u00een fiecare luni.<\/li>\n\n\n\n<li><strong>Motor de c\u0103utare de produse<\/strong> \u2013 Cu ajutorul acestuia, pute\u021bi g\u0103si produsele noastre dup\u0103 cod, denumire \u0219i chiar culoare.<\/li>\n\n\n\n<li><strong>Fi\u0219iere desc\u0103rcabile<\/strong> \u2013 Toate desenele tehnice, modelele 3D, listele de pre\u021buri \u0219i cataloagele necesare preg\u0103tite pentru desc\u0103rcare \u0219i utilizare.<\/li>\n\n\n\n<li><strong>Harta comercian\u021bilor<\/strong> &#8211; \u00cemp\u0103r\u021birea \u00een voievodate \u0219i jude\u021be \u00eenlesne\u0219te g\u0103sirea unui reprezentant de v\u00e2nz\u0103ri care deserve\u0219te regiunea \u00een care v\u0103 desf\u0103\u0219ura\u021bi activitatea \u0219i \u00een care v\u0103 ave\u021bi domiciliul.<\/li>\n\n\n\n<li><strong>Formular de contact din fila Contact<\/strong> &#8211; Dac\u0103 ave\u021bi \u00eentreb\u0103ri suplimentare sau nel\u0103muriri ori dac\u0103 ave\u021bi nevoie de informa\u021bii pe care nu le g\u0103si\u021bi pe site &#8211; scrie\u021bi-ne. V\u0103 vom oferi cu pl\u0103cere asisten\u021b\u0103 la rezolvarea oric\u0103rei probleme, \u00een termen de 24 de ore. <\/li>\n<\/ul>\n\n\n\n<p>\u00a0Pentru a afla mai multe, accesa\u021bi celelalte file.<\/p>\n<\/div>\n\n\n\n<div class=\"wp-block-column is-layout-flow wp-block-column-is-layout-flow\" style=\"flex-basis:33.33%\"><\/div>\n<\/div>\n","protected":false},"excerpt":{"rendered":"<p>Ne concentr\u0103m angajamentul \u0219i energia \u00een produc\u021bie. Ne dorim ca produsele noastre s\u0103 fie de cea mai \u00eenalt\u0103 calitate \u0219i s\u0103 respecte toate cerin\u021bele pie\u021bei &#8211; de la design inovator la durabilitate pe termen lung p\u00e2n\u0103 la design estetic. \u00cen calitate de companie, nu vindem direct &#8211; aten\u021bia noastr\u0103 este \u00eendreptat\u0103 spre ceea ce \u0219tim [&hellip;]<\/p>\n","protected":false},"author":12,"featured_media":70459,"parent":69054,"menu_order":208,"comment_status":"closed","ping_status":"closed","template":"","meta":{"_acf_changed":false,"footnotes":""},"class_list":["post-68156","page","type-page","status-publish","has-post-thumbnail","hentry"],"acf":[],"yoast_head":"<!-- This site is optimized with the Yoast SEO plugin v22.2 - https:\/\/yoast.com\/wordpress\/plugins\/seo\/ -->\n<title>Pentru distribuitor - Valvex<\/title>\n<meta name=\"robots\" content=\"index, follow, max-snippet:-1, max-image-preview:large, max-video-preview:-1\" \/>\n<link rel=\"canonical\" href=\"http:\/\/test.valvex.com\/ro\/zona-profesionala\/pentru-distribuitor\/pentru-distribuitor\/\" \/>\n<meta property=\"og:locale\" content=\"ro_RO\" \/>\n<meta property=\"og:type\" content=\"article\" \/>\n<meta property=\"og:title\" content=\"Pentru distribuitor - Valvex\" \/>\n<meta property=\"og:description\" content=\"Ne concentr\u0103m angajamentul \u0219i energia \u00een produc\u021bie. Ne dorim ca produsele noastre s\u0103 fie de cea mai \u00eenalt\u0103 calitate \u0219i s\u0103 respecte toate cerin\u021bele pie\u021bei &#8211; de la design inovator la durabilitate pe termen lung p\u00e2n\u0103 la design estetic. \u00cen calitate de companie, nu vindem direct &#8211; aten\u021bia noastr\u0103 este \u00eendreptat\u0103 spre ceea ce \u0219tim [&hellip;]\" \/>\n<meta property=\"og:url\" content=\"http:\/\/test.valvex.com\/ro\/zona-profesionala\/pentru-distribuitor\/pentru-distribuitor\/\" \/>\n<meta property=\"og:site_name\" content=\"Valvex\" \/>\n<meta property=\"article:modified_time\" content=\"2024-04-24T13:23:05+00:00\" \/>\n<meta property=\"og:image\" content=\"http:\/\/test.valvex.com\/wp-content\/uploads\/2024\/03\/Header_WODA-1.png\" \/>\n\t<meta property=\"og:image:width\" content=\"2400\" \/>\n\t<meta property=\"og:image:height\" content=\"384\" \/>\n\t<meta property=\"og:image:type\" content=\"image\/png\" \/>\n<meta name=\"twitter:card\" content=\"summary_large_image\" \/>\n<meta name=\"twitter:label1\" content=\"Timp estimat pentru citire\" \/>\n\t<meta name=\"twitter:data1\" content=\"3 minute\" \/>\n<script type=\"application\/ld+json\" class=\"yoast-schema-graph\">{\"@context\":\"https:\/\/schema.org\",\"@graph\":[{\"@type\":\"WebPage\",\"@id\":\"http:\/\/test.valvex.com\/ro\/zona-profesionala\/pentru-distribuitor\/pentru-distribuitor\/\",\"url\":\"http:\/\/test.valvex.com\/ro\/zona-profesionala\/pentru-distribuitor\/pentru-distribuitor\/\",\"name\":\"Pentru distribuitor - Valvex\",\"isPartOf\":{\"@id\":\"http:\/\/test.valvex.com\/ro\/#website\"},\"primaryImageOfPage\":{\"@id\":\"http:\/\/test.valvex.com\/ro\/zona-profesionala\/pentru-distribuitor\/pentru-distribuitor\/#primaryimage\"},\"image\":{\"@id\":\"http:\/\/test.valvex.com\/ro\/zona-profesionala\/pentru-distribuitor\/pentru-distribuitor\/#primaryimage\"},\"thumbnailUrl\":\"http:\/\/test.valvex.com\/wp-content\/uploads\/2024\/03\/Header_WODA-1.png\",\"datePublished\":\"2022-03-20T21:18:46+00:00\",\"dateModified\":\"2024-04-24T13:23:05+00:00\",\"breadcrumb\":{\"@id\":\"http:\/\/test.valvex.com\/ro\/zona-profesionala\/pentru-distribuitor\/pentru-distribuitor\/#breadcrumb\"},\"inLanguage\":\"ro-RO\",\"potentialAction\":[{\"@type\":\"ReadAction\",\"target\":[\"http:\/\/test.valvex.com\/ro\/zona-profesionala\/pentru-distribuitor\/pentru-distribuitor\/\"]}]},{\"@type\":\"ImageObject\",\"inLanguage\":\"ro-RO\",\"@id\":\"http:\/\/test.valvex.com\/ro\/zona-profesionala\/pentru-distribuitor\/pentru-distribuitor\/#primaryimage\",\"url\":\"http:\/\/test.valvex.com\/wp-content\/uploads\/2024\/03\/Header_WODA-1.png\",\"contentUrl\":\"http:\/\/test.valvex.com\/wp-content\/uploads\/2024\/03\/Header_WODA-1.png\",\"width\":2400,\"height\":384},{\"@type\":\"BreadcrumbList\",\"@id\":\"http:\/\/test.valvex.com\/ro\/zona-profesionala\/pentru-distribuitor\/pentru-distribuitor\/#breadcrumb\",\"itemListElement\":[{\"@type\":\"ListItem\",\"position\":1,\"name\":\"Strona g\u0142\u00f3wna\",\"item\":\"http:\/\/test.valvex.com\/ro\/\"},{\"@type\":\"ListItem\",\"position\":2,\"name\":\"Zona Profesional\u0103\",\"item\":\"http:\/\/test.valvex.com\/ro\/zona-profesionala\/\"},{\"@type\":\"ListItem\",\"position\":3,\"name\":\"Pentru distribuitor\",\"item\":\"http:\/\/test.valvex.com\/ro\/strefa-profesjonalisty\/strefa-dystrybutora\/\"},{\"@type\":\"ListItem\",\"position\":4,\"name\":\"Pentru distribuitor\"}]},{\"@type\":\"WebSite\",\"@id\":\"http:\/\/test.valvex.com\/ro\/#website\",\"url\":\"http:\/\/test.valvex.com\/ro\/\",\"name\":\"Valvex\",\"description\":\"Produc\u0103tor de instala\u021bii sanitare \u0219i sanitare\",\"potentialAction\":[{\"@type\":\"SearchAction\",\"target\":{\"@type\":\"EntryPoint\",\"urlTemplate\":\"http:\/\/test.valvex.com\/ro\/?s={search_term_string}\"},\"query-input\":\"required name=search_term_string\"}],\"inLanguage\":\"ro-RO\"}]}<\/script>\n<!-- \/ Yoast SEO plugin. -->","yoast_head_json":{"title":"Pentru distribuitor - Valvex","robots":{"index":"index","follow":"follow","max-snippet":"max-snippet:-1","max-image-preview":"max-image-preview:large","max-video-preview":"max-video-preview:-1"},"canonical":"http:\/\/test.valvex.com\/ro\/zona-profesionala\/pentru-distribuitor\/pentru-distribuitor\/","og_locale":"ro_RO","og_type":"article","og_title":"Pentru distribuitor - Valvex","og_description":"Ne concentr\u0103m angajamentul \u0219i energia \u00een produc\u021bie. Ne dorim ca produsele noastre s\u0103 fie de cea mai \u00eenalt\u0103 calitate \u0219i s\u0103 respecte toate cerin\u021bele pie\u021bei &#8211; de la design inovator la durabilitate pe termen lung p\u00e2n\u0103 la design estetic. \u00cen calitate de companie, nu vindem direct &#8211; aten\u021bia noastr\u0103 este \u00eendreptat\u0103 spre ceea ce \u0219tim [&hellip;]","og_url":"http:\/\/test.valvex.com\/ro\/zona-profesionala\/pentru-distribuitor\/pentru-distribuitor\/","og_site_name":"Valvex","article_modified_time":"2024-04-24T13:23:05+00:00","og_image":[{"width":2400,"height":384,"url":"http:\/\/test.valvex.com\/wp-content\/uploads\/2024\/03\/Header_WODA-1.png","type":"image\/png"}],"twitter_card":"summary_large_image","twitter_misc":{"Timp estimat pentru citire":"3 minute"},"schema":{"@context":"https:\/\/schema.org","@graph":[{"@type":"WebPage","@id":"http:\/\/test.valvex.com\/ro\/zona-profesionala\/pentru-distribuitor\/pentru-distribuitor\/","url":"http:\/\/test.valvex.com\/ro\/zona-profesionala\/pentru-distribuitor\/pentru-distribuitor\/","name":"Pentru distribuitor - Valvex","isPartOf":{"@id":"http:\/\/test.valvex.com\/ro\/#website"},"primaryImageOfPage":{"@id":"http:\/\/test.valvex.com\/ro\/zona-profesionala\/pentru-distribuitor\/pentru-distribuitor\/#primaryimage"},"image":{"@id":"http:\/\/test.valvex.com\/ro\/zona-profesionala\/pentru-distribuitor\/pentru-distribuitor\/#primaryimage"},"thumbnailUrl":"http:\/\/test.valvex.com\/wp-content\/uploads\/2024\/03\/Header_WODA-1.png","datePublished":"2022-03-20T21:18:46+00:00","dateModified":"2024-04-24T13:23:05+00:00","breadcrumb":{"@id":"http:\/\/test.valvex.com\/ro\/zona-profesionala\/pentru-distribuitor\/pentru-distribuitor\/#breadcrumb"},"inLanguage":"ro-RO","potentialAction":[{"@type":"ReadAction","target":["http:\/\/test.valvex.com\/ro\/zona-profesionala\/pentru-distribuitor\/pentru-distribuitor\/"]}]},{"@type":"ImageObject","inLanguage":"ro-RO","@id":"http:\/\/test.valvex.com\/ro\/zona-profesionala\/pentru-distribuitor\/pentru-distribuitor\/#primaryimage","url":"http:\/\/test.valvex.com\/wp-content\/uploads\/2024\/03\/Header_WODA-1.png","contentUrl":"http:\/\/test.valvex.com\/wp-content\/uploads\/2024\/03\/Header_WODA-1.png","width":2400,"height":384},{"@type":"BreadcrumbList","@id":"http:\/\/test.valvex.com\/ro\/zona-profesionala\/pentru-distribuitor\/pentru-distribuitor\/#breadcrumb","itemListElement":[{"@type":"ListItem","position":1,"name":"Strona g\u0142\u00f3wna","item":"http:\/\/test.valvex.com\/ro\/"},{"@type":"ListItem","position":2,"name":"Zona Profesional\u0103","item":"http:\/\/test.valvex.com\/ro\/zona-profesionala\/"},{"@type":"ListItem","position":3,"name":"Pentru distribuitor","item":"http:\/\/test.valvex.com\/ro\/strefa-profesjonalisty\/strefa-dystrybutora\/"},{"@type":"ListItem","position":4,"name":"Pentru distribuitor"}]},{"@type":"WebSite","@id":"http:\/\/test.valvex.com\/ro\/#website","url":"http:\/\/test.valvex.com\/ro\/","name":"Valvex","description":"Produc\u0103tor de instala\u021bii sanitare \u0219i sanitare","potentialAction":[{"@type":"SearchAction","target":{"@type":"EntryPoint","urlTemplate":"http:\/\/test.valvex.com\/ro\/?s={search_term_string}"},"query-input":"required name=search_term_string"}],"inLanguage":"ro-RO"}]}},"_links":{"self":[{"href":"http:\/\/test.valvex.com\/ro\/wp-json\/wp\/v2\/pages\/68156","targetHints":{"allow":["GET"]}}],"collection":[{"href":"http:\/\/test.valvex.com\/ro\/wp-json\/wp\/v2\/pages"}],"about":[{"href":"http:\/\/test.valvex.com\/ro\/wp-json\/wp\/v2\/types\/page"}],"author":[{"embeddable":true,"href":"http:\/\/test.valvex.com\/ro\/wp-json\/wp\/v2\/users\/12"}],"replies":[{"embeddable":true,"href":"http:\/\/test.valvex.com\/ro\/wp-json\/wp\/v2\/comments?post=68156"}],"version-history":[{"count":2,"href":"http:\/\/test.valvex.com\/ro\/wp-json\/wp\/v2\/pages\/68156\/revisions"}],"predecessor-version":[{"id":71558,"href":"http:\/\/test.valvex.com\/ro\/wp-json\/wp\/v2\/pages\/68156\/revisions\/71558"}],"up":[{"embeddable":true,"href":"http:\/\/test.valvex.com\/ro\/wp-json\/wp\/v2\/pages\/69054"}],"wp:featuredmedia":[{"embeddable":true,"href":"http:\/\/test.valvex.com\/ro\/wp-json\/wp\/v2\/media\/70459"}],"wp:attachment":[{"href":"http:\/\/test.valvex.com\/ro\/wp-json\/wp\/v2\/media?parent=68156"}],"curies":[{"name":"wp","href":"https:\/\/api.w.org\/{rel}","templated":true}]}}