{"id":68006,"date":"2022-01-03T12:47:24","date_gmt":"2022-01-03T11:47:24","guid":{"rendered":"http:\/\/test.valvex.com\/o-nas\/kariera\/"},"modified":"2024-04-24T15:18:36","modified_gmt":"2024-04-24T13:18:36","slug":"cariera","status":"publish","type":"page","link":"http:\/\/test.valvex.com\/ro\/despre-noi\/cariera\/","title":{"rendered":"Carier\u0103"},"content":{"rendered":"\n<div style=\"height:30px\" aria-hidden=\"true\" class=\"wp-block-spacer\"><\/div>\n\n\n\n<div class=\"wp-block-columns is-layout-flex wp-container-core-columns-is-layout-9d6595d7 wp-block-columns-is-layout-flex\">\n<div class=\"wp-block-column is-layout-flow wp-block-column-is-layout-flow\" style=\"flex-basis:100%\">\n<p class=\"has-vivid-red-color has-text-color has-link-color wp-elements-bb9bdb23195b01c290f20b9f78940d73\"><strong>C<\/strong>ARIER\u0102<\/p>\n\n\n\n<h3 class=\"wp-block-heading\">De ce s\u0103 alege\u021bi Valvex S.A.?<\/h3>\n\n\n\n<hr class=\"wp-block-separator has-alpha-channel-opacity\"\/>\n\n\n\n<p>Valvex este o companie cu tradi\u021bie, cu activitate \u00een Ma\u0142opolska din 1970. Aici se g\u0103se\u0219te nucleul organiza\u021biei, aici este locul \u00een care acumul\u0103m experien\u021b\u0103, \u00eenv\u0103\u021b\u0103m \u0219i realiz\u0103m produse care sunt distribuite \u00een multe p\u0103r\u021bi ale lumii. \u00cempreun\u0103, ne str\u0103duim s\u0103 contribuim la progresul regiunii \u0219i s\u0103 angaj\u0103m oameni care doresc s\u0103 se dezvolte al\u0103turi de noi &#8211; \u00eentr-o companie polonez\u0103 care \u021binte\u0219te sus &#8211; dincolo de grani\u021be.<\/p>\n\n\n\n<p>La realizarea produselor de cea mai \u00eenalt\u0103 calitate, \u0219tim c\u0103 dou\u0103 aspecte reprezint\u0103 cheia succesului &#8211; materii prime adecvate \u0219i angaja\u021bi califica\u021bi \u0219i pasiona\u021bi de ceea ce fac. Datorit\u0103 lor, ne putem l\u0103uda cu o abordare creativ\u0103 a produselor, cu aten\u021bia deosebit\u0103 acordat\u0103 fiec\u0103rui detaliu, cu o rezolvare eficient\u0103 a fiec\u0103rei probleme ap\u0103rute \u0219i cu o abordare pozitiv\u0103 a clientului.<\/p>\n\n\n\n<p>Pentru c\u0103 \u0219tim acest lucru, dorim s\u0103 \u00eenv\u0103\u021b\u0103m \u00een fiecare zi mai multe despre ce \u00eenseamn\u0103 s\u0103 fim un angajator corect \u0219i implicat. Punem \u00een aplicare standarde \u00eenalte cu privire la respectarea drepturilor angaja\u021bilor, a politicii de angajare, dar \u0219i cu privire la organizarea condi\u021biilor de munc\u0103 sigure. Cre\u0103m un mediu de lucru favorabil dezvolt\u0103rii pasiunilor \u0219i talentelor angaja\u021bilor no\u0219tri, prin construirea unei atmosfere de sprijin \u0219i de asisten\u021b\u0103 reciproc\u0103. Suntem receptivi la nevoia de autorealizare a angaja\u021bilor \u0219i cre\u0103m condi\u021bii efective pentru deprinderea de noi competen\u021be &#8211; individual sau \u00een echipe \u00eentregi.&nbsp;<\/p>\n\n\n\n<p>C\u0103ut\u0103m persoane dornice s\u0103 fac\u0103 echip\u0103 bun\u0103 cu noi &#8211; persoane receptive la noi experien\u021be, la provoc\u0103ri \u0219i la construirea unei atmosfere pozitive \u00eempreun\u0103. Dac\u0103 ne \u00eemp\u0103rt\u0103\u0219i\u021bi valorile &#8211; \u00een\u021belege\u021bi ce \u00eenseamn\u0103 valoarea calit\u0103\u021bii \u00eenalte, respectul pentru produs \u0219i sim\u021bi\u021bi nevoia s\u0103 v\u0103 dezvolta\u021bi abilit\u0103\u021bile &#8211; veni\u021bi s\u0103 fi\u021bi al\u0103turi de noi. Haide\u021bi s\u0103 lucra\u021bi \u00eentr-o companie interna\u021bional\u0103 care \u0219i-a concentrat produc\u021bia local.<\/p>\n<\/div>\n<\/div>\n\n\n\n<div style=\"height:50px\" aria-hidden=\"true\" class=\"wp-block-spacer\"><\/div>\n\n\n\n<h3 class=\"wp-block-heading\">Valorile noastre<\/h3>\n\n\n\n<div style=\"height:30px\" aria-hidden=\"true\" class=\"wp-block-spacer\"><\/div>\n\n\n\n<p><\/p>\n\n\n\n<div class=\"wp-block-columns is-layout-flex wp-container-core-columns-is-layout-9d6595d7 wp-block-columns-is-layout-flex\">\n<div class=\"wp-block-column is-layout-flow wp-block-column-is-layout-flow\">\n<figure class=\"wp-block-image size-large is-resized\"><img loading=\"lazy\" decoding=\"async\" width=\"135\" height=\"110\" src=\"http:\/\/test.valvex.com\/wp-content\/uploads\/2022\/07\/praca-w-zespole.svg\" alt=\"\" class=\"wp-image-62984\" style=\"width:68px;height:56px\"\/><\/figure>\n\n\n\n<div style=\"height:30px\" aria-hidden=\"true\" class=\"wp-block-spacer\"><\/div>\n\n\n\n<h4 class=\"wp-block-heading has-text-align-left\">1. Munca \u00een echip\u0103<\/h4>\n\n\n\n<p>Munca \u00een echip\u0103 \u2013 Alc\u0103tuim echipe de persoane creative, competente, dornice s\u0103 \u00eenve\u021be \u0219i s\u0103 acumuleze experien\u021be noi. Principalul lor avantaj este reprezentat de sus\u021binerea reciproc\u0103 \u0219i de schimbul de idei, aspecte care \u00eembun\u0103t\u0103\u021besc calitatea muncii, activit\u0103\u021bile inovatoare \u0219i care sporesc competitivitatea companiei. Atunci c\u00e2nd ve\u021bi lucra cu noi, nu ve\u021bi fi l\u0103sat singur &#8211; ve\u021bi deveni un membru al unei echipe care v\u0103 va ajuta s\u0103 scoate\u021bi la iveal\u0103 tot ceea ce ave\u021bi mai bun.<\/p>\n<\/div>\n\n\n\n<div class=\"wp-block-column is-layout-flow wp-block-column-is-layout-flow\">\n<figure class=\"wp-block-image size-large is-resized\"><img loading=\"lazy\" decoding=\"async\" width=\"130\" height=\"130\" src=\"http:\/\/test.valvex.com\/wp-content\/uploads\/2022\/07\/wspolpraca.svg\" alt=\"\" class=\"wp-image-62985\" style=\"width:65px;height:65px\"\/><\/figure>\n\n\n\n<div style=\"height:30px\" aria-hidden=\"true\" class=\"wp-block-spacer\"><\/div>\n\n\n\n<h4 class=\"wp-block-heading has-text-align-left\">2. Cooperare \u0219i respect<\/h4>\n\n\n\n<p>Ac\u021bion\u0103m ca o echip\u0103 \u00een cadrul c\u0103reia sus\u021binerea reciproc\u0103, motiva\u021bia \u0219i asisten\u021ba efectiv\u0103 reprezint\u0103 baza activit\u0103\u021bilor de zi cu zi. \u00cen ansamblu, dorim s\u0103 avem un impact pozitiv asupra fiec\u0103rui angajat, iar creativitatea \u0219i angajamentul fiec\u0103ruia dintre voi au un impact pozitiv asupra noastr\u0103. Interac\u021biunile \u0219i respectul dovedit fa\u021b\u0103 de fiecare participant din cadrul organiza\u021biei constituie o for\u021b\u0103 vital\u0103 necesar\u0103 dezvolt\u0103rii.<\/p>\n<\/div>\n\n\n\n<div class=\"wp-block-column is-layout-flow wp-block-column-is-layout-flow\">\n<figure class=\"wp-block-image size-large is-resized\"><img loading=\"lazy\" decoding=\"async\" width=\"137\" height=\"115\" src=\"http:\/\/test.valvex.com\/wp-content\/uploads\/2022\/07\/satysfakcja.svg\" alt=\"\" class=\"wp-image-62986\" style=\"width:69px;height:58px\"\/><\/figure>\n\n\n\n<div style=\"height:30px\" aria-hidden=\"true\" class=\"wp-block-spacer\"><\/div>\n\n\n\n<h4 class=\"wp-block-heading has-text-align-left\">3. Satisfac\u021bia clientului<\/h4>\n\n\n\n<p>Ne cre\u0103m oferta pentru oameni &#8211; pentru satisfac\u021bia acestora, pentru utilizare pe termen lung \u0219i pentru \u00eemplinirea exigen\u021belor lor de natur\u0103 estetic\u0103. Ne dorim ca produsele noastre s\u0103 fie prezente \u00een numeroase \u00eenc\u0103peri \u0219i s\u0103 contribuie la crearea unei atmosfere confortabile \u0219i primitoare. Din acest motiv, ne str\u0103duim s\u0103 ne asigur\u0103m c\u0103 produsele noastre sunt de cea mai \u00eenalt\u0103 calitate \u0219i c\u0103 serviciul nostru de asisten\u021b\u0103 a clien\u021bilor nu las\u0103 nimic de dorit. Respect\u0103m timpul, cerin\u021bele \u0219i a\u0219tept\u0103rile clientului.<\/p>\n<\/div>\n<\/div>\n\n\n\n<div class=\"wp-block-columns is-layout-flex wp-container-core-columns-is-layout-9d6595d7 wp-block-columns-is-layout-flex\">\n<div class=\"wp-block-column is-layout-flow wp-block-column-is-layout-flow\">\n<figure class=\"wp-block-image size-large is-resized\"><img loading=\"lazy\" decoding=\"async\" width=\"124\" height=\"125\" src=\"http:\/\/test.valvex.com\/wp-content\/uploads\/2022\/07\/innowacyjnosc.svg\" alt=\"\" class=\"wp-image-62987\" style=\"width:62px;height:63px\"\/><\/figure>\n\n\n\n<div style=\"height:30px\" aria-hidden=\"true\" class=\"wp-block-spacer\"><\/div>\n\n\n\n<h4 class=\"wp-block-heading has-text-align-left\">4. Inova\u021bie<\/h4>\n\n\n\n<p>Lumea se schimb\u0103, iar noi dorim s\u0103 ne dezvolt\u0103m \u00een pas cu ea. Suntem con\u0219tien\u021bi c\u0103, \u00een domeniul nostru de activitate, solu\u021biile creative reprezint\u0103 o necesitate &#8211; designul modern, tehnologia \u0219i sistemele de economisire a apei sunt elementele dorite de clien\u021bii no\u0219tri. Ideile dumneavoastr\u0103 cu privire la metode inovatoare de rezolvare a problemelor constituie \u0219ansa noastr\u0103 de a le \u00eembun\u0103t\u0103\u021bi satisfac\u021bia.<\/p>\n<\/div>\n\n\n\n<div class=\"wp-block-column is-layout-flow wp-block-column-is-layout-flow\">\n<figure class=\"wp-block-image size-large is-resized\"><img loading=\"lazy\" decoding=\"async\" width=\"125\" height=\"127\" src=\"http:\/\/test.valvex.com\/wp-content\/uploads\/2022\/07\/komunikacja.svg\" alt=\"\" class=\"wp-image-62988\" style=\"width:63px;height:64px\"\/><\/figure>\n\n\n\n<div style=\"height:30px\" aria-hidden=\"true\" class=\"wp-block-spacer\"><\/div>\n\n\n\n<h4 class=\"wp-block-heading has-text-align-left\">5. Comunicare<\/h4>\n\n\n\n<p>Lucrul \u00eentr-o companie de dimensiunile noastre necesit\u0103 crearea unor structuri de comunicare adecvate. Ne dorim ca to\u021bi angaja\u021bii s\u0103 se bucure de acela\u0219i acces la informa\u021bii, indiferent de func\u021bia pe care o ocup\u0103. \u00cen plus, credem \u00eentr-o cultur\u0103 a exprim\u0103rii &#8211; \u00een exprimarea opiniilor critice construite adecvat, dar \u0219i a aprecierilor. Suntem con\u0219tien\u021bi de faptul c\u0103 o comunicare adecvat\u0103 \u00eentre angaja\u021bi \u00eembun\u0103t\u0103\u021be\u0219te procesele de rezolvare a problemelor \u0219i previne conflictele nejustificate.<\/p>\n<\/div>\n\n\n\n<div class=\"wp-block-column is-layout-flow wp-block-column-is-layout-flow\"><\/div>\n<\/div>\n\n\n\n<div style=\"height:60px\" aria-hidden=\"true\" class=\"wp-block-spacer\"><\/div>\n","protected":false},"excerpt":{"rendered":"<p>CARIER\u0102 De ce s\u0103 alege\u021bi Valvex S.A.? Valvex este o companie cu tradi\u021bie, cu activitate \u00een Ma\u0142opolska din 1970. Aici se g\u0103se\u0219te nucleul organiza\u021biei, aici este locul \u00een care acumul\u0103m experien\u021b\u0103, \u00eenv\u0103\u021b\u0103m \u0219i realiz\u0103m produse care sunt distribuite \u00een multe p\u0103r\u021bi ale lumii. \u00cempreun\u0103, ne str\u0103duim s\u0103 contribuim la progresul regiunii \u0219i s\u0103 angaj\u0103m oameni [&hellip;]<\/p>\n","protected":false},"author":12,"featured_media":68008,"parent":67825,"menu_order":176,"comment_status":"closed","ping_status":"closed","template":"page-kariera.php","meta":{"_acf_changed":false,"footnotes":""},"class_list":["post-68006","page","type-page","status-publish","has-post-thumbnail","hentry"],"acf":[],"yoast_head":"<!-- This site is optimized with the Yoast SEO plugin v22.2 - https:\/\/yoast.com\/wordpress\/plugins\/seo\/ -->\n<title>Carier\u0103 - Valvex<\/title>\n<meta name=\"robots\" content=\"index, follow, max-snippet:-1, max-image-preview:large, max-video-preview:-1\" \/>\n<link rel=\"canonical\" href=\"http:\/\/test.valvex.com\/ro\/despre-noi\/cariera\/\" \/>\n<meta property=\"og:locale\" content=\"ro_RO\" \/>\n<meta property=\"og:type\" content=\"article\" \/>\n<meta property=\"og:title\" content=\"Carier\u0103 - Valvex\" \/>\n<meta property=\"og:description\" content=\"CARIER\u0102 De ce s\u0103 alege\u021bi Valvex S.A.? Valvex este o companie cu tradi\u021bie, cu activitate \u00een Ma\u0142opolska din 1970. Aici se g\u0103se\u0219te nucleul organiza\u021biei, aici este locul \u00een care acumul\u0103m experien\u021b\u0103, \u00eenv\u0103\u021b\u0103m \u0219i realiz\u0103m produse care sunt distribuite \u00een multe p\u0103r\u021bi ale lumii. \u00cempreun\u0103, ne str\u0103duim s\u0103 contribuim la progresul regiunii \u0219i s\u0103 angaj\u0103m oameni [&hellip;]\" \/>\n<meta property=\"og:url\" content=\"http:\/\/test.valvex.com\/ro\/despre-noi\/cariera\/\" \/>\n<meta property=\"og:site_name\" content=\"Valvex\" \/>\n<meta property=\"article:modified_time\" content=\"2024-04-24T13:18:36+00:00\" \/>\n<meta property=\"og:image\" content=\"http:\/\/test.valvex.com\/wp-content\/uploads\/2022\/08\/Baner-Kariera-1.png\" \/>\n\t<meta property=\"og:image:width\" content=\"2400\" \/>\n\t<meta property=\"og:image:height\" content=\"316\" \/>\n\t<meta property=\"og:image:type\" content=\"image\/png\" \/>\n<meta name=\"twitter:card\" content=\"summary_large_image\" \/>\n<meta name=\"twitter:label1\" content=\"Timp estimat pentru citire\" \/>\n\t<meta name=\"twitter:data1\" content=\"6 minute\" \/>\n<script type=\"application\/ld+json\" class=\"yoast-schema-graph\">{\"@context\":\"https:\/\/schema.org\",\"@graph\":[{\"@type\":\"WebPage\",\"@id\":\"http:\/\/test.valvex.com\/ro\/despre-noi\/cariera\/\",\"url\":\"http:\/\/test.valvex.com\/ro\/despre-noi\/cariera\/\",\"name\":\"Carier\u0103 - Valvex\",\"isPartOf\":{\"@id\":\"http:\/\/test.valvex.com\/ro\/#website\"},\"primaryImageOfPage\":{\"@id\":\"http:\/\/test.valvex.com\/ro\/despre-noi\/cariera\/#primaryimage\"},\"image\":{\"@id\":\"http:\/\/test.valvex.com\/ro\/despre-noi\/cariera\/#primaryimage\"},\"thumbnailUrl\":\"http:\/\/test.valvex.com\/wp-content\/uploads\/2022\/08\/Baner-Kariera-1.png\",\"datePublished\":\"2022-01-03T11:47:24+00:00\",\"dateModified\":\"2024-04-24T13:18:36+00:00\",\"breadcrumb\":{\"@id\":\"http:\/\/test.valvex.com\/ro\/despre-noi\/cariera\/#breadcrumb\"},\"inLanguage\":\"ro-RO\",\"potentialAction\":[{\"@type\":\"ReadAction\",\"target\":[\"http:\/\/test.valvex.com\/ro\/despre-noi\/cariera\/\"]}]},{\"@type\":\"ImageObject\",\"inLanguage\":\"ro-RO\",\"@id\":\"http:\/\/test.valvex.com\/ro\/despre-noi\/cariera\/#primaryimage\",\"url\":\"http:\/\/test.valvex.com\/wp-content\/uploads\/2022\/08\/Baner-Kariera-1.png\",\"contentUrl\":\"http:\/\/test.valvex.com\/wp-content\/uploads\/2022\/08\/Baner-Kariera-1.png\",\"width\":2400,\"height\":316},{\"@type\":\"BreadcrumbList\",\"@id\":\"http:\/\/test.valvex.com\/ro\/despre-noi\/cariera\/#breadcrumb\",\"itemListElement\":[{\"@type\":\"ListItem\",\"position\":1,\"name\":\"Strona g\u0142\u00f3wna\",\"item\":\"http:\/\/test.valvex.com\/ro\/\"},{\"@type\":\"ListItem\",\"position\":2,\"name\":\"Despre noi\",\"item\":\"http:\/\/test.valvex.com\/ro\/o-nas\/\"},{\"@type\":\"ListItem\",\"position\":3,\"name\":\"Carier\u0103\"}]},{\"@type\":\"WebSite\",\"@id\":\"http:\/\/test.valvex.com\/ro\/#website\",\"url\":\"http:\/\/test.valvex.com\/ro\/\",\"name\":\"Valvex\",\"description\":\"Produc\u0103tor de instala\u021bii sanitare \u0219i sanitare\",\"potentialAction\":[{\"@type\":\"SearchAction\",\"target\":{\"@type\":\"EntryPoint\",\"urlTemplate\":\"http:\/\/test.valvex.com\/ro\/?s={search_term_string}\"},\"query-input\":\"required name=search_term_string\"}],\"inLanguage\":\"ro-RO\"}]}<\/script>\n<!-- \/ Yoast SEO plugin. -->","yoast_head_json":{"title":"Carier\u0103 - Valvex","robots":{"index":"index","follow":"follow","max-snippet":"max-snippet:-1","max-image-preview":"max-image-preview:large","max-video-preview":"max-video-preview:-1"},"canonical":"http:\/\/test.valvex.com\/ro\/despre-noi\/cariera\/","og_locale":"ro_RO","og_type":"article","og_title":"Carier\u0103 - Valvex","og_description":"CARIER\u0102 De ce s\u0103 alege\u021bi Valvex S.A.? Valvex este o companie cu tradi\u021bie, cu activitate \u00een Ma\u0142opolska din 1970. Aici se g\u0103se\u0219te nucleul organiza\u021biei, aici este locul \u00een care acumul\u0103m experien\u021b\u0103, \u00eenv\u0103\u021b\u0103m \u0219i realiz\u0103m produse care sunt distribuite \u00een multe p\u0103r\u021bi ale lumii. \u00cempreun\u0103, ne str\u0103duim s\u0103 contribuim la progresul regiunii \u0219i s\u0103 angaj\u0103m oameni [&hellip;]","og_url":"http:\/\/test.valvex.com\/ro\/despre-noi\/cariera\/","og_site_name":"Valvex","article_modified_time":"2024-04-24T13:18:36+00:00","og_image":[{"width":2400,"height":316,"url":"http:\/\/test.valvex.com\/wp-content\/uploads\/2022\/08\/Baner-Kariera-1.png","type":"image\/png"}],"twitter_card":"summary_large_image","twitter_misc":{"Timp estimat pentru citire":"6 minute"},"schema":{"@context":"https:\/\/schema.org","@graph":[{"@type":"WebPage","@id":"http:\/\/test.valvex.com\/ro\/despre-noi\/cariera\/","url":"http:\/\/test.valvex.com\/ro\/despre-noi\/cariera\/","name":"Carier\u0103 - Valvex","isPartOf":{"@id":"http:\/\/test.valvex.com\/ro\/#website"},"primaryImageOfPage":{"@id":"http:\/\/test.valvex.com\/ro\/despre-noi\/cariera\/#primaryimage"},"image":{"@id":"http:\/\/test.valvex.com\/ro\/despre-noi\/cariera\/#primaryimage"},"thumbnailUrl":"http:\/\/test.valvex.com\/wp-content\/uploads\/2022\/08\/Baner-Kariera-1.png","datePublished":"2022-01-03T11:47:24+00:00","dateModified":"2024-04-24T13:18:36+00:00","breadcrumb":{"@id":"http:\/\/test.valvex.com\/ro\/despre-noi\/cariera\/#breadcrumb"},"inLanguage":"ro-RO","potentialAction":[{"@type":"ReadAction","target":["http:\/\/test.valvex.com\/ro\/despre-noi\/cariera\/"]}]},{"@type":"ImageObject","inLanguage":"ro-RO","@id":"http:\/\/test.valvex.com\/ro\/despre-noi\/cariera\/#primaryimage","url":"http:\/\/test.valvex.com\/wp-content\/uploads\/2022\/08\/Baner-Kariera-1.png","contentUrl":"http:\/\/test.valvex.com\/wp-content\/uploads\/2022\/08\/Baner-Kariera-1.png","width":2400,"height":316},{"@type":"BreadcrumbList","@id":"http:\/\/test.valvex.com\/ro\/despre-noi\/cariera\/#breadcrumb","itemListElement":[{"@type":"ListItem","position":1,"name":"Strona g\u0142\u00f3wna","item":"http:\/\/test.valvex.com\/ro\/"},{"@type":"ListItem","position":2,"name":"Despre noi","item":"http:\/\/test.valvex.com\/ro\/o-nas\/"},{"@type":"ListItem","position":3,"name":"Carier\u0103"}]},{"@type":"WebSite","@id":"http:\/\/test.valvex.com\/ro\/#website","url":"http:\/\/test.valvex.com\/ro\/","name":"Valvex","description":"Produc\u0103tor de instala\u021bii sanitare \u0219i sanitare","potentialAction":[{"@type":"SearchAction","target":{"@type":"EntryPoint","urlTemplate":"http:\/\/test.valvex.com\/ro\/?s={search_term_string}"},"query-input":"required name=search_term_string"}],"inLanguage":"ro-RO"}]}},"_links":{"self":[{"href":"http:\/\/test.valvex.com\/ro\/wp-json\/wp\/v2\/pages\/68006","targetHints":{"allow":["GET"]}}],"collection":[{"href":"http:\/\/test.valvex.com\/ro\/wp-json\/wp\/v2\/pages"}],"about":[{"href":"http:\/\/test.valvex.com\/ro\/wp-json\/wp\/v2\/types\/page"}],"author":[{"embeddable":true,"href":"http:\/\/test.valvex.com\/ro\/wp-json\/wp\/v2\/users\/12"}],"replies":[{"embeddable":true,"href":"http:\/\/test.valvex.com\/ro\/wp-json\/wp\/v2\/comments?post=68006"}],"version-history":[{"count":2,"href":"http:\/\/test.valvex.com\/ro\/wp-json\/wp\/v2\/pages\/68006\/revisions"}],"predecessor-version":[{"id":71554,"href":"http:\/\/test.valvex.com\/ro\/wp-json\/wp\/v2\/pages\/68006\/revisions\/71554"}],"up":[{"embeddable":true,"href":"http:\/\/test.valvex.com\/ro\/wp-json\/wp\/v2\/pages\/67825"}],"wp:featuredmedia":[{"embeddable":true,"href":"http:\/\/test.valvex.com\/ro\/wp-json\/wp\/v2\/media\/68008"}],"wp:attachment":[{"href":"http:\/\/test.valvex.com\/ro\/wp-json\/wp\/v2\/media?parent=68006"}],"curies":[{"name":"wp","href":"https:\/\/api.w.org\/{rel}","templated":true}]}}