{"id":67971,"date":"2022-01-03T12:47:13","date_gmt":"2022-01-03T11:47:13","guid":{"rendered":"http:\/\/test.valvex.com\/o-nas\/serwis\/"},"modified":"2024-04-24T15:12:12","modified_gmt":"2024-04-24T13:12:12","slug":"serviciu","status":"publish","type":"page","link":"http:\/\/test.valvex.com\/ro\/despre-noi\/serviciu\/","title":{"rendered":"Serviciu"},"content":{"rendered":"\n<div style=\"height:40px\" aria-hidden=\"true\" class=\"wp-block-spacer\"><\/div>\n\n\n\n<h3 class=\"wp-block-heading\"><strong>Calitate confirmat\u0103 de cercet\u0103ri<\/strong><\/h3>\n\n\n\n<p>Ne cre\u0103m oferta de la \u00eenceput p\u00e2n\u0103 la sf\u00e2r\u0219it &#8211; de la procesele de proiectare la fabricarea produselor \u0219i p\u00e2n\u0103 la testarea calit\u0103\u021bii \u00eenainte de lansarea pe pia\u021b\u0103. Acest lucru \u00eenseamn\u0103 c\u0103 putem s\u0103 supraveghem \u0219i s\u0103 ne ocup\u0103m noi \u00een\u0219ine de fiecare detaliu. P\u0103strarea celei mai \u00eenalte calit\u0103\u021bi reprezint\u0103 punctul nostru forte \u0219i prioritatea noastr\u0103 principal\u0103 &#8211; prin urmare, alegem materiale \u0219i metode de produc\u021bie care garanteaz\u0103 standarde \u00eenalte. Fiecare dintre produsele noastre este supus unor teste tehnice foarte minu\u021bioase, iar fiecare proces de produc\u021bie este revizuit periodic. Lu\u0103m toate m\u0103surile necesare pentru a le oferi clien\u021bilor no\u0219tri solu\u021bii func\u021bionale, sigure, durabile \u0219i f\u0103r\u0103 probleme c\u00e2t mai mult timp posibil. Credem \u00een calitate, \u00een sentimentul de siguran\u021b\u0103 \u0219i \u00een misiunea de a v\u0103 oferi sprijin pentru ca dumneavoastr\u0103 s\u0103 v\u0103 pute\u021bi amenaja un spa\u021biu \u00een care s\u0103 locui\u021bi \u00een anii urm\u0103tori. Acesta este motivul pentru care cele mai multe dintre produsele noastre au o garan\u021bie de 25 de ani.<\/p>\n\n\n<div class=\"wp-block-image\">\n<figure class=\"alignleft size-large is-resized\"><img loading=\"lazy\" decoding=\"async\" width=\"39\" height=\"39\" src=\"http:\/\/test.valvex.com\/wp-content\/uploads\/2022\/05\/25-lat_PL.svg\" alt=\"\" class=\"wp-image-61437\" style=\"width:113px;height:113px\"\/><figcaption class=\"wp-element-caption\">25 de ani garan\u021bie pentru produsele noastre<\/figcaption><\/figure><\/div>\n\n<div class=\"wp-block-image\">\n<figure class=\"alignleft size-large is-resized\"><img loading=\"lazy\" decoding=\"async\" width=\"39\" height=\"39\" src=\"http:\/\/test.valvex.com\/wp-content\/uploads\/2022\/05\/SERWIS.svg\" alt=\"\" class=\"wp-image-61438\" style=\"width:113px;height:113px\"\/><figcaption class=\"wp-element-caption\">Procesarea reclama\u021biilor \u00een 48 de ore<\/figcaption><\/figure><\/div>\n\n\n<div style=\"height:40px\" aria-hidden=\"true\" class=\"wp-block-spacer\"><\/div>\n\n\n\n<div class=\"wp-block-columns is-layout-flex wp-container-core-columns-is-layout-9d6595d7 wp-block-columns-is-layout-flex\">\n<div class=\"wp-block-column is-layout-flow wp-block-column-is-layout-flow\">\n<figure class=\"wp-block-image size-full\"><img loading=\"lazy\" decoding=\"async\" width=\"544\" height=\"480\" src=\"http:\/\/test.valvex.com\/wp-content\/uploads\/2022\/06\/10.png\" alt=\"\" class=\"wp-image-62666\" srcset=\"http:\/\/test.valvex.com\/wp-content\/uploads\/2022\/06\/10.png 544w, http:\/\/test.valvex.com\/wp-content\/uploads\/2022\/06\/10-300x265.png 300w\" sizes=\"auto, (max-width: 544px) 100vw, 544px\" \/><\/figure>\n<\/div>\n\n\n\n<div class=\"wp-block-column is-vertically-aligned-center is-layout-flow wp-block-column-is-layout-flow\">\n<h3 class=\"wp-block-heading\">Piese de schimb<\/h3>\n\n\n\n<p>Deoarece avem experien\u021b\u0103 \u00een fabricarea de fitinguri, \u0219tim ce piese ale produsului se uzeaz\u0103 mai repede pe parcursul func\u021bion\u0103rii \u0219i care nu vor atinge niciodat\u0103 o longevitate a func\u021bion\u0103rii similar\u0103 cu a pieselor care au garan\u021bie de 25 de ani. Acestea includ elemente \u00eenlocuibile, cum ar fi inser\u021biile de \u021bes\u0103turi de filtru. Aceste piese nu sunt acoperite de garan\u021bie.<\/p>\n\n\n\n<p>\u00cens\u0103 vrem s\u0103 facem tot posibilul pentru a ne asigura c\u0103 utilizarea produselor noastre este o pl\u0103cere pentru dumneavoastr\u0103 \u0219i nu este afectat\u0103 de \u00eentreruperi cauzate de defec\u021biuni. Pe site-ul nostru, \u00een fi\u0219a fiec\u0103rui produs, ve\u021bi g\u0103si cu u\u0219urin\u021b\u0103 informa\u021bii despre piesele de schimb \u0219i codul acestora, fapt care v\u0103 va permite s\u0103 identifica\u021bi rapid componenta uzat\u0103 \u0219i s\u0103 o achizi\u021biona\u021bi de la cel mai apropiat furnizor.<\/p>\n<\/div>\n<\/div>\n\n\n\n<div style=\"height:40px\" aria-hidden=\"true\" class=\"wp-block-spacer\"><\/div>\n\n\n\n<div class=\"wp-block-columns is-layout-flex wp-container-core-columns-is-layout-9d6595d7 wp-block-columns-is-layout-flex\">\n<div class=\"wp-block-column is-vertically-aligned-center is-layout-flow wp-block-column-is-layout-flow\">\n<h3 class=\"wp-block-heading\">Utilizare corect\u0103<\/h3>\n\n\n\n<p>\u00cen ceea ce ne prive\u0219te, oferim garan\u021bii &#8211; \u00eenainte de a livra produsul final, ne-am asigurat c\u0103 acesta corespunde celor mai \u00eenalte standarde. Pentru ca dumneavoastr\u0103 s\u0103 v\u0103 pute\u021bi bucura de durata maxim\u0103 de func\u021bionare, v\u0103 recomand\u0103m s\u0103 citi\u021bi cu aten\u021bie instruc\u021biunile chiar \u00eenainte de prima utilizare a produsului. Recomand\u0103rile produc\u0103torului permit evitarea erorilor de instalare &#8211; de exemplu, str\u00e2ngerea exagerat\u0103 a furtunurilor bateriei<strong>&nbsp;\u2013&nbsp;\u0219i<\/strong>, \u00een acest fel, beneficia\u021bi de la bun \u00eenceput de toate posibilit\u0103\u021bile oferite de produs.<\/p>\n\n\n\n<p>Pentru c\u0103 \u0219tim c\u00e2t de importante sunt pentru dumneavoastr\u0103 designul produselor \u0219i aspectul lor impecabil \u00een spa\u021biile de locuit, am elaborat \u0219i instruc\u021biuni detaliate referitoare la cur\u0103\u021barea corect\u0103 a suprafe\u021belor bateriilor.&nbsp;<\/p>\n\n\n\n<p>Pe site-ul nostru ve\u021bi g\u0103si o sec\u021biune \u00een care pute\u021bi accesa recomand\u0103ri \u0219i materiale video cu instruc\u021biuni care v\u0103 vor ar\u0103ta \u0219i explica exact cum s\u0103 utiliza\u021bi corect instala\u021biile \u0219i fitingurile sanitare. Nimic nu este mai important pentru noi dec\u00e2t satisfac\u021bia dumneavoastr\u0103 cu privire la produs &#8211; cunoa\u0219terea principiilor \u0219i a condi\u021biilor de care are nevoie produsul va duce cu siguran\u021b\u0103 la o acceptare mai bun\u0103 \u0219i o func\u021bionare fiabil\u0103 pe termen mai \u00eendelungat.<\/p>\n<\/div>\n\n\n\n<div class=\"wp-block-column is-layout-flow wp-block-column-is-layout-flow\">\n<figure class=\"wp-block-image size-full\"><img loading=\"lazy\" decoding=\"async\" width=\"800\" height=\"533\" src=\"http:\/\/test.valvex.com\/wp-content\/uploads\/2022\/06\/prawidlowe-uzyytkowanie.jpg\" alt=\"\" class=\"wp-image-62667\" srcset=\"http:\/\/test.valvex.com\/wp-content\/uploads\/2022\/06\/prawidlowe-uzyytkowanie.jpg 800w, http:\/\/test.valvex.com\/wp-content\/uploads\/2022\/06\/prawidlowe-uzyytkowanie-300x200.jpg 300w, http:\/\/test.valvex.com\/wp-content\/uploads\/2022\/06\/prawidlowe-uzyytkowanie-768x512.jpg 768w\" sizes=\"auto, (max-width: 800px) 100vw, 800px\" \/><\/figure>\n<\/div>\n<\/div>\n\n\n\n<div style=\"height:40px\" aria-hidden=\"true\" class=\"wp-block-spacer\"><\/div>\n\n\n\n<div class=\"wp-block-columns is-layout-flex wp-container-core-columns-is-layout-9d6595d7 wp-block-columns-is-layout-flex\">\n<div class=\"wp-block-column is-layout-flow wp-block-column-is-layout-flow\">\n<figure class=\"wp-block-image size-full\"><img loading=\"lazy\" decoding=\"async\" width=\"800\" height=\"534\" src=\"http:\/\/test.valvex.com\/wp-content\/uploads\/2022\/06\/reklamacje.jpg\" alt=\"\" class=\"wp-image-62668\" srcset=\"http:\/\/test.valvex.com\/wp-content\/uploads\/2022\/06\/reklamacje.jpg 800w, http:\/\/test.valvex.com\/wp-content\/uploads\/2022\/06\/reklamacje-300x200.jpg 300w, http:\/\/test.valvex.com\/wp-content\/uploads\/2022\/06\/reklamacje-768x513.jpg 768w\" sizes=\"auto, (max-width: 800px) 100vw, 800px\" \/><\/figure>\n<\/div>\n\n\n\n<div class=\"wp-block-column is-vertically-aligned-center is-layout-flow wp-block-column-is-layout-flow\">\n<h3 class=\"wp-block-heading\">Reclama\u021bii<\/h3>\n\n\n\n<p>Dac\u0103 produsul se deterioreaz\u0103 sau dac\u0103 nu func\u021bioneaz\u0103 corect, depune\u021bi c\u00e2t mai cur\u00e2nd posibil o reclama\u021bie scris\u0103 pe site-ul nostru, folosind formularul de acolo, sau la punctul de v\u00e2nzare de unde a\u021bi achizi\u021bionat produsul respectiv. \u00cen ambele situa\u021bii, este important s\u0103 prezenta\u021bi urm\u0103toarele documente:<\/p>\n\n\n\n<ul class=\"wp-block-list\">\n<li>Notificare de reclama\u021bie care con\u021bine date despre utilizator \u0219i o descriere detaliat\u0103 a defec\u021biunii<\/li>\n\n\n\n<li>O fotocopie a documentului care dovede\u0219te achizi\u021bionarea produsului \u00een cauz\u0103<\/li>\n\n\n\n<li>Un card de garan\u021bie completat \u0219i \u0219tampilat, pe care data achizi\u021bion\u0103rii produsului s\u0103 fie lizibil\u0103 &#8211; pentru produsele cu carduri de garan\u021bie individuale<\/li>\n\n\n\n<li>Fotografiile cu daune sunt apreciate<\/li>\n<\/ul>\n\n\n\n<p>Echipa noastr\u0103 va procesa solicitarea dumneavoastr\u0103 \u00een termen de 14 zile de la primirea reclama\u021biei sau a produsului defect.<\/p>\n\n\n\n<p class=\"btn border-black my-12 hover:bg-brand-black hover:text-white\"><a href=\"http:\/\/test.valvex.com\/ro\/contactati\/depune-o-reclamatie\/\">Raporta\u021bi o pl\u00e2ngere<\/a><\/p>\n<\/div>\n<\/div>\n","protected":false},"excerpt":{"rendered":"<p>Calitate confirmat\u0103 de cercet\u0103ri Ne cre\u0103m oferta de la \u00eenceput p\u00e2n\u0103 la sf\u00e2r\u0219it &#8211; de la procesele de proiectare la fabricarea produselor \u0219i p\u00e2n\u0103 la testarea calit\u0103\u021bii \u00eenainte de lansarea pe pia\u021b\u0103. Acest lucru \u00eenseamn\u0103 c\u0103 putem s\u0103 supraveghem \u0219i s\u0103 ne ocup\u0103m noi \u00een\u0219ine de fiecare detaliu. P\u0103strarea celei mai \u00eenalte calit\u0103\u021bi reprezint\u0103 punctul [&hellip;]<\/p>\n","protected":false},"author":12,"featured_media":73352,"parent":67825,"menu_order":170,"comment_status":"closed","ping_status":"closed","template":"","meta":{"_acf_changed":false,"footnotes":""},"class_list":["post-67971","page","type-page","status-publish","has-post-thumbnail","hentry"],"acf":[],"yoast_head":"<!-- This site is optimized with the Yoast SEO plugin v22.2 - https:\/\/yoast.com\/wordpress\/plugins\/seo\/ -->\n<title>Serviciu - Valvex<\/title>\n<meta name=\"robots\" content=\"index, follow, max-snippet:-1, max-image-preview:large, max-video-preview:-1\" \/>\n<link rel=\"canonical\" href=\"http:\/\/test.valvex.com\/ro\/despre-noi\/serviciu\/\" \/>\n<meta property=\"og:locale\" content=\"ro_RO\" \/>\n<meta property=\"og:type\" content=\"article\" \/>\n<meta property=\"og:title\" content=\"Serviciu - Valvex\" \/>\n<meta property=\"og:description\" content=\"Calitate confirmat\u0103 de cercet\u0103ri Ne cre\u0103m oferta de la \u00eenceput p\u00e2n\u0103 la sf\u00e2r\u0219it &#8211; de la procesele de proiectare la fabricarea produselor \u0219i p\u00e2n\u0103 la testarea calit\u0103\u021bii \u00eenainte de lansarea pe pia\u021b\u0103. Acest lucru \u00eenseamn\u0103 c\u0103 putem s\u0103 supraveghem \u0219i s\u0103 ne ocup\u0103m noi \u00een\u0219ine de fiecare detaliu. P\u0103strarea celei mai \u00eenalte calit\u0103\u021bi reprezint\u0103 punctul [&hellip;]\" \/>\n<meta property=\"og:url\" content=\"http:\/\/test.valvex.com\/ro\/despre-noi\/serviciu\/\" \/>\n<meta property=\"og:site_name\" content=\"Valvex\" \/>\n<meta property=\"article:modified_time\" content=\"2024-04-24T13:12:12+00:00\" \/>\n<meta property=\"og:image\" content=\"http:\/\/test.valvex.com\/wp-content\/uploads\/2024\/07\/Header_serwis.png\" \/>\n\t<meta property=\"og:image:width\" content=\"2400\" \/>\n\t<meta property=\"og:image:height\" content=\"384\" \/>\n\t<meta property=\"og:image:type\" content=\"image\/png\" \/>\n<meta name=\"twitter:card\" content=\"summary_large_image\" \/>\n<meta name=\"twitter:label1\" content=\"Timp estimat pentru citire\" \/>\n\t<meta name=\"twitter:data1\" content=\"5 minute\" \/>\n<script type=\"application\/ld+json\" class=\"yoast-schema-graph\">{\"@context\":\"https:\/\/schema.org\",\"@graph\":[{\"@type\":\"WebPage\",\"@id\":\"http:\/\/test.valvex.com\/ro\/despre-noi\/serviciu\/\",\"url\":\"http:\/\/test.valvex.com\/ro\/despre-noi\/serviciu\/\",\"name\":\"Serviciu - Valvex\",\"isPartOf\":{\"@id\":\"http:\/\/test.valvex.com\/ro\/#website\"},\"primaryImageOfPage\":{\"@id\":\"http:\/\/test.valvex.com\/ro\/despre-noi\/serviciu\/#primaryimage\"},\"image\":{\"@id\":\"http:\/\/test.valvex.com\/ro\/despre-noi\/serviciu\/#primaryimage\"},\"thumbnailUrl\":\"http:\/\/test.valvex.com\/wp-content\/uploads\/2024\/07\/Header_serwis.png\",\"datePublished\":\"2022-01-03T11:47:13+00:00\",\"dateModified\":\"2024-04-24T13:12:12+00:00\",\"breadcrumb\":{\"@id\":\"http:\/\/test.valvex.com\/ro\/despre-noi\/serviciu\/#breadcrumb\"},\"inLanguage\":\"ro-RO\",\"potentialAction\":[{\"@type\":\"ReadAction\",\"target\":[\"http:\/\/test.valvex.com\/ro\/despre-noi\/serviciu\/\"]}]},{\"@type\":\"ImageObject\",\"inLanguage\":\"ro-RO\",\"@id\":\"http:\/\/test.valvex.com\/ro\/despre-noi\/serviciu\/#primaryimage\",\"url\":\"http:\/\/test.valvex.com\/wp-content\/uploads\/2024\/07\/Header_serwis.png\",\"contentUrl\":\"http:\/\/test.valvex.com\/wp-content\/uploads\/2024\/07\/Header_serwis.png\",\"width\":2400,\"height\":384},{\"@type\":\"BreadcrumbList\",\"@id\":\"http:\/\/test.valvex.com\/ro\/despre-noi\/serviciu\/#breadcrumb\",\"itemListElement\":[{\"@type\":\"ListItem\",\"position\":1,\"name\":\"Strona g\u0142\u00f3wna\",\"item\":\"http:\/\/test.valvex.com\/ro\/\"},{\"@type\":\"ListItem\",\"position\":2,\"name\":\"Despre noi\",\"item\":\"http:\/\/test.valvex.com\/ro\/o-nas\/\"},{\"@type\":\"ListItem\",\"position\":3,\"name\":\"Serviciu\"}]},{\"@type\":\"WebSite\",\"@id\":\"http:\/\/test.valvex.com\/ro\/#website\",\"url\":\"http:\/\/test.valvex.com\/ro\/\",\"name\":\"Valvex\",\"description\":\"Produc\u0103tor de instala\u021bii sanitare \u0219i sanitare\",\"potentialAction\":[{\"@type\":\"SearchAction\",\"target\":{\"@type\":\"EntryPoint\",\"urlTemplate\":\"http:\/\/test.valvex.com\/ro\/?s={search_term_string}\"},\"query-input\":\"required name=search_term_string\"}],\"inLanguage\":\"ro-RO\"}]}<\/script>\n<!-- \/ Yoast SEO plugin. -->","yoast_head_json":{"title":"Serviciu - Valvex","robots":{"index":"index","follow":"follow","max-snippet":"max-snippet:-1","max-image-preview":"max-image-preview:large","max-video-preview":"max-video-preview:-1"},"canonical":"http:\/\/test.valvex.com\/ro\/despre-noi\/serviciu\/","og_locale":"ro_RO","og_type":"article","og_title":"Serviciu - Valvex","og_description":"Calitate confirmat\u0103 de cercet\u0103ri Ne cre\u0103m oferta de la \u00eenceput p\u00e2n\u0103 la sf\u00e2r\u0219it &#8211; de la procesele de proiectare la fabricarea produselor \u0219i p\u00e2n\u0103 la testarea calit\u0103\u021bii \u00eenainte de lansarea pe pia\u021b\u0103. Acest lucru \u00eenseamn\u0103 c\u0103 putem s\u0103 supraveghem \u0219i s\u0103 ne ocup\u0103m noi \u00een\u0219ine de fiecare detaliu. P\u0103strarea celei mai \u00eenalte calit\u0103\u021bi reprezint\u0103 punctul [&hellip;]","og_url":"http:\/\/test.valvex.com\/ro\/despre-noi\/serviciu\/","og_site_name":"Valvex","article_modified_time":"2024-04-24T13:12:12+00:00","og_image":[{"width":2400,"height":384,"url":"http:\/\/test.valvex.com\/wp-content\/uploads\/2024\/07\/Header_serwis.png","type":"image\/png"}],"twitter_card":"summary_large_image","twitter_misc":{"Timp estimat pentru citire":"5 minute"},"schema":{"@context":"https:\/\/schema.org","@graph":[{"@type":"WebPage","@id":"http:\/\/test.valvex.com\/ro\/despre-noi\/serviciu\/","url":"http:\/\/test.valvex.com\/ro\/despre-noi\/serviciu\/","name":"Serviciu - Valvex","isPartOf":{"@id":"http:\/\/test.valvex.com\/ro\/#website"},"primaryImageOfPage":{"@id":"http:\/\/test.valvex.com\/ro\/despre-noi\/serviciu\/#primaryimage"},"image":{"@id":"http:\/\/test.valvex.com\/ro\/despre-noi\/serviciu\/#primaryimage"},"thumbnailUrl":"http:\/\/test.valvex.com\/wp-content\/uploads\/2024\/07\/Header_serwis.png","datePublished":"2022-01-03T11:47:13+00:00","dateModified":"2024-04-24T13:12:12+00:00","breadcrumb":{"@id":"http:\/\/test.valvex.com\/ro\/despre-noi\/serviciu\/#breadcrumb"},"inLanguage":"ro-RO","potentialAction":[{"@type":"ReadAction","target":["http:\/\/test.valvex.com\/ro\/despre-noi\/serviciu\/"]}]},{"@type":"ImageObject","inLanguage":"ro-RO","@id":"http:\/\/test.valvex.com\/ro\/despre-noi\/serviciu\/#primaryimage","url":"http:\/\/test.valvex.com\/wp-content\/uploads\/2024\/07\/Header_serwis.png","contentUrl":"http:\/\/test.valvex.com\/wp-content\/uploads\/2024\/07\/Header_serwis.png","width":2400,"height":384},{"@type":"BreadcrumbList","@id":"http:\/\/test.valvex.com\/ro\/despre-noi\/serviciu\/#breadcrumb","itemListElement":[{"@type":"ListItem","position":1,"name":"Strona g\u0142\u00f3wna","item":"http:\/\/test.valvex.com\/ro\/"},{"@type":"ListItem","position":2,"name":"Despre noi","item":"http:\/\/test.valvex.com\/ro\/o-nas\/"},{"@type":"ListItem","position":3,"name":"Serviciu"}]},{"@type":"WebSite","@id":"http:\/\/test.valvex.com\/ro\/#website","url":"http:\/\/test.valvex.com\/ro\/","name":"Valvex","description":"Produc\u0103tor de instala\u021bii sanitare \u0219i sanitare","potentialAction":[{"@type":"SearchAction","target":{"@type":"EntryPoint","urlTemplate":"http:\/\/test.valvex.com\/ro\/?s={search_term_string}"},"query-input":"required name=search_term_string"}],"inLanguage":"ro-RO"}]}},"_links":{"self":[{"href":"http:\/\/test.valvex.com\/ro\/wp-json\/wp\/v2\/pages\/67971","targetHints":{"allow":["GET"]}}],"collection":[{"href":"http:\/\/test.valvex.com\/ro\/wp-json\/wp\/v2\/pages"}],"about":[{"href":"http:\/\/test.valvex.com\/ro\/wp-json\/wp\/v2\/types\/page"}],"author":[{"embeddable":true,"href":"http:\/\/test.valvex.com\/ro\/wp-json\/wp\/v2\/users\/12"}],"replies":[{"embeddable":true,"href":"http:\/\/test.valvex.com\/ro\/wp-json\/wp\/v2\/comments?post=67971"}],"version-history":[{"count":4,"href":"http:\/\/test.valvex.com\/ro\/wp-json\/wp\/v2\/pages\/67971\/revisions"}],"predecessor-version":[{"id":71552,"href":"http:\/\/test.valvex.com\/ro\/wp-json\/wp\/v2\/pages\/67971\/revisions\/71552"}],"up":[{"embeddable":true,"href":"http:\/\/test.valvex.com\/ro\/wp-json\/wp\/v2\/pages\/67825"}],"wp:featuredmedia":[{"embeddable":true,"href":"http:\/\/test.valvex.com\/ro\/wp-json\/wp\/v2\/media\/73352"}],"wp:attachment":[{"href":"http:\/\/test.valvex.com\/ro\/wp-json\/wp\/v2\/media?parent=67971"}],"curies":[{"name":"wp","href":"https:\/\/api.w.org\/{rel}","templated":true}]}}