{"id":67905,"date":"2022-01-03T12:46:48","date_gmt":"2022-01-03T11:46:48","guid":{"rendered":"http:\/\/test.valvex.com\/o-nas\/dla-akcjonariuszy\/"},"modified":"2024-02-13T23:56:45","modified_gmt":"2024-02-13T22:56:45","slug":"pentru-actionari","status":"publish","type":"page","link":"http:\/\/test.valvex.com\/ro\/despre-noi\/pentru-actionari\/","title":{"rendered":"Pentru ac\u021bionari"},"content":{"rendered":"\n<div class=\"wp-block-columns mt-16 is-layout-flex wp-container-core-columns-is-layout-9d6595d7 wp-block-columns-is-layout-flex\">\n<div class=\"wp-block-column is-layout-flow wp-block-column-is-layout-flow\" style=\"flex-basis:25%\">\n<h4 class=\"wp-block-heading\">Departamentul de rela\u021bii cu investitorii<\/h4>\n\n\n\n<p class=\"text-sm\"><strong>Wioletta Kowalcze<\/strong><br><span style=\"color:#cf2e2e\" class=\"tadv-color\">wioletta.kowalcze@valvex.com<\/span><\/p>\n\n\n\n<p class=\"text-sm\"><strong>Przemys\u0142aw Pietrzyk<\/strong><br><span style=\"color:#cf2e2e\" class=\"tadv-color\">przemyslaw.pietrzyk@lawberry.pl<\/span><\/p>\n\n\n\n<hr class=\"wp-block-separator has-css-opacity is-style-wide\"\/>\n\n\n\n<h4 class=\"wp-block-heading\">Informa\u021bii<\/h4>\n\n\n\n<p class=\"has-text-align-left text-sm text-left-important\"><a href=\"\/wp-content\/uploads\/2022\/06\/wzor-klauzuli-informacyjnej_akcjonariusze_.pdf\" target=\"_blank\" rel=\"noreferrer noopener\">Informa\u021bii privind prelucrarea datelor cu caracter personal pentru ac\u021bionarii Valvex<\/a><\/p>\n<\/div>\n\n\n\n<div class=\"wp-block-column is-layout-flow wp-block-column-is-layout-flow\" style=\"flex-basis:75%\">\n\n      <div class=\"border mb-8 p-4 lg:p-16\">\n        <time class=\"text-brand-metalic\">06 \/ 06 \/ 2024<\/time>\n        <h3 class=\"font-normal my-6\">Walne Zgromadzenie Akcjonariuszy 2024<\/h3>\n        <div class=\"text-brand-metalic\">Zarz\u0105d Valvex S.A. z siedzib\u0105 w Jordanowie, ul. Nad Skaw\u0105 2, 34-240 Jordan\u00f3w, zarejestrowanej w S\u0105dzie Rejonowym dla Krakowa \u2013 \u015ar\u00f3dmie\u015bcia w Krakowie, Wydzia\u0142 XII Gospodarczy KRS pod numerem KRS 0000026818, NIP: 7350024499, o kapitale zak\u0142adowym ca\u0142kowicie wp\u0142aconym, w wysoko\u015bci 2 099 700,00 z\u0142 dzia\u0142aj\u0105c na podstawie art. 399 \u00a7 1 k.s.h. i art. 402 \u00a7 1 k.s.h w zwi\u0105zku z \u00a7 16 ust. 2 i \u00a7 16a ust. 2 Statutu Sp\u00f3\u0142ki, zwo\u0142uje Zwyczajne Walne Zgromadzenie Akcjonariuszy na dzie\u0144 21 czerwca 2024 r. na godz.10:00 w siedzibie Sp\u00f3\u0142ki w Jordanowie przy ul. Nad Skaw\u0105 2, 34-240 Jordan\u00f3w.\r\n\r\n<strong>Porz\u0105dek obrad:<\/strong>\r\n<ol>\r\n \t<li>Otwarcie Walnego Zgromadzenia.<\/li>\r\n \t<li>Wyb\u00f3r Przewodnicz\u0105cego Walnego Zgromadzenia.<\/li>\r\n \t<li>Stwierdzenie prawid\u0142owo\u015bci zwo\u0142ania Walnego Zgromadzenia i jego zdolno\u015bci do podejmowania uchwa\u0142.<\/li>\r\n \t<li>Przyj\u0119cie porz\u0105dku obrad.<\/li>\r\n \t<li>Rozpatrzenie i zatwierdzenie sprawozdania Zarz\u0105du z dzia\u0142alno\u015bci Sp\u00f3\u0142ki w 2023 r.<\/li>\r\n \t<li>Rozpatrzenie i zatwierdzenie sprawozdania finansowego Sp\u00f3\u0142ki za 2023 r.<\/li>\r\n \t<li>Rozpatrzenie i zatwierdzenie sprawozdania Zarz\u0105du z dzia\u0142alno\u015bci Grupy kapita\u0142owej Valvex w 2023 r. oraz skonsolidowanego sprawozdania finansowego Grupy kapita\u0142owej Valvex za 2023 r.<\/li>\r\n \t<li>Podj\u0119cie uchwa\u0142y o podziale zysku Sp\u00f3\u0142ki za rok 2023 r.<\/li>\r\n \t<li>Podj\u0119cie uchwa\u0142y w sprawie udzielenia absolutorium Cz\u0142onkom Zarz\u0105du z wykonania obowi\u0105zk\u00f3w w 2023 r.<\/li>\r\n \t<li>Sprawozdanie Rady Nadzorczej z dzia\u0142alno\u015bci w 2023 r.<\/li>\r\n \t<li>Podj\u0119cie uchwa\u0142y w sprawie udzielenia absolutorium Cz\u0142onkom Rady Nadzorczej z wykonania obowi\u0105zk\u00f3w w 2023 r.<\/li>\r\n \t<li>Podj\u0119cie uchwa\u0142y o wyborze nowej Rady Nadzorczej na kolejn\u0105 kadencj\u0119.<\/li>\r\n \t<li>Podj\u0119cie uchwa\u0142y o\u00a0ustaleniu wysoko\u015bci wynagrodzenia Cz\u0142onk\u00f3w Rady Nadzorczej.<\/li>\r\n \t<li>Podj\u0119cie uchwa\u0142y w sprawie zmiany Statutu Sp\u00f3\u0142ki, poprzez zmian\u0119 \u00a7 27 ust.3, 28 ust.6, 30 ust. 6 i 7.<\/li>\r\n \t<li>Wolne wnioski.<\/li>\r\n \t<li>Zamkni\u0119cie obrad.<\/li>\r\n<\/ol>\r\n<strong>Proponowane brzmienie poni\u017cszych \u00a7\u00a7 Statutu <\/strong>\r\n<ul>\r\n \t<li><strong>\u00a7 27<\/strong><\/li>\r\n<\/ul>\r\n<ol start=\"3\">\r\n \t<li>Uchwa\u0142y podejmowane s\u0105 w formie pisemnej. Uchwa\u0142y mog\u0105 by\u0107 podejmowane r\u00f3wnie\u017c korespondencyjnie, drog\u0105 faksow\u0105 lub za pomoc\u0105 poczty elektronicznej, a tak\u017ce przy wykorzystaniu innych \u015brodk\u00f3w bezpo\u015bredniego\u00a0porozumiewania si\u0119 na odleg\u0142o\u015b\u0107.<\/li>\r\n<\/ol>\r\n<ul>\r\n \t<li><strong>\u00a7 28<\/strong><\/li>\r\n<\/ul>\r\n<ol start=\"6\">\r\n \t<li>Konsultacji z Przewodnicz\u0105cym Rady Nadzorczej wymaga podj\u0119cie przez Zarz\u0105d uchwa\u0142 w przedmiocie<\/li>\r\n<\/ol>\r\n1) zagadnie\u0144 polityki gospodarczej i finansowej Sp\u00f3\u0142ki;\r\n\r\n2) zawierania um\u00f3w i porozumie\u0144 w sprawie uczestniczenia Sp\u00f3\u0142ki w innych podmiotach gospodarczych i stowarzyszeniach;\r\n\r\n3) tworzenia i likwidacja oddzia\u0142\u00f3w Sp\u00f3\u0142ki.\r\n<ul>\r\n \t<li><strong>\u00a7 30<\/strong><\/li>\r\n<\/ul>\r\n<ol start=\"6\">\r\n \t<li>Kadencja Cz\u0142onk\u00f3w Zarz\u0105du trwa 5 lata, za wyj\u0105tkiem pierwszego Zarz\u0105du. Kadencj\u0119 oblicza si\u0119 w pe\u0142nych latach obrotowych. Ponowne powo\u0142ania tej samej osoby na Cz\u0142onka Zarz\u0105du s\u0105 dopuszczalne.<\/li>\r\n \t<li>Mandat cz\u0142onka zarz\u0105du wygasa najp\u00f3\u017aniej z dniem odbycia walnego zgromadzenia zatwierdzaj\u0105cego\u00a0sprawozdanie finansowe za ostatni pe\u0142ny rok obrotowy pe\u0142nienia funkcji cz\u0142onka zarz\u0105du.<\/li>\r\n<\/ol>\r\n&nbsp;<\/div>\n      <\/div>\n    \n      <div class=\"border mb-8 p-4 lg:p-16\">\n        <time class=\"text-brand-metalic\">13 \/ 03 \/ 2022<\/time>\n        <h3 class=\"font-normal my-6\">Dematerializacja akcji<\/h3>\n        <div class=\"text-brand-metalic\">\n<p>Zgodnie z nowelizacj\u0105 Kodeksu Sp\u00f3\u0142ek Handlowych (KSH) nast\u0105pi\u0142a obowi\u0105zkowa dematerializacja akcji wszystkich sp\u00f3\u0142ek akcyjnych i komandytowo-akcyjnych (niezale\u017cnie od tego, czy s\u0105 to akcje imienne czy akcje na okaziciela) \u2013 akcje sp\u00f3\u0142ek b\u0119d\u0105 mia\u0142y form\u0119 zapisu cyfrowego, a nie papierowego dokumentu. R\u00f3wnie\u017c akcje Akcjonariuszy VALVEX S.A. zosta\u0142y zdematerializowane.<\/p>\n\n\n\n<p>Rejestr nie jest publicznie dost\u0119pny, ale jest jawny zar\u00f3wno dla sp\u00f3\u0142ki jak i ka\u017cdego jej akcjonariusza.<br>Wszelkie przenoszenie akcji b\u0119dzie dochodzi\u0142o do skutku z chwil\u0105 wpisu tej wzmianki w rejestrze akcjonariuszy (taka sama sytuacja b\u0119dzie mia\u0142a miejsce, je\u015bli chodzi o ustanawianie ograniczonych praw rzeczowych na akcjach).<\/p>\n\n\n\n<p>Umowa o prowadzenie rejestru akcjonariuszy w Sp\u00f3\u0142ce VALVEX S.A. zosta\u0142a zawarta z Domem Maklerskim BO\u015a S.A.<\/p>\n<\/div>\n      <\/div>\n    \n<\/div>\n<\/div>\n\n\n\n<p><\/p>\n","protected":false},"excerpt":{"rendered":"<p>Departamentul de rela\u021bii cu investitorii Wioletta Kowalczewioletta.kowalcze@valvex.com Przemys\u0142aw Pietrzykprzemyslaw.pietrzyk@lawberry.pl Informa\u021bii Informa\u021bii privind prelucrarea datelor cu caracter personal pentru ac\u021bionarii Valvex<\/p>\n","protected":false},"author":12,"featured_media":70479,"parent":67825,"menu_order":158,"comment_status":"closed","ping_status":"closed","template":"","meta":{"_acf_changed":false,"footnotes":""},"class_list":["post-67905","page","type-page","status-publish","has-post-thumbnail","hentry"],"acf":[],"yoast_head":"<!-- This site is optimized with the Yoast SEO plugin v22.2 - https:\/\/yoast.com\/wordpress\/plugins\/seo\/ -->\n<title>Pentru ac\u021bionari - Valvex<\/title>\n<meta name=\"robots\" content=\"index, follow, max-snippet:-1, max-image-preview:large, max-video-preview:-1\" \/>\n<link rel=\"canonical\" href=\"http:\/\/test.valvex.com\/ro\/despre-noi\/pentru-actionari\/\" \/>\n<meta property=\"og:locale\" content=\"ro_RO\" \/>\n<meta property=\"og:type\" content=\"article\" \/>\n<meta property=\"og:title\" content=\"Pentru ac\u021bionari - Valvex\" \/>\n<meta property=\"og:description\" content=\"Departamentul de rela\u021bii cu investitorii Wioletta Kowalczewioletta.kowalcze@valvex.com Przemys\u0142aw Pietrzykprzemyslaw.pietrzyk@lawberry.pl Informa\u021bii Informa\u021bii privind prelucrarea datelor cu caracter personal pentru ac\u021bionarii Valvex\" \/>\n<meta property=\"og:url\" content=\"http:\/\/test.valvex.com\/ro\/despre-noi\/pentru-actionari\/\" \/>\n<meta property=\"og:site_name\" content=\"Valvex\" \/>\n<meta property=\"article:modified_time\" content=\"2024-02-13T22:56:45+00:00\" \/>\n<meta property=\"og:image\" content=\"http:\/\/test.valvex.com\/wp-content\/uploads\/2024\/03\/Header_baterie-ARS-1-1024x164.png\" \/>\n\t<meta property=\"og:image:width\" content=\"1024\" \/>\n\t<meta property=\"og:image:height\" content=\"164\" \/>\n\t<meta property=\"og:image:type\" content=\"image\/png\" \/>\n<meta name=\"twitter:card\" content=\"summary_large_image\" \/>\n<meta name=\"twitter:label1\" content=\"Timp estimat pentru citire\" \/>\n\t<meta name=\"twitter:data1\" content=\"1 minut\" \/>\n<script type=\"application\/ld+json\" class=\"yoast-schema-graph\">{\"@context\":\"https:\/\/schema.org\",\"@graph\":[{\"@type\":\"WebPage\",\"@id\":\"http:\/\/test.valvex.com\/ro\/despre-noi\/pentru-actionari\/\",\"url\":\"http:\/\/test.valvex.com\/ro\/despre-noi\/pentru-actionari\/\",\"name\":\"Pentru ac\u021bionari - Valvex\",\"isPartOf\":{\"@id\":\"http:\/\/test.valvex.com\/ro\/#website\"},\"primaryImageOfPage\":{\"@id\":\"http:\/\/test.valvex.com\/ro\/despre-noi\/pentru-actionari\/#primaryimage\"},\"image\":{\"@id\":\"http:\/\/test.valvex.com\/ro\/despre-noi\/pentru-actionari\/#primaryimage\"},\"thumbnailUrl\":\"http:\/\/test.valvex.com\/wp-content\/uploads\/2024\/03\/Header_baterie-ARS-1.png\",\"datePublished\":\"2022-01-03T11:46:48+00:00\",\"dateModified\":\"2024-02-13T22:56:45+00:00\",\"breadcrumb\":{\"@id\":\"http:\/\/test.valvex.com\/ro\/despre-noi\/pentru-actionari\/#breadcrumb\"},\"inLanguage\":\"ro-RO\",\"potentialAction\":[{\"@type\":\"ReadAction\",\"target\":[\"http:\/\/test.valvex.com\/ro\/despre-noi\/pentru-actionari\/\"]}]},{\"@type\":\"ImageObject\",\"inLanguage\":\"ro-RO\",\"@id\":\"http:\/\/test.valvex.com\/ro\/despre-noi\/pentru-actionari\/#primaryimage\",\"url\":\"http:\/\/test.valvex.com\/wp-content\/uploads\/2024\/03\/Header_baterie-ARS-1.png\",\"contentUrl\":\"http:\/\/test.valvex.com\/wp-content\/uploads\/2024\/03\/Header_baterie-ARS-1.png\",\"width\":2400,\"height\":384},{\"@type\":\"BreadcrumbList\",\"@id\":\"http:\/\/test.valvex.com\/ro\/despre-noi\/pentru-actionari\/#breadcrumb\",\"itemListElement\":[{\"@type\":\"ListItem\",\"position\":1,\"name\":\"Strona g\u0142\u00f3wna\",\"item\":\"http:\/\/test.valvex.com\/ro\/\"},{\"@type\":\"ListItem\",\"position\":2,\"name\":\"Despre noi\",\"item\":\"http:\/\/test.valvex.com\/ro\/o-nas\/\"},{\"@type\":\"ListItem\",\"position\":3,\"name\":\"Pentru ac\u021bionari\"}]},{\"@type\":\"WebSite\",\"@id\":\"http:\/\/test.valvex.com\/ro\/#website\",\"url\":\"http:\/\/test.valvex.com\/ro\/\",\"name\":\"Valvex\",\"description\":\"Produc\u0103tor de instala\u021bii sanitare \u0219i sanitare\",\"potentialAction\":[{\"@type\":\"SearchAction\",\"target\":{\"@type\":\"EntryPoint\",\"urlTemplate\":\"http:\/\/test.valvex.com\/ro\/?s={search_term_string}\"},\"query-input\":\"required name=search_term_string\"}],\"inLanguage\":\"ro-RO\"}]}<\/script>\n<!-- \/ Yoast SEO plugin. -->","yoast_head_json":{"title":"Pentru ac\u021bionari - Valvex","robots":{"index":"index","follow":"follow","max-snippet":"max-snippet:-1","max-image-preview":"max-image-preview:large","max-video-preview":"max-video-preview:-1"},"canonical":"http:\/\/test.valvex.com\/ro\/despre-noi\/pentru-actionari\/","og_locale":"ro_RO","og_type":"article","og_title":"Pentru ac\u021bionari - Valvex","og_description":"Departamentul de rela\u021bii cu investitorii Wioletta Kowalczewioletta.kowalcze@valvex.com Przemys\u0142aw Pietrzykprzemyslaw.pietrzyk@lawberry.pl Informa\u021bii Informa\u021bii privind prelucrarea datelor cu caracter personal pentru ac\u021bionarii Valvex","og_url":"http:\/\/test.valvex.com\/ro\/despre-noi\/pentru-actionari\/","og_site_name":"Valvex","article_modified_time":"2024-02-13T22:56:45+00:00","og_image":[{"width":1024,"height":164,"url":"http:\/\/test.valvex.com\/wp-content\/uploads\/2024\/03\/Header_baterie-ARS-1-1024x164.png","type":"image\/png"}],"twitter_card":"summary_large_image","twitter_misc":{"Timp estimat pentru citire":"1 minut"},"schema":{"@context":"https:\/\/schema.org","@graph":[{"@type":"WebPage","@id":"http:\/\/test.valvex.com\/ro\/despre-noi\/pentru-actionari\/","url":"http:\/\/test.valvex.com\/ro\/despre-noi\/pentru-actionari\/","name":"Pentru ac\u021bionari - Valvex","isPartOf":{"@id":"http:\/\/test.valvex.com\/ro\/#website"},"primaryImageOfPage":{"@id":"http:\/\/test.valvex.com\/ro\/despre-noi\/pentru-actionari\/#primaryimage"},"image":{"@id":"http:\/\/test.valvex.com\/ro\/despre-noi\/pentru-actionari\/#primaryimage"},"thumbnailUrl":"http:\/\/test.valvex.com\/wp-content\/uploads\/2024\/03\/Header_baterie-ARS-1.png","datePublished":"2022-01-03T11:46:48+00:00","dateModified":"2024-02-13T22:56:45+00:00","breadcrumb":{"@id":"http:\/\/test.valvex.com\/ro\/despre-noi\/pentru-actionari\/#breadcrumb"},"inLanguage":"ro-RO","potentialAction":[{"@type":"ReadAction","target":["http:\/\/test.valvex.com\/ro\/despre-noi\/pentru-actionari\/"]}]},{"@type":"ImageObject","inLanguage":"ro-RO","@id":"http:\/\/test.valvex.com\/ro\/despre-noi\/pentru-actionari\/#primaryimage","url":"http:\/\/test.valvex.com\/wp-content\/uploads\/2024\/03\/Header_baterie-ARS-1.png","contentUrl":"http:\/\/test.valvex.com\/wp-content\/uploads\/2024\/03\/Header_baterie-ARS-1.png","width":2400,"height":384},{"@type":"BreadcrumbList","@id":"http:\/\/test.valvex.com\/ro\/despre-noi\/pentru-actionari\/#breadcrumb","itemListElement":[{"@type":"ListItem","position":1,"name":"Strona g\u0142\u00f3wna","item":"http:\/\/test.valvex.com\/ro\/"},{"@type":"ListItem","position":2,"name":"Despre noi","item":"http:\/\/test.valvex.com\/ro\/o-nas\/"},{"@type":"ListItem","position":3,"name":"Pentru ac\u021bionari"}]},{"@type":"WebSite","@id":"http:\/\/test.valvex.com\/ro\/#website","url":"http:\/\/test.valvex.com\/ro\/","name":"Valvex","description":"Produc\u0103tor de instala\u021bii sanitare \u0219i sanitare","potentialAction":[{"@type":"SearchAction","target":{"@type":"EntryPoint","urlTemplate":"http:\/\/test.valvex.com\/ro\/?s={search_term_string}"},"query-input":"required name=search_term_string"}],"inLanguage":"ro-RO"}]}},"_links":{"self":[{"href":"http:\/\/test.valvex.com\/ro\/wp-json\/wp\/v2\/pages\/67905","targetHints":{"allow":["GET"]}}],"collection":[{"href":"http:\/\/test.valvex.com\/ro\/wp-json\/wp\/v2\/pages"}],"about":[{"href":"http:\/\/test.valvex.com\/ro\/wp-json\/wp\/v2\/types\/page"}],"author":[{"embeddable":true,"href":"http:\/\/test.valvex.com\/ro\/wp-json\/wp\/v2\/users\/12"}],"replies":[{"embeddable":true,"href":"http:\/\/test.valvex.com\/ro\/wp-json\/wp\/v2\/comments?post=67905"}],"version-history":[{"count":2,"href":"http:\/\/test.valvex.com\/ro\/wp-json\/wp\/v2\/pages\/67905\/revisions"}],"predecessor-version":[{"id":69210,"href":"http:\/\/test.valvex.com\/ro\/wp-json\/wp\/v2\/pages\/67905\/revisions\/69210"}],"up":[{"embeddable":true,"href":"http:\/\/test.valvex.com\/ro\/wp-json\/wp\/v2\/pages\/67825"}],"wp:featuredmedia":[{"embeddable":true,"href":"http:\/\/test.valvex.com\/ro\/wp-json\/wp\/v2\/media\/70479"}],"wp:attachment":[{"href":"http:\/\/test.valvex.com\/ro\/wp-json\/wp\/v2\/media?parent=67905"}],"curies":[{"name":"wp","href":"https:\/\/api.w.org\/{rel}","templated":true}]}}