{"id":67825,"date":"2023-07-21T14:20:21","date_gmt":"2023-07-21T12:20:21","guid":{"rendered":"http:\/\/test.valvex.com\/o-nas\/"},"modified":"2024-04-19T15:31:54","modified_gmt":"2024-04-19T13:31:54","slug":"despre-noi","status":"publish","type":"page","link":"http:\/\/test.valvex.com\/ro\/despre-noi\/","title":{"rendered":"Despre noi"},"content":{"rendered":"\n<div class=\"wp-block-columns my-16 is-layout-flex wp-container-core-columns-is-layout-9d6595d7 wp-block-columns-is-layout-flex\">\n<div class=\"wp-block-column is-layout-flow wp-block-column-is-layout-flow\" style=\"flex-basis:33.33%\">\n<ul class=\"mb-16 side-menu\"><li><a href=\"http:\/\/test.valvex.com\/ro\/despre-noi\/pilonii-marcii\/\" class=\"block py-4 border-b border-gray-200 font-bold hover:underline\">Pilonii m\u0103rcii<\/a><li><a href=\"http:\/\/test.valvex.com\/ro\/despre-noi\/pentru-actionari\/\" class=\"block py-4 border-b border-gray-200 font-bold hover:underline\">Pentru ac\u021bionari<\/a><li><a href=\"http:\/\/test.valvex.com\/ro\/despre-noi\/servicii-b2b\/\" class=\"block py-4 border-b border-gray-200 font-bold hover:underline\">Servicii B2B<\/a><li><a href=\"http:\/\/test.valvex.com\/ro\/despre-noi\/serviciu\/\" class=\"block py-4 border-b border-gray-200 font-bold hover:underline\">Serviciu<\/a><li><a href=\"http:\/\/test.valvex.com\/ro\/despre-noi\/cariera\/\" class=\"block py-4 border-b border-gray-200 font-bold hover:underline\">Carier\u0103<\/a><\/ul>\n<\/div>\n\n\n\n<div class=\"wp-block-column is-layout-flow wp-block-column-is-layout-flow\" style=\"flex-basis:66.66%\">\n<h3 class=\"wp-block-heading\"><strong>Marca Valvex<\/strong><\/h3>\n\n\n\n<p>Valvex S.A. este un nume care, de ani \u00eentregi, este asociat cu fiabilitatea, modelele creative \u0219i tehnologia de ultim\u0103 or\u0103. Acumul\u0103m experien\u021b\u0103 \u0219i cuno\u0219tin\u021be din 1922 &#8211; sunt aspecte esen\u021biale pentru a asigura cea mai \u00eenalt\u0103 calitate \u0219i pentru a fi mereu \u00een pas cu cerin\u021bele industriei. Datorit\u0103 prezen\u021bei statornice pe pia\u021b\u0103, marca noastr\u0103 este recunoscut\u0103 \u0219i apreciat\u0103 \u00een Uniunea European\u0103, \u00een America de Nord \u0219i de Sud \u0219i \u00een Orientul Mijlociu.<\/p>\n\n\n\n<p>Suntem un produc\u0103tor polonez de fitinguri \u0219i instala\u021bii sanitare \u0219i ocup\u0103m pozi\u021bia de lider de pia\u021b\u0103 pe segmentul robine\u021bilor cu bil\u0103. Fabric\u0103m c\u00e2teva mii de articole. Printre acestea se num\u0103r\u0103 baterii de baie \u0219i de buc\u0103t\u0103rie, fitinguri pentru instala\u021bii de ap\u0103, fitinguri pentru instala\u021bii de gaz, sisteme de \u00eenc\u0103lzire central\u0103 \u0219i o gam\u0103 larg\u0103 de elemente de fixare \u0219i racorduri.<\/p>\n\n\n\n<p>Valvex, sinonim cu \u201eputerea calit\u0103\u021bii\u201d, se bazeaz\u0103 pe componente de \u00eenalt\u0103 calitate, solu\u021bii unice de design \u0219i testarea riguroas\u0103 a calit\u0103\u021bii \u00eenainte de a-\u0219i lansa produsele pe pia\u021b\u0103. Parcul nostru tehnologic de ultim\u0103 genera\u021bie ne permite s\u0103 cre\u0103m produse adaptate celor mai avansate proiecte de construc\u021bii, iar abordarea noastr\u0103 inovatoare r\u0103spunde cerin\u021belor fiec\u0103rui client final.<\/p>\n\n\n\n<p>Valvex \u00eenseamn\u0103 diversitate &#8211; design modern, solu\u021bii ecologice, func\u021bionalitate pe termen lung \u0219i produc\u021bie local\u0103. Pute\u021bi conta pe noi.<\/p>\n<\/div>\n<\/div>\n\n\n\n<div class=\"wp-block-columns are-vertically-aligned-center mt-24 is-layout-flex wp-container-core-columns-is-layout-9d6595d7 wp-block-columns-is-layout-flex\">\n<div class=\"wp-block-column is-vertically-aligned-center p-8 is-layout-flow wp-block-column-is-layout-flow\">\n<h3 class=\"wp-block-heading\"><strong>Pasiunea este cheia calit\u0103\u021bii<\/strong><\/h3>\n\n\n\n<p>Folosim cele mai recente tehnologii pentru ca produsele noastre s\u0103 fie de neegalat.<\/p>\n\n\n\n<p>Fabric\u0103m produse la nivel local &#8211; din 1970 &#8211; \u00een fabrica din Jordan\u00f3w din regiunea numit\u0103 Voievodatul Polonia Mic\u0103. O filial\u0103 dotat\u0103 cu linii de produc\u021bie de ultim\u0103 genera\u021bie, sta\u021bii de lucru computerizate \u0219i software specializat ne ofer\u0103 posibilitatea de a fabrica produse de o calitate din ce \u00een ce mai ridicat\u0103, cu un design mai interesant.<\/p>\n\n\n\n<p>Membrii echipei noastre sunt ingineri cu experien\u021b\u0103, proiectan\u021bi inventivi \u0219i speciali\u0219ti care valorific\u0103 zi de zi posibilit\u0103\u021bile oferite de filial\u0103. Cuno\u0219tin\u021bele \u0219i experien\u021ba acestora garanteaz\u0103 satisfac\u021bie nu doar \u00een raport cu produsul achizi\u021bionat, ci \u0219i \u00een raport cu fiecare aspect al interac\u021biunii cu marca &#8211; de la instruire la contactul cu serviciul de asisten\u021b\u0103 pentru clien\u021bi \u0219i p\u00e2n\u0103 la eventualele proceduri de reclama\u021bii. Valvex \u00eenseamn\u0103 o echip\u0103 receptiv\u0103 la dezvoltare \u0219i la colaborare, fapt care face posibil\u0103 concretizarea viziunii unei companii moderne \u0219i solide.<\/p>\n<\/div>\n\n\n\n<div class=\"wp-block-column is-vertically-aligned-center is-layout-flow wp-block-column-is-layout-flow\">\n<figure class=\"wp-block-image size-full\"><img loading=\"lazy\" decoding=\"async\" width=\"512\" height=\"524\" src=\"http:\/\/test.valvex.com\/wp-content\/uploads\/2022\/08\/Pasja-kluczem-do-jakosci.png\" alt=\"\" class=\"wp-image-63267\" srcset=\"http:\/\/test.valvex.com\/wp-content\/uploads\/2022\/08\/Pasja-kluczem-do-jakosci.png 512w, http:\/\/test.valvex.com\/wp-content\/uploads\/2022\/08\/Pasja-kluczem-do-jakosci-293x300.png 293w\" sizes=\"auto, (max-width: 512px) 100vw, 512px\" \/><\/figure>\n<\/div>\n<\/div>\n\n\n\n<div class=\"wp-block-columns mt-8 is-layout-flex wp-container-core-columns-is-layout-9d6595d7 wp-block-columns-is-layout-flex\">\n<div class=\"wp-block-column is-layout-flow wp-block-column-is-layout-flow\">\n<figure class=\"wp-block-image size-large\"><img loading=\"lazy\" decoding=\"async\" width=\"809\" height=\"1024\" src=\"http:\/\/test.valvex.com\/wp-content\/uploads\/2022\/06\/IMG_0772-809x1024.png\" alt=\"\" class=\"wp-image-62879\" srcset=\"http:\/\/test.valvex.com\/wp-content\/uploads\/2022\/06\/IMG_0772-809x1024.png 809w, http:\/\/test.valvex.com\/wp-content\/uploads\/2022\/06\/IMG_0772-237x300.png 237w, http:\/\/test.valvex.com\/wp-content\/uploads\/2022\/06\/IMG_0772-768x972.png 768w, http:\/\/test.valvex.com\/wp-content\/uploads\/2022\/06\/IMG_0772-1214x1536.png 1214w, http:\/\/test.valvex.com\/wp-content\/uploads\/2022\/06\/IMG_0772.png 1498w\" sizes=\"auto, (max-width: 809px) 100vw, 809px\" \/><\/figure>\n<\/div>\n\n\n\n<div class=\"wp-block-column mt-8 p-8 is-layout-flow wp-block-column-is-layout-flow\">\n<h3 class=\"wp-block-heading\"><strong>Istoria companiei<\/strong><\/h3>\n\n\n\n<p>Istoria m\u0103rcii \u00eencepe \u00een 1922, odat\u0103 cu deschiderea primei fabrici de fitinguri din Polonia.<\/p>\n\n\n\n<p>\u00cen ciuda circumstan\u021belor potrivnice ale perioadei postbelice, compania \u0219i-a men\u021binut prezen\u021ba constant\u0103 pe pia\u021b\u0103, prin stabilirea unor obiective ambi\u021bioase. Dezvoltarea \u0219i modernizarea produc\u021biei, fabricarea de produse adaptate nevoilor actuale \u0219i definirea tendin\u021belor \u00een materie de proiectare a produselor reprezint\u0103 principiile pe care s-a bazat misiunea companiei \u0219i care continu\u0103 s\u0103 fie valabile \u0219i ast\u0103zi.<\/p>\n\n\n\n<p>Anul 1970 a fost o piatr\u0103 de hotar \u00een istoria companiei &#8211; \u00een Jordan\u00f3w a fost deschis\u0103 o fabric\u0103, iar aceasta func\u021bioneaz\u0103 \u0219i ast\u0103zi. \u00cenc\u0103 din primii ani de func\u021bionare, \u00eentreprinderea s-a putut m\u00e2ndri cu cele mai \u00eenalte standarde de dotare, de organizare a muncii \u0219i de finalizare a produc\u021biei, standarde care aveau s\u0103 se men\u021bin\u0103 \u0219i \u00een viitor. Acest lucru ne-a permis s\u0103 ne men\u021binem o pozi\u021bie competitiv\u0103 \u00een toate condi\u021biile de evolu\u021bie a economiei de pia\u021b\u0103 poloneze.<\/p>\n\n\n\n<p>De-a lungul activit\u0103\u021bii, s-a dezvoltat un brand reprezentativ al produc\u021biei locale, ceea ce a permis o cre\u0219tere a popularit\u0103\u021bii pe pia\u021ba autohton\u0103. Pentru noi, este prioritar s\u0103 r\u0103spundem a\u0219tept\u0103rilor clien\u021bilor no\u0219tri &#8211; cu at\u00e2t mai mult cu c\u00e2t acest lucru \u00eenseamn\u0103 elaborarea de ini\u021biative inovatoare. Suntem primii care au introdus pe pia\u021ba polonez\u0103 robine\u021bi cu bil\u0103 pe baza propriului nostru design.<\/p>\n\n\n\n<p>Din momentul \u00een care am atras un investitor \u00een 1994, am func\u021bionat sub denumirea de Valvex S.A. Am devenit partener al grupului american Meridian International Group cu sediul \u00een Milwaukee, Wisconsin, SUA, care are aproape o mie de angaja\u021bi \u00een unit\u0103\u021bi de produc\u021bie \u0219i \u00een puncte de v\u00e2nz\u0103ri din Statele Unite \u0219i din Europa. \u00cen prezent, investim \u00een tehnologie \u0219i \u00een solu\u021bii de proiectare. De\u021binem prestigiosul certificat ISO 9001 \u0219i certificatul a\u0219a-numit \u201ede mediu\u201d ISO 14001, care atest\u0103 faptul c\u0103 produc\u021bia are loc \u00een spiritul respectului fa\u021b\u0103 de mediul \u00eenconjur\u0103tor. Ne dorim s\u0103 fim aten\u021bi la nevoile clien\u021bilor no\u0219tri \u0219i s\u0103 le oferim solu\u021bii c\u00e2t de bune posibil. \u00centotdeauna.<\/p>\n<\/div>\n<\/div>\n","protected":false},"excerpt":{"rendered":"<p>Marca Valvex Valvex S.A. este un nume care, de ani \u00eentregi, este asociat cu fiabilitatea, modelele creative \u0219i tehnologia de ultim\u0103 or\u0103. Acumul\u0103m experien\u021b\u0103 \u0219i cuno\u0219tin\u021be din 1922 &#8211; sunt aspecte esen\u021biale pentru a asigura cea mai \u00eenalt\u0103 calitate \u0219i pentru a fi mereu \u00een pas cu cerin\u021bele industriei. Datorit\u0103 prezen\u021bei statornice pe pia\u021b\u0103, marca [&hellip;]<\/p>\n","protected":false},"author":12,"featured_media":73344,"parent":0,"menu_order":143,"comment_status":"closed","ping_status":"closed","template":"","meta":{"_acf_changed":false,"footnotes":""},"class_list":["post-67825","page","type-page","status-publish","has-post-thumbnail","hentry"],"acf":[],"yoast_head":"<!-- This site is optimized with the Yoast SEO plugin v22.2 - https:\/\/yoast.com\/wordpress\/plugins\/seo\/ -->\n<title>Despre noi - Valvex<\/title>\n<meta name=\"robots\" content=\"index, follow, max-snippet:-1, max-image-preview:large, max-video-preview:-1\" \/>\n<link rel=\"canonical\" href=\"http:\/\/test.valvex.com\/ro\/despre-noi\/\" \/>\n<meta property=\"og:locale\" content=\"ro_RO\" \/>\n<meta property=\"og:type\" content=\"article\" \/>\n<meta property=\"og:title\" content=\"Despre noi - Valvex\" \/>\n<meta property=\"og:description\" content=\"Marca Valvex Valvex S.A. este un nume care, de ani \u00eentregi, este asociat cu fiabilitatea, modelele creative \u0219i tehnologia de ultim\u0103 or\u0103. Acumul\u0103m experien\u021b\u0103 \u0219i cuno\u0219tin\u021be din 1922 &#8211; sunt aspecte esen\u021biale pentru a asigura cea mai \u00eenalt\u0103 calitate \u0219i pentru a fi mereu \u00een pas cu cerin\u021bele industriei. Datorit\u0103 prezen\u021bei statornice pe pia\u021b\u0103, marca [&hellip;]\" \/>\n<meta property=\"og:url\" content=\"http:\/\/test.valvex.com\/ro\/despre-noi\/\" \/>\n<meta property=\"og:site_name\" content=\"Valvex\" \/>\n<meta property=\"article:modified_time\" content=\"2024-04-19T13:31:54+00:00\" \/>\n<meta property=\"og:image\" content=\"http:\/\/test.valvex.com\/wp-content\/uploads\/2024\/07\/Header_O-nas.png\" \/>\n\t<meta property=\"og:image:width\" content=\"2400\" \/>\n\t<meta property=\"og:image:height\" content=\"384\" \/>\n\t<meta property=\"og:image:type\" content=\"image\/png\" \/>\n<meta name=\"twitter:card\" content=\"summary_large_image\" \/>\n<meta name=\"twitter:label1\" content=\"Timp estimat pentru citire\" \/>\n\t<meta name=\"twitter:data1\" content=\"5 minute\" \/>\n<script type=\"application\/ld+json\" class=\"yoast-schema-graph\">{\"@context\":\"https:\/\/schema.org\",\"@graph\":[{\"@type\":\"WebPage\",\"@id\":\"http:\/\/test.valvex.com\/ro\/despre-noi\/\",\"url\":\"http:\/\/test.valvex.com\/ro\/despre-noi\/\",\"name\":\"Despre noi - Valvex\",\"isPartOf\":{\"@id\":\"http:\/\/test.valvex.com\/ro\/#website\"},\"primaryImageOfPage\":{\"@id\":\"http:\/\/test.valvex.com\/ro\/despre-noi\/#primaryimage\"},\"image\":{\"@id\":\"http:\/\/test.valvex.com\/ro\/despre-noi\/#primaryimage\"},\"thumbnailUrl\":\"http:\/\/test.valvex.com\/wp-content\/uploads\/2024\/07\/Header_O-nas.png\",\"datePublished\":\"2023-07-21T12:20:21+00:00\",\"dateModified\":\"2024-04-19T13:31:54+00:00\",\"breadcrumb\":{\"@id\":\"http:\/\/test.valvex.com\/ro\/despre-noi\/#breadcrumb\"},\"inLanguage\":\"ro-RO\",\"potentialAction\":[{\"@type\":\"ReadAction\",\"target\":[\"http:\/\/test.valvex.com\/ro\/despre-noi\/\"]}]},{\"@type\":\"ImageObject\",\"inLanguage\":\"ro-RO\",\"@id\":\"http:\/\/test.valvex.com\/ro\/despre-noi\/#primaryimage\",\"url\":\"http:\/\/test.valvex.com\/wp-content\/uploads\/2024\/07\/Header_O-nas.png\",\"contentUrl\":\"http:\/\/test.valvex.com\/wp-content\/uploads\/2024\/07\/Header_O-nas.png\",\"width\":2400,\"height\":384},{\"@type\":\"BreadcrumbList\",\"@id\":\"http:\/\/test.valvex.com\/ro\/despre-noi\/#breadcrumb\",\"itemListElement\":[{\"@type\":\"ListItem\",\"position\":1,\"name\":\"Strona g\u0142\u00f3wna\",\"item\":\"http:\/\/test.valvex.com\/ro\/\"},{\"@type\":\"ListItem\",\"position\":2,\"name\":\"Despre noi\"}]},{\"@type\":\"WebSite\",\"@id\":\"http:\/\/test.valvex.com\/ro\/#website\",\"url\":\"http:\/\/test.valvex.com\/ro\/\",\"name\":\"Valvex\",\"description\":\"Produc\u0103tor de instala\u021bii sanitare \u0219i sanitare\",\"potentialAction\":[{\"@type\":\"SearchAction\",\"target\":{\"@type\":\"EntryPoint\",\"urlTemplate\":\"http:\/\/test.valvex.com\/ro\/?s={search_term_string}\"},\"query-input\":\"required name=search_term_string\"}],\"inLanguage\":\"ro-RO\"}]}<\/script>\n<!-- \/ Yoast SEO plugin. -->","yoast_head_json":{"title":"Despre noi - Valvex","robots":{"index":"index","follow":"follow","max-snippet":"max-snippet:-1","max-image-preview":"max-image-preview:large","max-video-preview":"max-video-preview:-1"},"canonical":"http:\/\/test.valvex.com\/ro\/despre-noi\/","og_locale":"ro_RO","og_type":"article","og_title":"Despre noi - Valvex","og_description":"Marca Valvex Valvex S.A. este un nume care, de ani \u00eentregi, este asociat cu fiabilitatea, modelele creative \u0219i tehnologia de ultim\u0103 or\u0103. Acumul\u0103m experien\u021b\u0103 \u0219i cuno\u0219tin\u021be din 1922 &#8211; sunt aspecte esen\u021biale pentru a asigura cea mai \u00eenalt\u0103 calitate \u0219i pentru a fi mereu \u00een pas cu cerin\u021bele industriei. Datorit\u0103 prezen\u021bei statornice pe pia\u021b\u0103, marca [&hellip;]","og_url":"http:\/\/test.valvex.com\/ro\/despre-noi\/","og_site_name":"Valvex","article_modified_time":"2024-04-19T13:31:54+00:00","og_image":[{"width":2400,"height":384,"url":"http:\/\/test.valvex.com\/wp-content\/uploads\/2024\/07\/Header_O-nas.png","type":"image\/png"}],"twitter_card":"summary_large_image","twitter_misc":{"Timp estimat pentru citire":"5 minute"},"schema":{"@context":"https:\/\/schema.org","@graph":[{"@type":"WebPage","@id":"http:\/\/test.valvex.com\/ro\/despre-noi\/","url":"http:\/\/test.valvex.com\/ro\/despre-noi\/","name":"Despre noi - Valvex","isPartOf":{"@id":"http:\/\/test.valvex.com\/ro\/#website"},"primaryImageOfPage":{"@id":"http:\/\/test.valvex.com\/ro\/despre-noi\/#primaryimage"},"image":{"@id":"http:\/\/test.valvex.com\/ro\/despre-noi\/#primaryimage"},"thumbnailUrl":"http:\/\/test.valvex.com\/wp-content\/uploads\/2024\/07\/Header_O-nas.png","datePublished":"2023-07-21T12:20:21+00:00","dateModified":"2024-04-19T13:31:54+00:00","breadcrumb":{"@id":"http:\/\/test.valvex.com\/ro\/despre-noi\/#breadcrumb"},"inLanguage":"ro-RO","potentialAction":[{"@type":"ReadAction","target":["http:\/\/test.valvex.com\/ro\/despre-noi\/"]}]},{"@type":"ImageObject","inLanguage":"ro-RO","@id":"http:\/\/test.valvex.com\/ro\/despre-noi\/#primaryimage","url":"http:\/\/test.valvex.com\/wp-content\/uploads\/2024\/07\/Header_O-nas.png","contentUrl":"http:\/\/test.valvex.com\/wp-content\/uploads\/2024\/07\/Header_O-nas.png","width":2400,"height":384},{"@type":"BreadcrumbList","@id":"http:\/\/test.valvex.com\/ro\/despre-noi\/#breadcrumb","itemListElement":[{"@type":"ListItem","position":1,"name":"Strona g\u0142\u00f3wna","item":"http:\/\/test.valvex.com\/ro\/"},{"@type":"ListItem","position":2,"name":"Despre noi"}]},{"@type":"WebSite","@id":"http:\/\/test.valvex.com\/ro\/#website","url":"http:\/\/test.valvex.com\/ro\/","name":"Valvex","description":"Produc\u0103tor de instala\u021bii sanitare \u0219i sanitare","potentialAction":[{"@type":"SearchAction","target":{"@type":"EntryPoint","urlTemplate":"http:\/\/test.valvex.com\/ro\/?s={search_term_string}"},"query-input":"required name=search_term_string"}],"inLanguage":"ro-RO"}]}},"_links":{"self":[{"href":"http:\/\/test.valvex.com\/ro\/wp-json\/wp\/v2\/pages\/67825","targetHints":{"allow":["GET"]}}],"collection":[{"href":"http:\/\/test.valvex.com\/ro\/wp-json\/wp\/v2\/pages"}],"about":[{"href":"http:\/\/test.valvex.com\/ro\/wp-json\/wp\/v2\/types\/page"}],"author":[{"embeddable":true,"href":"http:\/\/test.valvex.com\/ro\/wp-json\/wp\/v2\/users\/12"}],"replies":[{"embeddable":true,"href":"http:\/\/test.valvex.com\/ro\/wp-json\/wp\/v2\/comments?post=67825"}],"version-history":[{"count":4,"href":"http:\/\/test.valvex.com\/ro\/wp-json\/wp\/v2\/pages\/67825\/revisions"}],"predecessor-version":[{"id":71540,"href":"http:\/\/test.valvex.com\/ro\/wp-json\/wp\/v2\/pages\/67825\/revisions\/71540"}],"wp:featuredmedia":[{"embeddable":true,"href":"http:\/\/test.valvex.com\/ro\/wp-json\/wp\/v2\/media\/73344"}],"wp:attachment":[{"href":"http:\/\/test.valvex.com\/ro\/wp-json\/wp\/v2\/media?parent=67825"}],"curies":[{"name":"wp","href":"https:\/\/api.w.org\/{rel}","templated":true}]}}