{"id":78926,"date":"2025-06-03T14:02:52","date_gmt":"2025-06-03T12:02:52","guid":{"rendered":"http:\/\/test.valvex.com\/product\/test-tlumaczenie\/"},"modified":"2025-06-26T14:08:09","modified_gmt":"2025-06-26T12:08:09","slug":"test-tlumaczenie","status":"publish","type":"product","link":"http:\/\/test.valvex.com\/en\/product\/test-tlumaczenie\/","title":{"rendered":"test t\u0142umaczenie"},"content":{"rendered":"<p>Opis g\u0142\u00f3wny <\/p>\n","protected":false},"featured_media":78964,"template":"","ikony_produktow":[2096,2166],"product_category":[2350,1810,1920,1770,1775,1780],"product_series":[],"color":[],"class_list":["post-78926","product","type-product","status-publish","has-post-thumbnail","hentry","ikony_produktow-25_years-guarantee","ikony_produktow-3-functionceramicmixer","product_category-baterie-stojace-en","product_category-bathroom","product_category-wash-basin","product_category-kitchen","product_category-accessories-and-spare-parts","product_category-levers"],"acf":[],"yoast_head":"<!-- This site is optimized with the Yoast SEO plugin v22.2 - https:\/\/yoast.com\/wordpress\/plugins\/seo\/ -->\n<title>test t\u0142umaczenie - Valvex<\/title>\n<meta name=\"robots\" content=\"index, follow, max-snippet:-1, max-image-preview:large, max-video-preview:-1\" \/>\n<link rel=\"canonical\" href=\"http:\/\/test.valvex.com\/en\/product\/test-tlumaczenie\/\" \/>\n<meta property=\"og:locale\" content=\"en_US\" \/>\n<meta property=\"og:type\" content=\"article\" \/>\n<meta property=\"og:title\" content=\"test t\u0142umaczenie - Valvex\" \/>\n<meta property=\"og:description\" content=\"Opis g\u0142\u00f3wny\" \/>\n<meta property=\"og:url\" content=\"http:\/\/test.valvex.com\/en\/product\/test-tlumaczenie\/\" \/>\n<meta property=\"og:site_name\" content=\"Valvex\" \/>\n<meta property=\"article:modified_time\" content=\"2025-06-26T12:08:09+00:00\" \/>\n<meta name=\"twitter:card\" content=\"summary_large_image\" \/>\n<meta name=\"twitter:label1\" content=\"Est. reading time\" \/>\n\t<meta name=\"twitter:data1\" content=\"1 minute\" \/>\n<script type=\"application\/ld+json\" class=\"yoast-schema-graph\">{\"@context\":\"https:\/\/schema.org\",\"@graph\":[{\"@type\":\"WebPage\",\"@id\":\"http:\/\/test.valvex.com\/en\/product\/test-tlumaczenie\/\",\"url\":\"http:\/\/test.valvex.com\/en\/product\/test-tlumaczenie\/\",\"name\":\"test t\u0142umaczenie - Valvex\",\"isPartOf\":{\"@id\":\"http:\/\/test.valvex.com\/en\/#website\"},\"primaryImageOfPage\":{\"@id\":\"http:\/\/test.valvex.com\/en\/product\/test-tlumaczenie\/#primaryimage\"},\"image\":{\"@id\":\"http:\/\/test.valvex.com\/en\/product\/test-tlumaczenie\/#primaryimage\"},\"thumbnailUrl\":\"http:\/\/test.valvex.com\/wp-content\/uploads\/2025\/06\/2449550-3.jpg\",\"datePublished\":\"2025-06-03T12:02:52+00:00\",\"dateModified\":\"2025-06-26T12:08:09+00:00\",\"breadcrumb\":{\"@id\":\"http:\/\/test.valvex.com\/en\/product\/test-tlumaczenie\/#breadcrumb\"},\"inLanguage\":\"en-US\",\"potentialAction\":[{\"@type\":\"ReadAction\",\"target\":[\"http:\/\/test.valvex.com\/en\/product\/test-tlumaczenie\/\"]}]},{\"@type\":\"ImageObject\",\"inLanguage\":\"en-US\",\"@id\":\"http:\/\/test.valvex.com\/en\/product\/test-tlumaczenie\/#primaryimage\",\"url\":\"http:\/\/test.valvex.com\/wp-content\/uploads\/2025\/06\/2449550-3.jpg\",\"contentUrl\":\"http:\/\/test.valvex.com\/wp-content\/uploads\/2025\/06\/2449550-3.jpg\",\"width\":650,\"height\":415},{\"@type\":\"BreadcrumbList\",\"@id\":\"http:\/\/test.valvex.com\/en\/product\/test-tlumaczenie\/#breadcrumb\",\"itemListElement\":[{\"@type\":\"ListItem\",\"position\":1,\"name\":\"Strona g\u0142\u00f3wna\",\"item\":\"http:\/\/test.valvex.com\/en\/\"},{\"@type\":\"ListItem\",\"position\":2,\"name\":\"Bathroom\",\"item\":\"http:\/\/test.valvex.com\/en\/oferta\/bathroom\/\"},{\"@type\":\"ListItem\",\"position\":3,\"name\":\"Wash basin\",\"item\":\"http:\/\/test.valvex.com\/en\/oferta\/bathroom\/wash-basin\/\"},{\"@type\":\"ListItem\",\"position\":4,\"name\":\"Baterie stoj\u0105ce\",\"item\":\"http:\/\/test.valvex.com\/en\/oferta\/bathroom\/wash-basin\/baterie-stojace-en\/\"},{\"@type\":\"ListItem\",\"position\":5,\"name\":\"test t\u0142umaczenie\"}]},{\"@type\":\"WebSite\",\"@id\":\"http:\/\/test.valvex.com\/en\/#website\",\"url\":\"http:\/\/test.valvex.com\/en\/\",\"name\":\"Valvex\",\"description\":\"Manufacturer of sanitary and installation fittings\",\"potentialAction\":[{\"@type\":\"SearchAction\",\"target\":{\"@type\":\"EntryPoint\",\"urlTemplate\":\"http:\/\/test.valvex.com\/en\/?s={search_term_string}\"},\"query-input\":\"required name=search_term_string\"}],\"inLanguage\":\"en-US\"}]}<\/script>\n<!-- \/ Yoast SEO plugin. -->","yoast_head_json":{"title":"test t\u0142umaczenie - Valvex","robots":{"index":"index","follow":"follow","max-snippet":"max-snippet:-1","max-image-preview":"max-image-preview:large","max-video-preview":"max-video-preview:-1"},"canonical":"http:\/\/test.valvex.com\/en\/product\/test-tlumaczenie\/","og_locale":"en_US","og_type":"article","og_title":"test t\u0142umaczenie - Valvex","og_description":"Opis g\u0142\u00f3wny","og_url":"http:\/\/test.valvex.com\/en\/product\/test-tlumaczenie\/","og_site_name":"Valvex","article_modified_time":"2025-06-26T12:08:09+00:00","twitter_card":"summary_large_image","twitter_misc":{"Est. reading time":"1 minute"},"schema":{"@context":"https:\/\/schema.org","@graph":[{"@type":"WebPage","@id":"http:\/\/test.valvex.com\/en\/product\/test-tlumaczenie\/","url":"http:\/\/test.valvex.com\/en\/product\/test-tlumaczenie\/","name":"test t\u0142umaczenie - Valvex","isPartOf":{"@id":"http:\/\/test.valvex.com\/en\/#website"},"primaryImageOfPage":{"@id":"http:\/\/test.valvex.com\/en\/product\/test-tlumaczenie\/#primaryimage"},"image":{"@id":"http:\/\/test.valvex.com\/en\/product\/test-tlumaczenie\/#primaryimage"},"thumbnailUrl":"http:\/\/test.valvex.com\/wp-content\/uploads\/2025\/06\/2449550-3.jpg","datePublished":"2025-06-03T12:02:52+00:00","dateModified":"2025-06-26T12:08:09+00:00","breadcrumb":{"@id":"http:\/\/test.valvex.com\/en\/product\/test-tlumaczenie\/#breadcrumb"},"inLanguage":"en-US","potentialAction":[{"@type":"ReadAction","target":["http:\/\/test.valvex.com\/en\/product\/test-tlumaczenie\/"]}]},{"@type":"ImageObject","inLanguage":"en-US","@id":"http:\/\/test.valvex.com\/en\/product\/test-tlumaczenie\/#primaryimage","url":"http:\/\/test.valvex.com\/wp-content\/uploads\/2025\/06\/2449550-3.jpg","contentUrl":"http:\/\/test.valvex.com\/wp-content\/uploads\/2025\/06\/2449550-3.jpg","width":650,"height":415},{"@type":"BreadcrumbList","@id":"http:\/\/test.valvex.com\/en\/product\/test-tlumaczenie\/#breadcrumb","itemListElement":[{"@type":"ListItem","position":1,"name":"Strona g\u0142\u00f3wna","item":"http:\/\/test.valvex.com\/en\/"},{"@type":"ListItem","position":2,"name":"Bathroom","item":"http:\/\/test.valvex.com\/en\/oferta\/bathroom\/"},{"@type":"ListItem","position":3,"name":"Wash basin","item":"http:\/\/test.valvex.com\/en\/oferta\/bathroom\/wash-basin\/"},{"@type":"ListItem","position":4,"name":"Baterie stoj\u0105ce","item":"http:\/\/test.valvex.com\/en\/oferta\/bathroom\/wash-basin\/baterie-stojace-en\/"},{"@type":"ListItem","position":5,"name":"test t\u0142umaczenie"}]},{"@type":"WebSite","@id":"http:\/\/test.valvex.com\/en\/#website","url":"http:\/\/test.valvex.com\/en\/","name":"Valvex","description":"Manufacturer of sanitary and installation fittings","potentialAction":[{"@type":"SearchAction","target":{"@type":"EntryPoint","urlTemplate":"http:\/\/test.valvex.com\/en\/?s={search_term_string}"},"query-input":"required name=search_term_string"}],"inLanguage":"en-US"}]}},"_links":{"self":[{"href":"http:\/\/test.valvex.com\/en\/wp-json\/wp\/v2\/product\/78926","targetHints":{"allow":["GET"]}}],"collection":[{"href":"http:\/\/test.valvex.com\/en\/wp-json\/wp\/v2\/product"}],"about":[{"href":"http:\/\/test.valvex.com\/en\/wp-json\/wp\/v2\/types\/product"}],"wp:featuredmedia":[{"embeddable":true,"href":"http:\/\/test.valvex.com\/en\/wp-json\/wp\/v2\/media\/78964"}],"wp:attachment":[{"href":"http:\/\/test.valvex.com\/en\/wp-json\/wp\/v2\/media?parent=78926"}],"wp:term":[{"taxonomy":"ikony_produktow","embeddable":true,"href":"http:\/\/test.valvex.com\/en\/wp-json\/wp\/v2\/ikony_produktow?post=78926"},{"taxonomy":"product_category","embeddable":true,"href":"http:\/\/test.valvex.com\/en\/wp-json\/wp\/v2\/product_category?post=78926"},{"taxonomy":"product_series","embeddable":true,"href":"http:\/\/test.valvex.com\/en\/wp-json\/wp\/v2\/product_series?post=78926"},{"taxonomy":"color","embeddable":true,"href":"http:\/\/test.valvex.com\/en\/wp-json\/wp\/v2\/color?post=78926"}],"curies":[{"name":"wp","href":"https:\/\/api.w.org\/{rel}","templated":true}]}}