{"id":69077,"date":"2022-03-22T21:57:22","date_gmt":"2022-03-22T20:57:22","guid":{"rendered":"http:\/\/test.valvex.com\/contact\/formularz-kontaktowy\/"},"modified":"2024-02-19T17:10:20","modified_gmt":"2024-02-19T16:10:20","slug":"contact-form","status":"publish","type":"page","link":"http:\/\/test.valvex.com\/en\/contact\/contact-form\/","title":{"rendered":"Contact form"},"content":{"rendered":"\n<div class=\"wp-block-columns is-layout-flex wp-container-core-columns-is-layout-9d6595d7 wp-block-columns-is-layout-flex\">\n<div class=\"wp-block-column is-layout-flow wp-block-column-is-layout-flow\" style=\"flex-basis:25%\">\n<h4 class=\"wp-block-heading\">Do you want to make <br>a claim?<\/h4>\n\n\n\n<p><a href=\"\/en\/contact\/file-a-complaint\/\">Complaint form<\/a><\/p>\n<\/div>\n\n\n\n<div class=\"wp-block-column is-layout-flow wp-block-column-is-layout-flow\" style=\"flex-basis:50%\">\n<h3 class=\"wp-block-heading mb-16\">We invite you to contact us<\/h3>\n\n\n\n<div class=\"wpcf7 no-js\" id=\"wpcf7-f69479-o1\" lang=\"en-US\" dir=\"ltr\">\n<div class=\"screen-reader-response\"><p role=\"status\" aria-live=\"polite\" aria-atomic=\"true\"><\/p> <ul><\/ul><\/div>\n<form action=\"\/en\/wp-json\/wp\/v2\/pages\/69077#wpcf7-f69479-o1\" method=\"post\" class=\"wpcf7-form init\" aria-label=\"Contact form\" novalidate=\"novalidate\" data-status=\"init\">\n<div style=\"display: none;\">\n<input type=\"hidden\" name=\"_wpcf7\" value=\"69479\" \/>\n<input type=\"hidden\" name=\"_wpcf7_version\" value=\"5.9.8\" \/>\n<input type=\"hidden\" name=\"_wpcf7_locale\" value=\"en_US\" \/>\n<input type=\"hidden\" name=\"_wpcf7_unit_tag\" value=\"wpcf7-f69479-o1\" \/>\n<input type=\"hidden\" name=\"_wpcf7_container_post\" value=\"0\" \/>\n<input type=\"hidden\" name=\"_wpcf7_posted_data_hash\" value=\"\" \/>\n<input type=\"hidden\" name=\"_wpcf7_recaptcha_response\" value=\"\" \/>\n<\/div>\n<div class=\"grid md:grid-cols-2 gap-2\">\n\t<div>\n\t\t<p><label>First name <span class=\"wpcf7-form-control-wrap\" data-name=\"your-name\"><input size=\"40\" maxlength=\"400\" class=\"wpcf7-form-control wpcf7-text wpcf7-validates-as-required\" aria-required=\"true\" aria-invalid=\"false\" value=\"\" type=\"text\" name=\"your-name\" \/><\/span> <\/label>\n\t\t<\/p>\n\t<\/div>\n\t<div>\n\t\t<p><label>Last name <span class=\"wpcf7-form-control-wrap\" data-name=\"your-lastname\"><input size=\"40\" maxlength=\"400\" class=\"wpcf7-form-control wpcf7-text wpcf7-validates-as-required\" aria-required=\"true\" aria-invalid=\"false\" value=\"\" type=\"text\" name=\"your-lastname\" \/><\/span> <\/label>\n\t\t<\/p>\n\t<\/div>\n<\/div>\n<p><label>Company name <span class=\"wpcf7-form-control-wrap\" data-name=\"company-name\"><input size=\"40\" maxlength=\"400\" class=\"wpcf7-form-control wpcf7-text wpcf7-validates-as-required\" aria-required=\"true\" aria-invalid=\"false\" value=\"\" type=\"text\" name=\"company-name\" \/><\/span> <\/label>\n<\/p>\n<div class=\"grid md:grid-cols-2 gap-2\">\n\t<div>\n\t\t<p><label>E-mail <span class=\"wpcf7-form-control-wrap\" data-name=\"your-email\"><input size=\"40\" maxlength=\"400\" class=\"wpcf7-form-control wpcf7-email wpcf7-validates-as-required wpcf7-text wpcf7-validates-as-email\" aria-required=\"true\" aria-invalid=\"false\" value=\"\" type=\"email\" name=\"your-email\" \/><\/span> <\/label>\n\t\t<\/p>\n\t<\/div>\n\t<div>\n\t\t<p><label>Phone number <span class=\"wpcf7-form-control-wrap\" data-name=\"your-phone\"><input size=\"40\" maxlength=\"400\" class=\"wpcf7-form-control wpcf7-tel wpcf7-validates-as-required wpcf7-text wpcf7-validates-as-tel\" aria-required=\"true\" aria-invalid=\"false\" value=\"\" type=\"tel\" name=\"your-phone\" \/><\/span> <\/label>\n\t\t<\/p>\n\t<\/div>\n<\/div>\n<p><label>Your message<br \/>\n<span class=\"wpcf7-form-control-wrap\" data-name=\"your-message\"><textarea cols=\"40\" rows=\"10\" maxlength=\"2000\" class=\"wpcf7-form-control wpcf7-textarea wpcf7-validates-as-required\" aria-required=\"true\" aria-invalid=\"false\" name=\"your-message\"><\/textarea><\/span> <\/label>\n<\/p>\n<p style=\"font-size: 0.8rem;color: #989898;font-weight: normal;\">The administrator of your personal data provided is Valvex S.A. located in Jordan\u00f3w, at Nad Skaw\u0105 2 Street, 34-240 Jordan\u00f3w, registered in the Register of Entrepreneurs of the National Court Register by the District Court for Krak\u00f3w - \u015ar\u00f3dmie\u015bcie in Krak\u00f3w, 12th Commercial Division of the National Court Register under the number KRS 0000026818, VAT ID: 735-00-24-499, REGON: 490399956. We process your personal data in order to respond to the questions sent or in other matters in which you contact us using this form.\n<\/p>\n<p><label style=\"font-size: 0.8rem;color: #989898;font-weight: normal;\"> <span class=\"wpcf7-form-control-wrap\" data-name=\"dane-osobowe\"><span class=\"wpcf7-form-control wpcf7-acceptance optional\"><span class=\"wpcf7-list-item\"><input type=\"checkbox\" name=\"dane-osobowe\" value=\"1\" aria-invalid=\"false\" \/><\/span><\/span><\/span>&nbsp;&nbsp; I consent to be contacted through the communication channel provided in the form for marketing purposes, including the presentation of unsolicited offers of products and services by Valvex S.A. In cases provided by law, you have the right to: access your data, receive a copy of your data, rectify, delete, limit processing, transfer, withdraw consent, and object to data processing. Full information regarding the processing of personal data in business communication is available in the <a href=\"\/en\/privacy-policy\/\" target=\"_blank\" style=\"color:#ff0613;\">Privacy Policy<\/a><\/label>\n<\/p>\n<div class=\"text-right\">\n\t<p><input class=\"wpcf7-form-control wpcf7-submit has-spinner\" type=\"submit\" value=\"Send\" \/>\n\t<\/p>\n<\/div><div class=\"wpcf7-response-output\" aria-hidden=\"true\"><\/div>\n<\/form>\n<\/div>\n\n<\/div>\n\n\n\n<div class=\"wp-block-column is-layout-flow wp-block-column-is-layout-flow\" style=\"flex-basis:25%\"><\/div>\n<\/div>\n","protected":false},"excerpt":{"rendered":"<p>Do you want to make a claim? Complaint form We invite you to contact us<\/p>\n","protected":false},"author":12,"featured_media":70776,"parent":54229,"menu_order":99,"comment_status":"closed","ping_status":"closed","template":"","meta":{"_acf_changed":false,"footnotes":""},"class_list":["post-69077","page","type-page","status-publish","has-post-thumbnail","hentry"],"acf":[],"yoast_head":"<!-- This site is optimized with the Yoast SEO plugin v22.2 - https:\/\/yoast.com\/wordpress\/plugins\/seo\/ -->\n<title>Contact form - Valvex<\/title>\n<meta name=\"robots\" content=\"index, follow, max-snippet:-1, max-image-preview:large, max-video-preview:-1\" \/>\n<link rel=\"canonical\" href=\"http:\/\/test.valvex.com\/en\/contact\/contact-form\/\" \/>\n<meta property=\"og:locale\" content=\"en_US\" \/>\n<meta property=\"og:type\" content=\"article\" \/>\n<meta property=\"og:title\" content=\"Contact form - Valvex\" \/>\n<meta property=\"og:description\" content=\"Do you want to make a claim? Complaint form We invite you to contact us\" \/>\n<meta property=\"og:url\" content=\"http:\/\/test.valvex.com\/en\/contact\/contact-form\/\" \/>\n<meta property=\"og:site_name\" content=\"Valvex\" \/>\n<meta property=\"article:modified_time\" content=\"2024-02-19T16:10:20+00:00\" \/>\n<meta property=\"og:image\" content=\"http:\/\/test.valvex.com\/wp-content\/uploads\/2024\/03\/Header_PVD-1024x164.png\" \/>\n\t<meta property=\"og:image:width\" content=\"1024\" \/>\n\t<meta property=\"og:image:height\" content=\"164\" \/>\n\t<meta property=\"og:image:type\" content=\"image\/png\" \/>\n<meta name=\"twitter:card\" content=\"summary_large_image\" \/>\n<meta name=\"twitter:label1\" content=\"Est. reading time\" \/>\n\t<meta name=\"twitter:data1\" content=\"1 minute\" \/>\n<script type=\"application\/ld+json\" class=\"yoast-schema-graph\">{\"@context\":\"https:\/\/schema.org\",\"@graph\":[{\"@type\":\"WebPage\",\"@id\":\"http:\/\/test.valvex.com\/en\/contact\/contact-form\/\",\"url\":\"http:\/\/test.valvex.com\/en\/contact\/contact-form\/\",\"name\":\"Contact form - Valvex\",\"isPartOf\":{\"@id\":\"http:\/\/test.valvex.com\/en\/#website\"},\"primaryImageOfPage\":{\"@id\":\"http:\/\/test.valvex.com\/en\/contact\/contact-form\/#primaryimage\"},\"image\":{\"@id\":\"http:\/\/test.valvex.com\/en\/contact\/contact-form\/#primaryimage\"},\"thumbnailUrl\":\"http:\/\/test.valvex.com\/wp-content\/uploads\/2024\/03\/Header_PVD.png\",\"datePublished\":\"2022-03-22T20:57:22+00:00\",\"dateModified\":\"2024-02-19T16:10:20+00:00\",\"breadcrumb\":{\"@id\":\"http:\/\/test.valvex.com\/en\/contact\/contact-form\/#breadcrumb\"},\"inLanguage\":\"en-US\",\"potentialAction\":[{\"@type\":\"ReadAction\",\"target\":[\"http:\/\/test.valvex.com\/en\/contact\/contact-form\/\"]}]},{\"@type\":\"ImageObject\",\"inLanguage\":\"en-US\",\"@id\":\"http:\/\/test.valvex.com\/en\/contact\/contact-form\/#primaryimage\",\"url\":\"http:\/\/test.valvex.com\/wp-content\/uploads\/2024\/03\/Header_PVD.png\",\"contentUrl\":\"http:\/\/test.valvex.com\/wp-content\/uploads\/2024\/03\/Header_PVD.png\",\"width\":2400,\"height\":384},{\"@type\":\"BreadcrumbList\",\"@id\":\"http:\/\/test.valvex.com\/en\/contact\/contact-form\/#breadcrumb\",\"itemListElement\":[{\"@type\":\"ListItem\",\"position\":1,\"name\":\"Strona g\u0142\u00f3wna\",\"item\":\"http:\/\/test.valvex.com\/en\/\"},{\"@type\":\"ListItem\",\"position\":2,\"name\":\"Contact\",\"item\":\"http:\/\/test.valvex.com\/en\/contact\/\"},{\"@type\":\"ListItem\",\"position\":3,\"name\":\"Contact form\"}]},{\"@type\":\"WebSite\",\"@id\":\"http:\/\/test.valvex.com\/en\/#website\",\"url\":\"http:\/\/test.valvex.com\/en\/\",\"name\":\"Valvex\",\"description\":\"Manufacturer of sanitary and installation fittings\",\"potentialAction\":[{\"@type\":\"SearchAction\",\"target\":{\"@type\":\"EntryPoint\",\"urlTemplate\":\"http:\/\/test.valvex.com\/en\/?s={search_term_string}\"},\"query-input\":\"required name=search_term_string\"}],\"inLanguage\":\"en-US\"}]}<\/script>\n<!-- \/ Yoast SEO plugin. -->","yoast_head_json":{"title":"Contact form - Valvex","robots":{"index":"index","follow":"follow","max-snippet":"max-snippet:-1","max-image-preview":"max-image-preview:large","max-video-preview":"max-video-preview:-1"},"canonical":"http:\/\/test.valvex.com\/en\/contact\/contact-form\/","og_locale":"en_US","og_type":"article","og_title":"Contact form - Valvex","og_description":"Do you want to make a claim? Complaint form We invite you to contact us","og_url":"http:\/\/test.valvex.com\/en\/contact\/contact-form\/","og_site_name":"Valvex","article_modified_time":"2024-02-19T16:10:20+00:00","og_image":[{"width":1024,"height":164,"url":"http:\/\/test.valvex.com\/wp-content\/uploads\/2024\/03\/Header_PVD-1024x164.png","type":"image\/png"}],"twitter_card":"summary_large_image","twitter_misc":{"Est. reading time":"1 minute"},"schema":{"@context":"https:\/\/schema.org","@graph":[{"@type":"WebPage","@id":"http:\/\/test.valvex.com\/en\/contact\/contact-form\/","url":"http:\/\/test.valvex.com\/en\/contact\/contact-form\/","name":"Contact form - Valvex","isPartOf":{"@id":"http:\/\/test.valvex.com\/en\/#website"},"primaryImageOfPage":{"@id":"http:\/\/test.valvex.com\/en\/contact\/contact-form\/#primaryimage"},"image":{"@id":"http:\/\/test.valvex.com\/en\/contact\/contact-form\/#primaryimage"},"thumbnailUrl":"http:\/\/test.valvex.com\/wp-content\/uploads\/2024\/03\/Header_PVD.png","datePublished":"2022-03-22T20:57:22+00:00","dateModified":"2024-02-19T16:10:20+00:00","breadcrumb":{"@id":"http:\/\/test.valvex.com\/en\/contact\/contact-form\/#breadcrumb"},"inLanguage":"en-US","potentialAction":[{"@type":"ReadAction","target":["http:\/\/test.valvex.com\/en\/contact\/contact-form\/"]}]},{"@type":"ImageObject","inLanguage":"en-US","@id":"http:\/\/test.valvex.com\/en\/contact\/contact-form\/#primaryimage","url":"http:\/\/test.valvex.com\/wp-content\/uploads\/2024\/03\/Header_PVD.png","contentUrl":"http:\/\/test.valvex.com\/wp-content\/uploads\/2024\/03\/Header_PVD.png","width":2400,"height":384},{"@type":"BreadcrumbList","@id":"http:\/\/test.valvex.com\/en\/contact\/contact-form\/#breadcrumb","itemListElement":[{"@type":"ListItem","position":1,"name":"Strona g\u0142\u00f3wna","item":"http:\/\/test.valvex.com\/en\/"},{"@type":"ListItem","position":2,"name":"Contact","item":"http:\/\/test.valvex.com\/en\/contact\/"},{"@type":"ListItem","position":3,"name":"Contact form"}]},{"@type":"WebSite","@id":"http:\/\/test.valvex.com\/en\/#website","url":"http:\/\/test.valvex.com\/en\/","name":"Valvex","description":"Manufacturer of sanitary and installation fittings","potentialAction":[{"@type":"SearchAction","target":{"@type":"EntryPoint","urlTemplate":"http:\/\/test.valvex.com\/en\/?s={search_term_string}"},"query-input":"required name=search_term_string"}],"inLanguage":"en-US"}]}},"_links":{"self":[{"href":"http:\/\/test.valvex.com\/en\/wp-json\/wp\/v2\/pages\/69077","targetHints":{"allow":["GET"]}}],"collection":[{"href":"http:\/\/test.valvex.com\/en\/wp-json\/wp\/v2\/pages"}],"about":[{"href":"http:\/\/test.valvex.com\/en\/wp-json\/wp\/v2\/types\/page"}],"author":[{"embeddable":true,"href":"http:\/\/test.valvex.com\/en\/wp-json\/wp\/v2\/users\/12"}],"replies":[{"embeddable":true,"href":"http:\/\/test.valvex.com\/en\/wp-json\/wp\/v2\/comments?post=69077"}],"version-history":[{"count":16,"href":"http:\/\/test.valvex.com\/en\/wp-json\/wp\/v2\/pages\/69077\/revisions"}],"predecessor-version":[{"id":69944,"href":"http:\/\/test.valvex.com\/en\/wp-json\/wp\/v2\/pages\/69077\/revisions\/69944"}],"up":[{"embeddable":true,"href":"http:\/\/test.valvex.com\/en\/wp-json\/wp\/v2\/pages\/54229"}],"wp:featuredmedia":[{"embeddable":true,"href":"http:\/\/test.valvex.com\/en\/wp-json\/wp\/v2\/media\/70776"}],"wp:attachment":[{"href":"http:\/\/test.valvex.com\/en\/wp-json\/wp\/v2\/media?parent=69077"}],"curies":[{"name":"wp","href":"https:\/\/api.w.org\/{rel}","templated":true}]}}