{"id":77639,"date":"2023-08-10T15:03:24","date_gmt":"2023-08-10T13:03:24","guid":{"rendered":"http:\/\/test.valvex.com\/product\/element-przedluzajacy-do-kolumny-natryskowej-satin-copper\/"},"modified":"2024-12-05T09:14:12","modified_gmt":"2024-12-05T08:14:12","slug":"element-przedluzajacy-do-kolumny-natryskowej-satin-copper","status":"publish","type":"product","link":"http:\/\/test.valvex.com\/de\/produkt\/element-przedluzajacy-do-kolumny-natryskowej-satin-copper\/","title":{"rendered":"Verl\u00e4ngerung f\u00fcr Duschs\u00e4ule EXTEND Satin Copper"},"content":{"rendered":"","protected":false},"featured_media":77640,"template":"","ikony_produktow":[2134,2112],"product_category":[1816],"product_series":[2357],"color":[2004],"class_list":["post-77639","product","type-product","status-publish","has-post-thumbnail","hentry","ikony_produktow-2jahregarantie","ikony_produktow-48-stunden-serviceinpolen","product_category-zubehoer-und-ersatzteile-de","product_series-verlaengerungselement","color-satin-cooper"],"acf":[],"yoast_head":"<!-- This site is optimized with the Yoast SEO plugin v22.2 - https:\/\/yoast.com\/wordpress\/plugins\/seo\/ -->\n<title>Verl\u00e4ngerung f\u00fcr Duschs\u00e4ule EXTEND Satin Copper - Valvex<\/title>\n<meta name=\"robots\" content=\"index, follow, max-snippet:-1, max-image-preview:large, max-video-preview:-1\" \/>\n<link rel=\"canonical\" href=\"http:\/\/test.valvex.com\/de\/produkt\/element-przedluzajacy-do-kolumny-natryskowej-satin-copper\/\" \/>\n<meta property=\"og:locale\" content=\"de_DE\" \/>\n<meta property=\"og:type\" content=\"article\" \/>\n<meta property=\"og:title\" content=\"Verl\u00e4ngerung f\u00fcr Duschs\u00e4ule EXTEND Satin Copper - Valvex\" \/>\n<meta property=\"og:url\" content=\"http:\/\/test.valvex.com\/de\/produkt\/element-przedluzajacy-do-kolumny-natryskowej-satin-copper\/\" \/>\n<meta property=\"og:site_name\" content=\"Valvex\" \/>\n<meta property=\"article:modified_time\" content=\"2024-12-05T08:14:12+00:00\" \/>\n<meta property=\"og:image\" content=\"http:\/\/test.valvex.com\/wp-content\/uploads\/2023\/08\/2409130.jpg\" \/>\n\t<meta property=\"og:image:width\" content=\"1600\" \/>\n\t<meta property=\"og:image:height\" content=\"2133\" \/>\n\t<meta property=\"og:image:type\" content=\"image\/jpeg\" \/>\n<meta name=\"twitter:card\" content=\"summary_large_image\" \/>\n<meta name=\"twitter:label1\" content=\"Gesch\u00e4tzte Lesezeit\" \/>\n\t<meta name=\"twitter:data1\" content=\"1\u00a0Minute\" \/>\n<script type=\"application\/ld+json\" class=\"yoast-schema-graph\">{\"@context\":\"https:\/\/schema.org\",\"@graph\":[{\"@type\":\"WebPage\",\"@id\":\"http:\/\/test.valvex.com\/de\/produkt\/element-przedluzajacy-do-kolumny-natryskowej-satin-copper\/\",\"url\":\"http:\/\/test.valvex.com\/de\/produkt\/element-przedluzajacy-do-kolumny-natryskowej-satin-copper\/\",\"name\":\"Verl\u00e4ngerung f\u00fcr Duschs\u00e4ule EXTEND Satin Copper - Valvex\",\"isPartOf\":{\"@id\":\"http:\/\/test.valvex.com\/de\/#website\"},\"primaryImageOfPage\":{\"@id\":\"http:\/\/test.valvex.com\/de\/produkt\/element-przedluzajacy-do-kolumny-natryskowej-satin-copper\/#primaryimage\"},\"image\":{\"@id\":\"http:\/\/test.valvex.com\/de\/produkt\/element-przedluzajacy-do-kolumny-natryskowej-satin-copper\/#primaryimage\"},\"thumbnailUrl\":\"http:\/\/test.valvex.com\/wp-content\/uploads\/2023\/08\/2409130.jpg\",\"datePublished\":\"2023-08-10T13:03:24+00:00\",\"dateModified\":\"2024-12-05T08:14:12+00:00\",\"breadcrumb\":{\"@id\":\"http:\/\/test.valvex.com\/de\/produkt\/element-przedluzajacy-do-kolumny-natryskowej-satin-copper\/#breadcrumb\"},\"inLanguage\":\"de\",\"potentialAction\":[{\"@type\":\"ReadAction\",\"target\":[\"http:\/\/test.valvex.com\/de\/produkt\/element-przedluzajacy-do-kolumny-natryskowej-satin-copper\/\"]}]},{\"@type\":\"ImageObject\",\"inLanguage\":\"de\",\"@id\":\"http:\/\/test.valvex.com\/de\/produkt\/element-przedluzajacy-do-kolumny-natryskowej-satin-copper\/#primaryimage\",\"url\":\"http:\/\/test.valvex.com\/wp-content\/uploads\/2023\/08\/2409130.jpg\",\"contentUrl\":\"http:\/\/test.valvex.com\/wp-content\/uploads\/2023\/08\/2409130.jpg\",\"width\":1600,\"height\":2133},{\"@type\":\"BreadcrumbList\",\"@id\":\"http:\/\/test.valvex.com\/de\/produkt\/element-przedluzajacy-do-kolumny-natryskowej-satin-copper\/#breadcrumb\",\"itemListElement\":[{\"@type\":\"ListItem\",\"position\":1,\"name\":\"Strona g\u0142\u00f3wna\",\"item\":\"http:\/\/test.valvex.com\/de\/\"},{\"@type\":\"ListItem\",\"position\":2,\"name\":\"Badezimmer\",\"item\":\"http:\/\/test.valvex.com\/de\/oferta\/badezimmer\/\"},{\"@type\":\"ListItem\",\"position\":3,\"name\":\"Zubeh\u00f6r und ersatzteile\",\"item\":\"http:\/\/test.valvex.com\/de\/oferta\/badezimmer\/zubehoer-und-ersatzteile-de\/\"},{\"@type\":\"ListItem\",\"position\":4,\"name\":\"Verl\u00e4ngerung f\u00fcr Duschs\u00e4ule EXTEND Satin Copper\"}]},{\"@type\":\"WebSite\",\"@id\":\"http:\/\/test.valvex.com\/de\/#website\",\"url\":\"http:\/\/test.valvex.com\/de\/\",\"name\":\"Valvex\",\"description\":\"Hersteller von Sanit\u00e4ranlagen und Armaturen\\n\\n\",\"potentialAction\":[{\"@type\":\"SearchAction\",\"target\":{\"@type\":\"EntryPoint\",\"urlTemplate\":\"http:\/\/test.valvex.com\/de\/?s={search_term_string}\"},\"query-input\":\"required name=search_term_string\"}],\"inLanguage\":\"de\"}]}<\/script>\n<!-- \/ Yoast SEO plugin. -->","yoast_head_json":{"title":"Verl\u00e4ngerung f\u00fcr Duschs\u00e4ule EXTEND Satin Copper - Valvex","robots":{"index":"index","follow":"follow","max-snippet":"max-snippet:-1","max-image-preview":"max-image-preview:large","max-video-preview":"max-video-preview:-1"},"canonical":"http:\/\/test.valvex.com\/de\/produkt\/element-przedluzajacy-do-kolumny-natryskowej-satin-copper\/","og_locale":"de_DE","og_type":"article","og_title":"Verl\u00e4ngerung f\u00fcr Duschs\u00e4ule EXTEND Satin Copper - Valvex","og_url":"http:\/\/test.valvex.com\/de\/produkt\/element-przedluzajacy-do-kolumny-natryskowej-satin-copper\/","og_site_name":"Valvex","article_modified_time":"2024-12-05T08:14:12+00:00","og_image":[{"width":1600,"height":2133,"url":"http:\/\/test.valvex.com\/wp-content\/uploads\/2023\/08\/2409130.jpg","type":"image\/jpeg"}],"twitter_card":"summary_large_image","twitter_misc":{"Gesch\u00e4tzte Lesezeit":"1\u00a0Minute"},"schema":{"@context":"https:\/\/schema.org","@graph":[{"@type":"WebPage","@id":"http:\/\/test.valvex.com\/de\/produkt\/element-przedluzajacy-do-kolumny-natryskowej-satin-copper\/","url":"http:\/\/test.valvex.com\/de\/produkt\/element-przedluzajacy-do-kolumny-natryskowej-satin-copper\/","name":"Verl\u00e4ngerung f\u00fcr Duschs\u00e4ule EXTEND Satin Copper - Valvex","isPartOf":{"@id":"http:\/\/test.valvex.com\/de\/#website"},"primaryImageOfPage":{"@id":"http:\/\/test.valvex.com\/de\/produkt\/element-przedluzajacy-do-kolumny-natryskowej-satin-copper\/#primaryimage"},"image":{"@id":"http:\/\/test.valvex.com\/de\/produkt\/element-przedluzajacy-do-kolumny-natryskowej-satin-copper\/#primaryimage"},"thumbnailUrl":"http:\/\/test.valvex.com\/wp-content\/uploads\/2023\/08\/2409130.jpg","datePublished":"2023-08-10T13:03:24+00:00","dateModified":"2024-12-05T08:14:12+00:00","breadcrumb":{"@id":"http:\/\/test.valvex.com\/de\/produkt\/element-przedluzajacy-do-kolumny-natryskowej-satin-copper\/#breadcrumb"},"inLanguage":"de","potentialAction":[{"@type":"ReadAction","target":["http:\/\/test.valvex.com\/de\/produkt\/element-przedluzajacy-do-kolumny-natryskowej-satin-copper\/"]}]},{"@type":"ImageObject","inLanguage":"de","@id":"http:\/\/test.valvex.com\/de\/produkt\/element-przedluzajacy-do-kolumny-natryskowej-satin-copper\/#primaryimage","url":"http:\/\/test.valvex.com\/wp-content\/uploads\/2023\/08\/2409130.jpg","contentUrl":"http:\/\/test.valvex.com\/wp-content\/uploads\/2023\/08\/2409130.jpg","width":1600,"height":2133},{"@type":"BreadcrumbList","@id":"http:\/\/test.valvex.com\/de\/produkt\/element-przedluzajacy-do-kolumny-natryskowej-satin-copper\/#breadcrumb","itemListElement":[{"@type":"ListItem","position":1,"name":"Strona g\u0142\u00f3wna","item":"http:\/\/test.valvex.com\/de\/"},{"@type":"ListItem","position":2,"name":"Badezimmer","item":"http:\/\/test.valvex.com\/de\/oferta\/badezimmer\/"},{"@type":"ListItem","position":3,"name":"Zubeh\u00f6r und ersatzteile","item":"http:\/\/test.valvex.com\/de\/oferta\/badezimmer\/zubehoer-und-ersatzteile-de\/"},{"@type":"ListItem","position":4,"name":"Verl\u00e4ngerung f\u00fcr Duschs\u00e4ule EXTEND Satin Copper"}]},{"@type":"WebSite","@id":"http:\/\/test.valvex.com\/de\/#website","url":"http:\/\/test.valvex.com\/de\/","name":"Valvex","description":"Hersteller von Sanit\u00e4ranlagen und Armaturen\n\n","potentialAction":[{"@type":"SearchAction","target":{"@type":"EntryPoint","urlTemplate":"http:\/\/test.valvex.com\/de\/?s={search_term_string}"},"query-input":"required name=search_term_string"}],"inLanguage":"de"}]}},"_links":{"self":[{"href":"http:\/\/test.valvex.com\/de\/wp-json\/wp\/v2\/product\/77639","targetHints":{"allow":["GET"]}}],"collection":[{"href":"http:\/\/test.valvex.com\/de\/wp-json\/wp\/v2\/product"}],"about":[{"href":"http:\/\/test.valvex.com\/de\/wp-json\/wp\/v2\/types\/product"}],"wp:featuredmedia":[{"embeddable":true,"href":"http:\/\/test.valvex.com\/de\/wp-json\/wp\/v2\/media\/77640"}],"wp:attachment":[{"href":"http:\/\/test.valvex.com\/de\/wp-json\/wp\/v2\/media?parent=77639"}],"wp:term":[{"taxonomy":"ikony_produktow","embeddable":true,"href":"http:\/\/test.valvex.com\/de\/wp-json\/wp\/v2\/ikony_produktow?post=77639"},{"taxonomy":"product_category","embeddable":true,"href":"http:\/\/test.valvex.com\/de\/wp-json\/wp\/v2\/product_category?post=77639"},{"taxonomy":"product_series","embeddable":true,"href":"http:\/\/test.valvex.com\/de\/wp-json\/wp\/v2\/product_series?post=77639"},{"taxonomy":"color","embeddable":true,"href":"http:\/\/test.valvex.com\/de\/wp-json\/wp\/v2\/color?post=77639"}],"curies":[{"name":"wp","href":"https:\/\/api.w.org\/{rel}","templated":true}]}}