{"id":51627,"date":"2021-02-17T14:15:03","date_gmt":"2021-02-17T13:15:03","guid":{"rendered":"http:\/\/test.valvex.com\/product\/onyx-base-zawor-z-polsrubunkiem-i-uszczelnieniem-epdm-do-rozdzielaczy-3\/"},"modified":"2024-07-10T09:31:42","modified_gmt":"2024-07-10T07:31:42","slug":"onyx-base-kugelhahn-mit-loesbarer-verschraubung-und-epdm-dichtung-fuer-verteiler-51627","status":"publish","type":"product","link":"http:\/\/test.valvex.com\/de\/produkt\/onyx-base-kugelhahn-mit-loesbarer-verschraubung-und-epdm-dichtung-fuer-verteiler-51627\/","title":{"rendered":"Kugelhahn mit l\u00f6sbarer Verschraubung und EPDM-Dichtung f\u00fcr Verteiler"},"content":{"rendered":"<h3>Zaw\u00f3r z p\u00f3\u0142\u015brubunkiem i uszczelnieniem EPDM do rozdzielaczy<\/h3>\r\n<p style=\"text-align: justify;\">Szczelne i trwa\u0142e po\u0142\u0105czenie rozdzielacza z instalacj\u0105;<\/p>\r\n<p style=\"text-align: justify;\">Niwelacja niebezpiecze\u0144stwa uszkodzenia rozdzielacza podczas po\u0142\u0105cze\u0144 hydraulicznych;<\/p>\r\n<p style=\"text-align: justify;\">100% szczelno\u015bci po\u0142\u0105czenia &#8211; specjalnie wyprofilowana uszczelka sto\u017ckowa EPDM przylega do ko\u0142nierza rozdzielacza, zapewniaj\u0105c szczelne po\u0142\u0105czenie bez dodatkowych materia\u0142\u00f3w typu ta\u015bma teflonowa czy paku\u0142y;<\/p>\r\n<p>\u0141atwo\u015b\u0107 monta\u017cu &#8211; p\u00f3\u0142\u015brubunek usprawniaj\u0105cy prace przy\u0142\u0105czeniowe: do belki rozdzielacza za pomoc\u0105 klucza sztorcowego wkr\u0119cana jest nakr\u0119tka z gwintem, a nast\u0119pnie dokr\u0119cany jest korpus zaworu;<\/p>\r\n<p>&nbsp;<\/p>\r\n<p><strong>Cechy charakterystyczne produktu:<\/strong><\/p>\r\n<p>Gwint typu G<br \/>Korpus i kula z mosi\u0105dzu CW617 N<br \/>Antyalergiczny system NICKEL-FREE <br \/>Zastosowanie wersji k\u0105towej daje mo\u017cliwo\u015b\u0107 wyboru mniejszego wymiaru szafki rozdzielacza i u\u0142atwia po\u0142\u0105czenie ze \u017ar\u00f3d\u0142em ciep\u0142a<br \/>Ci\u015bnienie nominalne PN 10<br \/>Max. temperatura pracy: 95\u00b0C<br \/>Atest PZH<\/p>\r\n\r\n<p>&nbsp;<\/p>\r\n","protected":false},"featured_media":51625,"template":"","ikony_produktow":[2111,2219],"product_category":[234,329,402],"product_series":[1416],"color":[],"class_list":["post-51627","product","type-product","status-publish","has-post-thumbnail","hentry","ikony_produktow-25jahregarantie","ikony_produktow-t95c-de","product_category-anlagenbereich","product_category-heizanlagensysteme","product_category-kupplungen-fur-rohre-pe-x-al-pe-x-de","product_series-onyx-base-de"],"acf":[],"yoast_head":"<!-- This site is optimized with the Yoast SEO plugin v22.2 - https:\/\/yoast.com\/wordpress\/plugins\/seo\/ -->\n<title>Kugelhahn mit l\u00f6sbarer Verschraubung und EPDM-Dichtung f\u00fcr Verteiler - Valvex<\/title>\n<meta name=\"robots\" content=\"index, follow, max-snippet:-1, max-image-preview:large, max-video-preview:-1\" \/>\n<link rel=\"canonical\" href=\"http:\/\/test.valvex.com\/de\/produkt\/onyx-base-kugelhahn-mit-loesbarer-verschraubung-und-epdm-dichtung-fuer-verteiler-51627\/\" \/>\n<meta property=\"og:locale\" content=\"de_DE\" \/>\n<meta property=\"og:type\" content=\"article\" \/>\n<meta property=\"og:title\" content=\"Kugelhahn mit l\u00f6sbarer Verschraubung und EPDM-Dichtung f\u00fcr Verteiler - Valvex\" \/>\n<meta property=\"og:description\" content=\"Zaw\u00f3r z p\u00f3\u0142\u015brubunkiem i uszczelnieniem EPDM do rozdzielaczy Szczelne i trwa\u0142e po\u0142\u0105czenie rozdzielacza z instalacj\u0105; Niwelacja niebezpiecze\u0144stwa uszkodzenia rozdzielacza podczas po\u0142\u0105cze\u0144 hydraulicznych; 100% szczelno\u015bci po\u0142\u0105czenia &#8211; specjalnie wyprofilowana uszczelka sto\u017ckowa EPDM przylega do ko\u0142nierza rozdzielacza, zapewniaj\u0105c szczelne po\u0142\u0105czenie bez dodatkowych materia\u0142\u00f3w typu ta\u015bma teflonowa czy paku\u0142y; \u0141atwo\u015b\u0107 monta\u017cu &#8211; p\u00f3\u0142\u015brubunek usprawniaj\u0105cy prace przy\u0142\u0105czeniowe: do belki [&hellip;]\" \/>\n<meta property=\"og:url\" content=\"http:\/\/test.valvex.com\/de\/produkt\/onyx-base-kugelhahn-mit-loesbarer-verschraubung-und-epdm-dichtung-fuer-verteiler-51627\/\" \/>\n<meta property=\"og:site_name\" content=\"Valvex\" \/>\n<meta property=\"article:modified_time\" content=\"2024-07-10T07:31:42+00:00\" \/>\n<meta property=\"og:image\" content=\"http:\/\/test.valvex.com\/wp-content\/uploads\/2022\/03\/1454140.jpg\" \/>\n\t<meta property=\"og:image:width\" content=\"650\" \/>\n\t<meta property=\"og:image:height\" content=\"415\" \/>\n\t<meta property=\"og:image:type\" content=\"image\/jpeg\" \/>\n<meta name=\"twitter:card\" content=\"summary_large_image\" \/>\n<meta name=\"twitter:label1\" content=\"Gesch\u00e4tzte Lesezeit\" \/>\n\t<meta name=\"twitter:data1\" content=\"1\u00a0Minute\" \/>\n<script type=\"application\/ld+json\" class=\"yoast-schema-graph\">{\"@context\":\"https:\/\/schema.org\",\"@graph\":[{\"@type\":\"WebPage\",\"@id\":\"http:\/\/test.valvex.com\/de\/produkt\/onyx-base-kugelhahn-mit-loesbarer-verschraubung-und-epdm-dichtung-fuer-verteiler-51627\/\",\"url\":\"http:\/\/test.valvex.com\/de\/produkt\/onyx-base-kugelhahn-mit-loesbarer-verschraubung-und-epdm-dichtung-fuer-verteiler-51627\/\",\"name\":\"Kugelhahn mit l\u00f6sbarer Verschraubung und EPDM-Dichtung f\u00fcr Verteiler - Valvex\",\"isPartOf\":{\"@id\":\"http:\/\/test.valvex.com\/de\/#website\"},\"primaryImageOfPage\":{\"@id\":\"http:\/\/test.valvex.com\/de\/produkt\/onyx-base-kugelhahn-mit-loesbarer-verschraubung-und-epdm-dichtung-fuer-verteiler-51627\/#primaryimage\"},\"image\":{\"@id\":\"http:\/\/test.valvex.com\/de\/produkt\/onyx-base-kugelhahn-mit-loesbarer-verschraubung-und-epdm-dichtung-fuer-verteiler-51627\/#primaryimage\"},\"thumbnailUrl\":\"http:\/\/test.valvex.com\/wp-content\/uploads\/2022\/03\/1454140.jpg\",\"datePublished\":\"2021-02-17T13:15:03+00:00\",\"dateModified\":\"2024-07-10T07:31:42+00:00\",\"breadcrumb\":{\"@id\":\"http:\/\/test.valvex.com\/de\/produkt\/onyx-base-kugelhahn-mit-loesbarer-verschraubung-und-epdm-dichtung-fuer-verteiler-51627\/#breadcrumb\"},\"inLanguage\":\"de\",\"potentialAction\":[{\"@type\":\"ReadAction\",\"target\":[\"http:\/\/test.valvex.com\/de\/produkt\/onyx-base-kugelhahn-mit-loesbarer-verschraubung-und-epdm-dichtung-fuer-verteiler-51627\/\"]}]},{\"@type\":\"ImageObject\",\"inLanguage\":\"de\",\"@id\":\"http:\/\/test.valvex.com\/de\/produkt\/onyx-base-kugelhahn-mit-loesbarer-verschraubung-und-epdm-dichtung-fuer-verteiler-51627\/#primaryimage\",\"url\":\"http:\/\/test.valvex.com\/wp-content\/uploads\/2022\/03\/1454140.jpg\",\"contentUrl\":\"http:\/\/test.valvex.com\/wp-content\/uploads\/2022\/03\/1454140.jpg\",\"width\":650,\"height\":415},{\"@type\":\"BreadcrumbList\",\"@id\":\"http:\/\/test.valvex.com\/de\/produkt\/onyx-base-kugelhahn-mit-loesbarer-verschraubung-und-epdm-dichtung-fuer-verteiler-51627\/#breadcrumb\",\"itemListElement\":[{\"@type\":\"ListItem\",\"position\":1,\"name\":\"Strona g\u0142\u00f3wna\",\"item\":\"http:\/\/test.valvex.com\/de\/\"},{\"@type\":\"ListItem\",\"position\":2,\"name\":\"Anlagenbereich\",\"item\":\"http:\/\/test.valvex.com\/de\/oferta\/anlagenbereich\/\"},{\"@type\":\"ListItem\",\"position\":3,\"name\":\"Heizanlagensysteme\",\"item\":\"http:\/\/test.valvex.com\/de\/oferta\/anlagenbereich\/heizanlagensysteme\/\"},{\"@type\":\"ListItem\",\"position\":4,\"name\":\"Kupplungen f\u00fcr Rohre PE-X\/Al\/PE-X\",\"item\":\"http:\/\/test.valvex.com\/de\/oferta\/anlagenbereich\/heizanlagensysteme\/kupplungen-fur-rohre-pe-x-al-pe-x-de\/\"},{\"@type\":\"ListItem\",\"position\":5,\"name\":\"Kugelhahn mit l\u00f6sbarer Verschraubung und EPDM-Dichtung f\u00fcr Verteiler\"}]},{\"@type\":\"WebSite\",\"@id\":\"http:\/\/test.valvex.com\/de\/#website\",\"url\":\"http:\/\/test.valvex.com\/de\/\",\"name\":\"Valvex\",\"description\":\"Hersteller von Sanit\u00e4ranlagen und Armaturen\\n\\n\",\"potentialAction\":[{\"@type\":\"SearchAction\",\"target\":{\"@type\":\"EntryPoint\",\"urlTemplate\":\"http:\/\/test.valvex.com\/de\/?s={search_term_string}\"},\"query-input\":\"required name=search_term_string\"}],\"inLanguage\":\"de\"}]}<\/script>\n<!-- \/ Yoast SEO plugin. -->","yoast_head_json":{"title":"Kugelhahn mit l\u00f6sbarer Verschraubung und EPDM-Dichtung f\u00fcr Verteiler - Valvex","robots":{"index":"index","follow":"follow","max-snippet":"max-snippet:-1","max-image-preview":"max-image-preview:large","max-video-preview":"max-video-preview:-1"},"canonical":"http:\/\/test.valvex.com\/de\/produkt\/onyx-base-kugelhahn-mit-loesbarer-verschraubung-und-epdm-dichtung-fuer-verteiler-51627\/","og_locale":"de_DE","og_type":"article","og_title":"Kugelhahn mit l\u00f6sbarer Verschraubung und EPDM-Dichtung f\u00fcr Verteiler - Valvex","og_description":"Zaw\u00f3r z p\u00f3\u0142\u015brubunkiem i uszczelnieniem EPDM do rozdzielaczy Szczelne i trwa\u0142e po\u0142\u0105czenie rozdzielacza z instalacj\u0105; Niwelacja niebezpiecze\u0144stwa uszkodzenia rozdzielacza podczas po\u0142\u0105cze\u0144 hydraulicznych; 100% szczelno\u015bci po\u0142\u0105czenia &#8211; specjalnie wyprofilowana uszczelka sto\u017ckowa EPDM przylega do ko\u0142nierza rozdzielacza, zapewniaj\u0105c szczelne po\u0142\u0105czenie bez dodatkowych materia\u0142\u00f3w typu ta\u015bma teflonowa czy paku\u0142y; \u0141atwo\u015b\u0107 monta\u017cu &#8211; p\u00f3\u0142\u015brubunek usprawniaj\u0105cy prace przy\u0142\u0105czeniowe: do belki [&hellip;]","og_url":"http:\/\/test.valvex.com\/de\/produkt\/onyx-base-kugelhahn-mit-loesbarer-verschraubung-und-epdm-dichtung-fuer-verteiler-51627\/","og_site_name":"Valvex","article_modified_time":"2024-07-10T07:31:42+00:00","og_image":[{"width":650,"height":415,"url":"http:\/\/test.valvex.com\/wp-content\/uploads\/2022\/03\/1454140.jpg","type":"image\/jpeg"}],"twitter_card":"summary_large_image","twitter_misc":{"Gesch\u00e4tzte Lesezeit":"1\u00a0Minute"},"schema":{"@context":"https:\/\/schema.org","@graph":[{"@type":"WebPage","@id":"http:\/\/test.valvex.com\/de\/produkt\/onyx-base-kugelhahn-mit-loesbarer-verschraubung-und-epdm-dichtung-fuer-verteiler-51627\/","url":"http:\/\/test.valvex.com\/de\/produkt\/onyx-base-kugelhahn-mit-loesbarer-verschraubung-und-epdm-dichtung-fuer-verteiler-51627\/","name":"Kugelhahn mit l\u00f6sbarer Verschraubung und EPDM-Dichtung f\u00fcr Verteiler - Valvex","isPartOf":{"@id":"http:\/\/test.valvex.com\/de\/#website"},"primaryImageOfPage":{"@id":"http:\/\/test.valvex.com\/de\/produkt\/onyx-base-kugelhahn-mit-loesbarer-verschraubung-und-epdm-dichtung-fuer-verteiler-51627\/#primaryimage"},"image":{"@id":"http:\/\/test.valvex.com\/de\/produkt\/onyx-base-kugelhahn-mit-loesbarer-verschraubung-und-epdm-dichtung-fuer-verteiler-51627\/#primaryimage"},"thumbnailUrl":"http:\/\/test.valvex.com\/wp-content\/uploads\/2022\/03\/1454140.jpg","datePublished":"2021-02-17T13:15:03+00:00","dateModified":"2024-07-10T07:31:42+00:00","breadcrumb":{"@id":"http:\/\/test.valvex.com\/de\/produkt\/onyx-base-kugelhahn-mit-loesbarer-verschraubung-und-epdm-dichtung-fuer-verteiler-51627\/#breadcrumb"},"inLanguage":"de","potentialAction":[{"@type":"ReadAction","target":["http:\/\/test.valvex.com\/de\/produkt\/onyx-base-kugelhahn-mit-loesbarer-verschraubung-und-epdm-dichtung-fuer-verteiler-51627\/"]}]},{"@type":"ImageObject","inLanguage":"de","@id":"http:\/\/test.valvex.com\/de\/produkt\/onyx-base-kugelhahn-mit-loesbarer-verschraubung-und-epdm-dichtung-fuer-verteiler-51627\/#primaryimage","url":"http:\/\/test.valvex.com\/wp-content\/uploads\/2022\/03\/1454140.jpg","contentUrl":"http:\/\/test.valvex.com\/wp-content\/uploads\/2022\/03\/1454140.jpg","width":650,"height":415},{"@type":"BreadcrumbList","@id":"http:\/\/test.valvex.com\/de\/produkt\/onyx-base-kugelhahn-mit-loesbarer-verschraubung-und-epdm-dichtung-fuer-verteiler-51627\/#breadcrumb","itemListElement":[{"@type":"ListItem","position":1,"name":"Strona g\u0142\u00f3wna","item":"http:\/\/test.valvex.com\/de\/"},{"@type":"ListItem","position":2,"name":"Anlagenbereich","item":"http:\/\/test.valvex.com\/de\/oferta\/anlagenbereich\/"},{"@type":"ListItem","position":3,"name":"Heizanlagensysteme","item":"http:\/\/test.valvex.com\/de\/oferta\/anlagenbereich\/heizanlagensysteme\/"},{"@type":"ListItem","position":4,"name":"Kupplungen f\u00fcr Rohre PE-X\/Al\/PE-X","item":"http:\/\/test.valvex.com\/de\/oferta\/anlagenbereich\/heizanlagensysteme\/kupplungen-fur-rohre-pe-x-al-pe-x-de\/"},{"@type":"ListItem","position":5,"name":"Kugelhahn mit l\u00f6sbarer Verschraubung und EPDM-Dichtung f\u00fcr Verteiler"}]},{"@type":"WebSite","@id":"http:\/\/test.valvex.com\/de\/#website","url":"http:\/\/test.valvex.com\/de\/","name":"Valvex","description":"Hersteller von Sanit\u00e4ranlagen und Armaturen\n\n","potentialAction":[{"@type":"SearchAction","target":{"@type":"EntryPoint","urlTemplate":"http:\/\/test.valvex.com\/de\/?s={search_term_string}"},"query-input":"required name=search_term_string"}],"inLanguage":"de"}]}},"_links":{"self":[{"href":"http:\/\/test.valvex.com\/de\/wp-json\/wp\/v2\/product\/51627","targetHints":{"allow":["GET"]}}],"collection":[{"href":"http:\/\/test.valvex.com\/de\/wp-json\/wp\/v2\/product"}],"about":[{"href":"http:\/\/test.valvex.com\/de\/wp-json\/wp\/v2\/types\/product"}],"wp:featuredmedia":[{"embeddable":true,"href":"http:\/\/test.valvex.com\/de\/wp-json\/wp\/v2\/media\/51625"}],"wp:attachment":[{"href":"http:\/\/test.valvex.com\/de\/wp-json\/wp\/v2\/media?parent=51627"}],"wp:term":[{"taxonomy":"ikony_produktow","embeddable":true,"href":"http:\/\/test.valvex.com\/de\/wp-json\/wp\/v2\/ikony_produktow?post=51627"},{"taxonomy":"product_category","embeddable":true,"href":"http:\/\/test.valvex.com\/de\/wp-json\/wp\/v2\/product_category?post=51627"},{"taxonomy":"product_series","embeddable":true,"href":"http:\/\/test.valvex.com\/de\/wp-json\/wp\/v2\/product_series?post=51627"},{"taxonomy":"color","embeddable":true,"href":"http:\/\/test.valvex.com\/de\/wp-json\/wp\/v2\/color?post=51627"}],"curies":[{"name":"wp","href":"https:\/\/api.w.org\/{rel}","templated":true}]}}