{"id":49227,"date":"2019-07-01T18:25:26","date_gmt":"2019-07-01T16:25:26","guid":{"rendered":"http:\/\/test.valvex.com\/product\/faro-verschiebbare-dusche-mit-5-funktionen-mit-seifenschale\/"},"modified":"2024-08-20T13:03:51","modified_gmt":"2024-08-20T11:03:51","slug":"faro-verschiebbare-dusche-mit-5-funktionen-mit-seifenschale-49227","status":"publish","type":"product","link":"http:\/\/test.valvex.com\/de\/produkt\/faro-verschiebbare-dusche-mit-5-funktionen-mit-seifenschale-49227\/","title":{"rendered":"Verschiebbare Dusche mit 5-Funktionen mit Seifenschale"},"content":{"rendered":"<h3>FARO Verschiebbare Dusche mit 5-Funktionen mit Seifenschale<\/h3>\n<p style=\"text-align: justify;\">FARO ist eine Valvex Tropfanlage, sparsam und funktionell entworfen. Es regiert die Regel- was einfach ist, ist am sch\u00f6nsten. Das low-flow System garantiert dank der Durchflusseinschr\u00e4nkung eine Wasserverbrauchreduzierung von sogar 50%. Das regulierbare Montagen-Set ist f\u00fcr die Personen vorteilhaft, die auf schnelle Weise die Duschanlage auswechseln wollen, ohne zus\u00e4tzliche L\u00f6cher bohren zu m\u00fcssen. Das anti-twist System verhindert das Verdrehen des Duschschlauches- somit st\u00f6rt uns nichts beim Duschen. Der Multifunktionsduschkopf mit dem reinigungserleichterndem easy clean System, erm\u00f6glicht es einen von 5 Wasserstrahlen, je nach Stimmung zu w\u00e4hlen.<\/p>\n<table style=\"border-color: #ffffff; background-color: #ffffff;\">\n<tbody>\n<tr>\n<td style=\"width: 70px; border-color: #ffffff;\"><img decoding=\"async\" class=\" aligncenter\" src=\"http:\/\/test.valvex.com\/content\/themes\/valvex\/assets\/img\/product-icons\/normalstream.png\" alt=\"strumie\u0144 normalny\" \/><\/td>\n<td style=\"border-color: #ffffff;\"><strong>Der normale Strahl (normal stream) <\/strong>\u2013 Standard, erfrischend, ideal f\u00fcr die morgendliche Dusche.<\/td>\n<\/tr>\n<tr style=\"width: 70px;\">\n<td style=\"border-color: #ffffff;\"><img decoding=\"async\" class=\" aligncenter\" src=\"http:\/\/test.valvex.com\/content\/themes\/valvex\/assets\/img\/product-icons\/massagestream.png\" alt=\"strumie\u0144 masuj\u0105cy\" \/><\/td>\n<td style=\"border-color: #ffffff;\"><strong>Der Massage-Strahl (massage stream)\u00a0<\/strong>\u2013 \u00a0intensiver, starker Wasserstrahl, hervorragende Wahl f\u00fcr eine entspannende Dusche nach dem Training oder anderer k\u00f6rperlicher Anstrengung; lockert die m\u00fcden Muskeln, hilft beim Cellulitis bek\u00e4mpfen.<\/td>\n<\/tr>\n<tr style=\"width: 70px;\">\n<td style=\"border-color: #ffffff;\"><img decoding=\"async\" class=\" aligncenter\" src=\"http:\/\/test.valvex.com\/content\/themes\/valvex\/assets\/img\/product-icons\/enjoystream.png\" alt=\"strumie\u0144 musuj\u0105cy\" \/><\/td>\n<td style=\"border-color: #ffffff;\"><strong>Der Sprudel Strahl (enjoy stream)<\/strong>\u00a0\u2013 zart kitzelnd, entspannend, eine fantastische Wahl f\u00fcr die abendliche Erleichterung des K\u00f6rpers und das Ausruhen der Gedanken.<\/td>\n<\/tr>\n<tr style=\"width: 70px;\">\n<td style=\"border-color: #ffffff;\"><img decoding=\"async\" class=\" aligncenter\" src=\"http:\/\/test.valvex.com\/content\/themes\/valvex\/assets\/img\/product-icons\/mixedstream.png\" alt=\"strumie\u0144 mieszany\" \/><\/td>\n<td style=\"border-color: #ffffff;\"><strong>Der gemischte Strahl\u00a0(mixed stream)\u00a0<\/strong>\u2013 die Verbindung des normalen Strahles mit einem der weiteren: Sprudel, Massage- oder dem Regen Strahl.<\/td>\n<\/tr>\n<\/tbody>\n<\/table>\n","protected":false},"featured_media":75956,"template":"","ikony_produktow":[2134,2112,2163,2214,2205,2129,2139,2206],"product_category":[2334,2297,1811,1896],"product_series":[635],"color":[1760],"class_list":["post-49227","product","type-product","status-publish","has-post-thumbnail","hentry","ikony_produktow-2jahregarantie","ikony_produktow-48-stunden-serviceinpolen","ikony_produktow-handbrause-im-set-enthalten","ikony_produktow-massagestream-de","ikony_produktow-normalstream-de","ikony_produktow-easyclean-de","ikony_produktow-waz-de","ikony_produktow-slidehead-de","product_category-zestawy-natryskowe-2-de","product_category-duschsets","product_category-badezimmer","product_category-dusche","product_series-faro-de","color-chrome"],"acf":[],"yoast_head":"<!-- This site is optimized with the Yoast SEO plugin v22.2 - https:\/\/yoast.com\/wordpress\/plugins\/seo\/ -->\n<title>Verschiebbare Dusche mit 5-Funktionen mit Seifenschale - Valvex<\/title>\n<meta name=\"robots\" content=\"index, follow, max-snippet:-1, max-image-preview:large, max-video-preview:-1\" \/>\n<link rel=\"canonical\" href=\"http:\/\/test.valvex.com\/de\/produkt\/faro-verschiebbare-dusche-mit-5-funktionen-mit-seifenschale-49227\/\" \/>\n<meta property=\"og:locale\" content=\"de_DE\" \/>\n<meta property=\"og:type\" content=\"article\" \/>\n<meta property=\"og:title\" content=\"Verschiebbare Dusche mit 5-Funktionen mit Seifenschale - Valvex\" \/>\n<meta property=\"og:description\" content=\"FARO Verschiebbare Dusche mit 5-Funktionen mit Seifenschale FARO ist eine Valvex Tropfanlage, sparsam und funktionell entworfen. Es regiert die Regel- was einfach ist, ist am sch\u00f6nsten. Das low-flow System garantiert dank der Durchflusseinschr\u00e4nkung eine Wasserverbrauchreduzierung von sogar 50%. Das regulierbare Montagen-Set ist f\u00fcr die Personen vorteilhaft, die auf schnelle Weise die Duschanlage auswechseln wollen, ohne [&hellip;]\" \/>\n<meta property=\"og:url\" content=\"http:\/\/test.valvex.com\/de\/produkt\/faro-verschiebbare-dusche-mit-5-funktionen-mit-seifenschale-49227\/\" \/>\n<meta property=\"og:site_name\" content=\"Valvex\" \/>\n<meta property=\"article:modified_time\" content=\"2024-08-20T11:03:51+00:00\" \/>\n<meta property=\"og:image\" content=\"http:\/\/test.valvex.com\/wp-content\/uploads\/2022\/03\/2449960.jpg\" \/>\n\t<meta property=\"og:image:width\" content=\"650\" \/>\n\t<meta property=\"og:image:height\" content=\"415\" \/>\n\t<meta property=\"og:image:type\" content=\"image\/jpeg\" \/>\n<meta name=\"twitter:card\" content=\"summary_large_image\" \/>\n<meta name=\"twitter:label1\" content=\"Gesch\u00e4tzte Lesezeit\" \/>\n\t<meta name=\"twitter:data1\" content=\"3\u00a0Minuten\" \/>\n<script type=\"application\/ld+json\" class=\"yoast-schema-graph\">{\"@context\":\"https:\/\/schema.org\",\"@graph\":[{\"@type\":\"WebPage\",\"@id\":\"http:\/\/test.valvex.com\/de\/produkt\/faro-verschiebbare-dusche-mit-5-funktionen-mit-seifenschale-49227\/\",\"url\":\"http:\/\/test.valvex.com\/de\/produkt\/faro-verschiebbare-dusche-mit-5-funktionen-mit-seifenschale-49227\/\",\"name\":\"Verschiebbare Dusche mit 5-Funktionen mit Seifenschale - Valvex\",\"isPartOf\":{\"@id\":\"http:\/\/test.valvex.com\/de\/#website\"},\"primaryImageOfPage\":{\"@id\":\"http:\/\/test.valvex.com\/de\/produkt\/faro-verschiebbare-dusche-mit-5-funktionen-mit-seifenschale-49227\/#primaryimage\"},\"image\":{\"@id\":\"http:\/\/test.valvex.com\/de\/produkt\/faro-verschiebbare-dusche-mit-5-funktionen-mit-seifenschale-49227\/#primaryimage\"},\"thumbnailUrl\":\"http:\/\/test.valvex.com\/wp-content\/uploads\/2019\/07\/2449960.png\",\"datePublished\":\"2019-07-01T16:25:26+00:00\",\"dateModified\":\"2024-08-20T11:03:51+00:00\",\"breadcrumb\":{\"@id\":\"http:\/\/test.valvex.com\/de\/produkt\/faro-verschiebbare-dusche-mit-5-funktionen-mit-seifenschale-49227\/#breadcrumb\"},\"inLanguage\":\"de\",\"potentialAction\":[{\"@type\":\"ReadAction\",\"target\":[\"http:\/\/test.valvex.com\/de\/produkt\/faro-verschiebbare-dusche-mit-5-funktionen-mit-seifenschale-49227\/\"]}]},{\"@type\":\"ImageObject\",\"inLanguage\":\"de\",\"@id\":\"http:\/\/test.valvex.com\/de\/produkt\/faro-verschiebbare-dusche-mit-5-funktionen-mit-seifenschale-49227\/#primaryimage\",\"url\":\"http:\/\/test.valvex.com\/wp-content\/uploads\/2019\/07\/2449960.png\",\"contentUrl\":\"http:\/\/test.valvex.com\/wp-content\/uploads\/2019\/07\/2449960.png\",\"width\":800,\"height\":800},{\"@type\":\"BreadcrumbList\",\"@id\":\"http:\/\/test.valvex.com\/de\/produkt\/faro-verschiebbare-dusche-mit-5-funktionen-mit-seifenschale-49227\/#breadcrumb\",\"itemListElement\":[{\"@type\":\"ListItem\",\"position\":1,\"name\":\"Strona g\u0142\u00f3wna\",\"item\":\"http:\/\/test.valvex.com\/de\/\"},{\"@type\":\"ListItem\",\"position\":2,\"name\":\"Badezimmer\",\"item\":\"http:\/\/test.valvex.com\/de\/oferta\/badezimmer\/\"},{\"@type\":\"ListItem\",\"position\":3,\"name\":\"Verschiebbare Dusche mit 5-Funktionen mit Seifenschale\"}]},{\"@type\":\"WebSite\",\"@id\":\"http:\/\/test.valvex.com\/de\/#website\",\"url\":\"http:\/\/test.valvex.com\/de\/\",\"name\":\"Valvex\",\"description\":\"Hersteller von Sanit\u00e4ranlagen und Armaturen\\n\\n\",\"potentialAction\":[{\"@type\":\"SearchAction\",\"target\":{\"@type\":\"EntryPoint\",\"urlTemplate\":\"http:\/\/test.valvex.com\/de\/?s={search_term_string}\"},\"query-input\":\"required name=search_term_string\"}],\"inLanguage\":\"de\"}]}<\/script>\n<!-- \/ Yoast SEO plugin. -->","yoast_head_json":{"title":"Verschiebbare Dusche mit 5-Funktionen mit Seifenschale - Valvex","robots":{"index":"index","follow":"follow","max-snippet":"max-snippet:-1","max-image-preview":"max-image-preview:large","max-video-preview":"max-video-preview:-1"},"canonical":"http:\/\/test.valvex.com\/de\/produkt\/faro-verschiebbare-dusche-mit-5-funktionen-mit-seifenschale-49227\/","og_locale":"de_DE","og_type":"article","og_title":"Verschiebbare Dusche mit 5-Funktionen mit Seifenschale - Valvex","og_description":"FARO Verschiebbare Dusche mit 5-Funktionen mit Seifenschale FARO ist eine Valvex Tropfanlage, sparsam und funktionell entworfen. Es regiert die Regel- was einfach ist, ist am sch\u00f6nsten. Das low-flow System garantiert dank der Durchflusseinschr\u00e4nkung eine Wasserverbrauchreduzierung von sogar 50%. Das regulierbare Montagen-Set ist f\u00fcr die Personen vorteilhaft, die auf schnelle Weise die Duschanlage auswechseln wollen, ohne [&hellip;]","og_url":"http:\/\/test.valvex.com\/de\/produkt\/faro-verschiebbare-dusche-mit-5-funktionen-mit-seifenschale-49227\/","og_site_name":"Valvex","article_modified_time":"2024-08-20T11:03:51+00:00","og_image":[{"width":650,"height":415,"url":"http:\/\/test.valvex.com\/wp-content\/uploads\/2022\/03\/2449960.jpg","type":"image\/jpeg"}],"twitter_card":"summary_large_image","twitter_misc":{"Gesch\u00e4tzte Lesezeit":"3\u00a0Minuten"},"schema":{"@context":"https:\/\/schema.org","@graph":[{"@type":"WebPage","@id":"http:\/\/test.valvex.com\/de\/produkt\/faro-verschiebbare-dusche-mit-5-funktionen-mit-seifenschale-49227\/","url":"http:\/\/test.valvex.com\/de\/produkt\/faro-verschiebbare-dusche-mit-5-funktionen-mit-seifenschale-49227\/","name":"Verschiebbare Dusche mit 5-Funktionen mit Seifenschale - Valvex","isPartOf":{"@id":"http:\/\/test.valvex.com\/de\/#website"},"primaryImageOfPage":{"@id":"http:\/\/test.valvex.com\/de\/produkt\/faro-verschiebbare-dusche-mit-5-funktionen-mit-seifenschale-49227\/#primaryimage"},"image":{"@id":"http:\/\/test.valvex.com\/de\/produkt\/faro-verschiebbare-dusche-mit-5-funktionen-mit-seifenschale-49227\/#primaryimage"},"thumbnailUrl":"http:\/\/test.valvex.com\/wp-content\/uploads\/2019\/07\/2449960.png","datePublished":"2019-07-01T16:25:26+00:00","dateModified":"2024-08-20T11:03:51+00:00","breadcrumb":{"@id":"http:\/\/test.valvex.com\/de\/produkt\/faro-verschiebbare-dusche-mit-5-funktionen-mit-seifenschale-49227\/#breadcrumb"},"inLanguage":"de","potentialAction":[{"@type":"ReadAction","target":["http:\/\/test.valvex.com\/de\/produkt\/faro-verschiebbare-dusche-mit-5-funktionen-mit-seifenschale-49227\/"]}]},{"@type":"ImageObject","inLanguage":"de","@id":"http:\/\/test.valvex.com\/de\/produkt\/faro-verschiebbare-dusche-mit-5-funktionen-mit-seifenschale-49227\/#primaryimage","url":"http:\/\/test.valvex.com\/wp-content\/uploads\/2019\/07\/2449960.png","contentUrl":"http:\/\/test.valvex.com\/wp-content\/uploads\/2019\/07\/2449960.png","width":800,"height":800},{"@type":"BreadcrumbList","@id":"http:\/\/test.valvex.com\/de\/produkt\/faro-verschiebbare-dusche-mit-5-funktionen-mit-seifenschale-49227\/#breadcrumb","itemListElement":[{"@type":"ListItem","position":1,"name":"Strona g\u0142\u00f3wna","item":"http:\/\/test.valvex.com\/de\/"},{"@type":"ListItem","position":2,"name":"Badezimmer","item":"http:\/\/test.valvex.com\/de\/oferta\/badezimmer\/"},{"@type":"ListItem","position":3,"name":"Verschiebbare Dusche mit 5-Funktionen mit Seifenschale"}]},{"@type":"WebSite","@id":"http:\/\/test.valvex.com\/de\/#website","url":"http:\/\/test.valvex.com\/de\/","name":"Valvex","description":"Hersteller von Sanit\u00e4ranlagen und Armaturen\n\n","potentialAction":[{"@type":"SearchAction","target":{"@type":"EntryPoint","urlTemplate":"http:\/\/test.valvex.com\/de\/?s={search_term_string}"},"query-input":"required name=search_term_string"}],"inLanguage":"de"}]}},"_links":{"self":[{"href":"http:\/\/test.valvex.com\/de\/wp-json\/wp\/v2\/product\/49227","targetHints":{"allow":["GET"]}}],"collection":[{"href":"http:\/\/test.valvex.com\/de\/wp-json\/wp\/v2\/product"}],"about":[{"href":"http:\/\/test.valvex.com\/de\/wp-json\/wp\/v2\/types\/product"}],"wp:featuredmedia":[{"embeddable":true,"href":"http:\/\/test.valvex.com\/de\/wp-json\/wp\/v2\/media\/75956"}],"wp:attachment":[{"href":"http:\/\/test.valvex.com\/de\/wp-json\/wp\/v2\/media?parent=49227"}],"wp:term":[{"taxonomy":"ikony_produktow","embeddable":true,"href":"http:\/\/test.valvex.com\/de\/wp-json\/wp\/v2\/ikony_produktow?post=49227"},{"taxonomy":"product_category","embeddable":true,"href":"http:\/\/test.valvex.com\/de\/wp-json\/wp\/v2\/product_category?post=49227"},{"taxonomy":"product_series","embeddable":true,"href":"http:\/\/test.valvex.com\/de\/wp-json\/wp\/v2\/product_series?post=49227"},{"taxonomy":"color","embeddable":true,"href":"http:\/\/test.valvex.com\/de\/wp-json\/wp\/v2\/color?post=49227"}],"curies":[{"name":"wp","href":"https:\/\/api.w.org\/{rel}","templated":true}]}}