{"id":49108,"date":"2019-07-01T16:25:05","date_gmt":"2019-07-01T14:25:05","guid":{"rendered":"http:\/\/test.valvex.com\/product\/class-brause-wand-mischbatterie-mit-garnitur\/"},"modified":"2024-07-08T15:01:10","modified_gmt":"2024-07-08T13:01:10","slug":"class-brause-wand-mischbatterie-mit-garnitur-49108","status":"publish","type":"product","link":"http:\/\/test.valvex.com\/de\/produkt\/class-brause-wand-mischbatterie-mit-garnitur-49108\/","title":{"rendered":"Brause-Wand-Mischbatterie mit Garnitur"},"content":{"rendered":"<h3>Willst Du die Atmosph\u00e4re der 50\/60-ger Jahre des XX Jahrhunderts sp\u00fcren?<\/h3>\n<p style=\"text-align: justify;\">Die Batterie der Class Serie erinnert mit ihrem Design an die Zeiten der Volksrepublik Polen (PRL), indem sie nur das Beste daraus sch\u00f6pfen. Das dominierende Element sind die Drehkn\u00f6pfe, einfach und praktisch im t\u00e4glichen Gebrauch. Die Batterie ist durch einen Duschkopf, Duschschlauch und einen Punkthalter bereichert.<\/p>\n<table style=\"border-color: #ffffff; background-color: #ffffff;\">\n<tbody>\n<tr style=\"width: 70px;\">\n<td style=\"border-color: #ffffff;\"><img decoding=\"async\" class=\" aligncenter\" src=\"http:\/\/test.valvex.com\/content\/themes\/valvex\/assets\/img\/product-icons\/natrysk.png\" \/><\/td>\n<td style=\"border-color: #ffffff;\"><strong>Complete mixer with spot shower set<\/strong><\/td>\n<\/tr>\n<\/tbody>\n<\/table>\n","protected":false},"featured_media":74313,"template":"","ikony_produktow":[2111,2112,2163],"product_category":[1811,1896,1901,443],"product_series":[564],"color":[1760],"class_list":["post-49108","product","type-product","status-publish","has-post-thumbnail","hentry","ikony_produktow-25jahregarantie","ikony_produktow-48-stunden-serviceinpolen","ikony_produktow-handbrause-im-set-enthalten","product_category-badezimmer","product_category-dusche","product_category-duscharmaturen","product_category-duschbatterien-bathroom-and-kitchen-area","product_series-class-de","color-chrome"],"acf":[],"yoast_head":"<!-- This site is optimized with the Yoast SEO plugin v22.2 - https:\/\/yoast.com\/wordpress\/plugins\/seo\/ -->\n<title>Brause-Wand-Mischbatterie mit Garnitur - Valvex<\/title>\n<meta name=\"robots\" content=\"index, follow, max-snippet:-1, max-image-preview:large, max-video-preview:-1\" \/>\n<link rel=\"canonical\" href=\"http:\/\/test.valvex.com\/de\/produkt\/class-brause-wand-mischbatterie-mit-garnitur-49108\/\" \/>\n<meta property=\"og:locale\" content=\"de_DE\" \/>\n<meta property=\"og:type\" content=\"article\" \/>\n<meta property=\"og:title\" content=\"Brause-Wand-Mischbatterie mit Garnitur - Valvex\" \/>\n<meta property=\"og:description\" content=\"Willst Du die Atmosph\u00e4re der 50\/60-ger Jahre des XX Jahrhunderts sp\u00fcren? Die Batterie der Class Serie erinnert mit ihrem Design an die Zeiten der Volksrepublik Polen (PRL), indem sie nur das Beste daraus sch\u00f6pfen. Das dominierende Element sind die Drehkn\u00f6pfe, einfach und praktisch im t\u00e4glichen Gebrauch. Die Batterie ist durch einen Duschkopf, Duschschlauch und einen [&hellip;]\" \/>\n<meta property=\"og:url\" content=\"http:\/\/test.valvex.com\/de\/produkt\/class-brause-wand-mischbatterie-mit-garnitur-49108\/\" \/>\n<meta property=\"og:site_name\" content=\"Valvex\" \/>\n<meta property=\"article:modified_time\" content=\"2024-07-08T13:01:10+00:00\" \/>\n<meta property=\"og:image\" content=\"http:\/\/test.valvex.com\/wp-content\/uploads\/2022\/03\/2446040.jpg\" \/>\n\t<meta property=\"og:image:width\" content=\"650\" \/>\n\t<meta property=\"og:image:height\" content=\"415\" \/>\n\t<meta property=\"og:image:type\" content=\"image\/jpeg\" \/>\n<meta name=\"twitter:card\" content=\"summary_large_image\" \/>\n<meta name=\"twitter:label1\" content=\"Gesch\u00e4tzte Lesezeit\" \/>\n\t<meta name=\"twitter:data1\" content=\"1\u00a0Minute\" \/>\n<script type=\"application\/ld+json\" class=\"yoast-schema-graph\">{\"@context\":\"https:\/\/schema.org\",\"@graph\":[{\"@type\":\"WebPage\",\"@id\":\"http:\/\/test.valvex.com\/de\/produkt\/class-brause-wand-mischbatterie-mit-garnitur-49108\/\",\"url\":\"http:\/\/test.valvex.com\/de\/produkt\/class-brause-wand-mischbatterie-mit-garnitur-49108\/\",\"name\":\"Brause-Wand-Mischbatterie mit Garnitur - Valvex\",\"isPartOf\":{\"@id\":\"http:\/\/test.valvex.com\/de\/#website\"},\"primaryImageOfPage\":{\"@id\":\"http:\/\/test.valvex.com\/de\/produkt\/class-brause-wand-mischbatterie-mit-garnitur-49108\/#primaryimage\"},\"image\":{\"@id\":\"http:\/\/test.valvex.com\/de\/produkt\/class-brause-wand-mischbatterie-mit-garnitur-49108\/#primaryimage\"},\"thumbnailUrl\":\"http:\/\/test.valvex.com\/wp-content\/uploads\/2022\/03\/2446040.jpg\",\"datePublished\":\"2019-07-01T14:25:05+00:00\",\"dateModified\":\"2024-07-08T13:01:10+00:00\",\"breadcrumb\":{\"@id\":\"http:\/\/test.valvex.com\/de\/produkt\/class-brause-wand-mischbatterie-mit-garnitur-49108\/#breadcrumb\"},\"inLanguage\":\"de\",\"potentialAction\":[{\"@type\":\"ReadAction\",\"target\":[\"http:\/\/test.valvex.com\/de\/produkt\/class-brause-wand-mischbatterie-mit-garnitur-49108\/\"]}]},{\"@type\":\"ImageObject\",\"inLanguage\":\"de\",\"@id\":\"http:\/\/test.valvex.com\/de\/produkt\/class-brause-wand-mischbatterie-mit-garnitur-49108\/#primaryimage\",\"url\":\"http:\/\/test.valvex.com\/wp-content\/uploads\/2022\/03\/2446040.jpg\",\"contentUrl\":\"http:\/\/test.valvex.com\/wp-content\/uploads\/2022\/03\/2446040.jpg\",\"width\":650,\"height\":415},{\"@type\":\"BreadcrumbList\",\"@id\":\"http:\/\/test.valvex.com\/de\/produkt\/class-brause-wand-mischbatterie-mit-garnitur-49108\/#breadcrumb\",\"itemListElement\":[{\"@type\":\"ListItem\",\"position\":1,\"name\":\"Strona g\u0142\u00f3wna\",\"item\":\"http:\/\/test.valvex.com\/de\/\"},{\"@type\":\"ListItem\",\"position\":2,\"name\":\"Badezimmer\",\"item\":\"http:\/\/test.valvex.com\/de\/oferta\/badezimmer\/\"},{\"@type\":\"ListItem\",\"position\":3,\"name\":\"Dusche\",\"item\":\"http:\/\/test.valvex.com\/de\/oferta\/badezimmer\/dusche\/\"},{\"@type\":\"ListItem\",\"position\":4,\"name\":\"Duscharmaturen\",\"item\":\"http:\/\/test.valvex.com\/de\/oferta\/badezimmer\/dusche\/duscharmaturen\/\"},{\"@type\":\"ListItem\",\"position\":5,\"name\":\"Brause-Wand-Mischbatterie mit Garnitur\"}]},{\"@type\":\"WebSite\",\"@id\":\"http:\/\/test.valvex.com\/de\/#website\",\"url\":\"http:\/\/test.valvex.com\/de\/\",\"name\":\"Valvex\",\"description\":\"Hersteller von Sanit\u00e4ranlagen und Armaturen\\n\\n\",\"potentialAction\":[{\"@type\":\"SearchAction\",\"target\":{\"@type\":\"EntryPoint\",\"urlTemplate\":\"http:\/\/test.valvex.com\/de\/?s={search_term_string}\"},\"query-input\":\"required name=search_term_string\"}],\"inLanguage\":\"de\"}]}<\/script>\n<!-- \/ Yoast SEO plugin. -->","yoast_head_json":{"title":"Brause-Wand-Mischbatterie mit Garnitur - Valvex","robots":{"index":"index","follow":"follow","max-snippet":"max-snippet:-1","max-image-preview":"max-image-preview:large","max-video-preview":"max-video-preview:-1"},"canonical":"http:\/\/test.valvex.com\/de\/produkt\/class-brause-wand-mischbatterie-mit-garnitur-49108\/","og_locale":"de_DE","og_type":"article","og_title":"Brause-Wand-Mischbatterie mit Garnitur - Valvex","og_description":"Willst Du die Atmosph\u00e4re der 50\/60-ger Jahre des XX Jahrhunderts sp\u00fcren? Die Batterie der Class Serie erinnert mit ihrem Design an die Zeiten der Volksrepublik Polen (PRL), indem sie nur das Beste daraus sch\u00f6pfen. Das dominierende Element sind die Drehkn\u00f6pfe, einfach und praktisch im t\u00e4glichen Gebrauch. Die Batterie ist durch einen Duschkopf, Duschschlauch und einen [&hellip;]","og_url":"http:\/\/test.valvex.com\/de\/produkt\/class-brause-wand-mischbatterie-mit-garnitur-49108\/","og_site_name":"Valvex","article_modified_time":"2024-07-08T13:01:10+00:00","og_image":[{"width":650,"height":415,"url":"http:\/\/test.valvex.com\/wp-content\/uploads\/2022\/03\/2446040.jpg","type":"image\/jpeg"}],"twitter_card":"summary_large_image","twitter_misc":{"Gesch\u00e4tzte Lesezeit":"1\u00a0Minute"},"schema":{"@context":"https:\/\/schema.org","@graph":[{"@type":"WebPage","@id":"http:\/\/test.valvex.com\/de\/produkt\/class-brause-wand-mischbatterie-mit-garnitur-49108\/","url":"http:\/\/test.valvex.com\/de\/produkt\/class-brause-wand-mischbatterie-mit-garnitur-49108\/","name":"Brause-Wand-Mischbatterie mit Garnitur - Valvex","isPartOf":{"@id":"http:\/\/test.valvex.com\/de\/#website"},"primaryImageOfPage":{"@id":"http:\/\/test.valvex.com\/de\/produkt\/class-brause-wand-mischbatterie-mit-garnitur-49108\/#primaryimage"},"image":{"@id":"http:\/\/test.valvex.com\/de\/produkt\/class-brause-wand-mischbatterie-mit-garnitur-49108\/#primaryimage"},"thumbnailUrl":"http:\/\/test.valvex.com\/wp-content\/uploads\/2022\/03\/2446040.jpg","datePublished":"2019-07-01T14:25:05+00:00","dateModified":"2024-07-08T13:01:10+00:00","breadcrumb":{"@id":"http:\/\/test.valvex.com\/de\/produkt\/class-brause-wand-mischbatterie-mit-garnitur-49108\/#breadcrumb"},"inLanguage":"de","potentialAction":[{"@type":"ReadAction","target":["http:\/\/test.valvex.com\/de\/produkt\/class-brause-wand-mischbatterie-mit-garnitur-49108\/"]}]},{"@type":"ImageObject","inLanguage":"de","@id":"http:\/\/test.valvex.com\/de\/produkt\/class-brause-wand-mischbatterie-mit-garnitur-49108\/#primaryimage","url":"http:\/\/test.valvex.com\/wp-content\/uploads\/2022\/03\/2446040.jpg","contentUrl":"http:\/\/test.valvex.com\/wp-content\/uploads\/2022\/03\/2446040.jpg","width":650,"height":415},{"@type":"BreadcrumbList","@id":"http:\/\/test.valvex.com\/de\/produkt\/class-brause-wand-mischbatterie-mit-garnitur-49108\/#breadcrumb","itemListElement":[{"@type":"ListItem","position":1,"name":"Strona g\u0142\u00f3wna","item":"http:\/\/test.valvex.com\/de\/"},{"@type":"ListItem","position":2,"name":"Badezimmer","item":"http:\/\/test.valvex.com\/de\/oferta\/badezimmer\/"},{"@type":"ListItem","position":3,"name":"Dusche","item":"http:\/\/test.valvex.com\/de\/oferta\/badezimmer\/dusche\/"},{"@type":"ListItem","position":4,"name":"Duscharmaturen","item":"http:\/\/test.valvex.com\/de\/oferta\/badezimmer\/dusche\/duscharmaturen\/"},{"@type":"ListItem","position":5,"name":"Brause-Wand-Mischbatterie mit Garnitur"}]},{"@type":"WebSite","@id":"http:\/\/test.valvex.com\/de\/#website","url":"http:\/\/test.valvex.com\/de\/","name":"Valvex","description":"Hersteller von Sanit\u00e4ranlagen und Armaturen\n\n","potentialAction":[{"@type":"SearchAction","target":{"@type":"EntryPoint","urlTemplate":"http:\/\/test.valvex.com\/de\/?s={search_term_string}"},"query-input":"required name=search_term_string"}],"inLanguage":"de"}]}},"_links":{"self":[{"href":"http:\/\/test.valvex.com\/de\/wp-json\/wp\/v2\/product\/49108","targetHints":{"allow":["GET"]}}],"collection":[{"href":"http:\/\/test.valvex.com\/de\/wp-json\/wp\/v2\/product"}],"about":[{"href":"http:\/\/test.valvex.com\/de\/wp-json\/wp\/v2\/types\/product"}],"wp:featuredmedia":[{"embeddable":true,"href":"http:\/\/test.valvex.com\/de\/wp-json\/wp\/v2\/media\/74313"}],"wp:attachment":[{"href":"http:\/\/test.valvex.com\/de\/wp-json\/wp\/v2\/media?parent=49108"}],"wp:term":[{"taxonomy":"ikony_produktow","embeddable":true,"href":"http:\/\/test.valvex.com\/de\/wp-json\/wp\/v2\/ikony_produktow?post=49108"},{"taxonomy":"product_category","embeddable":true,"href":"http:\/\/test.valvex.com\/de\/wp-json\/wp\/v2\/product_category?post=49108"},{"taxonomy":"product_series","embeddable":true,"href":"http:\/\/test.valvex.com\/de\/wp-json\/wp\/v2\/product_series?post=49108"},{"taxonomy":"color","embeddable":true,"href":"http:\/\/test.valvex.com\/de\/wp-json\/wp\/v2\/color?post=49108"}],"curies":[{"name":"wp","href":"https:\/\/api.w.org\/{rel}","templated":true}]}}