{"id":49101,"date":"2020-03-31T15:07:29","date_gmt":"2020-03-31T13:07:29","guid":{"rendered":"http:\/\/test.valvex.com\/product\/class-badewannen-wand-waschtisch-mischbatterie-mit-garnitur\/"},"modified":"2024-08-20T11:39:42","modified_gmt":"2024-08-20T09:39:42","slug":"class-badewannen-wand-waschtisch-mischbatterie-mit-garnitur-49101","status":"publish","type":"product","link":"http:\/\/test.valvex.com\/de\/produkt\/class-badewannen-wand-waschtisch-mischbatterie-mit-garnitur-49101\/","title":{"rendered":"Badewannen-Wand-\/ Waschtisch Mischbatterie mit Garnitur"},"content":{"rendered":"<h3>Universalismus in klassischer Ausf\u00fchrung.<\/h3>\n<p style=\"text-align: justify;\">Eine perfekte L\u00f6sung f\u00fcr ein kleines Badezimmer, wo \u00a0sparsame Raumeinrichtung z\u00e4hlt. Die Batterie vereint die Funktionen von Badewannen-, Dusch,- und Bidet-Batterien. Die charakteristischen f\u00fcr die 50\/60-ger Jahre des XX Jahrhunderts \u00a0Elemente, so wie der Duschkopfgriff oder der stilisierte Duschschalter, erinnern an die traditionelle Armatur die es fr\u00fcher in den meisten Badezimmern gab.<\/p>\n<table style=\"border-color: #ffffff; background-color: #ffffff;\">\n<tbody>\n<tr style=\"width: 70px;\">\n<td style=\"border-color: #ffffff;\"><img decoding=\"async\" class=\" aligncenter\" src=\"http:\/\/test.valvex.com\/content\/themes\/valvex\/assets\/img\/product-icons\/o2.png\" \/><\/td>\n<td style=\"border-color: #ffffff;\"><strong>Aerating stream regulator<\/strong><\/td>\n<\/tr>\n<tr style=\"width: 70px;\">\n<td style=\"border-color: #ffffff;\"><img decoding=\"async\" class=\" aligncenter\" src=\"http:\/\/test.valvex.com\/content\/themes\/valvex\/assets\/img\/product-icons\/obrot.png\" \/><\/td>\n<td style=\"border-color: #ffffff;\"><strong>Rotational spout<\/strong><\/td>\n<\/tr>\n<tr style=\"width: 70px;\">\n<td style=\"border-color: #ffffff;\"><img decoding=\"async\" class=\" aligncenter\" src=\"http:\/\/test.valvex.com\/content\/themes\/valvex\/assets\/img\/product-icons\/natrysk.png\" \/><\/td>\n<td style=\"border-color: #ffffff;\"><strong>Complete mixer with spot shower set<\/strong><\/td>\n<\/tr>\n<\/tbody>\n<\/table>\n","protected":false},"featured_media":75928,"template":"","ikony_produktow":[2111,2112,2163,2138,2162,2116],"product_category":[2295,1811,1921,1931,1946,437],"product_series":[564],"color":[1760],"class_list":["post-49101","product","type-product","status-publish","has-post-thumbnail","hentry","ikony_produktow-25jahregarantie","ikony_produktow-48-stunden-serviceinpolen","ikony_produktow-handbrause-im-set-enthalten","ikony_produktow-t90c-de","ikony_produktow-obrot-de","ikony_produktow-o2-de","product_category-wandmontierte-waschtischmischer","product_category-badezimmer","product_category-waschbecken","product_category-badewanne","product_category-badewannenarmaturen","product_category-wannebatterien-bathroom-and-kitchen-area","product_series-class-de","color-chrome"],"acf":[],"yoast_head":"<!-- This site is optimized with the Yoast SEO plugin v22.2 - https:\/\/yoast.com\/wordpress\/plugins\/seo\/ -->\n<title>Badewannen-Wand-\/ Waschtisch Mischbatterie mit Garnitur - Valvex<\/title>\n<meta name=\"robots\" content=\"index, follow, max-snippet:-1, max-image-preview:large, max-video-preview:-1\" \/>\n<link rel=\"canonical\" href=\"http:\/\/test.valvex.com\/de\/produkt\/class-badewannen-wand-waschtisch-mischbatterie-mit-garnitur-49101\/\" \/>\n<meta property=\"og:locale\" content=\"de_DE\" \/>\n<meta property=\"og:type\" content=\"article\" \/>\n<meta property=\"og:title\" content=\"Badewannen-Wand-\/ Waschtisch Mischbatterie mit Garnitur - Valvex\" \/>\n<meta property=\"og:description\" content=\"Universalismus in klassischer Ausf\u00fchrung. Eine perfekte L\u00f6sung f\u00fcr ein kleines Badezimmer, wo \u00a0sparsame Raumeinrichtung z\u00e4hlt. Die Batterie vereint die Funktionen von Badewannen-, Dusch,- und Bidet-Batterien. Die charakteristischen f\u00fcr die 50\/60-ger Jahre des XX Jahrhunderts \u00a0Elemente, so wie der Duschkopfgriff oder der stilisierte Duschschalter, erinnern an die traditionelle Armatur die es fr\u00fcher in den meisten Badezimmern [&hellip;]\" \/>\n<meta property=\"og:url\" content=\"http:\/\/test.valvex.com\/de\/produkt\/class-badewannen-wand-waschtisch-mischbatterie-mit-garnitur-49101\/\" \/>\n<meta property=\"og:site_name\" content=\"Valvex\" \/>\n<meta property=\"article:modified_time\" content=\"2024-08-20T09:39:42+00:00\" \/>\n<meta property=\"og:image\" content=\"http:\/\/test.valvex.com\/wp-content\/uploads\/2022\/03\/2446050.jpg\" \/>\n\t<meta property=\"og:image:width\" content=\"650\" \/>\n\t<meta property=\"og:image:height\" content=\"415\" \/>\n\t<meta property=\"og:image:type\" content=\"image\/jpeg\" \/>\n<meta name=\"twitter:card\" content=\"summary_large_image\" \/>\n<meta name=\"twitter:label1\" content=\"Gesch\u00e4tzte Lesezeit\" \/>\n\t<meta name=\"twitter:data1\" content=\"2\u00a0Minuten\" \/>\n<script type=\"application\/ld+json\" class=\"yoast-schema-graph\">{\"@context\":\"https:\/\/schema.org\",\"@graph\":[{\"@type\":\"WebPage\",\"@id\":\"http:\/\/test.valvex.com\/de\/produkt\/class-badewannen-wand-waschtisch-mischbatterie-mit-garnitur-49101\/\",\"url\":\"http:\/\/test.valvex.com\/de\/produkt\/class-badewannen-wand-waschtisch-mischbatterie-mit-garnitur-49101\/\",\"name\":\"Badewannen-Wand-\/ Waschtisch Mischbatterie mit Garnitur - Valvex\",\"isPartOf\":{\"@id\":\"http:\/\/test.valvex.com\/de\/#website\"},\"primaryImageOfPage\":{\"@id\":\"http:\/\/test.valvex.com\/de\/produkt\/class-badewannen-wand-waschtisch-mischbatterie-mit-garnitur-49101\/#primaryimage\"},\"image\":{\"@id\":\"http:\/\/test.valvex.com\/de\/produkt\/class-badewannen-wand-waschtisch-mischbatterie-mit-garnitur-49101\/#primaryimage\"},\"thumbnailUrl\":\"http:\/\/test.valvex.com\/wp-content\/uploads\/2020\/03\/VALVEX_2446050_CLASS_bateria-z-akcesoriami.png\",\"datePublished\":\"2020-03-31T13:07:29+00:00\",\"dateModified\":\"2024-08-20T09:39:42+00:00\",\"breadcrumb\":{\"@id\":\"http:\/\/test.valvex.com\/de\/produkt\/class-badewannen-wand-waschtisch-mischbatterie-mit-garnitur-49101\/#breadcrumb\"},\"inLanguage\":\"de\",\"potentialAction\":[{\"@type\":\"ReadAction\",\"target\":[\"http:\/\/test.valvex.com\/de\/produkt\/class-badewannen-wand-waschtisch-mischbatterie-mit-garnitur-49101\/\"]}]},{\"@type\":\"ImageObject\",\"inLanguage\":\"de\",\"@id\":\"http:\/\/test.valvex.com\/de\/produkt\/class-badewannen-wand-waschtisch-mischbatterie-mit-garnitur-49101\/#primaryimage\",\"url\":\"http:\/\/test.valvex.com\/wp-content\/uploads\/2020\/03\/VALVEX_2446050_CLASS_bateria-z-akcesoriami.png\",\"contentUrl\":\"http:\/\/test.valvex.com\/wp-content\/uploads\/2020\/03\/VALVEX_2446050_CLASS_bateria-z-akcesoriami.png\",\"width\":800,\"height\":800},{\"@type\":\"BreadcrumbList\",\"@id\":\"http:\/\/test.valvex.com\/de\/produkt\/class-badewannen-wand-waschtisch-mischbatterie-mit-garnitur-49101\/#breadcrumb\",\"itemListElement\":[{\"@type\":\"ListItem\",\"position\":1,\"name\":\"Strona g\u0142\u00f3wna\",\"item\":\"http:\/\/test.valvex.com\/de\/\"},{\"@type\":\"ListItem\",\"position\":2,\"name\":\"Badezimmer\",\"item\":\"http:\/\/test.valvex.com\/de\/oferta\/badezimmer\/\"},{\"@type\":\"ListItem\",\"position\":3,\"name\":\"Badewannen-Wand-\/ Waschtisch Mischbatterie mit Garnitur\"}]},{\"@type\":\"WebSite\",\"@id\":\"http:\/\/test.valvex.com\/de\/#website\",\"url\":\"http:\/\/test.valvex.com\/de\/\",\"name\":\"Valvex\",\"description\":\"Hersteller von Sanit\u00e4ranlagen und Armaturen\\n\\n\",\"potentialAction\":[{\"@type\":\"SearchAction\",\"target\":{\"@type\":\"EntryPoint\",\"urlTemplate\":\"http:\/\/test.valvex.com\/de\/?s={search_term_string}\"},\"query-input\":\"required name=search_term_string\"}],\"inLanguage\":\"de\"}]}<\/script>\n<!-- \/ Yoast SEO plugin. -->","yoast_head_json":{"title":"Badewannen-Wand-\/ Waschtisch Mischbatterie mit Garnitur - Valvex","robots":{"index":"index","follow":"follow","max-snippet":"max-snippet:-1","max-image-preview":"max-image-preview:large","max-video-preview":"max-video-preview:-1"},"canonical":"http:\/\/test.valvex.com\/de\/produkt\/class-badewannen-wand-waschtisch-mischbatterie-mit-garnitur-49101\/","og_locale":"de_DE","og_type":"article","og_title":"Badewannen-Wand-\/ Waschtisch Mischbatterie mit Garnitur - Valvex","og_description":"Universalismus in klassischer Ausf\u00fchrung. Eine perfekte L\u00f6sung f\u00fcr ein kleines Badezimmer, wo \u00a0sparsame Raumeinrichtung z\u00e4hlt. Die Batterie vereint die Funktionen von Badewannen-, Dusch,- und Bidet-Batterien. Die charakteristischen f\u00fcr die 50\/60-ger Jahre des XX Jahrhunderts \u00a0Elemente, so wie der Duschkopfgriff oder der stilisierte Duschschalter, erinnern an die traditionelle Armatur die es fr\u00fcher in den meisten Badezimmern [&hellip;]","og_url":"http:\/\/test.valvex.com\/de\/produkt\/class-badewannen-wand-waschtisch-mischbatterie-mit-garnitur-49101\/","og_site_name":"Valvex","article_modified_time":"2024-08-20T09:39:42+00:00","og_image":[{"width":650,"height":415,"url":"http:\/\/test.valvex.com\/wp-content\/uploads\/2022\/03\/2446050.jpg","type":"image\/jpeg"}],"twitter_card":"summary_large_image","twitter_misc":{"Gesch\u00e4tzte Lesezeit":"2\u00a0Minuten"},"schema":{"@context":"https:\/\/schema.org","@graph":[{"@type":"WebPage","@id":"http:\/\/test.valvex.com\/de\/produkt\/class-badewannen-wand-waschtisch-mischbatterie-mit-garnitur-49101\/","url":"http:\/\/test.valvex.com\/de\/produkt\/class-badewannen-wand-waschtisch-mischbatterie-mit-garnitur-49101\/","name":"Badewannen-Wand-\/ Waschtisch Mischbatterie mit Garnitur - Valvex","isPartOf":{"@id":"http:\/\/test.valvex.com\/de\/#website"},"primaryImageOfPage":{"@id":"http:\/\/test.valvex.com\/de\/produkt\/class-badewannen-wand-waschtisch-mischbatterie-mit-garnitur-49101\/#primaryimage"},"image":{"@id":"http:\/\/test.valvex.com\/de\/produkt\/class-badewannen-wand-waschtisch-mischbatterie-mit-garnitur-49101\/#primaryimage"},"thumbnailUrl":"http:\/\/test.valvex.com\/wp-content\/uploads\/2020\/03\/VALVEX_2446050_CLASS_bateria-z-akcesoriami.png","datePublished":"2020-03-31T13:07:29+00:00","dateModified":"2024-08-20T09:39:42+00:00","breadcrumb":{"@id":"http:\/\/test.valvex.com\/de\/produkt\/class-badewannen-wand-waschtisch-mischbatterie-mit-garnitur-49101\/#breadcrumb"},"inLanguage":"de","potentialAction":[{"@type":"ReadAction","target":["http:\/\/test.valvex.com\/de\/produkt\/class-badewannen-wand-waschtisch-mischbatterie-mit-garnitur-49101\/"]}]},{"@type":"ImageObject","inLanguage":"de","@id":"http:\/\/test.valvex.com\/de\/produkt\/class-badewannen-wand-waschtisch-mischbatterie-mit-garnitur-49101\/#primaryimage","url":"http:\/\/test.valvex.com\/wp-content\/uploads\/2020\/03\/VALVEX_2446050_CLASS_bateria-z-akcesoriami.png","contentUrl":"http:\/\/test.valvex.com\/wp-content\/uploads\/2020\/03\/VALVEX_2446050_CLASS_bateria-z-akcesoriami.png","width":800,"height":800},{"@type":"BreadcrumbList","@id":"http:\/\/test.valvex.com\/de\/produkt\/class-badewannen-wand-waschtisch-mischbatterie-mit-garnitur-49101\/#breadcrumb","itemListElement":[{"@type":"ListItem","position":1,"name":"Strona g\u0142\u00f3wna","item":"http:\/\/test.valvex.com\/de\/"},{"@type":"ListItem","position":2,"name":"Badezimmer","item":"http:\/\/test.valvex.com\/de\/oferta\/badezimmer\/"},{"@type":"ListItem","position":3,"name":"Badewannen-Wand-\/ Waschtisch Mischbatterie mit Garnitur"}]},{"@type":"WebSite","@id":"http:\/\/test.valvex.com\/de\/#website","url":"http:\/\/test.valvex.com\/de\/","name":"Valvex","description":"Hersteller von Sanit\u00e4ranlagen und Armaturen\n\n","potentialAction":[{"@type":"SearchAction","target":{"@type":"EntryPoint","urlTemplate":"http:\/\/test.valvex.com\/de\/?s={search_term_string}"},"query-input":"required name=search_term_string"}],"inLanguage":"de"}]}},"_links":{"self":[{"href":"http:\/\/test.valvex.com\/de\/wp-json\/wp\/v2\/product\/49101","targetHints":{"allow":["GET"]}}],"collection":[{"href":"http:\/\/test.valvex.com\/de\/wp-json\/wp\/v2\/product"}],"about":[{"href":"http:\/\/test.valvex.com\/de\/wp-json\/wp\/v2\/types\/product"}],"wp:featuredmedia":[{"embeddable":true,"href":"http:\/\/test.valvex.com\/de\/wp-json\/wp\/v2\/media\/75928"}],"wp:attachment":[{"href":"http:\/\/test.valvex.com\/de\/wp-json\/wp\/v2\/media?parent=49101"}],"wp:term":[{"taxonomy":"ikony_produktow","embeddable":true,"href":"http:\/\/test.valvex.com\/de\/wp-json\/wp\/v2\/ikony_produktow?post=49101"},{"taxonomy":"product_category","embeddable":true,"href":"http:\/\/test.valvex.com\/de\/wp-json\/wp\/v2\/product_category?post=49101"},{"taxonomy":"product_series","embeddable":true,"href":"http:\/\/test.valvex.com\/de\/wp-json\/wp\/v2\/product_series?post=49101"},{"taxonomy":"color","embeddable":true,"href":"http:\/\/test.valvex.com\/de\/wp-json\/wp\/v2\/color?post=49101"}],"curies":[{"name":"wp","href":"https:\/\/api.w.org\/{rel}","templated":true}]}}