{"id":49080,"date":"2019-07-01T15:48:24","date_gmt":"2019-07-01T13:48:24","guid":{"rendered":"http:\/\/test.valvex.com\/product\/class-waschtischstandmischbatterier\/"},"modified":"2024-08-20T11:29:10","modified_gmt":"2024-08-20T09:29:10","slug":"class-waschtischstandmischbatterier-49080","status":"publish","type":"product","link":"http:\/\/test.valvex.com\/de\/produkt\/class-waschtischstandmischbatterier-49080\/","title":{"rendered":"WaschtischStandmischbatterier"},"content":{"rendered":"<h3>Universalismus in klassischer Ausf\u00fchrung.<\/h3>\n<p style=\"text-align: justify;\">Die zwei Drehkn\u00f6pfe erinnern an traditionelle Armatur die es fr\u00fcher in den meisten polnischen H\u00e4usern gab. Ein Vorschlag f\u00fcr die Personen, die sentimental in die Vergangenheit schauen, aber offen f\u00fcr Ver\u00e4nderungen sind. Der hohe, drehbare Ausguss der, \u00a0am Waschbecken oder Blatt montierten Batterie, macht sie sehr benutzerfreundlich.<\/p>\n<table style=\"border-color: #ffffff; background-color: #ffffff;\">\n<tbody>\n<tr style=\"width: 70px;\">\n<td style=\"border-color: #ffffff;\"><img decoding=\"async\" class=\" aligncenter\" src=\"http:\/\/test.valvex.com\/content\/themes\/valvex\/assets\/img\/product-icons\/o2.png\" \/><\/td>\n<td style=\"border-color: #ffffff;\"><strong>Aerating stream regulator<\/strong><\/td>\n<\/tr>\n<tr style=\"width: 70px;\">\n<td style=\"border-color: #ffffff;\"><img decoding=\"async\" class=\" aligncenter\" src=\"http:\/\/test.valvex.com\/content\/themes\/valvex\/assets\/img\/product-icons\/obrot.png\" \/><\/td>\n<td style=\"border-color: #ffffff;\"><strong>Rotational spout<\/strong><\/td>\n<\/tr>\n<\/tbody>\n<\/table>\n","protected":false},"featured_media":76570,"template":"","ikony_produktow":[2111,2112,2113,2162,2116],"product_category":[1926,1811,1921],"product_series":[564],"color":[1760],"class_list":["post-49080","product","type-product","status-publish","has-post-thumbnail","hentry","ikony_produktow-25jahregarantie","ikony_produktow-48-stunden-serviceinpolen","ikony_produktow-keramikkartuschede","ikony_produktow-obrot-de","ikony_produktow-o2-de","product_category-waschtischmischer","product_category-badezimmer","product_category-waschbecken","product_series-class-de","color-chrome"],"acf":[],"yoast_head":"<!-- This site is optimized with the Yoast SEO plugin v22.2 - https:\/\/yoast.com\/wordpress\/plugins\/seo\/ -->\n<title>WaschtischStandmischbatterier - Valvex<\/title>\n<meta name=\"robots\" content=\"index, follow, max-snippet:-1, max-image-preview:large, max-video-preview:-1\" \/>\n<link rel=\"canonical\" href=\"http:\/\/test.valvex.com\/de\/produkt\/class-waschtischstandmischbatterier-49080\/\" \/>\n<meta property=\"og:locale\" content=\"de_DE\" \/>\n<meta property=\"og:type\" content=\"article\" \/>\n<meta property=\"og:title\" content=\"WaschtischStandmischbatterier - Valvex\" \/>\n<meta property=\"og:description\" content=\"Universalismus in klassischer Ausf\u00fchrung. Die zwei Drehkn\u00f6pfe erinnern an traditionelle Armatur die es fr\u00fcher in den meisten polnischen H\u00e4usern gab. Ein Vorschlag f\u00fcr die Personen, die sentimental in die Vergangenheit schauen, aber offen f\u00fcr Ver\u00e4nderungen sind. Der hohe, drehbare Ausguss der, \u00a0am Waschbecken oder Blatt montierten Batterie, macht sie sehr benutzerfreundlich. Aerating stream regulator Rotational [&hellip;]\" \/>\n<meta property=\"og:url\" content=\"http:\/\/test.valvex.com\/de\/produkt\/class-waschtischstandmischbatterier-49080\/\" \/>\n<meta property=\"og:site_name\" content=\"Valvex\" \/>\n<meta property=\"article:modified_time\" content=\"2024-08-20T09:29:10+00:00\" \/>\n<meta property=\"og:image\" content=\"http:\/\/test.valvex.com\/wp-content\/uploads\/2022\/03\/2446000.jpg\" \/>\n\t<meta property=\"og:image:width\" content=\"650\" \/>\n\t<meta property=\"og:image:height\" content=\"415\" \/>\n\t<meta property=\"og:image:type\" content=\"image\/jpeg\" \/>\n<meta name=\"twitter:card\" content=\"summary_large_image\" \/>\n<meta name=\"twitter:label1\" content=\"Gesch\u00e4tzte Lesezeit\" \/>\n\t<meta name=\"twitter:data1\" content=\"1\u00a0Minute\" \/>\n<script type=\"application\/ld+json\" class=\"yoast-schema-graph\">{\"@context\":\"https:\/\/schema.org\",\"@graph\":[{\"@type\":\"WebPage\",\"@id\":\"http:\/\/test.valvex.com\/de\/produkt\/class-waschtischstandmischbatterier-49080\/\",\"url\":\"http:\/\/test.valvex.com\/de\/produkt\/class-waschtischstandmischbatterier-49080\/\",\"name\":\"WaschtischStandmischbatterier - Valvex\",\"isPartOf\":{\"@id\":\"http:\/\/test.valvex.com\/de\/#website\"},\"primaryImageOfPage\":{\"@id\":\"http:\/\/test.valvex.com\/de\/produkt\/class-waschtischstandmischbatterier-49080\/#primaryimage\"},\"image\":{\"@id\":\"http:\/\/test.valvex.com\/de\/produkt\/class-waschtischstandmischbatterier-49080\/#primaryimage\"},\"thumbnailUrl\":\"http:\/\/test.valvex.com\/wp-content\/uploads\/2019\/07\/VALVEX_2446000_CLASS_bateria-umywalkowa-stojaca.jpg\",\"datePublished\":\"2019-07-01T13:48:24+00:00\",\"dateModified\":\"2024-08-20T09:29:10+00:00\",\"breadcrumb\":{\"@id\":\"http:\/\/test.valvex.com\/de\/produkt\/class-waschtischstandmischbatterier-49080\/#breadcrumb\"},\"inLanguage\":\"de\",\"potentialAction\":[{\"@type\":\"ReadAction\",\"target\":[\"http:\/\/test.valvex.com\/de\/produkt\/class-waschtischstandmischbatterier-49080\/\"]}]},{\"@type\":\"ImageObject\",\"inLanguage\":\"de\",\"@id\":\"http:\/\/test.valvex.com\/de\/produkt\/class-waschtischstandmischbatterier-49080\/#primaryimage\",\"url\":\"http:\/\/test.valvex.com\/wp-content\/uploads\/2019\/07\/VALVEX_2446000_CLASS_bateria-umywalkowa-stojaca.jpg\",\"contentUrl\":\"http:\/\/test.valvex.com\/wp-content\/uploads\/2019\/07\/VALVEX_2446000_CLASS_bateria-umywalkowa-stojaca.jpg\",\"width\":800,\"height\":800},{\"@type\":\"BreadcrumbList\",\"@id\":\"http:\/\/test.valvex.com\/de\/produkt\/class-waschtischstandmischbatterier-49080\/#breadcrumb\",\"itemListElement\":[{\"@type\":\"ListItem\",\"position\":1,\"name\":\"Strona g\u0142\u00f3wna\",\"item\":\"http:\/\/test.valvex.com\/de\/\"},{\"@type\":\"ListItem\",\"position\":2,\"name\":\"Badezimmer\",\"item\":\"http:\/\/test.valvex.com\/de\/oferta\/badezimmer\/\"},{\"@type\":\"ListItem\",\"position\":3,\"name\":\"WaschtischStandmischbatterier\"}]},{\"@type\":\"WebSite\",\"@id\":\"http:\/\/test.valvex.com\/de\/#website\",\"url\":\"http:\/\/test.valvex.com\/de\/\",\"name\":\"Valvex\",\"description\":\"Hersteller von Sanit\u00e4ranlagen und Armaturen\\n\\n\",\"potentialAction\":[{\"@type\":\"SearchAction\",\"target\":{\"@type\":\"EntryPoint\",\"urlTemplate\":\"http:\/\/test.valvex.com\/de\/?s={search_term_string}\"},\"query-input\":\"required name=search_term_string\"}],\"inLanguage\":\"de\"}]}<\/script>\n<!-- \/ Yoast SEO plugin. -->","yoast_head_json":{"title":"WaschtischStandmischbatterier - Valvex","robots":{"index":"index","follow":"follow","max-snippet":"max-snippet:-1","max-image-preview":"max-image-preview:large","max-video-preview":"max-video-preview:-1"},"canonical":"http:\/\/test.valvex.com\/de\/produkt\/class-waschtischstandmischbatterier-49080\/","og_locale":"de_DE","og_type":"article","og_title":"WaschtischStandmischbatterier - Valvex","og_description":"Universalismus in klassischer Ausf\u00fchrung. Die zwei Drehkn\u00f6pfe erinnern an traditionelle Armatur die es fr\u00fcher in den meisten polnischen H\u00e4usern gab. Ein Vorschlag f\u00fcr die Personen, die sentimental in die Vergangenheit schauen, aber offen f\u00fcr Ver\u00e4nderungen sind. Der hohe, drehbare Ausguss der, \u00a0am Waschbecken oder Blatt montierten Batterie, macht sie sehr benutzerfreundlich. Aerating stream regulator Rotational [&hellip;]","og_url":"http:\/\/test.valvex.com\/de\/produkt\/class-waschtischstandmischbatterier-49080\/","og_site_name":"Valvex","article_modified_time":"2024-08-20T09:29:10+00:00","og_image":[{"width":650,"height":415,"url":"http:\/\/test.valvex.com\/wp-content\/uploads\/2022\/03\/2446000.jpg","type":"image\/jpeg"}],"twitter_card":"summary_large_image","twitter_misc":{"Gesch\u00e4tzte Lesezeit":"1\u00a0Minute"},"schema":{"@context":"https:\/\/schema.org","@graph":[{"@type":"WebPage","@id":"http:\/\/test.valvex.com\/de\/produkt\/class-waschtischstandmischbatterier-49080\/","url":"http:\/\/test.valvex.com\/de\/produkt\/class-waschtischstandmischbatterier-49080\/","name":"WaschtischStandmischbatterier - Valvex","isPartOf":{"@id":"http:\/\/test.valvex.com\/de\/#website"},"primaryImageOfPage":{"@id":"http:\/\/test.valvex.com\/de\/produkt\/class-waschtischstandmischbatterier-49080\/#primaryimage"},"image":{"@id":"http:\/\/test.valvex.com\/de\/produkt\/class-waschtischstandmischbatterier-49080\/#primaryimage"},"thumbnailUrl":"http:\/\/test.valvex.com\/wp-content\/uploads\/2019\/07\/VALVEX_2446000_CLASS_bateria-umywalkowa-stojaca.jpg","datePublished":"2019-07-01T13:48:24+00:00","dateModified":"2024-08-20T09:29:10+00:00","breadcrumb":{"@id":"http:\/\/test.valvex.com\/de\/produkt\/class-waschtischstandmischbatterier-49080\/#breadcrumb"},"inLanguage":"de","potentialAction":[{"@type":"ReadAction","target":["http:\/\/test.valvex.com\/de\/produkt\/class-waschtischstandmischbatterier-49080\/"]}]},{"@type":"ImageObject","inLanguage":"de","@id":"http:\/\/test.valvex.com\/de\/produkt\/class-waschtischstandmischbatterier-49080\/#primaryimage","url":"http:\/\/test.valvex.com\/wp-content\/uploads\/2019\/07\/VALVEX_2446000_CLASS_bateria-umywalkowa-stojaca.jpg","contentUrl":"http:\/\/test.valvex.com\/wp-content\/uploads\/2019\/07\/VALVEX_2446000_CLASS_bateria-umywalkowa-stojaca.jpg","width":800,"height":800},{"@type":"BreadcrumbList","@id":"http:\/\/test.valvex.com\/de\/produkt\/class-waschtischstandmischbatterier-49080\/#breadcrumb","itemListElement":[{"@type":"ListItem","position":1,"name":"Strona g\u0142\u00f3wna","item":"http:\/\/test.valvex.com\/de\/"},{"@type":"ListItem","position":2,"name":"Badezimmer","item":"http:\/\/test.valvex.com\/de\/oferta\/badezimmer\/"},{"@type":"ListItem","position":3,"name":"WaschtischStandmischbatterier"}]},{"@type":"WebSite","@id":"http:\/\/test.valvex.com\/de\/#website","url":"http:\/\/test.valvex.com\/de\/","name":"Valvex","description":"Hersteller von Sanit\u00e4ranlagen und Armaturen\n\n","potentialAction":[{"@type":"SearchAction","target":{"@type":"EntryPoint","urlTemplate":"http:\/\/test.valvex.com\/de\/?s={search_term_string}"},"query-input":"required name=search_term_string"}],"inLanguage":"de"}]}},"_links":{"self":[{"href":"http:\/\/test.valvex.com\/de\/wp-json\/wp\/v2\/product\/49080","targetHints":{"allow":["GET"]}}],"collection":[{"href":"http:\/\/test.valvex.com\/de\/wp-json\/wp\/v2\/product"}],"about":[{"href":"http:\/\/test.valvex.com\/de\/wp-json\/wp\/v2\/types\/product"}],"wp:featuredmedia":[{"embeddable":true,"href":"http:\/\/test.valvex.com\/de\/wp-json\/wp\/v2\/media\/76570"}],"wp:attachment":[{"href":"http:\/\/test.valvex.com\/de\/wp-json\/wp\/v2\/media?parent=49080"}],"wp:term":[{"taxonomy":"ikony_produktow","embeddable":true,"href":"http:\/\/test.valvex.com\/de\/wp-json\/wp\/v2\/ikony_produktow?post=49080"},{"taxonomy":"product_category","embeddable":true,"href":"http:\/\/test.valvex.com\/de\/wp-json\/wp\/v2\/product_category?post=49080"},{"taxonomy":"product_series","embeddable":true,"href":"http:\/\/test.valvex.com\/de\/wp-json\/wp\/v2\/product_series?post=49080"},{"taxonomy":"color","embeddable":true,"href":"http:\/\/test.valvex.com\/de\/wp-json\/wp\/v2\/color?post=49080"}],"curies":[{"name":"wp","href":"https:\/\/api.w.org\/{rel}","templated":true}]}}