{"id":49003,"date":"2021-02-17T17:17:40","date_gmt":"2021-02-17T16:17:40","guid":{"rendered":"http:\/\/test.valvex.com\/product\/logic-kuechen-standmischbatterie-mit-ausziehbarer-brause\/"},"modified":"2024-05-16T15:13:04","modified_gmt":"2024-05-16T13:13:04","slug":"logic-k%c3%bcchen-standmischbatterie-mit-ausziehbarer-brause-49003","status":"publish","type":"product","link":"http:\/\/test.valvex.com\/de\/produkt\/logic-k%c3%bcchen-standmischbatterie-mit-ausziehbarer-brause-49003\/","title":{"rendered":"K\u00fcchen-Standmischbatterie mit ausziehbarer Brause"},"content":{"rendered":"<h3>F\u00fcr Personen die \u00dcbertreibungen nicht m\u00f6gen und Komfort sch\u00e4tzen.<\/h3>\n<p style=\"text-align: justify\">Die einfache, kompakte Konstruktion, solide Herstellung. Das sind die Vorteile dieses Modells. Es passt ideal in einen modernen Raum, der nach minimalistischen regeln eingerichtet ist. Den Nutzungskomfort garantiert der ausziehbare Ausguss, der das Sp\u00fclen von Gegenst\u00e4nden verschiedener Gr\u00f6\u00dfe erm\u00f6glicht.<\/p>\n<table style=\"border-color: #ffffff;background-color: #ffffff\">\n<tbody>\n<tr style=\"width: 70px\">\n<td style=\"border-color: #ffffff\"><img decoding=\"async\" src=\"http:\/\/test.valvex.com\/content\/themes\/valvex\/assets\/img\/product-icons\/o2.png\" class=\" aligncenter\" \/><\/td>\n<td style=\"border-color: #ffffff\"><strong>Aerating stream regulator<\/strong><\/td>\n<\/tr>\n<tr>\n<td style=\"width: 70px;border-color: #ffffff\"><img decoding=\"async\" src=\"http:\/\/test.valvex.com\/content\/themes\/valvex\/assets\/img\/product-icons\/hcceramic.png\" class=\" aligncenter\" \/><\/td>\n<td style=\"border-color: #ffffff\"><strong>Mixer \/ ceramic head<\/strong><\/td>\n<\/tr>\n<tr style=\"width: 70px\">\n<td style=\"border-color: #ffffff\"><img decoding=\"async\" src=\"http:\/\/test.valvex.com\/content\/themes\/valvex\/assets\/img\/product-icons\/obrot.png\" class=\" aligncenter\" \/><\/td>\n<td style=\"border-color: #ffffff\"><strong>Rotational spout<\/strong><\/td>\n<\/tr>\n<tr style=\"width: 70px\">\n<td style=\"border-color: #ffffff\"><img decoding=\"async\" src=\"http:\/\/test.valvex.com\/content\/themes\/valvex\/assets\/img\/product-icons\/wyciaganawylewka.png\" class=\" aligncenter\" \/><\/td>\n<td style=\"border-color: #ffffff\"><strong>Expandable spout<\/strong><\/td>\n<\/tr>\n<\/tbody>\n<\/table>\n","protected":false},"featured_media":74344,"template":"","ikony_produktow":[2111,2112,2113,1691,2162,1690,2116],"product_category":[1957,1771,1806,2014,473],"product_series":[552],"color":[1760],"class_list":["post-49003","product","type-product","status-publish","has-post-thumbnail","hentry","ikony_produktow-25jahregarantie","ikony_produktow-48-stunden-serviceinpolen","ikony_produktow-keramikkartuschede","ikony_produktow-obrot","ikony_produktow-obrot-de","ikony_produktow-o2","ikony_produktow-o2-de","product_category-baterie-kuchenne-3","product_category-kueche","product_category-kuechenmixer","product_category-kuechenmixer-de","product_category-kuchebatterie-bathroom-and-kitchen-area","product_series-logic-de","color-chrome"],"acf":[],"yoast_head":"<!-- This site is optimized with the Yoast SEO plugin v22.2 - https:\/\/yoast.com\/wordpress\/plugins\/seo\/ -->\n<title>K\u00fcchen-Standmischbatterie mit ausziehbarer Brause - Valvex<\/title>\n<meta name=\"robots\" content=\"index, follow, max-snippet:-1, max-image-preview:large, max-video-preview:-1\" \/>\n<link rel=\"canonical\" href=\"http:\/\/test.valvex.com\/de\/produkt\/logic-k%c3%bcchen-standmischbatterie-mit-ausziehbarer-brause-49003\/\" \/>\n<meta property=\"og:locale\" content=\"de_DE\" \/>\n<meta property=\"og:type\" content=\"article\" \/>\n<meta property=\"og:title\" content=\"K\u00fcchen-Standmischbatterie mit ausziehbarer Brause - Valvex\" \/>\n<meta property=\"og:description\" content=\"F\u00fcr Personen die \u00dcbertreibungen nicht m\u00f6gen und Komfort sch\u00e4tzen. Die einfache, kompakte Konstruktion, solide Herstellung. Das sind die Vorteile dieses Modells. Es passt ideal in einen modernen Raum, der nach minimalistischen regeln eingerichtet ist. Den Nutzungskomfort garantiert der ausziehbare Ausguss, der das Sp\u00fclen von Gegenst\u00e4nden verschiedener Gr\u00f6\u00dfe erm\u00f6glicht. Aerating stream regulator Mixer \/ ceramic head [&hellip;]\" \/>\n<meta property=\"og:url\" content=\"http:\/\/test.valvex.com\/de\/produkt\/logic-k%c3%bcchen-standmischbatterie-mit-ausziehbarer-brause-49003\/\" \/>\n<meta property=\"og:site_name\" content=\"Valvex\" \/>\n<meta property=\"article:modified_time\" content=\"2024-05-16T13:13:04+00:00\" \/>\n<meta property=\"og:image\" content=\"http:\/\/test.valvex.com\/wp-content\/uploads\/2022\/03\/2450960.jpg\" \/>\n\t<meta property=\"og:image:width\" content=\"650\" \/>\n\t<meta property=\"og:image:height\" content=\"415\" \/>\n\t<meta property=\"og:image:type\" content=\"image\/jpeg\" \/>\n<meta name=\"twitter:card\" content=\"summary_large_image\" \/>\n<meta name=\"twitter:label1\" content=\"Gesch\u00e4tzte Lesezeit\" \/>\n\t<meta name=\"twitter:data1\" content=\"2\u00a0Minuten\" \/>\n<script type=\"application\/ld+json\" class=\"yoast-schema-graph\">{\"@context\":\"https:\/\/schema.org\",\"@graph\":[{\"@type\":\"WebPage\",\"@id\":\"http:\/\/test.valvex.com\/de\/produkt\/logic-k%c3%bcchen-standmischbatterie-mit-ausziehbarer-brause-49003\/\",\"url\":\"http:\/\/test.valvex.com\/de\/produkt\/logic-k%c3%bcchen-standmischbatterie-mit-ausziehbarer-brause-49003\/\",\"name\":\"K\u00fcchen-Standmischbatterie mit ausziehbarer Brause - Valvex\",\"isPartOf\":{\"@id\":\"http:\/\/test.valvex.com\/de\/#website\"},\"primaryImageOfPage\":{\"@id\":\"http:\/\/test.valvex.com\/de\/produkt\/logic-k%c3%bcchen-standmischbatterie-mit-ausziehbarer-brause-49003\/#primaryimage\"},\"image\":{\"@id\":\"http:\/\/test.valvex.com\/de\/produkt\/logic-k%c3%bcchen-standmischbatterie-mit-ausziehbarer-brause-49003\/#primaryimage\"},\"thumbnailUrl\":\"http:\/\/test.valvex.com\/wp-content\/uploads\/2022\/03\/2450960.jpg\",\"datePublished\":\"2021-02-17T16:17:40+00:00\",\"dateModified\":\"2024-05-16T13:13:04+00:00\",\"breadcrumb\":{\"@id\":\"http:\/\/test.valvex.com\/de\/produkt\/logic-k%c3%bcchen-standmischbatterie-mit-ausziehbarer-brause-49003\/#breadcrumb\"},\"inLanguage\":\"de\",\"potentialAction\":[{\"@type\":\"ReadAction\",\"target\":[\"http:\/\/test.valvex.com\/de\/produkt\/logic-k%c3%bcchen-standmischbatterie-mit-ausziehbarer-brause-49003\/\"]}]},{\"@type\":\"ImageObject\",\"inLanguage\":\"de\",\"@id\":\"http:\/\/test.valvex.com\/de\/produkt\/logic-k%c3%bcchen-standmischbatterie-mit-ausziehbarer-brause-49003\/#primaryimage\",\"url\":\"http:\/\/test.valvex.com\/wp-content\/uploads\/2022\/03\/2450960.jpg\",\"contentUrl\":\"http:\/\/test.valvex.com\/wp-content\/uploads\/2022\/03\/2450960.jpg\",\"width\":650,\"height\":415},{\"@type\":\"BreadcrumbList\",\"@id\":\"http:\/\/test.valvex.com\/de\/produkt\/logic-k%c3%bcchen-standmischbatterie-mit-ausziehbarer-brause-49003\/#breadcrumb\",\"itemListElement\":[{\"@type\":\"ListItem\",\"position\":1,\"name\":\"Strona g\u0142\u00f3wna\",\"item\":\"http:\/\/test.valvex.com\/de\/\"},{\"@type\":\"ListItem\",\"position\":2,\"name\":\"K\u00fcche\",\"item\":\"http:\/\/test.valvex.com\/de\/oferta\/kueche\/\"},{\"@type\":\"ListItem\",\"position\":3,\"name\":\"K\u00fcchen-Standmischbatterie mit ausziehbarer Brause\"}]},{\"@type\":\"WebSite\",\"@id\":\"http:\/\/test.valvex.com\/de\/#website\",\"url\":\"http:\/\/test.valvex.com\/de\/\",\"name\":\"Valvex\",\"description\":\"Hersteller von Sanit\u00e4ranlagen und Armaturen\\n\\n\",\"potentialAction\":[{\"@type\":\"SearchAction\",\"target\":{\"@type\":\"EntryPoint\",\"urlTemplate\":\"http:\/\/test.valvex.com\/de\/?s={search_term_string}\"},\"query-input\":\"required name=search_term_string\"}],\"inLanguage\":\"de\"}]}<\/script>\n<!-- \/ Yoast SEO plugin. -->","yoast_head_json":{"title":"K\u00fcchen-Standmischbatterie mit ausziehbarer Brause - Valvex","robots":{"index":"index","follow":"follow","max-snippet":"max-snippet:-1","max-image-preview":"max-image-preview:large","max-video-preview":"max-video-preview:-1"},"canonical":"http:\/\/test.valvex.com\/de\/produkt\/logic-k%c3%bcchen-standmischbatterie-mit-ausziehbarer-brause-49003\/","og_locale":"de_DE","og_type":"article","og_title":"K\u00fcchen-Standmischbatterie mit ausziehbarer Brause - Valvex","og_description":"F\u00fcr Personen die \u00dcbertreibungen nicht m\u00f6gen und Komfort sch\u00e4tzen. Die einfache, kompakte Konstruktion, solide Herstellung. Das sind die Vorteile dieses Modells. Es passt ideal in einen modernen Raum, der nach minimalistischen regeln eingerichtet ist. Den Nutzungskomfort garantiert der ausziehbare Ausguss, der das Sp\u00fclen von Gegenst\u00e4nden verschiedener Gr\u00f6\u00dfe erm\u00f6glicht. Aerating stream regulator Mixer \/ ceramic head [&hellip;]","og_url":"http:\/\/test.valvex.com\/de\/produkt\/logic-k%c3%bcchen-standmischbatterie-mit-ausziehbarer-brause-49003\/","og_site_name":"Valvex","article_modified_time":"2024-05-16T13:13:04+00:00","og_image":[{"width":650,"height":415,"url":"http:\/\/test.valvex.com\/wp-content\/uploads\/2022\/03\/2450960.jpg","type":"image\/jpeg"}],"twitter_card":"summary_large_image","twitter_misc":{"Gesch\u00e4tzte Lesezeit":"2\u00a0Minuten"},"schema":{"@context":"https:\/\/schema.org","@graph":[{"@type":"WebPage","@id":"http:\/\/test.valvex.com\/de\/produkt\/logic-k%c3%bcchen-standmischbatterie-mit-ausziehbarer-brause-49003\/","url":"http:\/\/test.valvex.com\/de\/produkt\/logic-k%c3%bcchen-standmischbatterie-mit-ausziehbarer-brause-49003\/","name":"K\u00fcchen-Standmischbatterie mit ausziehbarer Brause - Valvex","isPartOf":{"@id":"http:\/\/test.valvex.com\/de\/#website"},"primaryImageOfPage":{"@id":"http:\/\/test.valvex.com\/de\/produkt\/logic-k%c3%bcchen-standmischbatterie-mit-ausziehbarer-brause-49003\/#primaryimage"},"image":{"@id":"http:\/\/test.valvex.com\/de\/produkt\/logic-k%c3%bcchen-standmischbatterie-mit-ausziehbarer-brause-49003\/#primaryimage"},"thumbnailUrl":"http:\/\/test.valvex.com\/wp-content\/uploads\/2022\/03\/2450960.jpg","datePublished":"2021-02-17T16:17:40+00:00","dateModified":"2024-05-16T13:13:04+00:00","breadcrumb":{"@id":"http:\/\/test.valvex.com\/de\/produkt\/logic-k%c3%bcchen-standmischbatterie-mit-ausziehbarer-brause-49003\/#breadcrumb"},"inLanguage":"de","potentialAction":[{"@type":"ReadAction","target":["http:\/\/test.valvex.com\/de\/produkt\/logic-k%c3%bcchen-standmischbatterie-mit-ausziehbarer-brause-49003\/"]}]},{"@type":"ImageObject","inLanguage":"de","@id":"http:\/\/test.valvex.com\/de\/produkt\/logic-k%c3%bcchen-standmischbatterie-mit-ausziehbarer-brause-49003\/#primaryimage","url":"http:\/\/test.valvex.com\/wp-content\/uploads\/2022\/03\/2450960.jpg","contentUrl":"http:\/\/test.valvex.com\/wp-content\/uploads\/2022\/03\/2450960.jpg","width":650,"height":415},{"@type":"BreadcrumbList","@id":"http:\/\/test.valvex.com\/de\/produkt\/logic-k%c3%bcchen-standmischbatterie-mit-ausziehbarer-brause-49003\/#breadcrumb","itemListElement":[{"@type":"ListItem","position":1,"name":"Strona g\u0142\u00f3wna","item":"http:\/\/test.valvex.com\/de\/"},{"@type":"ListItem","position":2,"name":"K\u00fcche","item":"http:\/\/test.valvex.com\/de\/oferta\/kueche\/"},{"@type":"ListItem","position":3,"name":"K\u00fcchen-Standmischbatterie mit ausziehbarer Brause"}]},{"@type":"WebSite","@id":"http:\/\/test.valvex.com\/de\/#website","url":"http:\/\/test.valvex.com\/de\/","name":"Valvex","description":"Hersteller von Sanit\u00e4ranlagen und Armaturen\n\n","potentialAction":[{"@type":"SearchAction","target":{"@type":"EntryPoint","urlTemplate":"http:\/\/test.valvex.com\/de\/?s={search_term_string}"},"query-input":"required name=search_term_string"}],"inLanguage":"de"}]}},"_links":{"self":[{"href":"http:\/\/test.valvex.com\/de\/wp-json\/wp\/v2\/product\/49003","targetHints":{"allow":["GET"]}}],"collection":[{"href":"http:\/\/test.valvex.com\/de\/wp-json\/wp\/v2\/product"}],"about":[{"href":"http:\/\/test.valvex.com\/de\/wp-json\/wp\/v2\/types\/product"}],"wp:featuredmedia":[{"embeddable":true,"href":"http:\/\/test.valvex.com\/de\/wp-json\/wp\/v2\/media\/74344"}],"wp:attachment":[{"href":"http:\/\/test.valvex.com\/de\/wp-json\/wp\/v2\/media?parent=49003"}],"wp:term":[{"taxonomy":"ikony_produktow","embeddable":true,"href":"http:\/\/test.valvex.com\/de\/wp-json\/wp\/v2\/ikony_produktow?post=49003"},{"taxonomy":"product_category","embeddable":true,"href":"http:\/\/test.valvex.com\/de\/wp-json\/wp\/v2\/product_category?post=49003"},{"taxonomy":"product_series","embeddable":true,"href":"http:\/\/test.valvex.com\/de\/wp-json\/wp\/v2\/product_series?post=49003"},{"taxonomy":"color","embeddable":true,"href":"http:\/\/test.valvex.com\/de\/wp-json\/wp\/v2\/color?post=49003"}],"curies":[{"name":"wp","href":"https:\/\/api.w.org\/{rel}","templated":true}]}}