{"id":48933,"date":"2021-02-17T17:16:25","date_gmt":"2021-02-17T16:16:25","guid":{"rendered":"http:\/\/test.valvex.com\/product\/delta-kuechen-standmischbatterie-mit-seitlichem-hebel-2\/"},"modified":"2024-05-16T15:15:00","modified_gmt":"2024-05-16T13:15:00","slug":"delta-k%c3%bcchen-standmischbatterie-mit-seitlichem-hebel-48933","status":"publish","type":"product","link":"http:\/\/test.valvex.com\/de\/produkt\/delta-k%c3%bcchen-standmischbatterie-mit-seitlichem-hebel-48933\/","title":{"rendered":"K\u00fcchen-Standmischbatterie mit seitlichem Hebel"},"content":{"rendered":"<h3>Die dezente Form der Batterie erinnert an einen Schwan, der zwischen den Wellen driftet.<\/h3>\n<div style=\"text-align: justify\">Pass perfekt zu R\u00e4ume, in denen Leichtigkeit und Reinheit die Hauptrolle spielen. \u00a0Die Leichtigkeit der Form vereint mit der Leichtigkeit der Nutzung- das pr\u00e4zise Keramik-R\u00fchrwerk garantiert flie\u00dfende Wasserregulation und der drehbare Ausguss macht t\u00e4gliche K\u00fcchenarbeit einfach.<\/div>\n<div style=\"text-align: justify\"><\/div>\n<table style=\"border-color: #ffffff;background-color: #ffffff\">\n<tbody>\n<tr style=\"width: 70px\">\n<td style=\"border-color: #ffffff\"><img decoding=\"async\" src=\"http:\/\/test.valvex.com\/content\/themes\/valvex\/assets\/img\/product-icons\/o2.png\" class=\" aligncenter\" \/><\/td>\n<td style=\"border-color: #ffffff\"><strong>Aerating stream regulator<\/strong><\/td>\n<\/tr>\n<tr>\n<td style=\"width: 70px;border-color: #ffffff\"><img decoding=\"async\" src=\"http:\/\/test.valvex.com\/content\/themes\/valvex\/assets\/img\/product-icons\/hcceramic.png\" class=\" aligncenter\" \/><\/td>\n<td style=\"border-color: #ffffff\"><strong>Mixer \/ ceramic head<\/strong><\/td>\n<\/tr>\n<tr style=\"width: 70px\">\n<td style=\"border-color: #ffffff\"><img decoding=\"async\" src=\"http:\/\/test.valvex.com\/content\/themes\/valvex\/assets\/img\/product-icons\/obrot.png\" class=\" aligncenter\" \/><\/td>\n<td style=\"border-color: #ffffff\"><strong>Rotational spout<\/strong><\/td>\n<\/tr>\n<tr style=\"width: 70px\">\n<td style=\"border-color: #ffffff\"><img decoding=\"async\" src=\"http:\/\/test.valvex.com\/content\/themes\/valvex\/assets\/img\/product-icons\/comfortzone.png\" class=\" aligncenter\" \/><\/td>\n<td style=\"border-color: #ffffff\"><strong>Comfort<\/strong><\/td>\n<\/tr>\n<\/tbody>\n<\/table>\n","protected":false},"featured_media":74359,"template":"","ikony_produktow":[2111,2112,2114,2113,1691,2162,1690,2116],"product_category":[1957,1771,1806,2014,473],"product_series":[540],"color":[1760],"class_list":["post-48933","product","type-product","status-publish","has-post-thumbnail","hentry","ikony_produktow-25jahregarantie","ikony_produktow-48-stunden-serviceinpolen","ikony_produktow-comfortzone-de","ikony_produktow-keramikkartuschede","ikony_produktow-obrot","ikony_produktow-obrot-de","ikony_produktow-o2","ikony_produktow-o2-de","product_category-baterie-kuchenne-3","product_category-kueche","product_category-kuechenmixer","product_category-kuechenmixer-de","product_category-kuchebatterie-bathroom-and-kitchen-area","product_series-delta-de","color-chrome"],"acf":[],"yoast_head":"<!-- This site is optimized with the Yoast SEO plugin v22.2 - https:\/\/yoast.com\/wordpress\/plugins\/seo\/ -->\n<title>K\u00fcchen-Standmischbatterie mit seitlichem Hebel - Valvex<\/title>\n<meta name=\"robots\" content=\"index, follow, max-snippet:-1, max-image-preview:large, max-video-preview:-1\" \/>\n<link rel=\"canonical\" href=\"http:\/\/test.valvex.com\/de\/produkt\/delta-k%c3%bcchen-standmischbatterie-mit-seitlichem-hebel-48933\/\" \/>\n<meta property=\"og:locale\" content=\"de_DE\" \/>\n<meta property=\"og:type\" content=\"article\" \/>\n<meta property=\"og:title\" content=\"K\u00fcchen-Standmischbatterie mit seitlichem Hebel - Valvex\" \/>\n<meta property=\"og:description\" content=\"Die dezente Form der Batterie erinnert an einen Schwan, der zwischen den Wellen driftet. Pass perfekt zu R\u00e4ume, in denen Leichtigkeit und Reinheit die Hauptrolle spielen. \u00a0Die Leichtigkeit der Form vereint mit der Leichtigkeit der Nutzung- das pr\u00e4zise Keramik-R\u00fchrwerk garantiert flie\u00dfende Wasserregulation und der drehbare Ausguss macht t\u00e4gliche K\u00fcchenarbeit einfach. Aerating stream regulator Mixer \/ [&hellip;]\" \/>\n<meta property=\"og:url\" content=\"http:\/\/test.valvex.com\/de\/produkt\/delta-k%c3%bcchen-standmischbatterie-mit-seitlichem-hebel-48933\/\" \/>\n<meta property=\"og:site_name\" content=\"Valvex\" \/>\n<meta property=\"article:modified_time\" content=\"2024-05-16T13:15:00+00:00\" \/>\n<meta property=\"og:image\" content=\"http:\/\/test.valvex.com\/wp-content\/uploads\/2022\/03\/2450070.jpg\" \/>\n\t<meta property=\"og:image:width\" content=\"650\" \/>\n\t<meta property=\"og:image:height\" content=\"415\" \/>\n\t<meta property=\"og:image:type\" content=\"image\/jpeg\" \/>\n<meta name=\"twitter:card\" content=\"summary_large_image\" \/>\n<meta name=\"twitter:label1\" content=\"Gesch\u00e4tzte Lesezeit\" \/>\n\t<meta name=\"twitter:data1\" content=\"2\u00a0Minuten\" \/>\n<script type=\"application\/ld+json\" class=\"yoast-schema-graph\">{\"@context\":\"https:\/\/schema.org\",\"@graph\":[{\"@type\":\"WebPage\",\"@id\":\"http:\/\/test.valvex.com\/de\/produkt\/delta-k%c3%bcchen-standmischbatterie-mit-seitlichem-hebel-48933\/\",\"url\":\"http:\/\/test.valvex.com\/de\/produkt\/delta-k%c3%bcchen-standmischbatterie-mit-seitlichem-hebel-48933\/\",\"name\":\"K\u00fcchen-Standmischbatterie mit seitlichem Hebel - Valvex\",\"isPartOf\":{\"@id\":\"http:\/\/test.valvex.com\/de\/#website\"},\"primaryImageOfPage\":{\"@id\":\"http:\/\/test.valvex.com\/de\/produkt\/delta-k%c3%bcchen-standmischbatterie-mit-seitlichem-hebel-48933\/#primaryimage\"},\"image\":{\"@id\":\"http:\/\/test.valvex.com\/de\/produkt\/delta-k%c3%bcchen-standmischbatterie-mit-seitlichem-hebel-48933\/#primaryimage\"},\"thumbnailUrl\":\"http:\/\/test.valvex.com\/wp-content\/uploads\/2022\/03\/2450070.jpg\",\"datePublished\":\"2021-02-17T16:16:25+00:00\",\"dateModified\":\"2024-05-16T13:15:00+00:00\",\"breadcrumb\":{\"@id\":\"http:\/\/test.valvex.com\/de\/produkt\/delta-k%c3%bcchen-standmischbatterie-mit-seitlichem-hebel-48933\/#breadcrumb\"},\"inLanguage\":\"de\",\"potentialAction\":[{\"@type\":\"ReadAction\",\"target\":[\"http:\/\/test.valvex.com\/de\/produkt\/delta-k%c3%bcchen-standmischbatterie-mit-seitlichem-hebel-48933\/\"]}]},{\"@type\":\"ImageObject\",\"inLanguage\":\"de\",\"@id\":\"http:\/\/test.valvex.com\/de\/produkt\/delta-k%c3%bcchen-standmischbatterie-mit-seitlichem-hebel-48933\/#primaryimage\",\"url\":\"http:\/\/test.valvex.com\/wp-content\/uploads\/2022\/03\/2450070.jpg\",\"contentUrl\":\"http:\/\/test.valvex.com\/wp-content\/uploads\/2022\/03\/2450070.jpg\",\"width\":650,\"height\":415},{\"@type\":\"BreadcrumbList\",\"@id\":\"http:\/\/test.valvex.com\/de\/produkt\/delta-k%c3%bcchen-standmischbatterie-mit-seitlichem-hebel-48933\/#breadcrumb\",\"itemListElement\":[{\"@type\":\"ListItem\",\"position\":1,\"name\":\"Strona g\u0142\u00f3wna\",\"item\":\"http:\/\/test.valvex.com\/de\/\"},{\"@type\":\"ListItem\",\"position\":2,\"name\":\"K\u00fcche\",\"item\":\"http:\/\/test.valvex.com\/de\/oferta\/kueche\/\"},{\"@type\":\"ListItem\",\"position\":3,\"name\":\"K\u00fcchen-Standmischbatterie mit seitlichem Hebel\"}]},{\"@type\":\"WebSite\",\"@id\":\"http:\/\/test.valvex.com\/de\/#website\",\"url\":\"http:\/\/test.valvex.com\/de\/\",\"name\":\"Valvex\",\"description\":\"Hersteller von Sanit\u00e4ranlagen und Armaturen\\n\\n\",\"potentialAction\":[{\"@type\":\"SearchAction\",\"target\":{\"@type\":\"EntryPoint\",\"urlTemplate\":\"http:\/\/test.valvex.com\/de\/?s={search_term_string}\"},\"query-input\":\"required name=search_term_string\"}],\"inLanguage\":\"de\"}]}<\/script>\n<!-- \/ Yoast SEO plugin. -->","yoast_head_json":{"title":"K\u00fcchen-Standmischbatterie mit seitlichem Hebel - Valvex","robots":{"index":"index","follow":"follow","max-snippet":"max-snippet:-1","max-image-preview":"max-image-preview:large","max-video-preview":"max-video-preview:-1"},"canonical":"http:\/\/test.valvex.com\/de\/produkt\/delta-k%c3%bcchen-standmischbatterie-mit-seitlichem-hebel-48933\/","og_locale":"de_DE","og_type":"article","og_title":"K\u00fcchen-Standmischbatterie mit seitlichem Hebel - Valvex","og_description":"Die dezente Form der Batterie erinnert an einen Schwan, der zwischen den Wellen driftet. Pass perfekt zu R\u00e4ume, in denen Leichtigkeit und Reinheit die Hauptrolle spielen. \u00a0Die Leichtigkeit der Form vereint mit der Leichtigkeit der Nutzung- das pr\u00e4zise Keramik-R\u00fchrwerk garantiert flie\u00dfende Wasserregulation und der drehbare Ausguss macht t\u00e4gliche K\u00fcchenarbeit einfach. Aerating stream regulator Mixer \/ [&hellip;]","og_url":"http:\/\/test.valvex.com\/de\/produkt\/delta-k%c3%bcchen-standmischbatterie-mit-seitlichem-hebel-48933\/","og_site_name":"Valvex","article_modified_time":"2024-05-16T13:15:00+00:00","og_image":[{"width":650,"height":415,"url":"http:\/\/test.valvex.com\/wp-content\/uploads\/2022\/03\/2450070.jpg","type":"image\/jpeg"}],"twitter_card":"summary_large_image","twitter_misc":{"Gesch\u00e4tzte Lesezeit":"2\u00a0Minuten"},"schema":{"@context":"https:\/\/schema.org","@graph":[{"@type":"WebPage","@id":"http:\/\/test.valvex.com\/de\/produkt\/delta-k%c3%bcchen-standmischbatterie-mit-seitlichem-hebel-48933\/","url":"http:\/\/test.valvex.com\/de\/produkt\/delta-k%c3%bcchen-standmischbatterie-mit-seitlichem-hebel-48933\/","name":"K\u00fcchen-Standmischbatterie mit seitlichem Hebel - Valvex","isPartOf":{"@id":"http:\/\/test.valvex.com\/de\/#website"},"primaryImageOfPage":{"@id":"http:\/\/test.valvex.com\/de\/produkt\/delta-k%c3%bcchen-standmischbatterie-mit-seitlichem-hebel-48933\/#primaryimage"},"image":{"@id":"http:\/\/test.valvex.com\/de\/produkt\/delta-k%c3%bcchen-standmischbatterie-mit-seitlichem-hebel-48933\/#primaryimage"},"thumbnailUrl":"http:\/\/test.valvex.com\/wp-content\/uploads\/2022\/03\/2450070.jpg","datePublished":"2021-02-17T16:16:25+00:00","dateModified":"2024-05-16T13:15:00+00:00","breadcrumb":{"@id":"http:\/\/test.valvex.com\/de\/produkt\/delta-k%c3%bcchen-standmischbatterie-mit-seitlichem-hebel-48933\/#breadcrumb"},"inLanguage":"de","potentialAction":[{"@type":"ReadAction","target":["http:\/\/test.valvex.com\/de\/produkt\/delta-k%c3%bcchen-standmischbatterie-mit-seitlichem-hebel-48933\/"]}]},{"@type":"ImageObject","inLanguage":"de","@id":"http:\/\/test.valvex.com\/de\/produkt\/delta-k%c3%bcchen-standmischbatterie-mit-seitlichem-hebel-48933\/#primaryimage","url":"http:\/\/test.valvex.com\/wp-content\/uploads\/2022\/03\/2450070.jpg","contentUrl":"http:\/\/test.valvex.com\/wp-content\/uploads\/2022\/03\/2450070.jpg","width":650,"height":415},{"@type":"BreadcrumbList","@id":"http:\/\/test.valvex.com\/de\/produkt\/delta-k%c3%bcchen-standmischbatterie-mit-seitlichem-hebel-48933\/#breadcrumb","itemListElement":[{"@type":"ListItem","position":1,"name":"Strona g\u0142\u00f3wna","item":"http:\/\/test.valvex.com\/de\/"},{"@type":"ListItem","position":2,"name":"K\u00fcche","item":"http:\/\/test.valvex.com\/de\/oferta\/kueche\/"},{"@type":"ListItem","position":3,"name":"K\u00fcchen-Standmischbatterie mit seitlichem Hebel"}]},{"@type":"WebSite","@id":"http:\/\/test.valvex.com\/de\/#website","url":"http:\/\/test.valvex.com\/de\/","name":"Valvex","description":"Hersteller von Sanit\u00e4ranlagen und Armaturen\n\n","potentialAction":[{"@type":"SearchAction","target":{"@type":"EntryPoint","urlTemplate":"http:\/\/test.valvex.com\/de\/?s={search_term_string}"},"query-input":"required name=search_term_string"}],"inLanguage":"de"}]}},"_links":{"self":[{"href":"http:\/\/test.valvex.com\/de\/wp-json\/wp\/v2\/product\/48933","targetHints":{"allow":["GET"]}}],"collection":[{"href":"http:\/\/test.valvex.com\/de\/wp-json\/wp\/v2\/product"}],"about":[{"href":"http:\/\/test.valvex.com\/de\/wp-json\/wp\/v2\/types\/product"}],"wp:featuredmedia":[{"embeddable":true,"href":"http:\/\/test.valvex.com\/de\/wp-json\/wp\/v2\/media\/74359"}],"wp:attachment":[{"href":"http:\/\/test.valvex.com\/de\/wp-json\/wp\/v2\/media?parent=48933"}],"wp:term":[{"taxonomy":"ikony_produktow","embeddable":true,"href":"http:\/\/test.valvex.com\/de\/wp-json\/wp\/v2\/ikony_produktow?post=48933"},{"taxonomy":"product_category","embeddable":true,"href":"http:\/\/test.valvex.com\/de\/wp-json\/wp\/v2\/product_category?post=48933"},{"taxonomy":"product_series","embeddable":true,"href":"http:\/\/test.valvex.com\/de\/wp-json\/wp\/v2\/product_series?post=48933"},{"taxonomy":"color","embeddable":true,"href":"http:\/\/test.valvex.com\/de\/wp-json\/wp\/v2\/color?post=48933"}],"curies":[{"name":"wp","href":"https:\/\/api.w.org\/{rel}","templated":true}]}}