{"id":48919,"date":"2021-02-17T17:16:13","date_gmt":"2021-02-17T16:16:13","guid":{"rendered":"http:\/\/test.valvex.com\/product\/angelo-kuechen-standmischbatterie-mit-ausziehbarer-brause\/"},"modified":"2024-05-16T15:17:22","modified_gmt":"2024-05-16T13:17:22","slug":"angelo-k%c3%bcchen-standmischbatterie-mit-ausziehbarer-brause-48919","status":"publish","type":"product","link":"http:\/\/test.valvex.com\/de\/produkt\/angelo-k%c3%bcchen-standmischbatterie-mit-ausziehbarer-brause-48919\/","title":{"rendered":"K\u00fcchen-Standmischbatterie mit ausziehbarer Brause"},"content":{"rendered":"<h3>Sehr ausgewogen, passt sie ideal in traditionelle, ruhige R\u00e4ume.<\/h3>\n<p style=\"text-align: justify\">Die Angelo K\u00fcchen-Batterie hat klassische Eleganz und einen Hauch von Phantasie durch die runde, lichtbrechende Vertiefung im Hebel. Der ausziehbare Ausguss sorgt f\u00fcr die Bewegungsfreiheit und macht t\u00e4gliches Geschirrsp\u00fclen oder Gem\u00fcsewaschen einfach und angenehm.<\/p>\n<table style=\"border-color: #ffffff;background-color: #ffffff\">\n<tbody>\n<tr style=\"width: 70px\">\n<td style=\"border-color: #ffffff\"><img decoding=\"async\" src=\"http:\/\/test.valvex.com\/content\/themes\/valvex\/assets\/img\/product-icons\/o2.png\" class=\" aligncenter\" \/><\/td>\n<td style=\"border-color: #ffffff\"><strong>Aerating stream regulator<\/strong><\/td>\n<\/tr>\n<tr>\n<td style=\"width: 70px;border-color: #ffffff\"><img decoding=\"async\" src=\"http:\/\/test.valvex.com\/content\/themes\/valvex\/assets\/img\/product-icons\/hcceramic.png\" class=\" aligncenter\" \/><\/td>\n<td style=\"border-color: #ffffff\"><strong>Mixer \/ ceramic head<\/strong><\/td>\n<\/tr>\n<tr style=\"width: 70px\">\n<td style=\"border-color: #ffffff\"><img decoding=\"async\" src=\"http:\/\/test.valvex.com\/content\/themes\/valvex\/assets\/img\/product-icons\/obrot.png\" class=\" aligncenter\" \/><\/td>\n<td style=\"border-color: #ffffff\"><strong>Rotational spout<\/strong><\/td>\n<\/tr>\n<tr style=\"width: 70px\">\n<td style=\"border-color: #ffffff\"><img decoding=\"async\" src=\"http:\/\/test.valvex.com\/content\/themes\/valvex\/assets\/img\/product-icons\/comfortzone.png\" class=\" aligncenter\" \/><\/td>\n<td style=\"border-color: #ffffff\"><strong>Comfort<\/strong><\/td>\n<\/tr>\n<tr style=\"width: 70px\">\n<td style=\"border-color: #ffffff\"><img decoding=\"async\" src=\"http:\/\/test.valvex.com\/content\/themes\/valvex\/assets\/img\/product-icons\/wyciaganawylewka.png\" class=\" aligncenter\" \/><\/td>\n<td style=\"border-color: #ffffff\"><strong>Expandable spout<\/strong><\/td>\n<\/tr>\n<\/tbody>\n<\/table>\n","protected":false},"featured_media":75646,"template":"","ikony_produktow":[2111,2112,2114,2113,1691,2162,1690,2116],"product_category":[1957,1771,1806,2014,473],"product_series":[534],"color":[1760],"class_list":["post-48919","product","type-product","status-publish","has-post-thumbnail","hentry","ikony_produktow-25jahregarantie","ikony_produktow-48-stunden-serviceinpolen","ikony_produktow-comfortzone-de","ikony_produktow-keramikkartuschede","ikony_produktow-obrot","ikony_produktow-obrot-de","ikony_produktow-o2","ikony_produktow-o2-de","product_category-baterie-kuchenne-3","product_category-kueche","product_category-kuechenmixer","product_category-kuechenmixer-de","product_category-kuchebatterie-bathroom-and-kitchen-area","product_series-angelo-de","color-chrome"],"acf":[],"yoast_head":"<!-- This site is optimized with the Yoast SEO plugin v22.2 - https:\/\/yoast.com\/wordpress\/plugins\/seo\/ -->\n<title>K\u00fcchen-Standmischbatterie mit ausziehbarer Brause - Valvex<\/title>\n<meta name=\"robots\" content=\"index, follow, max-snippet:-1, max-image-preview:large, max-video-preview:-1\" \/>\n<link rel=\"canonical\" href=\"http:\/\/test.valvex.com\/de\/produkt\/angelo-k%c3%bcchen-standmischbatterie-mit-ausziehbarer-brause-48919\/\" \/>\n<meta property=\"og:locale\" content=\"de_DE\" \/>\n<meta property=\"og:type\" content=\"article\" \/>\n<meta property=\"og:title\" content=\"K\u00fcchen-Standmischbatterie mit ausziehbarer Brause - Valvex\" \/>\n<meta property=\"og:description\" content=\"Sehr ausgewogen, passt sie ideal in traditionelle, ruhige R\u00e4ume. Die Angelo K\u00fcchen-Batterie hat klassische Eleganz und einen Hauch von Phantasie durch die runde, lichtbrechende Vertiefung im Hebel. Der ausziehbare Ausguss sorgt f\u00fcr die Bewegungsfreiheit und macht t\u00e4gliches Geschirrsp\u00fclen oder Gem\u00fcsewaschen einfach und angenehm. Aerating stream regulator Mixer \/ ceramic head Rotational spout Comfort Expandable spout\" \/>\n<meta property=\"og:url\" content=\"http:\/\/test.valvex.com\/de\/produkt\/angelo-k%c3%bcchen-standmischbatterie-mit-ausziehbarer-brause-48919\/\" \/>\n<meta property=\"og:site_name\" content=\"Valvex\" \/>\n<meta property=\"article:modified_time\" content=\"2024-05-16T13:17:22+00:00\" \/>\n<meta property=\"og:image\" content=\"http:\/\/test.valvex.com\/wp-content\/uploads\/2022\/03\/2453040.jpg\" \/>\n\t<meta property=\"og:image:width\" content=\"650\" \/>\n\t<meta property=\"og:image:height\" content=\"415\" \/>\n\t<meta property=\"og:image:type\" content=\"image\/jpeg\" \/>\n<meta name=\"twitter:card\" content=\"summary_large_image\" \/>\n<meta name=\"twitter:label1\" content=\"Gesch\u00e4tzte Lesezeit\" \/>\n\t<meta name=\"twitter:data1\" content=\"2\u00a0Minuten\" \/>\n<script type=\"application\/ld+json\" class=\"yoast-schema-graph\">{\"@context\":\"https:\/\/schema.org\",\"@graph\":[{\"@type\":\"WebPage\",\"@id\":\"http:\/\/test.valvex.com\/de\/produkt\/angelo-k%c3%bcchen-standmischbatterie-mit-ausziehbarer-brause-48919\/\",\"url\":\"http:\/\/test.valvex.com\/de\/produkt\/angelo-k%c3%bcchen-standmischbatterie-mit-ausziehbarer-brause-48919\/\",\"name\":\"K\u00fcchen-Standmischbatterie mit ausziehbarer Brause - Valvex\",\"isPartOf\":{\"@id\":\"http:\/\/test.valvex.com\/de\/#website\"},\"primaryImageOfPage\":{\"@id\":\"http:\/\/test.valvex.com\/de\/produkt\/angelo-k%c3%bcchen-standmischbatterie-mit-ausziehbarer-brause-48919\/#primaryimage\"},\"image\":{\"@id\":\"http:\/\/test.valvex.com\/de\/produkt\/angelo-k%c3%bcchen-standmischbatterie-mit-ausziehbarer-brause-48919\/#primaryimage\"},\"thumbnailUrl\":\"http:\/\/test.valvex.com\/wp-content\/uploads\/2021\/02\/VALVEX_ANGELO_2453040.png\",\"datePublished\":\"2021-02-17T16:16:13+00:00\",\"dateModified\":\"2024-05-16T13:17:22+00:00\",\"breadcrumb\":{\"@id\":\"http:\/\/test.valvex.com\/de\/produkt\/angelo-k%c3%bcchen-standmischbatterie-mit-ausziehbarer-brause-48919\/#breadcrumb\"},\"inLanguage\":\"de\",\"potentialAction\":[{\"@type\":\"ReadAction\",\"target\":[\"http:\/\/test.valvex.com\/de\/produkt\/angelo-k%c3%bcchen-standmischbatterie-mit-ausziehbarer-brause-48919\/\"]}]},{\"@type\":\"ImageObject\",\"inLanguage\":\"de\",\"@id\":\"http:\/\/test.valvex.com\/de\/produkt\/angelo-k%c3%bcchen-standmischbatterie-mit-ausziehbarer-brause-48919\/#primaryimage\",\"url\":\"http:\/\/test.valvex.com\/wp-content\/uploads\/2021\/02\/VALVEX_ANGELO_2453040.png\",\"contentUrl\":\"http:\/\/test.valvex.com\/wp-content\/uploads\/2021\/02\/VALVEX_ANGELO_2453040.png\",\"width\":800,\"height\":800},{\"@type\":\"BreadcrumbList\",\"@id\":\"http:\/\/test.valvex.com\/de\/produkt\/angelo-k%c3%bcchen-standmischbatterie-mit-ausziehbarer-brause-48919\/#breadcrumb\",\"itemListElement\":[{\"@type\":\"ListItem\",\"position\":1,\"name\":\"Strona g\u0142\u00f3wna\",\"item\":\"http:\/\/test.valvex.com\/de\/\"},{\"@type\":\"ListItem\",\"position\":2,\"name\":\"K\u00fcche\",\"item\":\"http:\/\/test.valvex.com\/de\/oferta\/kueche\/\"},{\"@type\":\"ListItem\",\"position\":3,\"name\":\"K\u00fcchen-Standmischbatterie mit ausziehbarer Brause\"}]},{\"@type\":\"WebSite\",\"@id\":\"http:\/\/test.valvex.com\/de\/#website\",\"url\":\"http:\/\/test.valvex.com\/de\/\",\"name\":\"Valvex\",\"description\":\"Hersteller von Sanit\u00e4ranlagen und Armaturen\\n\\n\",\"potentialAction\":[{\"@type\":\"SearchAction\",\"target\":{\"@type\":\"EntryPoint\",\"urlTemplate\":\"http:\/\/test.valvex.com\/de\/?s={search_term_string}\"},\"query-input\":\"required name=search_term_string\"}],\"inLanguage\":\"de\"}]}<\/script>\n<!-- \/ Yoast SEO plugin. -->","yoast_head_json":{"title":"K\u00fcchen-Standmischbatterie mit ausziehbarer Brause - Valvex","robots":{"index":"index","follow":"follow","max-snippet":"max-snippet:-1","max-image-preview":"max-image-preview:large","max-video-preview":"max-video-preview:-1"},"canonical":"http:\/\/test.valvex.com\/de\/produkt\/angelo-k%c3%bcchen-standmischbatterie-mit-ausziehbarer-brause-48919\/","og_locale":"de_DE","og_type":"article","og_title":"K\u00fcchen-Standmischbatterie mit ausziehbarer Brause - Valvex","og_description":"Sehr ausgewogen, passt sie ideal in traditionelle, ruhige R\u00e4ume. Die Angelo K\u00fcchen-Batterie hat klassische Eleganz und einen Hauch von Phantasie durch die runde, lichtbrechende Vertiefung im Hebel. Der ausziehbare Ausguss sorgt f\u00fcr die Bewegungsfreiheit und macht t\u00e4gliches Geschirrsp\u00fclen oder Gem\u00fcsewaschen einfach und angenehm. Aerating stream regulator Mixer \/ ceramic head Rotational spout Comfort Expandable spout","og_url":"http:\/\/test.valvex.com\/de\/produkt\/angelo-k%c3%bcchen-standmischbatterie-mit-ausziehbarer-brause-48919\/","og_site_name":"Valvex","article_modified_time":"2024-05-16T13:17:22+00:00","og_image":[{"width":650,"height":415,"url":"http:\/\/test.valvex.com\/wp-content\/uploads\/2022\/03\/2453040.jpg","type":"image\/jpeg"}],"twitter_card":"summary_large_image","twitter_misc":{"Gesch\u00e4tzte Lesezeit":"2\u00a0Minuten"},"schema":{"@context":"https:\/\/schema.org","@graph":[{"@type":"WebPage","@id":"http:\/\/test.valvex.com\/de\/produkt\/angelo-k%c3%bcchen-standmischbatterie-mit-ausziehbarer-brause-48919\/","url":"http:\/\/test.valvex.com\/de\/produkt\/angelo-k%c3%bcchen-standmischbatterie-mit-ausziehbarer-brause-48919\/","name":"K\u00fcchen-Standmischbatterie mit ausziehbarer Brause - Valvex","isPartOf":{"@id":"http:\/\/test.valvex.com\/de\/#website"},"primaryImageOfPage":{"@id":"http:\/\/test.valvex.com\/de\/produkt\/angelo-k%c3%bcchen-standmischbatterie-mit-ausziehbarer-brause-48919\/#primaryimage"},"image":{"@id":"http:\/\/test.valvex.com\/de\/produkt\/angelo-k%c3%bcchen-standmischbatterie-mit-ausziehbarer-brause-48919\/#primaryimage"},"thumbnailUrl":"http:\/\/test.valvex.com\/wp-content\/uploads\/2021\/02\/VALVEX_ANGELO_2453040.png","datePublished":"2021-02-17T16:16:13+00:00","dateModified":"2024-05-16T13:17:22+00:00","breadcrumb":{"@id":"http:\/\/test.valvex.com\/de\/produkt\/angelo-k%c3%bcchen-standmischbatterie-mit-ausziehbarer-brause-48919\/#breadcrumb"},"inLanguage":"de","potentialAction":[{"@type":"ReadAction","target":["http:\/\/test.valvex.com\/de\/produkt\/angelo-k%c3%bcchen-standmischbatterie-mit-ausziehbarer-brause-48919\/"]}]},{"@type":"ImageObject","inLanguage":"de","@id":"http:\/\/test.valvex.com\/de\/produkt\/angelo-k%c3%bcchen-standmischbatterie-mit-ausziehbarer-brause-48919\/#primaryimage","url":"http:\/\/test.valvex.com\/wp-content\/uploads\/2021\/02\/VALVEX_ANGELO_2453040.png","contentUrl":"http:\/\/test.valvex.com\/wp-content\/uploads\/2021\/02\/VALVEX_ANGELO_2453040.png","width":800,"height":800},{"@type":"BreadcrumbList","@id":"http:\/\/test.valvex.com\/de\/produkt\/angelo-k%c3%bcchen-standmischbatterie-mit-ausziehbarer-brause-48919\/#breadcrumb","itemListElement":[{"@type":"ListItem","position":1,"name":"Strona g\u0142\u00f3wna","item":"http:\/\/test.valvex.com\/de\/"},{"@type":"ListItem","position":2,"name":"K\u00fcche","item":"http:\/\/test.valvex.com\/de\/oferta\/kueche\/"},{"@type":"ListItem","position":3,"name":"K\u00fcchen-Standmischbatterie mit ausziehbarer Brause"}]},{"@type":"WebSite","@id":"http:\/\/test.valvex.com\/de\/#website","url":"http:\/\/test.valvex.com\/de\/","name":"Valvex","description":"Hersteller von Sanit\u00e4ranlagen und Armaturen\n\n","potentialAction":[{"@type":"SearchAction","target":{"@type":"EntryPoint","urlTemplate":"http:\/\/test.valvex.com\/de\/?s={search_term_string}"},"query-input":"required name=search_term_string"}],"inLanguage":"de"}]}},"_links":{"self":[{"href":"http:\/\/test.valvex.com\/de\/wp-json\/wp\/v2\/product\/48919","targetHints":{"allow":["GET"]}}],"collection":[{"href":"http:\/\/test.valvex.com\/de\/wp-json\/wp\/v2\/product"}],"about":[{"href":"http:\/\/test.valvex.com\/de\/wp-json\/wp\/v2\/types\/product"}],"wp:featuredmedia":[{"embeddable":true,"href":"http:\/\/test.valvex.com\/de\/wp-json\/wp\/v2\/media\/75646"}],"wp:attachment":[{"href":"http:\/\/test.valvex.com\/de\/wp-json\/wp\/v2\/media?parent=48919"}],"wp:term":[{"taxonomy":"ikony_produktow","embeddable":true,"href":"http:\/\/test.valvex.com\/de\/wp-json\/wp\/v2\/ikony_produktow?post=48919"},{"taxonomy":"product_category","embeddable":true,"href":"http:\/\/test.valvex.com\/de\/wp-json\/wp\/v2\/product_category?post=48919"},{"taxonomy":"product_series","embeddable":true,"href":"http:\/\/test.valvex.com\/de\/wp-json\/wp\/v2\/product_series?post=48919"},{"taxonomy":"color","embeddable":true,"href":"http:\/\/test.valvex.com\/de\/wp-json\/wp\/v2\/color?post=48919"}],"curies":[{"name":"wp","href":"https:\/\/api.w.org\/{rel}","templated":true}]}}