{"id":48898,"date":"2021-02-17T17:15:54","date_gmt":"2021-02-17T16:15:54","guid":{"rendered":"http:\/\/test.valvex.com\/product\/angelo-duscharmatur-unterputz\/"},"modified":"2024-07-08T15:40:05","modified_gmt":"2024-07-08T13:40:05","slug":"angelo-duscharmatur-unterputz-48898","status":"publish","type":"product","link":"http:\/\/test.valvex.com\/de\/produkt\/angelo-duscharmatur-unterputz-48898\/","title":{"rendered":"Duscharmatur &#8211; Unterputz"},"content":{"rendered":"<h3>Diskrete und ausgewogene Eleganz &#8211; das sind die Haupteigenschaften der Angelo Batterie.<\/h3>\n<p style=\"text-align: justify;\">Sie passt ideal zu R\u00e4umen, in denen Du Dir einen Moment der Ruhe g\u00f6nnen m\u00f6chtest um Dich vom Alltag zu erholen. Die Perfektion der Form in Verbindung mit dem Keramik-R\u00fchrwerk sorgt f\u00fcr flie\u00dfende und pr\u00e4zise Durchflussregulation- nichts ist im Stande die entspannenden Momente eines Regentropfenbades zu st\u00f6ren.<\/p>\n<table style=\"border-color: #ffffff; background-color: #ffffff;\">\n<tbody>\n<tr>\n<td style=\"width: 70px; border-color: #ffffff;\"><img decoding=\"async\" class=\" aligncenter\" src=\"http:\/\/test.valvex.com\/content\/themes\/valvex\/assets\/img\/product-icons\/hcceramic.png\" \/><\/td>\n<td style=\"border-color: #ffffff;\"><strong>Mixer \/ ceramic head<\/strong><\/td>\n<\/tr>\n<\/tbody>\n<\/table>\n","protected":false},"featured_media":75302,"template":"","ikony_produktow":[2111,2112,2113],"product_category":[2267,1811,1896],"product_series":[534],"color":[1760],"class_list":["post-48898","product","type-product","status-publish","has-post-thumbnail","hentry","ikony_produktow-25jahregarantie","ikony_produktow-48-stunden-serviceinpolen","ikony_produktow-keramikkartuschede","product_category-unterputarmaturen-dusche","product_category-badezimmer","product_category-dusche","product_series-angelo-de","color-chrome"],"acf":[],"yoast_head":"<!-- This site is optimized with the Yoast SEO plugin v22.2 - https:\/\/yoast.com\/wordpress\/plugins\/seo\/ -->\n<title>Duscharmatur - Unterputz - Valvex<\/title>\n<meta name=\"robots\" content=\"index, follow, max-snippet:-1, max-image-preview:large, max-video-preview:-1\" \/>\n<link rel=\"canonical\" href=\"http:\/\/test.valvex.com\/de\/produkt\/angelo-duscharmatur-unterputz-48898\/\" \/>\n<meta property=\"og:locale\" content=\"de_DE\" \/>\n<meta property=\"og:type\" content=\"article\" \/>\n<meta property=\"og:title\" content=\"Duscharmatur - Unterputz - Valvex\" \/>\n<meta property=\"og:description\" content=\"Diskrete und ausgewogene Eleganz &#8211; das sind die Haupteigenschaften der Angelo Batterie. Sie passt ideal zu R\u00e4umen, in denen Du Dir einen Moment der Ruhe g\u00f6nnen m\u00f6chtest um Dich vom Alltag zu erholen. Die Perfektion der Form in Verbindung mit dem Keramik-R\u00fchrwerk sorgt f\u00fcr flie\u00dfende und pr\u00e4zise Durchflussregulation- nichts ist im Stande die entspannenden Momente [&hellip;]\" \/>\n<meta property=\"og:url\" content=\"http:\/\/test.valvex.com\/de\/produkt\/angelo-duscharmatur-unterputz-48898\/\" \/>\n<meta property=\"og:site_name\" content=\"Valvex\" \/>\n<meta property=\"article:modified_time\" content=\"2024-07-08T13:40:05+00:00\" \/>\n<meta property=\"og:image\" content=\"http:\/\/test.valvex.com\/wp-content\/uploads\/2021\/02\/VALVEX_ANGELO_2453270.png\" \/>\n\t<meta property=\"og:image:width\" content=\"800\" \/>\n\t<meta property=\"og:image:height\" content=\"800\" \/>\n\t<meta property=\"og:image:type\" content=\"image\/png\" \/>\n<meta name=\"twitter:card\" content=\"summary_large_image\" \/>\n<meta name=\"twitter:label1\" content=\"Gesch\u00e4tzte Lesezeit\" \/>\n\t<meta name=\"twitter:data1\" content=\"1\u00a0Minute\" \/>\n<script type=\"application\/ld+json\" class=\"yoast-schema-graph\">{\"@context\":\"https:\/\/schema.org\",\"@graph\":[{\"@type\":\"WebPage\",\"@id\":\"http:\/\/test.valvex.com\/de\/produkt\/angelo-duscharmatur-unterputz-48898\/\",\"url\":\"http:\/\/test.valvex.com\/de\/produkt\/angelo-duscharmatur-unterputz-48898\/\",\"name\":\"Duscharmatur - Unterputz - Valvex\",\"isPartOf\":{\"@id\":\"http:\/\/test.valvex.com\/de\/#website\"},\"primaryImageOfPage\":{\"@id\":\"http:\/\/test.valvex.com\/de\/produkt\/angelo-duscharmatur-unterputz-48898\/#primaryimage\"},\"image\":{\"@id\":\"http:\/\/test.valvex.com\/de\/produkt\/angelo-duscharmatur-unterputz-48898\/#primaryimage\"},\"thumbnailUrl\":\"http:\/\/test.valvex.com\/wp-content\/uploads\/2021\/02\/VALVEX_ANGELO_2453270.png\",\"datePublished\":\"2021-02-17T16:15:54+00:00\",\"dateModified\":\"2024-07-08T13:40:05+00:00\",\"breadcrumb\":{\"@id\":\"http:\/\/test.valvex.com\/de\/produkt\/angelo-duscharmatur-unterputz-48898\/#breadcrumb\"},\"inLanguage\":\"de\",\"potentialAction\":[{\"@type\":\"ReadAction\",\"target\":[\"http:\/\/test.valvex.com\/de\/produkt\/angelo-duscharmatur-unterputz-48898\/\"]}]},{\"@type\":\"ImageObject\",\"inLanguage\":\"de\",\"@id\":\"http:\/\/test.valvex.com\/de\/produkt\/angelo-duscharmatur-unterputz-48898\/#primaryimage\",\"url\":\"http:\/\/test.valvex.com\/wp-content\/uploads\/2021\/02\/VALVEX_ANGELO_2453270.png\",\"contentUrl\":\"http:\/\/test.valvex.com\/wp-content\/uploads\/2021\/02\/VALVEX_ANGELO_2453270.png\",\"width\":800,\"height\":800},{\"@type\":\"BreadcrumbList\",\"@id\":\"http:\/\/test.valvex.com\/de\/produkt\/angelo-duscharmatur-unterputz-48898\/#breadcrumb\",\"itemListElement\":[{\"@type\":\"ListItem\",\"position\":1,\"name\":\"Strona g\u0142\u00f3wna\",\"item\":\"http:\/\/test.valvex.com\/de\/\"},{\"@type\":\"ListItem\",\"position\":2,\"name\":\"Badezimmer\",\"item\":\"http:\/\/test.valvex.com\/de\/oferta\/badezimmer\/\"},{\"@type\":\"ListItem\",\"position\":3,\"name\":\"Duscharmatur &#8211; Unterputz\"}]},{\"@type\":\"WebSite\",\"@id\":\"http:\/\/test.valvex.com\/de\/#website\",\"url\":\"http:\/\/test.valvex.com\/de\/\",\"name\":\"Valvex\",\"description\":\"Hersteller von Sanit\u00e4ranlagen und Armaturen\\n\\n\",\"potentialAction\":[{\"@type\":\"SearchAction\",\"target\":{\"@type\":\"EntryPoint\",\"urlTemplate\":\"http:\/\/test.valvex.com\/de\/?s={search_term_string}\"},\"query-input\":\"required name=search_term_string\"}],\"inLanguage\":\"de\"}]}<\/script>\n<!-- \/ Yoast SEO plugin. -->","yoast_head_json":{"title":"Duscharmatur - Unterputz - Valvex","robots":{"index":"index","follow":"follow","max-snippet":"max-snippet:-1","max-image-preview":"max-image-preview:large","max-video-preview":"max-video-preview:-1"},"canonical":"http:\/\/test.valvex.com\/de\/produkt\/angelo-duscharmatur-unterputz-48898\/","og_locale":"de_DE","og_type":"article","og_title":"Duscharmatur - Unterputz - Valvex","og_description":"Diskrete und ausgewogene Eleganz &#8211; das sind die Haupteigenschaften der Angelo Batterie. Sie passt ideal zu R\u00e4umen, in denen Du Dir einen Moment der Ruhe g\u00f6nnen m\u00f6chtest um Dich vom Alltag zu erholen. Die Perfektion der Form in Verbindung mit dem Keramik-R\u00fchrwerk sorgt f\u00fcr flie\u00dfende und pr\u00e4zise Durchflussregulation- nichts ist im Stande die entspannenden Momente [&hellip;]","og_url":"http:\/\/test.valvex.com\/de\/produkt\/angelo-duscharmatur-unterputz-48898\/","og_site_name":"Valvex","article_modified_time":"2024-07-08T13:40:05+00:00","og_image":[{"width":800,"height":800,"url":"http:\/\/test.valvex.com\/wp-content\/uploads\/2021\/02\/VALVEX_ANGELO_2453270.png","type":"image\/png"}],"twitter_card":"summary_large_image","twitter_misc":{"Gesch\u00e4tzte Lesezeit":"1\u00a0Minute"},"schema":{"@context":"https:\/\/schema.org","@graph":[{"@type":"WebPage","@id":"http:\/\/test.valvex.com\/de\/produkt\/angelo-duscharmatur-unterputz-48898\/","url":"http:\/\/test.valvex.com\/de\/produkt\/angelo-duscharmatur-unterputz-48898\/","name":"Duscharmatur - Unterputz - Valvex","isPartOf":{"@id":"http:\/\/test.valvex.com\/de\/#website"},"primaryImageOfPage":{"@id":"http:\/\/test.valvex.com\/de\/produkt\/angelo-duscharmatur-unterputz-48898\/#primaryimage"},"image":{"@id":"http:\/\/test.valvex.com\/de\/produkt\/angelo-duscharmatur-unterputz-48898\/#primaryimage"},"thumbnailUrl":"http:\/\/test.valvex.com\/wp-content\/uploads\/2021\/02\/VALVEX_ANGELO_2453270.png","datePublished":"2021-02-17T16:15:54+00:00","dateModified":"2024-07-08T13:40:05+00:00","breadcrumb":{"@id":"http:\/\/test.valvex.com\/de\/produkt\/angelo-duscharmatur-unterputz-48898\/#breadcrumb"},"inLanguage":"de","potentialAction":[{"@type":"ReadAction","target":["http:\/\/test.valvex.com\/de\/produkt\/angelo-duscharmatur-unterputz-48898\/"]}]},{"@type":"ImageObject","inLanguage":"de","@id":"http:\/\/test.valvex.com\/de\/produkt\/angelo-duscharmatur-unterputz-48898\/#primaryimage","url":"http:\/\/test.valvex.com\/wp-content\/uploads\/2021\/02\/VALVEX_ANGELO_2453270.png","contentUrl":"http:\/\/test.valvex.com\/wp-content\/uploads\/2021\/02\/VALVEX_ANGELO_2453270.png","width":800,"height":800},{"@type":"BreadcrumbList","@id":"http:\/\/test.valvex.com\/de\/produkt\/angelo-duscharmatur-unterputz-48898\/#breadcrumb","itemListElement":[{"@type":"ListItem","position":1,"name":"Strona g\u0142\u00f3wna","item":"http:\/\/test.valvex.com\/de\/"},{"@type":"ListItem","position":2,"name":"Badezimmer","item":"http:\/\/test.valvex.com\/de\/oferta\/badezimmer\/"},{"@type":"ListItem","position":3,"name":"Duscharmatur &#8211; Unterputz"}]},{"@type":"WebSite","@id":"http:\/\/test.valvex.com\/de\/#website","url":"http:\/\/test.valvex.com\/de\/","name":"Valvex","description":"Hersteller von Sanit\u00e4ranlagen und Armaturen\n\n","potentialAction":[{"@type":"SearchAction","target":{"@type":"EntryPoint","urlTemplate":"http:\/\/test.valvex.com\/de\/?s={search_term_string}"},"query-input":"required name=search_term_string"}],"inLanguage":"de"}]}},"_links":{"self":[{"href":"http:\/\/test.valvex.com\/de\/wp-json\/wp\/v2\/product\/48898","targetHints":{"allow":["GET"]}}],"collection":[{"href":"http:\/\/test.valvex.com\/de\/wp-json\/wp\/v2\/product"}],"about":[{"href":"http:\/\/test.valvex.com\/de\/wp-json\/wp\/v2\/types\/product"}],"wp:featuredmedia":[{"embeddable":true,"href":"http:\/\/test.valvex.com\/de\/wp-json\/wp\/v2\/media\/75302"}],"wp:attachment":[{"href":"http:\/\/test.valvex.com\/de\/wp-json\/wp\/v2\/media?parent=48898"}],"wp:term":[{"taxonomy":"ikony_produktow","embeddable":true,"href":"http:\/\/test.valvex.com\/de\/wp-json\/wp\/v2\/ikony_produktow?post=48898"},{"taxonomy":"product_category","embeddable":true,"href":"http:\/\/test.valvex.com\/de\/wp-json\/wp\/v2\/product_category?post=48898"},{"taxonomy":"product_series","embeddable":true,"href":"http:\/\/test.valvex.com\/de\/wp-json\/wp\/v2\/product_series?post=48898"},{"taxonomy":"color","embeddable":true,"href":"http:\/\/test.valvex.com\/de\/wp-json\/wp\/v2\/color?post=48898"}],"curies":[{"name":"wp","href":"https:\/\/api.w.org\/{rel}","templated":true}]}}