{"id":48891,"date":"2021-02-17T17:15:47","date_gmt":"2021-02-17T16:15:47","guid":{"rendered":"http:\/\/test.valvex.com\/product\/angelo-brause-wand-mischbatterie\/"},"modified":"2024-07-08T14:58:43","modified_gmt":"2024-07-08T12:58:43","slug":"angelo-brause-wand-mischbatterie-48891","status":"publish","type":"product","link":"http:\/\/test.valvex.com\/de\/produkt\/angelo-brause-wand-mischbatterie-48891\/","title":{"rendered":"Brause-Wand-Mischbatterie"},"content":{"rendered":"<h3>Ausgewogene Eleganz- unersch\u00fcttertes Gleichgewicht von Stil und Herstellungspr\u00e4zision.<\/h3>\n<p style=\"text-align: justify;\">Das Keramik-R\u00fchrwerk garantiert flie\u00dfende und pr\u00e4zise Wasserregulation &#8211; nichts ist im Stande die entspannenden Momente der t\u00e4glichen Dusche \u00a0 zu st\u00f6ren. Wenn Du die Accessoires zu dieser Batterie w\u00e4hlst, pr\u00fcfe die breite Auswahl an Griffen, Duschschl\u00e4uchen und Punkthaltern der Firma Valvex.<\/p>\n<table style=\"border-color: #ffffff; background-color: #ffffff;\">\n<tbody>\n<tr>\n<td style=\"width: 70px; border-color: #ffffff;\"><img decoding=\"async\" class=\" aligncenter\" src=\"http:\/\/test.valvex.com\/content\/themes\/valvex\/assets\/img\/product-icons\/hcceramic.png\" \/><\/td>\n<td style=\"border-color: #ffffff;\"><strong>Mixer \/ ceramic head<\/strong><\/td>\n<\/tr>\n<\/tbody>\n<\/table>\n","protected":false},"featured_media":76432,"template":"","ikony_produktow":[2111,2112,2113],"product_category":[1811,1896,1901,443],"product_series":[534],"color":[1760],"class_list":["post-48891","product","type-product","status-publish","has-post-thumbnail","hentry","ikony_produktow-25jahregarantie","ikony_produktow-48-stunden-serviceinpolen","ikony_produktow-keramikkartuschede","product_category-badezimmer","product_category-dusche","product_category-duscharmaturen","product_category-duschbatterien-bathroom-and-kitchen-area","product_series-angelo-de","color-chrome"],"acf":[],"yoast_head":"<!-- This site is optimized with the Yoast SEO plugin v22.2 - https:\/\/yoast.com\/wordpress\/plugins\/seo\/ -->\n<title>Brause-Wand-Mischbatterie - Valvex<\/title>\n<meta name=\"robots\" content=\"index, follow, max-snippet:-1, max-image-preview:large, max-video-preview:-1\" \/>\n<link rel=\"canonical\" href=\"http:\/\/test.valvex.com\/de\/produkt\/angelo-brause-wand-mischbatterie-48891\/\" \/>\n<meta property=\"og:locale\" content=\"de_DE\" \/>\n<meta property=\"og:type\" content=\"article\" \/>\n<meta property=\"og:title\" content=\"Brause-Wand-Mischbatterie - Valvex\" \/>\n<meta property=\"og:description\" content=\"Ausgewogene Eleganz- unersch\u00fcttertes Gleichgewicht von Stil und Herstellungspr\u00e4zision. Das Keramik-R\u00fchrwerk garantiert flie\u00dfende und pr\u00e4zise Wasserregulation &#8211; nichts ist im Stande die entspannenden Momente der t\u00e4glichen Dusche \u00a0 zu st\u00f6ren. Wenn Du die Accessoires zu dieser Batterie w\u00e4hlst, pr\u00fcfe die breite Auswahl an Griffen, Duschschl\u00e4uchen und Punkthaltern der Firma Valvex. Mixer \/ ceramic head\" \/>\n<meta property=\"og:url\" content=\"http:\/\/test.valvex.com\/de\/produkt\/angelo-brause-wand-mischbatterie-48891\/\" \/>\n<meta property=\"og:site_name\" content=\"Valvex\" \/>\n<meta property=\"article:modified_time\" content=\"2024-07-08T12:58:43+00:00\" \/>\n<meta property=\"og:image\" content=\"http:\/\/test.valvex.com\/wp-content\/uploads\/2022\/03\/2453020.jpg\" \/>\n\t<meta property=\"og:image:width\" content=\"650\" \/>\n\t<meta property=\"og:image:height\" content=\"415\" \/>\n\t<meta property=\"og:image:type\" content=\"image\/jpeg\" \/>\n<meta name=\"twitter:card\" content=\"summary_large_image\" \/>\n<meta name=\"twitter:label1\" content=\"Gesch\u00e4tzte Lesezeit\" \/>\n\t<meta name=\"twitter:data1\" content=\"1\u00a0Minute\" \/>\n<script type=\"application\/ld+json\" class=\"yoast-schema-graph\">{\"@context\":\"https:\/\/schema.org\",\"@graph\":[{\"@type\":\"WebPage\",\"@id\":\"http:\/\/test.valvex.com\/de\/produkt\/angelo-brause-wand-mischbatterie-48891\/\",\"url\":\"http:\/\/test.valvex.com\/de\/produkt\/angelo-brause-wand-mischbatterie-48891\/\",\"name\":\"Brause-Wand-Mischbatterie - Valvex\",\"isPartOf\":{\"@id\":\"http:\/\/test.valvex.com\/de\/#website\"},\"primaryImageOfPage\":{\"@id\":\"http:\/\/test.valvex.com\/de\/produkt\/angelo-brause-wand-mischbatterie-48891\/#primaryimage\"},\"image\":{\"@id\":\"http:\/\/test.valvex.com\/de\/produkt\/angelo-brause-wand-mischbatterie-48891\/#primaryimage\"},\"thumbnailUrl\":\"http:\/\/test.valvex.com\/wp-content\/uploads\/2021\/02\/VALVEX_ANGELO_2453020.png\",\"datePublished\":\"2021-02-17T16:15:47+00:00\",\"dateModified\":\"2024-07-08T12:58:43+00:00\",\"breadcrumb\":{\"@id\":\"http:\/\/test.valvex.com\/de\/produkt\/angelo-brause-wand-mischbatterie-48891\/#breadcrumb\"},\"inLanguage\":\"de\",\"potentialAction\":[{\"@type\":\"ReadAction\",\"target\":[\"http:\/\/test.valvex.com\/de\/produkt\/angelo-brause-wand-mischbatterie-48891\/\"]}]},{\"@type\":\"ImageObject\",\"inLanguage\":\"de\",\"@id\":\"http:\/\/test.valvex.com\/de\/produkt\/angelo-brause-wand-mischbatterie-48891\/#primaryimage\",\"url\":\"http:\/\/test.valvex.com\/wp-content\/uploads\/2021\/02\/VALVEX_ANGELO_2453020.png\",\"contentUrl\":\"http:\/\/test.valvex.com\/wp-content\/uploads\/2021\/02\/VALVEX_ANGELO_2453020.png\",\"width\":800,\"height\":800},{\"@type\":\"BreadcrumbList\",\"@id\":\"http:\/\/test.valvex.com\/de\/produkt\/angelo-brause-wand-mischbatterie-48891\/#breadcrumb\",\"itemListElement\":[{\"@type\":\"ListItem\",\"position\":1,\"name\":\"Strona g\u0142\u00f3wna\",\"item\":\"http:\/\/test.valvex.com\/de\/\"},{\"@type\":\"ListItem\",\"position\":2,\"name\":\"Badezimmer\",\"item\":\"http:\/\/test.valvex.com\/de\/oferta\/badezimmer\/\"},{\"@type\":\"ListItem\",\"position\":3,\"name\":\"Dusche\",\"item\":\"http:\/\/test.valvex.com\/de\/oferta\/badezimmer\/dusche\/\"},{\"@type\":\"ListItem\",\"position\":4,\"name\":\"Duscharmaturen\",\"item\":\"http:\/\/test.valvex.com\/de\/oferta\/badezimmer\/dusche\/duscharmaturen\/\"},{\"@type\":\"ListItem\",\"position\":5,\"name\":\"Brause-Wand-Mischbatterie\"}]},{\"@type\":\"WebSite\",\"@id\":\"http:\/\/test.valvex.com\/de\/#website\",\"url\":\"http:\/\/test.valvex.com\/de\/\",\"name\":\"Valvex\",\"description\":\"Hersteller von Sanit\u00e4ranlagen und Armaturen\\n\\n\",\"potentialAction\":[{\"@type\":\"SearchAction\",\"target\":{\"@type\":\"EntryPoint\",\"urlTemplate\":\"http:\/\/test.valvex.com\/de\/?s={search_term_string}\"},\"query-input\":\"required name=search_term_string\"}],\"inLanguage\":\"de\"}]}<\/script>\n<!-- \/ Yoast SEO plugin. -->","yoast_head_json":{"title":"Brause-Wand-Mischbatterie - Valvex","robots":{"index":"index","follow":"follow","max-snippet":"max-snippet:-1","max-image-preview":"max-image-preview:large","max-video-preview":"max-video-preview:-1"},"canonical":"http:\/\/test.valvex.com\/de\/produkt\/angelo-brause-wand-mischbatterie-48891\/","og_locale":"de_DE","og_type":"article","og_title":"Brause-Wand-Mischbatterie - Valvex","og_description":"Ausgewogene Eleganz- unersch\u00fcttertes Gleichgewicht von Stil und Herstellungspr\u00e4zision. Das Keramik-R\u00fchrwerk garantiert flie\u00dfende und pr\u00e4zise Wasserregulation &#8211; nichts ist im Stande die entspannenden Momente der t\u00e4glichen Dusche \u00a0 zu st\u00f6ren. Wenn Du die Accessoires zu dieser Batterie w\u00e4hlst, pr\u00fcfe die breite Auswahl an Griffen, Duschschl\u00e4uchen und Punkthaltern der Firma Valvex. Mixer \/ ceramic head","og_url":"http:\/\/test.valvex.com\/de\/produkt\/angelo-brause-wand-mischbatterie-48891\/","og_site_name":"Valvex","article_modified_time":"2024-07-08T12:58:43+00:00","og_image":[{"width":650,"height":415,"url":"http:\/\/test.valvex.com\/wp-content\/uploads\/2022\/03\/2453020.jpg","type":"image\/jpeg"}],"twitter_card":"summary_large_image","twitter_misc":{"Gesch\u00e4tzte Lesezeit":"1\u00a0Minute"},"schema":{"@context":"https:\/\/schema.org","@graph":[{"@type":"WebPage","@id":"http:\/\/test.valvex.com\/de\/produkt\/angelo-brause-wand-mischbatterie-48891\/","url":"http:\/\/test.valvex.com\/de\/produkt\/angelo-brause-wand-mischbatterie-48891\/","name":"Brause-Wand-Mischbatterie - Valvex","isPartOf":{"@id":"http:\/\/test.valvex.com\/de\/#website"},"primaryImageOfPage":{"@id":"http:\/\/test.valvex.com\/de\/produkt\/angelo-brause-wand-mischbatterie-48891\/#primaryimage"},"image":{"@id":"http:\/\/test.valvex.com\/de\/produkt\/angelo-brause-wand-mischbatterie-48891\/#primaryimage"},"thumbnailUrl":"http:\/\/test.valvex.com\/wp-content\/uploads\/2021\/02\/VALVEX_ANGELO_2453020.png","datePublished":"2021-02-17T16:15:47+00:00","dateModified":"2024-07-08T12:58:43+00:00","breadcrumb":{"@id":"http:\/\/test.valvex.com\/de\/produkt\/angelo-brause-wand-mischbatterie-48891\/#breadcrumb"},"inLanguage":"de","potentialAction":[{"@type":"ReadAction","target":["http:\/\/test.valvex.com\/de\/produkt\/angelo-brause-wand-mischbatterie-48891\/"]}]},{"@type":"ImageObject","inLanguage":"de","@id":"http:\/\/test.valvex.com\/de\/produkt\/angelo-brause-wand-mischbatterie-48891\/#primaryimage","url":"http:\/\/test.valvex.com\/wp-content\/uploads\/2021\/02\/VALVEX_ANGELO_2453020.png","contentUrl":"http:\/\/test.valvex.com\/wp-content\/uploads\/2021\/02\/VALVEX_ANGELO_2453020.png","width":800,"height":800},{"@type":"BreadcrumbList","@id":"http:\/\/test.valvex.com\/de\/produkt\/angelo-brause-wand-mischbatterie-48891\/#breadcrumb","itemListElement":[{"@type":"ListItem","position":1,"name":"Strona g\u0142\u00f3wna","item":"http:\/\/test.valvex.com\/de\/"},{"@type":"ListItem","position":2,"name":"Badezimmer","item":"http:\/\/test.valvex.com\/de\/oferta\/badezimmer\/"},{"@type":"ListItem","position":3,"name":"Dusche","item":"http:\/\/test.valvex.com\/de\/oferta\/badezimmer\/dusche\/"},{"@type":"ListItem","position":4,"name":"Duscharmaturen","item":"http:\/\/test.valvex.com\/de\/oferta\/badezimmer\/dusche\/duscharmaturen\/"},{"@type":"ListItem","position":5,"name":"Brause-Wand-Mischbatterie"}]},{"@type":"WebSite","@id":"http:\/\/test.valvex.com\/de\/#website","url":"http:\/\/test.valvex.com\/de\/","name":"Valvex","description":"Hersteller von Sanit\u00e4ranlagen und Armaturen\n\n","potentialAction":[{"@type":"SearchAction","target":{"@type":"EntryPoint","urlTemplate":"http:\/\/test.valvex.com\/de\/?s={search_term_string}"},"query-input":"required name=search_term_string"}],"inLanguage":"de"}]}},"_links":{"self":[{"href":"http:\/\/test.valvex.com\/de\/wp-json\/wp\/v2\/product\/48891","targetHints":{"allow":["GET"]}}],"collection":[{"href":"http:\/\/test.valvex.com\/de\/wp-json\/wp\/v2\/product"}],"about":[{"href":"http:\/\/test.valvex.com\/de\/wp-json\/wp\/v2\/types\/product"}],"wp:featuredmedia":[{"embeddable":true,"href":"http:\/\/test.valvex.com\/de\/wp-json\/wp\/v2\/media\/76432"}],"wp:attachment":[{"href":"http:\/\/test.valvex.com\/de\/wp-json\/wp\/v2\/media?parent=48891"}],"wp:term":[{"taxonomy":"ikony_produktow","embeddable":true,"href":"http:\/\/test.valvex.com\/de\/wp-json\/wp\/v2\/ikony_produktow?post=48891"},{"taxonomy":"product_category","embeddable":true,"href":"http:\/\/test.valvex.com\/de\/wp-json\/wp\/v2\/product_category?post=48891"},{"taxonomy":"product_series","embeddable":true,"href":"http:\/\/test.valvex.com\/de\/wp-json\/wp\/v2\/product_series?post=48891"},{"taxonomy":"color","embeddable":true,"href":"http:\/\/test.valvex.com\/de\/wp-json\/wp\/v2\/color?post=48891"}],"curies":[{"name":"wp","href":"https:\/\/api.w.org\/{rel}","templated":true}]}}