{"id":48877,"date":"2021-02-17T17:15:32","date_gmt":"2021-02-17T16:15:32","guid":{"rendered":"http:\/\/test.valvex.com\/product\/angelo-badewannen-wand-mischbatterie\/"},"modified":"2024-07-10T09:05:17","modified_gmt":"2024-07-10T07:05:17","slug":"angelo-badewannen-wand-mischbatterie-48877","status":"publish","type":"product","link":"http:\/\/test.valvex.com\/de\/produkt\/angelo-badewannen-wand-mischbatterie-48877\/","title":{"rendered":"Badewannen-Wand-Mischbatterie"},"content":{"rendered":"<h3>Ausgewogene Eleganz- unersch\u00fcttertes Gleichgewicht von Stil und Herstellungspr\u00e4zision.<\/h3>\n<p style=\"text-align: justify;\">Das Keramik-R\u00fchrwerk garantiert flie\u00dfende und pr\u00e4zise Wasserregulation. Dank dem Schalter mit der Blockade, kannst Du schnell den Wasserstrahl vom Ausguss zum Duschkopf leiten- nichts ist im Stande die entspannenden Momente des Abendbades \u00a0 zu st\u00f6ren.. Wenn Du die Accessoires zu dieser Batterie w\u00e4hlst, pr\u00fcfe die breite Auswahl an Griffen, Duschschl\u00e4uchen und Punkthaltern der Firma Valvex.<\/p>\n<table style=\"border-color: #ffffff; background-color: #ffffff;\">\n<tbody>\n<tr style=\"width: 70px;\">\n<td style=\"border-color: #ffffff;\"><img decoding=\"async\" class=\" aligncenter\" src=\"http:\/\/test.valvex.com\/content\/themes\/valvex\/assets\/img\/product-icons\/o2.png\" \/><\/td>\n<td style=\"border-color: #ffffff;\"><strong>Aerating stream regulator<\/strong><\/td>\n<\/tr>\n<tr>\n<td style=\"width: 70px; border-color: #ffffff;\"><img decoding=\"async\" class=\" aligncenter\" src=\"http:\/\/test.valvex.com\/content\/themes\/valvex\/assets\/img\/product-icons\/hcceramic.png\" \/><\/td>\n<td style=\"border-color: #ffffff;\"><strong>Mixer \/ ceramic head<\/strong><\/td>\n<\/tr>\n<tr style=\"width: 70px;\">\n<td style=\"border-color: #ffffff;\"><img decoding=\"async\" class=\" aligncenter\" src=\"http:\/\/test.valvex.com\/content\/themes\/valvex\/assets\/img\/product-icons\/przelacznikzblokada.png\" \/><\/td>\n<td style=\"border-color: #ffffff;\"><strong>Lock diverter<\/strong><\/td>\n<\/tr>\n<\/tbody>\n<\/table>\n","protected":false},"featured_media":75910,"template":"","ikony_produktow":[2111,2112,2113,2195,2116],"product_category":[1811,1931,1946,437],"product_series":[534],"color":[1760],"class_list":["post-48877","product","type-product","status-publish","has-post-thumbnail","hentry","ikony_produktow-25jahregarantie","ikony_produktow-48-stunden-serviceinpolen","ikony_produktow-keramikkartuschede","ikony_produktow-schaltermitsperre","ikony_produktow-o2-de","product_category-badezimmer","product_category-badewanne","product_category-badewannenarmaturen","product_category-wannebatterien-bathroom-and-kitchen-area","product_series-angelo-de","color-chrome"],"acf":[],"yoast_head":"<!-- This site is optimized with the Yoast SEO plugin v22.2 - https:\/\/yoast.com\/wordpress\/plugins\/seo\/ -->\n<title>Badewannen-Wand-Mischbatterie - Valvex<\/title>\n<meta name=\"robots\" content=\"index, follow, max-snippet:-1, max-image-preview:large, max-video-preview:-1\" \/>\n<link rel=\"canonical\" href=\"http:\/\/test.valvex.com\/de\/produkt\/angelo-badewannen-wand-mischbatterie-48877\/\" \/>\n<meta property=\"og:locale\" content=\"de_DE\" \/>\n<meta property=\"og:type\" content=\"article\" \/>\n<meta property=\"og:title\" content=\"Badewannen-Wand-Mischbatterie - Valvex\" \/>\n<meta property=\"og:description\" content=\"Ausgewogene Eleganz- unersch\u00fcttertes Gleichgewicht von Stil und Herstellungspr\u00e4zision. Das Keramik-R\u00fchrwerk garantiert flie\u00dfende und pr\u00e4zise Wasserregulation. Dank dem Schalter mit der Blockade, kannst Du schnell den Wasserstrahl vom Ausguss zum Duschkopf leiten- nichts ist im Stande die entspannenden Momente des Abendbades \u00a0 zu st\u00f6ren.. Wenn Du die Accessoires zu dieser Batterie w\u00e4hlst, pr\u00fcfe die breite Auswahl [&hellip;]\" \/>\n<meta property=\"og:url\" content=\"http:\/\/test.valvex.com\/de\/produkt\/angelo-badewannen-wand-mischbatterie-48877\/\" \/>\n<meta property=\"og:site_name\" content=\"Valvex\" \/>\n<meta property=\"article:modified_time\" content=\"2024-07-10T07:05:17+00:00\" \/>\n<meta property=\"og:image\" content=\"http:\/\/test.valvex.com\/wp-content\/uploads\/2022\/03\/2453010.jpg\" \/>\n\t<meta property=\"og:image:width\" content=\"650\" \/>\n\t<meta property=\"og:image:height\" content=\"415\" \/>\n\t<meta property=\"og:image:type\" content=\"image\/jpeg\" \/>\n<meta name=\"twitter:card\" content=\"summary_large_image\" \/>\n<meta name=\"twitter:label1\" content=\"Gesch\u00e4tzte Lesezeit\" \/>\n\t<meta name=\"twitter:data1\" content=\"2\u00a0Minuten\" \/>\n<script type=\"application\/ld+json\" class=\"yoast-schema-graph\">{\"@context\":\"https:\/\/schema.org\",\"@graph\":[{\"@type\":\"WebPage\",\"@id\":\"http:\/\/test.valvex.com\/de\/produkt\/angelo-badewannen-wand-mischbatterie-48877\/\",\"url\":\"http:\/\/test.valvex.com\/de\/produkt\/angelo-badewannen-wand-mischbatterie-48877\/\",\"name\":\"Badewannen-Wand-Mischbatterie - Valvex\",\"isPartOf\":{\"@id\":\"http:\/\/test.valvex.com\/de\/#website\"},\"primaryImageOfPage\":{\"@id\":\"http:\/\/test.valvex.com\/de\/produkt\/angelo-badewannen-wand-mischbatterie-48877\/#primaryimage\"},\"image\":{\"@id\":\"http:\/\/test.valvex.com\/de\/produkt\/angelo-badewannen-wand-mischbatterie-48877\/#primaryimage\"},\"thumbnailUrl\":\"http:\/\/test.valvex.com\/wp-content\/uploads\/2021\/02\/VALVEX_ANGELO_2453010.png\",\"datePublished\":\"2021-02-17T16:15:32+00:00\",\"dateModified\":\"2024-07-10T07:05:17+00:00\",\"breadcrumb\":{\"@id\":\"http:\/\/test.valvex.com\/de\/produkt\/angelo-badewannen-wand-mischbatterie-48877\/#breadcrumb\"},\"inLanguage\":\"de\",\"potentialAction\":[{\"@type\":\"ReadAction\",\"target\":[\"http:\/\/test.valvex.com\/de\/produkt\/angelo-badewannen-wand-mischbatterie-48877\/\"]}]},{\"@type\":\"ImageObject\",\"inLanguage\":\"de\",\"@id\":\"http:\/\/test.valvex.com\/de\/produkt\/angelo-badewannen-wand-mischbatterie-48877\/#primaryimage\",\"url\":\"http:\/\/test.valvex.com\/wp-content\/uploads\/2021\/02\/VALVEX_ANGELO_2453010.png\",\"contentUrl\":\"http:\/\/test.valvex.com\/wp-content\/uploads\/2021\/02\/VALVEX_ANGELO_2453010.png\",\"width\":800,\"height\":800},{\"@type\":\"BreadcrumbList\",\"@id\":\"http:\/\/test.valvex.com\/de\/produkt\/angelo-badewannen-wand-mischbatterie-48877\/#breadcrumb\",\"itemListElement\":[{\"@type\":\"ListItem\",\"position\":1,\"name\":\"Strona g\u0142\u00f3wna\",\"item\":\"http:\/\/test.valvex.com\/de\/\"},{\"@type\":\"ListItem\",\"position\":2,\"name\":\"Badezimmer\",\"item\":\"http:\/\/test.valvex.com\/de\/oferta\/badezimmer\/\"},{\"@type\":\"ListItem\",\"position\":3,\"name\":\"Badewanne\",\"item\":\"http:\/\/test.valvex.com\/de\/oferta\/badezimmer\/badewanne\/\"},{\"@type\":\"ListItem\",\"position\":4,\"name\":\"Badewannenarmaturen\",\"item\":\"http:\/\/test.valvex.com\/de\/oferta\/badezimmer\/badewanne\/badewannenarmaturen\/\"},{\"@type\":\"ListItem\",\"position\":5,\"name\":\"Badewannen-Wand-Mischbatterie\"}]},{\"@type\":\"WebSite\",\"@id\":\"http:\/\/test.valvex.com\/de\/#website\",\"url\":\"http:\/\/test.valvex.com\/de\/\",\"name\":\"Valvex\",\"description\":\"Hersteller von Sanit\u00e4ranlagen und Armaturen\\n\\n\",\"potentialAction\":[{\"@type\":\"SearchAction\",\"target\":{\"@type\":\"EntryPoint\",\"urlTemplate\":\"http:\/\/test.valvex.com\/de\/?s={search_term_string}\"},\"query-input\":\"required name=search_term_string\"}],\"inLanguage\":\"de\"}]}<\/script>\n<!-- \/ Yoast SEO plugin. -->","yoast_head_json":{"title":"Badewannen-Wand-Mischbatterie - Valvex","robots":{"index":"index","follow":"follow","max-snippet":"max-snippet:-1","max-image-preview":"max-image-preview:large","max-video-preview":"max-video-preview:-1"},"canonical":"http:\/\/test.valvex.com\/de\/produkt\/angelo-badewannen-wand-mischbatterie-48877\/","og_locale":"de_DE","og_type":"article","og_title":"Badewannen-Wand-Mischbatterie - Valvex","og_description":"Ausgewogene Eleganz- unersch\u00fcttertes Gleichgewicht von Stil und Herstellungspr\u00e4zision. Das Keramik-R\u00fchrwerk garantiert flie\u00dfende und pr\u00e4zise Wasserregulation. Dank dem Schalter mit der Blockade, kannst Du schnell den Wasserstrahl vom Ausguss zum Duschkopf leiten- nichts ist im Stande die entspannenden Momente des Abendbades \u00a0 zu st\u00f6ren.. Wenn Du die Accessoires zu dieser Batterie w\u00e4hlst, pr\u00fcfe die breite Auswahl [&hellip;]","og_url":"http:\/\/test.valvex.com\/de\/produkt\/angelo-badewannen-wand-mischbatterie-48877\/","og_site_name":"Valvex","article_modified_time":"2024-07-10T07:05:17+00:00","og_image":[{"width":650,"height":415,"url":"http:\/\/test.valvex.com\/wp-content\/uploads\/2022\/03\/2453010.jpg","type":"image\/jpeg"}],"twitter_card":"summary_large_image","twitter_misc":{"Gesch\u00e4tzte Lesezeit":"2\u00a0Minuten"},"schema":{"@context":"https:\/\/schema.org","@graph":[{"@type":"WebPage","@id":"http:\/\/test.valvex.com\/de\/produkt\/angelo-badewannen-wand-mischbatterie-48877\/","url":"http:\/\/test.valvex.com\/de\/produkt\/angelo-badewannen-wand-mischbatterie-48877\/","name":"Badewannen-Wand-Mischbatterie - Valvex","isPartOf":{"@id":"http:\/\/test.valvex.com\/de\/#website"},"primaryImageOfPage":{"@id":"http:\/\/test.valvex.com\/de\/produkt\/angelo-badewannen-wand-mischbatterie-48877\/#primaryimage"},"image":{"@id":"http:\/\/test.valvex.com\/de\/produkt\/angelo-badewannen-wand-mischbatterie-48877\/#primaryimage"},"thumbnailUrl":"http:\/\/test.valvex.com\/wp-content\/uploads\/2021\/02\/VALVEX_ANGELO_2453010.png","datePublished":"2021-02-17T16:15:32+00:00","dateModified":"2024-07-10T07:05:17+00:00","breadcrumb":{"@id":"http:\/\/test.valvex.com\/de\/produkt\/angelo-badewannen-wand-mischbatterie-48877\/#breadcrumb"},"inLanguage":"de","potentialAction":[{"@type":"ReadAction","target":["http:\/\/test.valvex.com\/de\/produkt\/angelo-badewannen-wand-mischbatterie-48877\/"]}]},{"@type":"ImageObject","inLanguage":"de","@id":"http:\/\/test.valvex.com\/de\/produkt\/angelo-badewannen-wand-mischbatterie-48877\/#primaryimage","url":"http:\/\/test.valvex.com\/wp-content\/uploads\/2021\/02\/VALVEX_ANGELO_2453010.png","contentUrl":"http:\/\/test.valvex.com\/wp-content\/uploads\/2021\/02\/VALVEX_ANGELO_2453010.png","width":800,"height":800},{"@type":"BreadcrumbList","@id":"http:\/\/test.valvex.com\/de\/produkt\/angelo-badewannen-wand-mischbatterie-48877\/#breadcrumb","itemListElement":[{"@type":"ListItem","position":1,"name":"Strona g\u0142\u00f3wna","item":"http:\/\/test.valvex.com\/de\/"},{"@type":"ListItem","position":2,"name":"Badezimmer","item":"http:\/\/test.valvex.com\/de\/oferta\/badezimmer\/"},{"@type":"ListItem","position":3,"name":"Badewanne","item":"http:\/\/test.valvex.com\/de\/oferta\/badezimmer\/badewanne\/"},{"@type":"ListItem","position":4,"name":"Badewannenarmaturen","item":"http:\/\/test.valvex.com\/de\/oferta\/badezimmer\/badewanne\/badewannenarmaturen\/"},{"@type":"ListItem","position":5,"name":"Badewannen-Wand-Mischbatterie"}]},{"@type":"WebSite","@id":"http:\/\/test.valvex.com\/de\/#website","url":"http:\/\/test.valvex.com\/de\/","name":"Valvex","description":"Hersteller von Sanit\u00e4ranlagen und Armaturen\n\n","potentialAction":[{"@type":"SearchAction","target":{"@type":"EntryPoint","urlTemplate":"http:\/\/test.valvex.com\/de\/?s={search_term_string}"},"query-input":"required name=search_term_string"}],"inLanguage":"de"}]}},"_links":{"self":[{"href":"http:\/\/test.valvex.com\/de\/wp-json\/wp\/v2\/product\/48877","targetHints":{"allow":["GET"]}}],"collection":[{"href":"http:\/\/test.valvex.com\/de\/wp-json\/wp\/v2\/product"}],"about":[{"href":"http:\/\/test.valvex.com\/de\/wp-json\/wp\/v2\/types\/product"}],"wp:featuredmedia":[{"embeddable":true,"href":"http:\/\/test.valvex.com\/de\/wp-json\/wp\/v2\/media\/75910"}],"wp:attachment":[{"href":"http:\/\/test.valvex.com\/de\/wp-json\/wp\/v2\/media?parent=48877"}],"wp:term":[{"taxonomy":"ikony_produktow","embeddable":true,"href":"http:\/\/test.valvex.com\/de\/wp-json\/wp\/v2\/ikony_produktow?post=48877"},{"taxonomy":"product_category","embeddable":true,"href":"http:\/\/test.valvex.com\/de\/wp-json\/wp\/v2\/product_category?post=48877"},{"taxonomy":"product_series","embeddable":true,"href":"http:\/\/test.valvex.com\/de\/wp-json\/wp\/v2\/product_series?post=48877"},{"taxonomy":"color","embeddable":true,"href":"http:\/\/test.valvex.com\/de\/wp-json\/wp\/v2\/color?post=48877"}],"curies":[{"name":"wp","href":"https:\/\/api.w.org\/{rel}","templated":true}]}}