{"id":48863,"date":"2021-02-17T17:13:51","date_gmt":"2021-02-17T16:13:51","guid":{"rendered":"http:\/\/test.valvex.com\/product\/tube-eco-kuechen-standmischbatterie-mit-seitlichem-hebel\/"},"modified":"2024-05-16T15:17:34","modified_gmt":"2024-05-16T13:17:34","slug":"tube-k%c3%bcchen-standmischbatterie-mit-seitlichem-hebel-48863","status":"publish","type":"product","link":"http:\/\/test.valvex.com\/de\/produkt\/tube-k%c3%bcchen-standmischbatterie-mit-seitlichem-hebel-48863\/","title":{"rendered":"K\u00fcchen-Standmischbatterie mit seitlichem Hebel"},"content":{"rendered":"<h3>Der schlanke, abgerundete Ausguss auf einem zylindrischem Grundsatz ist die perfekte Idee f\u00fcr eine moderne K\u00fcche.<\/h3>\n<p style=\"text-align: justify\">Es ist eine Verbindung des modernen Design mit Funktionalit\u00e4t- die Komfortzone, die durch den hohen, drehbaren Ausguss gebildet wird macht die K\u00fcchenarbeiten einfach.<\/p>\n<table style=\"border-color: #ffffff;background-color: #ffffff\">\n<tbody>\n<tr style=\"width: 70px\">\n<td style=\"border-color: #ffffff\"><img decoding=\"async\" src=\"http:\/\/test.valvex.com\/content\/themes\/valvex\/assets\/img\/product-icons\/o2.png\" class=\" aligncenter\" \/><\/td>\n<td style=\"border-color: #ffffff\"><strong>Aerating stream regulator<\/strong><\/td>\n<\/tr>\n<tr>\n<td style=\"width: 70px;border-color: #ffffff\"><img decoding=\"async\" src=\"http:\/\/test.valvex.com\/content\/themes\/valvex\/assets\/img\/product-icons\/hcceramic.png\" class=\" aligncenter\" \/><\/td>\n<td style=\"border-color: #ffffff\"><strong>Mixer \/ ceramic head<\/strong><\/td>\n<\/tr>\n<tr style=\"width: 70px\">\n<td style=\"border-color: #ffffff\"><img decoding=\"async\" src=\"http:\/\/test.valvex.com\/content\/themes\/valvex\/assets\/img\/product-icons\/obrot.png\" class=\" aligncenter\" \/><\/td>\n<td style=\"border-color: #ffffff\"><strong>Rotational spout<\/strong><\/td>\n<\/tr>\n<tr style=\"width: 70px\">\n<td style=\"border-color: #ffffff\"><img decoding=\"async\" src=\"http:\/\/test.valvex.com\/content\/themes\/valvex\/assets\/img\/product-icons\/comfortzone.png\" class=\" aligncenter\" \/><\/td>\n<td style=\"border-color: #ffffff\"><strong>Comfort<\/strong><\/td>\n<\/tr>\n<tr style=\"width: 70px\">\n<td style=\"border-color: #ffffff\"><img decoding=\"async\" src=\"http:\/\/test.valvex.com\/content\/themes\/valvex\/assets\/img\/product-icons\/easyclean.png\" class=\" aligncenter\" \/><\/td>\n<td style=\"border-color: #ffffff\"><strong>Stream regulator with the anti-limescale system<\/strong><\/td>\n<\/tr>\n<\/tbody>\n<\/table>\n","protected":false},"featured_media":75707,"template":"","ikony_produktow":[2111,2112,2114,2113,2129,1691,2162,1690,2116],"product_category":[1957,1771,1806,2014,473],"product_series":[522],"color":[1760],"class_list":["post-48863","product","type-product","status-publish","has-post-thumbnail","hentry","ikony_produktow-25jahregarantie","ikony_produktow-48-stunden-serviceinpolen","ikony_produktow-comfortzone-de","ikony_produktow-keramikkartuschede","ikony_produktow-easyclean-de","ikony_produktow-obrot","ikony_produktow-obrot-de","ikony_produktow-o2","ikony_produktow-o2-de","product_category-baterie-kuchenne-3","product_category-kueche","product_category-kuechenmixer","product_category-kuechenmixer-de","product_category-kuchebatterie-bathroom-and-kitchen-area","product_series-tube-de","color-chrome"],"acf":[],"yoast_head":"<!-- This site is optimized with the Yoast SEO plugin v22.2 - https:\/\/yoast.com\/wordpress\/plugins\/seo\/ -->\n<title>K\u00fcchen-Standmischbatterie mit seitlichem Hebel - Valvex<\/title>\n<meta name=\"robots\" content=\"index, follow, max-snippet:-1, max-image-preview:large, max-video-preview:-1\" \/>\n<link rel=\"canonical\" href=\"http:\/\/test.valvex.com\/de\/produkt\/tube-k%c3%bcchen-standmischbatterie-mit-seitlichem-hebel-48863\/\" \/>\n<meta property=\"og:locale\" content=\"de_DE\" \/>\n<meta property=\"og:type\" content=\"article\" \/>\n<meta property=\"og:title\" content=\"K\u00fcchen-Standmischbatterie mit seitlichem Hebel - Valvex\" \/>\n<meta property=\"og:description\" content=\"Der schlanke, abgerundete Ausguss auf einem zylindrischem Grundsatz ist die perfekte Idee f\u00fcr eine moderne K\u00fcche. Es ist eine Verbindung des modernen Design mit Funktionalit\u00e4t- die Komfortzone, die durch den hohen, drehbaren Ausguss gebildet wird macht die K\u00fcchenarbeiten einfach. Aerating stream regulator Mixer \/ ceramic head Rotational spout Comfort Stream regulator with the anti-limescale system\" \/>\n<meta property=\"og:url\" content=\"http:\/\/test.valvex.com\/de\/produkt\/tube-k%c3%bcchen-standmischbatterie-mit-seitlichem-hebel-48863\/\" \/>\n<meta property=\"og:site_name\" content=\"Valvex\" \/>\n<meta property=\"article:modified_time\" content=\"2024-05-16T13:17:34+00:00\" \/>\n<meta property=\"og:image\" content=\"http:\/\/test.valvex.com\/wp-content\/uploads\/2021\/02\/VALVEX_2454860_TUBE_kuchenna.png\" \/>\n\t<meta property=\"og:image:width\" content=\"800\" \/>\n\t<meta property=\"og:image:height\" content=\"800\" \/>\n\t<meta property=\"og:image:type\" content=\"image\/png\" \/>\n<meta name=\"twitter:card\" content=\"summary_large_image\" \/>\n<meta name=\"twitter:label1\" content=\"Gesch\u00e4tzte Lesezeit\" \/>\n\t<meta name=\"twitter:data1\" content=\"2\u00a0Minuten\" \/>\n<script type=\"application\/ld+json\" class=\"yoast-schema-graph\">{\"@context\":\"https:\/\/schema.org\",\"@graph\":[{\"@type\":\"WebPage\",\"@id\":\"http:\/\/test.valvex.com\/de\/produkt\/tube-k%c3%bcchen-standmischbatterie-mit-seitlichem-hebel-48863\/\",\"url\":\"http:\/\/test.valvex.com\/de\/produkt\/tube-k%c3%bcchen-standmischbatterie-mit-seitlichem-hebel-48863\/\",\"name\":\"K\u00fcchen-Standmischbatterie mit seitlichem Hebel - Valvex\",\"isPartOf\":{\"@id\":\"http:\/\/test.valvex.com\/de\/#website\"},\"primaryImageOfPage\":{\"@id\":\"http:\/\/test.valvex.com\/de\/produkt\/tube-k%c3%bcchen-standmischbatterie-mit-seitlichem-hebel-48863\/#primaryimage\"},\"image\":{\"@id\":\"http:\/\/test.valvex.com\/de\/produkt\/tube-k%c3%bcchen-standmischbatterie-mit-seitlichem-hebel-48863\/#primaryimage\"},\"thumbnailUrl\":\"http:\/\/test.valvex.com\/wp-content\/uploads\/2021\/02\/2454860.png\",\"datePublished\":\"2021-02-17T16:13:51+00:00\",\"dateModified\":\"2024-05-16T13:17:34+00:00\",\"breadcrumb\":{\"@id\":\"http:\/\/test.valvex.com\/de\/produkt\/tube-k%c3%bcchen-standmischbatterie-mit-seitlichem-hebel-48863\/#breadcrumb\"},\"inLanguage\":\"de\",\"potentialAction\":[{\"@type\":\"ReadAction\",\"target\":[\"http:\/\/test.valvex.com\/de\/produkt\/tube-k%c3%bcchen-standmischbatterie-mit-seitlichem-hebel-48863\/\"]}]},{\"@type\":\"ImageObject\",\"inLanguage\":\"de\",\"@id\":\"http:\/\/test.valvex.com\/de\/produkt\/tube-k%c3%bcchen-standmischbatterie-mit-seitlichem-hebel-48863\/#primaryimage\",\"url\":\"http:\/\/test.valvex.com\/wp-content\/uploads\/2021\/02\/2454860.png\",\"contentUrl\":\"http:\/\/test.valvex.com\/wp-content\/uploads\/2021\/02\/2454860.png\",\"width\":800,\"height\":800},{\"@type\":\"BreadcrumbList\",\"@id\":\"http:\/\/test.valvex.com\/de\/produkt\/tube-k%c3%bcchen-standmischbatterie-mit-seitlichem-hebel-48863\/#breadcrumb\",\"itemListElement\":[{\"@type\":\"ListItem\",\"position\":1,\"name\":\"Strona g\u0142\u00f3wna\",\"item\":\"http:\/\/test.valvex.com\/de\/\"},{\"@type\":\"ListItem\",\"position\":2,\"name\":\"K\u00fcche\",\"item\":\"http:\/\/test.valvex.com\/de\/oferta\/kueche\/\"},{\"@type\":\"ListItem\",\"position\":3,\"name\":\"K\u00fcchen-Standmischbatterie mit seitlichem Hebel\"}]},{\"@type\":\"WebSite\",\"@id\":\"http:\/\/test.valvex.com\/de\/#website\",\"url\":\"http:\/\/test.valvex.com\/de\/\",\"name\":\"Valvex\",\"description\":\"Hersteller von Sanit\u00e4ranlagen und Armaturen\\n\\n\",\"potentialAction\":[{\"@type\":\"SearchAction\",\"target\":{\"@type\":\"EntryPoint\",\"urlTemplate\":\"http:\/\/test.valvex.com\/de\/?s={search_term_string}\"},\"query-input\":\"required name=search_term_string\"}],\"inLanguage\":\"de\"}]}<\/script>\n<!-- \/ Yoast SEO plugin. -->","yoast_head_json":{"title":"K\u00fcchen-Standmischbatterie mit seitlichem Hebel - Valvex","robots":{"index":"index","follow":"follow","max-snippet":"max-snippet:-1","max-image-preview":"max-image-preview:large","max-video-preview":"max-video-preview:-1"},"canonical":"http:\/\/test.valvex.com\/de\/produkt\/tube-k%c3%bcchen-standmischbatterie-mit-seitlichem-hebel-48863\/","og_locale":"de_DE","og_type":"article","og_title":"K\u00fcchen-Standmischbatterie mit seitlichem Hebel - Valvex","og_description":"Der schlanke, abgerundete Ausguss auf einem zylindrischem Grundsatz ist die perfekte Idee f\u00fcr eine moderne K\u00fcche. Es ist eine Verbindung des modernen Design mit Funktionalit\u00e4t- die Komfortzone, die durch den hohen, drehbaren Ausguss gebildet wird macht die K\u00fcchenarbeiten einfach. Aerating stream regulator Mixer \/ ceramic head Rotational spout Comfort Stream regulator with the anti-limescale system","og_url":"http:\/\/test.valvex.com\/de\/produkt\/tube-k%c3%bcchen-standmischbatterie-mit-seitlichem-hebel-48863\/","og_site_name":"Valvex","article_modified_time":"2024-05-16T13:17:34+00:00","og_image":[{"width":800,"height":800,"url":"http:\/\/test.valvex.com\/wp-content\/uploads\/2021\/02\/VALVEX_2454860_TUBE_kuchenna.png","type":"image\/png"}],"twitter_card":"summary_large_image","twitter_misc":{"Gesch\u00e4tzte Lesezeit":"2\u00a0Minuten"},"schema":{"@context":"https:\/\/schema.org","@graph":[{"@type":"WebPage","@id":"http:\/\/test.valvex.com\/de\/produkt\/tube-k%c3%bcchen-standmischbatterie-mit-seitlichem-hebel-48863\/","url":"http:\/\/test.valvex.com\/de\/produkt\/tube-k%c3%bcchen-standmischbatterie-mit-seitlichem-hebel-48863\/","name":"K\u00fcchen-Standmischbatterie mit seitlichem Hebel - Valvex","isPartOf":{"@id":"http:\/\/test.valvex.com\/de\/#website"},"primaryImageOfPage":{"@id":"http:\/\/test.valvex.com\/de\/produkt\/tube-k%c3%bcchen-standmischbatterie-mit-seitlichem-hebel-48863\/#primaryimage"},"image":{"@id":"http:\/\/test.valvex.com\/de\/produkt\/tube-k%c3%bcchen-standmischbatterie-mit-seitlichem-hebel-48863\/#primaryimage"},"thumbnailUrl":"http:\/\/test.valvex.com\/wp-content\/uploads\/2021\/02\/2454860.png","datePublished":"2021-02-17T16:13:51+00:00","dateModified":"2024-05-16T13:17:34+00:00","breadcrumb":{"@id":"http:\/\/test.valvex.com\/de\/produkt\/tube-k%c3%bcchen-standmischbatterie-mit-seitlichem-hebel-48863\/#breadcrumb"},"inLanguage":"de","potentialAction":[{"@type":"ReadAction","target":["http:\/\/test.valvex.com\/de\/produkt\/tube-k%c3%bcchen-standmischbatterie-mit-seitlichem-hebel-48863\/"]}]},{"@type":"ImageObject","inLanguage":"de","@id":"http:\/\/test.valvex.com\/de\/produkt\/tube-k%c3%bcchen-standmischbatterie-mit-seitlichem-hebel-48863\/#primaryimage","url":"http:\/\/test.valvex.com\/wp-content\/uploads\/2021\/02\/2454860.png","contentUrl":"http:\/\/test.valvex.com\/wp-content\/uploads\/2021\/02\/2454860.png","width":800,"height":800},{"@type":"BreadcrumbList","@id":"http:\/\/test.valvex.com\/de\/produkt\/tube-k%c3%bcchen-standmischbatterie-mit-seitlichem-hebel-48863\/#breadcrumb","itemListElement":[{"@type":"ListItem","position":1,"name":"Strona g\u0142\u00f3wna","item":"http:\/\/test.valvex.com\/de\/"},{"@type":"ListItem","position":2,"name":"K\u00fcche","item":"http:\/\/test.valvex.com\/de\/oferta\/kueche\/"},{"@type":"ListItem","position":3,"name":"K\u00fcchen-Standmischbatterie mit seitlichem Hebel"}]},{"@type":"WebSite","@id":"http:\/\/test.valvex.com\/de\/#website","url":"http:\/\/test.valvex.com\/de\/","name":"Valvex","description":"Hersteller von Sanit\u00e4ranlagen und Armaturen\n\n","potentialAction":[{"@type":"SearchAction","target":{"@type":"EntryPoint","urlTemplate":"http:\/\/test.valvex.com\/de\/?s={search_term_string}"},"query-input":"required name=search_term_string"}],"inLanguage":"de"}]}},"_links":{"self":[{"href":"http:\/\/test.valvex.com\/de\/wp-json\/wp\/v2\/product\/48863","targetHints":{"allow":["GET"]}}],"collection":[{"href":"http:\/\/test.valvex.com\/de\/wp-json\/wp\/v2\/product"}],"about":[{"href":"http:\/\/test.valvex.com\/de\/wp-json\/wp\/v2\/types\/product"}],"wp:featuredmedia":[{"embeddable":true,"href":"http:\/\/test.valvex.com\/de\/wp-json\/wp\/v2\/media\/75707"}],"wp:attachment":[{"href":"http:\/\/test.valvex.com\/de\/wp-json\/wp\/v2\/media?parent=48863"}],"wp:term":[{"taxonomy":"ikony_produktow","embeddable":true,"href":"http:\/\/test.valvex.com\/de\/wp-json\/wp\/v2\/ikony_produktow?post=48863"},{"taxonomy":"product_category","embeddable":true,"href":"http:\/\/test.valvex.com\/de\/wp-json\/wp\/v2\/product_category?post=48863"},{"taxonomy":"product_series","embeddable":true,"href":"http:\/\/test.valvex.com\/de\/wp-json\/wp\/v2\/product_series?post=48863"},{"taxonomy":"color","embeddable":true,"href":"http:\/\/test.valvex.com\/de\/wp-json\/wp\/v2\/color?post=48863"}],"curies":[{"name":"wp","href":"https:\/\/api.w.org\/{rel}","templated":true}]}}