{"id":48828,"date":"2021-09-24T15:56:25","date_gmt":"2021-09-24T13:56:25","guid":{"rendered":"http:\/\/test.valvex.com\/product\/tube-badewannen-wandmischbatterie\/"},"modified":"2024-05-16T11:57:00","modified_gmt":"2024-05-16T09:57:00","slug":"tube-badewannen-wandmischbatterie-48828","status":"publish","type":"product","link":"http:\/\/test.valvex.com\/de\/produkt\/tube-badewannen-wandmischbatterie-48828\/","title":{"rendered":"Badewannen-WandMischbatterie"},"content":{"rendered":"<h3>Zylindrische Formen mit einem flachen Hebel verziert.<\/h3>\n<p style=\"text-align: justify\">Ein Hauch von Frische, Reinheit der Form und unersch\u00fctterte Ordnung. Alles an seinem Platz, harmonisiert perfekt mit dem Raum. Das Keramik-R\u00fchrwerk garantiert flie\u00dfende und pr\u00e4zise Wasserregulation. Dank dem Schalter mit der Blockade, kannst Du schnell den Wasserstrahl vom Ausguss zum Duschkopf leiten- nichts ist im Stande die entspannenden Momente des Abendbades \u00a0 zu st\u00f6ren.. Wenn Du die Accessoires zu dieser Batterie w\u00e4hlst, pr\u00fcfe die breite Auswahl an Griffen, Duschschl\u00e4uchen und Punkthaltern der Firma Valvex.<\/p>\n<table style=\"border-color: #ffffff;background-color: #ffffff\">\n<tbody>\n<tr style=\"width: 70px\">\n<td style=\"border-color: #ffffff\"><img decoding=\"async\" src=\"http:\/\/test.valvex.com\/content\/themes\/valvex\/assets\/img\/product-icons\/o2.png\" class=\" aligncenter\" \/><\/td>\n<td style=\"border-color: #ffffff\"><strong>Aerating stream regulator<\/strong><\/td>\n<\/tr>\n<tr>\n<td style=\"width: 70px;border-color: #ffffff\"><img decoding=\"async\" src=\"http:\/\/test.valvex.com\/content\/themes\/valvex\/assets\/img\/product-icons\/hcceramic.png\" class=\" aligncenter\" \/><\/td>\n<td style=\"border-color: #ffffff\"><strong>Mixer \/ ceramic head<\/strong><\/td>\n<\/tr>\n<tr style=\"width: 70px\">\n<td style=\"border-color: #ffffff\"><img decoding=\"async\" src=\"http:\/\/test.valvex.com\/content\/themes\/valvex\/assets\/img\/product-icons\/przelacznikzblokada.png\" class=\" aligncenter\" \/><\/td>\n<td style=\"border-color: #ffffff\"><strong>Lock diverter<\/strong><\/td>\n<\/tr>\n<\/tbody>\n<\/table>\n","protected":false},"featured_media":68418,"template":"","ikony_produktow":[2111,2112,2113,2195,1690,2116],"product_category":[1811,1931,1946,437],"product_series":[522],"color":[1760],"class_list":["post-48828","product","type-product","status-publish","has-post-thumbnail","hentry","ikony_produktow-25jahregarantie","ikony_produktow-48-stunden-serviceinpolen","ikony_produktow-keramikkartuschede","ikony_produktow-schaltermitsperre","ikony_produktow-o2","ikony_produktow-o2-de","product_category-badezimmer","product_category-badewanne","product_category-badewannenarmaturen","product_category-wannebatterien-bathroom-and-kitchen-area","product_series-tube-de","color-chrome"],"acf":[],"yoast_head":"<!-- This site is optimized with the Yoast SEO plugin v22.2 - https:\/\/yoast.com\/wordpress\/plugins\/seo\/ -->\n<title>Badewannen-WandMischbatterie - Valvex<\/title>\n<meta name=\"robots\" content=\"index, follow, max-snippet:-1, max-image-preview:large, max-video-preview:-1\" \/>\n<link rel=\"canonical\" href=\"http:\/\/test.valvex.com\/de\/produkt\/tube-badewannen-wandmischbatterie-48828\/\" \/>\n<meta property=\"og:locale\" content=\"de_DE\" \/>\n<meta property=\"og:type\" content=\"article\" \/>\n<meta property=\"og:title\" content=\"Badewannen-WandMischbatterie - Valvex\" \/>\n<meta property=\"og:description\" content=\"Zylindrische Formen mit einem flachen Hebel verziert. Ein Hauch von Frische, Reinheit der Form und unersch\u00fctterte Ordnung. Alles an seinem Platz, harmonisiert perfekt mit dem Raum. Das Keramik-R\u00fchrwerk garantiert flie\u00dfende und pr\u00e4zise Wasserregulation. Dank dem Schalter mit der Blockade, kannst Du schnell den Wasserstrahl vom Ausguss zum Duschkopf leiten- nichts ist im Stande die entspannenden [&hellip;]\" \/>\n<meta property=\"og:url\" content=\"http:\/\/test.valvex.com\/de\/produkt\/tube-badewannen-wandmischbatterie-48828\/\" \/>\n<meta property=\"og:site_name\" content=\"Valvex\" \/>\n<meta property=\"article:modified_time\" content=\"2024-05-16T09:57:00+00:00\" \/>\n<meta property=\"og:image\" content=\"http:\/\/test.valvex.com\/wp-content\/uploads\/2021\/09\/VALVEX_2454830_TUBE_wanna.png\" \/>\n\t<meta property=\"og:image:width\" content=\"800\" \/>\n\t<meta property=\"og:image:height\" content=\"800\" \/>\n\t<meta property=\"og:image:type\" content=\"image\/png\" \/>\n<meta name=\"twitter:card\" content=\"summary_large_image\" \/>\n<meta name=\"twitter:label1\" content=\"Gesch\u00e4tzte Lesezeit\" \/>\n\t<meta name=\"twitter:data1\" content=\"2\u00a0Minuten\" \/>\n<script type=\"application\/ld+json\" class=\"yoast-schema-graph\">{\"@context\":\"https:\/\/schema.org\",\"@graph\":[{\"@type\":\"WebPage\",\"@id\":\"http:\/\/test.valvex.com\/de\/produkt\/tube-badewannen-wandmischbatterie-48828\/\",\"url\":\"http:\/\/test.valvex.com\/de\/produkt\/tube-badewannen-wandmischbatterie-48828\/\",\"name\":\"Badewannen-WandMischbatterie - Valvex\",\"isPartOf\":{\"@id\":\"http:\/\/test.valvex.com\/de\/#website\"},\"primaryImageOfPage\":{\"@id\":\"http:\/\/test.valvex.com\/de\/produkt\/tube-badewannen-wandmischbatterie-48828\/#primaryimage\"},\"image\":{\"@id\":\"http:\/\/test.valvex.com\/de\/produkt\/tube-badewannen-wandmischbatterie-48828\/#primaryimage\"},\"thumbnailUrl\":\"http:\/\/test.valvex.com\/wp-content\/uploads\/2021\/09\/VALVEX_2454830_TUBE_wanna.png\",\"datePublished\":\"2021-09-24T13:56:25+00:00\",\"dateModified\":\"2024-05-16T09:57:00+00:00\",\"breadcrumb\":{\"@id\":\"http:\/\/test.valvex.com\/de\/produkt\/tube-badewannen-wandmischbatterie-48828\/#breadcrumb\"},\"inLanguage\":\"de\",\"potentialAction\":[{\"@type\":\"ReadAction\",\"target\":[\"http:\/\/test.valvex.com\/de\/produkt\/tube-badewannen-wandmischbatterie-48828\/\"]}]},{\"@type\":\"ImageObject\",\"inLanguage\":\"de\",\"@id\":\"http:\/\/test.valvex.com\/de\/produkt\/tube-badewannen-wandmischbatterie-48828\/#primaryimage\",\"url\":\"http:\/\/test.valvex.com\/wp-content\/uploads\/2021\/09\/VALVEX_2454830_TUBE_wanna.png\",\"contentUrl\":\"http:\/\/test.valvex.com\/wp-content\/uploads\/2021\/09\/VALVEX_2454830_TUBE_wanna.png\",\"width\":800,\"height\":800},{\"@type\":\"BreadcrumbList\",\"@id\":\"http:\/\/test.valvex.com\/de\/produkt\/tube-badewannen-wandmischbatterie-48828\/#breadcrumb\",\"itemListElement\":[{\"@type\":\"ListItem\",\"position\":1,\"name\":\"Strona g\u0142\u00f3wna\",\"item\":\"http:\/\/test.valvex.com\/de\/\"},{\"@type\":\"ListItem\",\"position\":2,\"name\":\"Badezimmer\",\"item\":\"http:\/\/test.valvex.com\/de\/oferta\/badezimmer\/\"},{\"@type\":\"ListItem\",\"position\":3,\"name\":\"Badewannen-WandMischbatterie\"}]},{\"@type\":\"WebSite\",\"@id\":\"http:\/\/test.valvex.com\/de\/#website\",\"url\":\"http:\/\/test.valvex.com\/de\/\",\"name\":\"Valvex\",\"description\":\"Hersteller von Sanit\u00e4ranlagen und Armaturen\\n\\n\",\"potentialAction\":[{\"@type\":\"SearchAction\",\"target\":{\"@type\":\"EntryPoint\",\"urlTemplate\":\"http:\/\/test.valvex.com\/de\/?s={search_term_string}\"},\"query-input\":\"required name=search_term_string\"}],\"inLanguage\":\"de\"}]}<\/script>\n<!-- \/ Yoast SEO plugin. -->","yoast_head_json":{"title":"Badewannen-WandMischbatterie - Valvex","robots":{"index":"index","follow":"follow","max-snippet":"max-snippet:-1","max-image-preview":"max-image-preview:large","max-video-preview":"max-video-preview:-1"},"canonical":"http:\/\/test.valvex.com\/de\/produkt\/tube-badewannen-wandmischbatterie-48828\/","og_locale":"de_DE","og_type":"article","og_title":"Badewannen-WandMischbatterie - Valvex","og_description":"Zylindrische Formen mit einem flachen Hebel verziert. Ein Hauch von Frische, Reinheit der Form und unersch\u00fctterte Ordnung. Alles an seinem Platz, harmonisiert perfekt mit dem Raum. Das Keramik-R\u00fchrwerk garantiert flie\u00dfende und pr\u00e4zise Wasserregulation. Dank dem Schalter mit der Blockade, kannst Du schnell den Wasserstrahl vom Ausguss zum Duschkopf leiten- nichts ist im Stande die entspannenden [&hellip;]","og_url":"http:\/\/test.valvex.com\/de\/produkt\/tube-badewannen-wandmischbatterie-48828\/","og_site_name":"Valvex","article_modified_time":"2024-05-16T09:57:00+00:00","og_image":[{"width":800,"height":800,"url":"http:\/\/test.valvex.com\/wp-content\/uploads\/2021\/09\/VALVEX_2454830_TUBE_wanna.png","type":"image\/png"}],"twitter_card":"summary_large_image","twitter_misc":{"Gesch\u00e4tzte Lesezeit":"2\u00a0Minuten"},"schema":{"@context":"https:\/\/schema.org","@graph":[{"@type":"WebPage","@id":"http:\/\/test.valvex.com\/de\/produkt\/tube-badewannen-wandmischbatterie-48828\/","url":"http:\/\/test.valvex.com\/de\/produkt\/tube-badewannen-wandmischbatterie-48828\/","name":"Badewannen-WandMischbatterie - Valvex","isPartOf":{"@id":"http:\/\/test.valvex.com\/de\/#website"},"primaryImageOfPage":{"@id":"http:\/\/test.valvex.com\/de\/produkt\/tube-badewannen-wandmischbatterie-48828\/#primaryimage"},"image":{"@id":"http:\/\/test.valvex.com\/de\/produkt\/tube-badewannen-wandmischbatterie-48828\/#primaryimage"},"thumbnailUrl":"http:\/\/test.valvex.com\/wp-content\/uploads\/2021\/09\/VALVEX_2454830_TUBE_wanna.png","datePublished":"2021-09-24T13:56:25+00:00","dateModified":"2024-05-16T09:57:00+00:00","breadcrumb":{"@id":"http:\/\/test.valvex.com\/de\/produkt\/tube-badewannen-wandmischbatterie-48828\/#breadcrumb"},"inLanguage":"de","potentialAction":[{"@type":"ReadAction","target":["http:\/\/test.valvex.com\/de\/produkt\/tube-badewannen-wandmischbatterie-48828\/"]}]},{"@type":"ImageObject","inLanguage":"de","@id":"http:\/\/test.valvex.com\/de\/produkt\/tube-badewannen-wandmischbatterie-48828\/#primaryimage","url":"http:\/\/test.valvex.com\/wp-content\/uploads\/2021\/09\/VALVEX_2454830_TUBE_wanna.png","contentUrl":"http:\/\/test.valvex.com\/wp-content\/uploads\/2021\/09\/VALVEX_2454830_TUBE_wanna.png","width":800,"height":800},{"@type":"BreadcrumbList","@id":"http:\/\/test.valvex.com\/de\/produkt\/tube-badewannen-wandmischbatterie-48828\/#breadcrumb","itemListElement":[{"@type":"ListItem","position":1,"name":"Strona g\u0142\u00f3wna","item":"http:\/\/test.valvex.com\/de\/"},{"@type":"ListItem","position":2,"name":"Badezimmer","item":"http:\/\/test.valvex.com\/de\/oferta\/badezimmer\/"},{"@type":"ListItem","position":3,"name":"Badewannen-WandMischbatterie"}]},{"@type":"WebSite","@id":"http:\/\/test.valvex.com\/de\/#website","url":"http:\/\/test.valvex.com\/de\/","name":"Valvex","description":"Hersteller von Sanit\u00e4ranlagen und Armaturen\n\n","potentialAction":[{"@type":"SearchAction","target":{"@type":"EntryPoint","urlTemplate":"http:\/\/test.valvex.com\/de\/?s={search_term_string}"},"query-input":"required name=search_term_string"}],"inLanguage":"de"}]}},"_links":{"self":[{"href":"http:\/\/test.valvex.com\/de\/wp-json\/wp\/v2\/product\/48828","targetHints":{"allow":["GET"]}}],"collection":[{"href":"http:\/\/test.valvex.com\/de\/wp-json\/wp\/v2\/product"}],"about":[{"href":"http:\/\/test.valvex.com\/de\/wp-json\/wp\/v2\/types\/product"}],"wp:featuredmedia":[{"embeddable":true,"href":"http:\/\/test.valvex.com\/de\/wp-json\/wp\/v2\/media\/68418"}],"wp:attachment":[{"href":"http:\/\/test.valvex.com\/de\/wp-json\/wp\/v2\/media?parent=48828"}],"wp:term":[{"taxonomy":"ikony_produktow","embeddable":true,"href":"http:\/\/test.valvex.com\/de\/wp-json\/wp\/v2\/ikony_produktow?post=48828"},{"taxonomy":"product_category","embeddable":true,"href":"http:\/\/test.valvex.com\/de\/wp-json\/wp\/v2\/product_category?post=48828"},{"taxonomy":"product_series","embeddable":true,"href":"http:\/\/test.valvex.com\/de\/wp-json\/wp\/v2\/product_series?post=48828"},{"taxonomy":"color","embeddable":true,"href":"http:\/\/test.valvex.com\/de\/wp-json\/wp\/v2\/color?post=48828"}],"curies":[{"name":"wp","href":"https:\/\/api.w.org\/{rel}","templated":true}]}}