{"id":48814,"date":"2021-09-24T15:55:42","date_gmt":"2021-09-24T13:55:42","guid":{"rendered":"http:\/\/test.valvex.com\/product\/tube-eco-waschtischstandmischbatterie\/"},"modified":"2024-05-16T10:57:58","modified_gmt":"2024-05-16T08:57:58","slug":"tube-waschtischstandmischbatterie-48814","status":"publish","type":"product","link":"http:\/\/test.valvex.com\/de\/produkt\/tube-waschtischstandmischbatterie-48814\/","title":{"rendered":"WaschtischStandmischbatterie"},"content":{"rendered":"<h3>Eine Schlanke Silhouette in zylindrische formen gekleidet, die durch scharfe, entschlossene Linien bestimmt werden- das ist ein Bild der Moderne.<\/h3>\n<p style=\"text-align: justify\">Die Perfektion der Sph\u00e4ren verbindet sich mit der Perfektion der Funktionalit\u00e4t. Der, in der Batterie verwendete, Perlator mit dem EASY-CLEAN System reduziert den Wasserdurchfluss bis zu 4,5l\/Min und macht somit die Rechnungen wesentlich kleiner, aber nicht den Komfort beim Nutzen &#8211; dieser bleibt n\u00e4mlich unver\u00e4ndert, dank der, zum Wasserstrahl hinzugef\u00fcgten, Luft. \u00a0Der verstellbare Winkel des Ausgusses erm\u00f6glicht die pr\u00e4zise Anpassung des Wasserstrahls zu den pers\u00f6nlichen Bed\u00fcrfnissen, was insbesondre bei gro\u00dfen Waschbecken wesentlich ist.<\/p>\n<table style=\"border-color: #ffffff;background-color: #ffffff\">\n<tbody>\n<tr style=\"width: 70px\">\n<td style=\"border-color: #ffffff\"><img decoding=\"async\" src=\"http:\/\/test.valvex.com\/content\/themes\/valvex\/assets\/img\/product-icons\/o2.png\" class=\" aligncenter\" \/><\/td>\n<td style=\"border-color: #ffffff\"><strong>Aerating stream regulator<\/strong><\/td>\n<\/tr>\n<tr>\n<td style=\"width: 70px;border-color: #ffffff\"><img decoding=\"async\" src=\"http:\/\/test.valvex.com\/content\/themes\/valvex\/assets\/img\/product-icons\/hcceramic.png\" class=\" aligncenter\" \/><\/td>\n<td style=\"border-color: #ffffff\"><strong>Mixer \/ ceramic head<\/strong><\/td>\n<\/tr>\n<tr style=\"width: 70px\">\n<td style=\"border-color: #ffffff\"><img decoding=\"async\" src=\"http:\/\/test.valvex.com\/content\/themes\/valvex\/assets\/img\/product-icons\/comfortzone.png\" class=\" aligncenter\" \/><\/td>\n<td style=\"border-color: #ffffff\"><strong>Comfort<\/strong><\/td>\n<\/tr>\n<tr style=\"width: 70px\">\n<td style=\"border-color: #ffffff\"><img decoding=\"async\" src=\"http:\/\/test.valvex.com\/content\/themes\/valvex\/assets\/img\/product-icons\/flow.png\" class=\" aligncenter\" \/><\/td>\n<td style=\"border-color: #ffffff\"><strong>Stream regulator with the anti-limescale system<\/strong><\/td>\n<\/tr>\n<tr style=\"width: 70px\">\n<td style=\"border-color: #ffffff\"><img decoding=\"async\" src=\"http:\/\/test.valvex.com\/content\/themes\/valvex\/assets\/img\/product-icons\/easyclean.png\" class=\" aligncenter\" \/><\/td>\n<td style=\"border-color: #ffffff\"><strong>Stream regulator with the anti-limescale system<\/strong><\/td>\n<\/tr>\n<\/tbody>\n<\/table>\n","protected":false},"featured_media":68408,"template":"","ikony_produktow":[2111,2112,2114,2113,2129,2117,1969,2116],"product_category":[1811,1921,431],"product_series":[522],"color":[1760],"class_list":["post-48814","product","type-product","status-publish","has-post-thumbnail","hentry","ikony_produktow-25jahregarantie","ikony_produktow-48-stunden-serviceinpolen","ikony_produktow-comfortzone-de","ikony_produktow-keramikkartuschede","ikony_produktow-easyclean-de","ikony_produktow-save-money-de","ikony_produktow-save-money","ikony_produktow-o2-de","product_category-badezimmer","product_category-waschbecken","product_category-hohe-waschtischmischer","product_series-tube-de","color-chrome"],"acf":[],"yoast_head":"<!-- This site is optimized with the Yoast SEO plugin v22.2 - https:\/\/yoast.com\/wordpress\/plugins\/seo\/ -->\n<title>WaschtischStandmischbatterie - Valvex<\/title>\n<meta name=\"robots\" content=\"index, follow, max-snippet:-1, max-image-preview:large, max-video-preview:-1\" \/>\n<link rel=\"canonical\" href=\"http:\/\/test.valvex.com\/de\/produkt\/tube-waschtischstandmischbatterie-48814\/\" \/>\n<meta property=\"og:locale\" content=\"de_DE\" \/>\n<meta property=\"og:type\" content=\"article\" \/>\n<meta property=\"og:title\" content=\"WaschtischStandmischbatterie - Valvex\" \/>\n<meta property=\"og:description\" content=\"Eine Schlanke Silhouette in zylindrische formen gekleidet, die durch scharfe, entschlossene Linien bestimmt werden- das ist ein Bild der Moderne. Die Perfektion der Sph\u00e4ren verbindet sich mit der Perfektion der Funktionalit\u00e4t. Der, in der Batterie verwendete, Perlator mit dem EASY-CLEAN System reduziert den Wasserdurchfluss bis zu 4,5l\/Min und macht somit die Rechnungen wesentlich kleiner, aber [&hellip;]\" \/>\n<meta property=\"og:url\" content=\"http:\/\/test.valvex.com\/de\/produkt\/tube-waschtischstandmischbatterie-48814\/\" \/>\n<meta property=\"og:site_name\" content=\"Valvex\" \/>\n<meta property=\"article:modified_time\" content=\"2024-05-16T08:57:58+00:00\" \/>\n<meta property=\"og:image\" content=\"http:\/\/test.valvex.com\/wp-content\/uploads\/2021\/09\/VALVEX_2454820_TUBE_umywalka-wysoka.png\" \/>\n\t<meta property=\"og:image:width\" content=\"800\" \/>\n\t<meta property=\"og:image:height\" content=\"800\" \/>\n\t<meta property=\"og:image:type\" content=\"image\/png\" \/>\n<meta name=\"twitter:card\" content=\"summary_large_image\" \/>\n<meta name=\"twitter:label1\" content=\"Gesch\u00e4tzte Lesezeit\" \/>\n\t<meta name=\"twitter:data1\" content=\"2\u00a0Minuten\" \/>\n<script type=\"application\/ld+json\" class=\"yoast-schema-graph\">{\"@context\":\"https:\/\/schema.org\",\"@graph\":[{\"@type\":\"WebPage\",\"@id\":\"http:\/\/test.valvex.com\/de\/produkt\/tube-waschtischstandmischbatterie-48814\/\",\"url\":\"http:\/\/test.valvex.com\/de\/produkt\/tube-waschtischstandmischbatterie-48814\/\",\"name\":\"WaschtischStandmischbatterie - Valvex\",\"isPartOf\":{\"@id\":\"http:\/\/test.valvex.com\/de\/#website\"},\"primaryImageOfPage\":{\"@id\":\"http:\/\/test.valvex.com\/de\/produkt\/tube-waschtischstandmischbatterie-48814\/#primaryimage\"},\"image\":{\"@id\":\"http:\/\/test.valvex.com\/de\/produkt\/tube-waschtischstandmischbatterie-48814\/#primaryimage\"},\"thumbnailUrl\":\"http:\/\/test.valvex.com\/wp-content\/uploads\/2021\/09\/VALVEX_2454820_TUBE_umywalka-wysoka.png\",\"datePublished\":\"2021-09-24T13:55:42+00:00\",\"dateModified\":\"2024-05-16T08:57:58+00:00\",\"breadcrumb\":{\"@id\":\"http:\/\/test.valvex.com\/de\/produkt\/tube-waschtischstandmischbatterie-48814\/#breadcrumb\"},\"inLanguage\":\"de\",\"potentialAction\":[{\"@type\":\"ReadAction\",\"target\":[\"http:\/\/test.valvex.com\/de\/produkt\/tube-waschtischstandmischbatterie-48814\/\"]}]},{\"@type\":\"ImageObject\",\"inLanguage\":\"de\",\"@id\":\"http:\/\/test.valvex.com\/de\/produkt\/tube-waschtischstandmischbatterie-48814\/#primaryimage\",\"url\":\"http:\/\/test.valvex.com\/wp-content\/uploads\/2021\/09\/VALVEX_2454820_TUBE_umywalka-wysoka.png\",\"contentUrl\":\"http:\/\/test.valvex.com\/wp-content\/uploads\/2021\/09\/VALVEX_2454820_TUBE_umywalka-wysoka.png\",\"width\":800,\"height\":800},{\"@type\":\"BreadcrumbList\",\"@id\":\"http:\/\/test.valvex.com\/de\/produkt\/tube-waschtischstandmischbatterie-48814\/#breadcrumb\",\"itemListElement\":[{\"@type\":\"ListItem\",\"position\":1,\"name\":\"Strona g\u0142\u00f3wna\",\"item\":\"http:\/\/test.valvex.com\/de\/\"},{\"@type\":\"ListItem\",\"position\":2,\"name\":\"Badezimmer\",\"item\":\"http:\/\/test.valvex.com\/de\/oferta\/badezimmer\/\"},{\"@type\":\"ListItem\",\"position\":3,\"name\":\"WaschtischStandmischbatterie\"}]},{\"@type\":\"WebSite\",\"@id\":\"http:\/\/test.valvex.com\/de\/#website\",\"url\":\"http:\/\/test.valvex.com\/de\/\",\"name\":\"Valvex\",\"description\":\"Hersteller von Sanit\u00e4ranlagen und Armaturen\\n\\n\",\"potentialAction\":[{\"@type\":\"SearchAction\",\"target\":{\"@type\":\"EntryPoint\",\"urlTemplate\":\"http:\/\/test.valvex.com\/de\/?s={search_term_string}\"},\"query-input\":\"required name=search_term_string\"}],\"inLanguage\":\"de\"}]}<\/script>\n<!-- \/ Yoast SEO plugin. -->","yoast_head_json":{"title":"WaschtischStandmischbatterie - Valvex","robots":{"index":"index","follow":"follow","max-snippet":"max-snippet:-1","max-image-preview":"max-image-preview:large","max-video-preview":"max-video-preview:-1"},"canonical":"http:\/\/test.valvex.com\/de\/produkt\/tube-waschtischstandmischbatterie-48814\/","og_locale":"de_DE","og_type":"article","og_title":"WaschtischStandmischbatterie - Valvex","og_description":"Eine Schlanke Silhouette in zylindrische formen gekleidet, die durch scharfe, entschlossene Linien bestimmt werden- das ist ein Bild der Moderne. Die Perfektion der Sph\u00e4ren verbindet sich mit der Perfektion der Funktionalit\u00e4t. Der, in der Batterie verwendete, Perlator mit dem EASY-CLEAN System reduziert den Wasserdurchfluss bis zu 4,5l\/Min und macht somit die Rechnungen wesentlich kleiner, aber [&hellip;]","og_url":"http:\/\/test.valvex.com\/de\/produkt\/tube-waschtischstandmischbatterie-48814\/","og_site_name":"Valvex","article_modified_time":"2024-05-16T08:57:58+00:00","og_image":[{"width":800,"height":800,"url":"http:\/\/test.valvex.com\/wp-content\/uploads\/2021\/09\/VALVEX_2454820_TUBE_umywalka-wysoka.png","type":"image\/png"}],"twitter_card":"summary_large_image","twitter_misc":{"Gesch\u00e4tzte Lesezeit":"2\u00a0Minuten"},"schema":{"@context":"https:\/\/schema.org","@graph":[{"@type":"WebPage","@id":"http:\/\/test.valvex.com\/de\/produkt\/tube-waschtischstandmischbatterie-48814\/","url":"http:\/\/test.valvex.com\/de\/produkt\/tube-waschtischstandmischbatterie-48814\/","name":"WaschtischStandmischbatterie - Valvex","isPartOf":{"@id":"http:\/\/test.valvex.com\/de\/#website"},"primaryImageOfPage":{"@id":"http:\/\/test.valvex.com\/de\/produkt\/tube-waschtischstandmischbatterie-48814\/#primaryimage"},"image":{"@id":"http:\/\/test.valvex.com\/de\/produkt\/tube-waschtischstandmischbatterie-48814\/#primaryimage"},"thumbnailUrl":"http:\/\/test.valvex.com\/wp-content\/uploads\/2021\/09\/VALVEX_2454820_TUBE_umywalka-wysoka.png","datePublished":"2021-09-24T13:55:42+00:00","dateModified":"2024-05-16T08:57:58+00:00","breadcrumb":{"@id":"http:\/\/test.valvex.com\/de\/produkt\/tube-waschtischstandmischbatterie-48814\/#breadcrumb"},"inLanguage":"de","potentialAction":[{"@type":"ReadAction","target":["http:\/\/test.valvex.com\/de\/produkt\/tube-waschtischstandmischbatterie-48814\/"]}]},{"@type":"ImageObject","inLanguage":"de","@id":"http:\/\/test.valvex.com\/de\/produkt\/tube-waschtischstandmischbatterie-48814\/#primaryimage","url":"http:\/\/test.valvex.com\/wp-content\/uploads\/2021\/09\/VALVEX_2454820_TUBE_umywalka-wysoka.png","contentUrl":"http:\/\/test.valvex.com\/wp-content\/uploads\/2021\/09\/VALVEX_2454820_TUBE_umywalka-wysoka.png","width":800,"height":800},{"@type":"BreadcrumbList","@id":"http:\/\/test.valvex.com\/de\/produkt\/tube-waschtischstandmischbatterie-48814\/#breadcrumb","itemListElement":[{"@type":"ListItem","position":1,"name":"Strona g\u0142\u00f3wna","item":"http:\/\/test.valvex.com\/de\/"},{"@type":"ListItem","position":2,"name":"Badezimmer","item":"http:\/\/test.valvex.com\/de\/oferta\/badezimmer\/"},{"@type":"ListItem","position":3,"name":"WaschtischStandmischbatterie"}]},{"@type":"WebSite","@id":"http:\/\/test.valvex.com\/de\/#website","url":"http:\/\/test.valvex.com\/de\/","name":"Valvex","description":"Hersteller von Sanit\u00e4ranlagen und Armaturen\n\n","potentialAction":[{"@type":"SearchAction","target":{"@type":"EntryPoint","urlTemplate":"http:\/\/test.valvex.com\/de\/?s={search_term_string}"},"query-input":"required name=search_term_string"}],"inLanguage":"de"}]}},"_links":{"self":[{"href":"http:\/\/test.valvex.com\/de\/wp-json\/wp\/v2\/product\/48814","targetHints":{"allow":["GET"]}}],"collection":[{"href":"http:\/\/test.valvex.com\/de\/wp-json\/wp\/v2\/product"}],"about":[{"href":"http:\/\/test.valvex.com\/de\/wp-json\/wp\/v2\/types\/product"}],"wp:featuredmedia":[{"embeddable":true,"href":"http:\/\/test.valvex.com\/de\/wp-json\/wp\/v2\/media\/68408"}],"wp:attachment":[{"href":"http:\/\/test.valvex.com\/de\/wp-json\/wp\/v2\/media?parent=48814"}],"wp:term":[{"taxonomy":"ikony_produktow","embeddable":true,"href":"http:\/\/test.valvex.com\/de\/wp-json\/wp\/v2\/ikony_produktow?post=48814"},{"taxonomy":"product_category","embeddable":true,"href":"http:\/\/test.valvex.com\/de\/wp-json\/wp\/v2\/product_category?post=48814"},{"taxonomy":"product_series","embeddable":true,"href":"http:\/\/test.valvex.com\/de\/wp-json\/wp\/v2\/product_series?post=48814"},{"taxonomy":"color","embeddable":true,"href":"http:\/\/test.valvex.com\/de\/wp-json\/wp\/v2\/color?post=48814"}],"curies":[{"name":"wp","href":"https:\/\/api.w.org\/{rel}","templated":true}]}}