{"id":48807,"date":"2021-09-24T15:55:21","date_gmt":"2021-09-24T13:55:21","guid":{"rendered":"http:\/\/test.valvex.com\/product\/tube-waschtischstandmischbatterie-mit-automatischer-ablaufgarnitur\/"},"modified":"2024-10-31T10:44:13","modified_gmt":"2024-10-31T09:44:13","slug":"tube-waschtischstandmischbatterie-mit-automatischer-ablaufgarnitur-48807","status":"publish","type":"product","link":"http:\/\/test.valvex.com\/de\/produkt\/tube-waschtischstandmischbatterie-mit-automatischer-ablaufgarnitur-48807\/","title":{"rendered":"WaschtischStandmischbatterie mit automatischer Ablaufgarnitur"},"content":{"rendered":"<h3>Symmetrische, glatte Oberfl\u00e4chen spiegeln die Umgebung.<\/h3>\n<p style=\"text-align: justify;\">Die Formen-Symphonie zeigt sich in einer dezenten, aber entschlossenen Gestalt. Die flie\u00dfende Durchflussregulation, die von einem h\u00f6chstklassigem Keramik-R\u00fchrwerk garantiert wird, ist die Vervollst\u00e4ndigung im Streben nach Perfektion.<\/p>\n<table style=\"border-color: #ffffff; background-color: #ffffff; width: 35.188%; height: 96px;\">\n<tbody>\n<tr style=\"width: 70px;\">\n<td style=\"border-color: #ffffff; height: 24px; width: 2.06186%;\"><\/td>\n<td style=\"border-color: #ffffff; height: 24px; width: 96.2887%;\"><strong>Aerating stream regulator<\/strong><\/td>\n<\/tr>\n<tr style=\"height: 24px;\">\n<td style=\"width: 2.06186%; border-color: #ffffff; height: 24px;\"><\/td>\n<td style=\"border-color: #ffffff; height: 24px; width: 96.2887%;\"><strong>Mixer \/ ceramic head<\/strong><\/td>\n<\/tr>\n<tr style=\"width: 70px;\">\n<td style=\"border-color: #ffffff; height: 24px; width: 2.06186%;\"><\/td>\n<td style=\"border-color: #ffffff; height: 24px; width: 96.2887%;\"><strong>Automatic pop-up drain<\/strong><\/td>\n<\/tr>\n<tr style=\"width: 70px;\">\n<td style=\"border-color: #ffffff; height: 24px; width: 2.06186%;\"><\/td>\n<td style=\"border-color: #ffffff; height: 24px; width: 96.2887%;\"><strong>Stream regulator with the anti-limescale system<\/strong><\/td>\n<\/tr>\n<\/tbody>\n<\/table>\n","protected":false},"featured_media":68403,"template":"","ikony_produktow":[2111,2112,2127,2113,2129,2116],"product_category":[1926,1811,1921],"product_series":[522],"color":[1760],"class_list":["post-48807","product","type-product","status-publish","has-post-thumbnail","hentry","ikony_produktow-25jahregarantie","ikony_produktow-48-stunden-serviceinpolen","ikony_produktow-automatischerclick-clack-ablaufstopfen","ikony_produktow-keramikkartuschede","ikony_produktow-easyclean-de","ikony_produktow-o2-de","product_category-waschtischmischer","product_category-badezimmer","product_category-waschbecken","product_series-tube-de","color-chrome"],"acf":[],"yoast_head":"<!-- This site is optimized with the Yoast SEO plugin v22.2 - https:\/\/yoast.com\/wordpress\/plugins\/seo\/ -->\n<title>WaschtischStandmischbatterie mit automatischer Ablaufgarnitur - Valvex<\/title>\n<meta name=\"robots\" content=\"index, follow, max-snippet:-1, max-image-preview:large, max-video-preview:-1\" \/>\n<link rel=\"canonical\" href=\"http:\/\/test.valvex.com\/de\/produkt\/tube-waschtischstandmischbatterie-mit-automatischer-ablaufgarnitur-48807\/\" \/>\n<meta property=\"og:locale\" content=\"de_DE\" \/>\n<meta property=\"og:type\" content=\"article\" \/>\n<meta property=\"og:title\" content=\"WaschtischStandmischbatterie mit automatischer Ablaufgarnitur - Valvex\" \/>\n<meta property=\"og:description\" content=\"Symmetrische, glatte Oberfl\u00e4chen spiegeln die Umgebung. Die Formen-Symphonie zeigt sich in einer dezenten, aber entschlossenen Gestalt. Die flie\u00dfende Durchflussregulation, die von einem h\u00f6chstklassigem Keramik-R\u00fchrwerk garantiert wird, ist die Vervollst\u00e4ndigung im Streben nach Perfektion. Aerating stream regulator Mixer \/ ceramic head Automatic pop-up drain Stream regulator with the anti-limescale system\" \/>\n<meta property=\"og:url\" content=\"http:\/\/test.valvex.com\/de\/produkt\/tube-waschtischstandmischbatterie-mit-automatischer-ablaufgarnitur-48807\/\" \/>\n<meta property=\"og:site_name\" content=\"Valvex\" \/>\n<meta property=\"article:modified_time\" content=\"2024-10-31T09:44:13+00:00\" \/>\n<meta property=\"og:image\" content=\"http:\/\/test.valvex.com\/wp-content\/uploads\/2021\/09\/VALVEX_2454810_TUBE_umywalka.png\" \/>\n\t<meta property=\"og:image:width\" content=\"800\" \/>\n\t<meta property=\"og:image:height\" content=\"800\" \/>\n\t<meta property=\"og:image:type\" content=\"image\/png\" \/>\n<meta name=\"twitter:card\" content=\"summary_large_image\" \/>\n<meta name=\"twitter:label1\" content=\"Gesch\u00e4tzte Lesezeit\" \/>\n\t<meta name=\"twitter:data1\" content=\"1\u00a0Minute\" \/>\n<script type=\"application\/ld+json\" class=\"yoast-schema-graph\">{\"@context\":\"https:\/\/schema.org\",\"@graph\":[{\"@type\":\"WebPage\",\"@id\":\"http:\/\/test.valvex.com\/de\/produkt\/tube-waschtischstandmischbatterie-mit-automatischer-ablaufgarnitur-48807\/\",\"url\":\"http:\/\/test.valvex.com\/de\/produkt\/tube-waschtischstandmischbatterie-mit-automatischer-ablaufgarnitur-48807\/\",\"name\":\"WaschtischStandmischbatterie mit automatischer Ablaufgarnitur - Valvex\",\"isPartOf\":{\"@id\":\"http:\/\/test.valvex.com\/de\/#website\"},\"primaryImageOfPage\":{\"@id\":\"http:\/\/test.valvex.com\/de\/produkt\/tube-waschtischstandmischbatterie-mit-automatischer-ablaufgarnitur-48807\/#primaryimage\"},\"image\":{\"@id\":\"http:\/\/test.valvex.com\/de\/produkt\/tube-waschtischstandmischbatterie-mit-automatischer-ablaufgarnitur-48807\/#primaryimage\"},\"thumbnailUrl\":\"http:\/\/test.valvex.com\/wp-content\/uploads\/2021\/09\/VALVEX_2454810_TUBE_umywalka.png\",\"datePublished\":\"2021-09-24T13:55:21+00:00\",\"dateModified\":\"2024-10-31T09:44:13+00:00\",\"breadcrumb\":{\"@id\":\"http:\/\/test.valvex.com\/de\/produkt\/tube-waschtischstandmischbatterie-mit-automatischer-ablaufgarnitur-48807\/#breadcrumb\"},\"inLanguage\":\"de\",\"potentialAction\":[{\"@type\":\"ReadAction\",\"target\":[\"http:\/\/test.valvex.com\/de\/produkt\/tube-waschtischstandmischbatterie-mit-automatischer-ablaufgarnitur-48807\/\"]}]},{\"@type\":\"ImageObject\",\"inLanguage\":\"de\",\"@id\":\"http:\/\/test.valvex.com\/de\/produkt\/tube-waschtischstandmischbatterie-mit-automatischer-ablaufgarnitur-48807\/#primaryimage\",\"url\":\"http:\/\/test.valvex.com\/wp-content\/uploads\/2021\/09\/VALVEX_2454810_TUBE_umywalka.png\",\"contentUrl\":\"http:\/\/test.valvex.com\/wp-content\/uploads\/2021\/09\/VALVEX_2454810_TUBE_umywalka.png\",\"width\":800,\"height\":800},{\"@type\":\"BreadcrumbList\",\"@id\":\"http:\/\/test.valvex.com\/de\/produkt\/tube-waschtischstandmischbatterie-mit-automatischer-ablaufgarnitur-48807\/#breadcrumb\",\"itemListElement\":[{\"@type\":\"ListItem\",\"position\":1,\"name\":\"Strona g\u0142\u00f3wna\",\"item\":\"http:\/\/test.valvex.com\/de\/\"},{\"@type\":\"ListItem\",\"position\":2,\"name\":\"Badezimmer\",\"item\":\"http:\/\/test.valvex.com\/de\/oferta\/badezimmer\/\"},{\"@type\":\"ListItem\",\"position\":3,\"name\":\"WaschtischStandmischbatterie mit automatischer Ablaufgarnitur\"}]},{\"@type\":\"WebSite\",\"@id\":\"http:\/\/test.valvex.com\/de\/#website\",\"url\":\"http:\/\/test.valvex.com\/de\/\",\"name\":\"Valvex\",\"description\":\"Hersteller von Sanit\u00e4ranlagen und Armaturen\\n\\n\",\"potentialAction\":[{\"@type\":\"SearchAction\",\"target\":{\"@type\":\"EntryPoint\",\"urlTemplate\":\"http:\/\/test.valvex.com\/de\/?s={search_term_string}\"},\"query-input\":\"required name=search_term_string\"}],\"inLanguage\":\"de\"}]}<\/script>\n<!-- \/ Yoast SEO plugin. -->","yoast_head_json":{"title":"WaschtischStandmischbatterie mit automatischer Ablaufgarnitur - Valvex","robots":{"index":"index","follow":"follow","max-snippet":"max-snippet:-1","max-image-preview":"max-image-preview:large","max-video-preview":"max-video-preview:-1"},"canonical":"http:\/\/test.valvex.com\/de\/produkt\/tube-waschtischstandmischbatterie-mit-automatischer-ablaufgarnitur-48807\/","og_locale":"de_DE","og_type":"article","og_title":"WaschtischStandmischbatterie mit automatischer Ablaufgarnitur - Valvex","og_description":"Symmetrische, glatte Oberfl\u00e4chen spiegeln die Umgebung. Die Formen-Symphonie zeigt sich in einer dezenten, aber entschlossenen Gestalt. Die flie\u00dfende Durchflussregulation, die von einem h\u00f6chstklassigem Keramik-R\u00fchrwerk garantiert wird, ist die Vervollst\u00e4ndigung im Streben nach Perfektion. Aerating stream regulator Mixer \/ ceramic head Automatic pop-up drain Stream regulator with the anti-limescale system","og_url":"http:\/\/test.valvex.com\/de\/produkt\/tube-waschtischstandmischbatterie-mit-automatischer-ablaufgarnitur-48807\/","og_site_name":"Valvex","article_modified_time":"2024-10-31T09:44:13+00:00","og_image":[{"width":800,"height":800,"url":"http:\/\/test.valvex.com\/wp-content\/uploads\/2021\/09\/VALVEX_2454810_TUBE_umywalka.png","type":"image\/png"}],"twitter_card":"summary_large_image","twitter_misc":{"Gesch\u00e4tzte Lesezeit":"1\u00a0Minute"},"schema":{"@context":"https:\/\/schema.org","@graph":[{"@type":"WebPage","@id":"http:\/\/test.valvex.com\/de\/produkt\/tube-waschtischstandmischbatterie-mit-automatischer-ablaufgarnitur-48807\/","url":"http:\/\/test.valvex.com\/de\/produkt\/tube-waschtischstandmischbatterie-mit-automatischer-ablaufgarnitur-48807\/","name":"WaschtischStandmischbatterie mit automatischer Ablaufgarnitur - Valvex","isPartOf":{"@id":"http:\/\/test.valvex.com\/de\/#website"},"primaryImageOfPage":{"@id":"http:\/\/test.valvex.com\/de\/produkt\/tube-waschtischstandmischbatterie-mit-automatischer-ablaufgarnitur-48807\/#primaryimage"},"image":{"@id":"http:\/\/test.valvex.com\/de\/produkt\/tube-waschtischstandmischbatterie-mit-automatischer-ablaufgarnitur-48807\/#primaryimage"},"thumbnailUrl":"http:\/\/test.valvex.com\/wp-content\/uploads\/2021\/09\/VALVEX_2454810_TUBE_umywalka.png","datePublished":"2021-09-24T13:55:21+00:00","dateModified":"2024-10-31T09:44:13+00:00","breadcrumb":{"@id":"http:\/\/test.valvex.com\/de\/produkt\/tube-waschtischstandmischbatterie-mit-automatischer-ablaufgarnitur-48807\/#breadcrumb"},"inLanguage":"de","potentialAction":[{"@type":"ReadAction","target":["http:\/\/test.valvex.com\/de\/produkt\/tube-waschtischstandmischbatterie-mit-automatischer-ablaufgarnitur-48807\/"]}]},{"@type":"ImageObject","inLanguage":"de","@id":"http:\/\/test.valvex.com\/de\/produkt\/tube-waschtischstandmischbatterie-mit-automatischer-ablaufgarnitur-48807\/#primaryimage","url":"http:\/\/test.valvex.com\/wp-content\/uploads\/2021\/09\/VALVEX_2454810_TUBE_umywalka.png","contentUrl":"http:\/\/test.valvex.com\/wp-content\/uploads\/2021\/09\/VALVEX_2454810_TUBE_umywalka.png","width":800,"height":800},{"@type":"BreadcrumbList","@id":"http:\/\/test.valvex.com\/de\/produkt\/tube-waschtischstandmischbatterie-mit-automatischer-ablaufgarnitur-48807\/#breadcrumb","itemListElement":[{"@type":"ListItem","position":1,"name":"Strona g\u0142\u00f3wna","item":"http:\/\/test.valvex.com\/de\/"},{"@type":"ListItem","position":2,"name":"Badezimmer","item":"http:\/\/test.valvex.com\/de\/oferta\/badezimmer\/"},{"@type":"ListItem","position":3,"name":"WaschtischStandmischbatterie mit automatischer Ablaufgarnitur"}]},{"@type":"WebSite","@id":"http:\/\/test.valvex.com\/de\/#website","url":"http:\/\/test.valvex.com\/de\/","name":"Valvex","description":"Hersteller von Sanit\u00e4ranlagen und Armaturen\n\n","potentialAction":[{"@type":"SearchAction","target":{"@type":"EntryPoint","urlTemplate":"http:\/\/test.valvex.com\/de\/?s={search_term_string}"},"query-input":"required name=search_term_string"}],"inLanguage":"de"}]}},"_links":{"self":[{"href":"http:\/\/test.valvex.com\/de\/wp-json\/wp\/v2\/product\/48807","targetHints":{"allow":["GET"]}}],"collection":[{"href":"http:\/\/test.valvex.com\/de\/wp-json\/wp\/v2\/product"}],"about":[{"href":"http:\/\/test.valvex.com\/de\/wp-json\/wp\/v2\/types\/product"}],"wp:featuredmedia":[{"embeddable":true,"href":"http:\/\/test.valvex.com\/de\/wp-json\/wp\/v2\/media\/68403"}],"wp:attachment":[{"href":"http:\/\/test.valvex.com\/de\/wp-json\/wp\/v2\/media?parent=48807"}],"wp:term":[{"taxonomy":"ikony_produktow","embeddable":true,"href":"http:\/\/test.valvex.com\/de\/wp-json\/wp\/v2\/ikony_produktow?post=48807"},{"taxonomy":"product_category","embeddable":true,"href":"http:\/\/test.valvex.com\/de\/wp-json\/wp\/v2\/product_category?post=48807"},{"taxonomy":"product_series","embeddable":true,"href":"http:\/\/test.valvex.com\/de\/wp-json\/wp\/v2\/product_series?post=48807"},{"taxonomy":"color","embeddable":true,"href":"http:\/\/test.valvex.com\/de\/wp-json\/wp\/v2\/color?post=48807"}],"curies":[{"name":"wp","href":"https:\/\/api.w.org\/{rel}","templated":true}]}}