{"id":48738,"date":"2021-02-17T16:38:55","date_gmt":"2021-02-17T15:38:55","guid":{"rendered":"http:\/\/test.valvex.com\/product\/loft-eco-waschtischstandmischbatterie-mit-automatischer-ablaufgarnitur\/"},"modified":"2024-08-20T11:26:19","modified_gmt":"2024-08-20T09:26:19","slug":"loft-waschtischstandmischbatterie-mit-automatischer-ablaufgarnitur-48738","status":"publish","type":"product","link":"http:\/\/test.valvex.com\/de\/produkt\/loft-waschtischstandmischbatterie-mit-automatischer-ablaufgarnitur-48738\/","title":{"rendered":"WaschtischStandmischbatterie mit automatischer Ablaufgarnitur"},"content":{"rendered":"<h3>LOFT ECO ist Sparsamkeit bei jedem Tropfen&#8230;<\/h3>\n<p style=\"text-align: justify;\">LOFT ECO ist Sparsamkeit bei jedem Tropfen&#8230; Die, in den Batterien verwendeten, Perlatoren mit dem EASY-CLEAN System reduzieren den Wasserdurchfluss bis zu 4,5l\/Min und machen somit die Rechnungen wesentlich kleiner, aber nicht den Komfort beim Nutzen &#8211; dieser bleibt n\u00e4mlich unver\u00e4ndert, dank der, zum Wasserstrahl hinzugef\u00fcgten, Luft. \u00a0Der verstellbare Winkel des Ausgusses erm\u00f6glicht die pr\u00e4zise Anpassung des Wasserstrahls zu den pers\u00f6nlichen Bed\u00fcrfnissen, was insbesondre bei gro\u00dfen Waschbecken \u00a0wesentlich ist. Funktionalit\u00e4t und Komfort in einer sch\u00f6nen, kubistischen Form der Batterie eingeschlossen.<\/p>\n<table style=\"border-color: #ffffff; background-color: #ffffff;\">\n<tbody>\n<tr style=\"width: 70px;\">\n<td style=\"border-color: #ffffff;\"><img decoding=\"async\" class=\" aligncenter\" src=\"http:\/\/test.valvex.com\/content\/themes\/valvex\/assets\/img\/product-icons\/o2.png\" \/><\/td>\n<td style=\"border-color: #ffffff;\"><strong>Aerating stream regulator<\/strong><\/td>\n<\/tr>\n<tr>\n<td style=\"width: 70px; border-color: #ffffff;\"><img decoding=\"async\" class=\" aligncenter\" src=\"http:\/\/test.valvex.com\/content\/themes\/valvex\/assets\/img\/product-icons\/hcceramic.png\" \/><\/td>\n<td style=\"border-color: #ffffff;\"><strong>Mixer \/ ceramic head<\/strong><\/td>\n<\/tr>\n<tr style=\"width: 70px;\">\n<td style=\"border-color: #ffffff;\"><img decoding=\"async\" class=\" aligncenter\" src=\"http:\/\/test.valvex.com\/content\/themes\/valvex\/assets\/img\/product-icons\/click.png\" \/><\/td>\n<td style=\"border-color: #ffffff;\"><strong>Automatic pop-up drain<\/strong><\/td>\n<\/tr>\n<tr style=\"width: 70px;\">\n<td style=\"border-color: #ffffff;\"><img decoding=\"async\" class=\" aligncenter\" src=\"http:\/\/test.valvex.com\/content\/themes\/valvex\/assets\/img\/product-icons\/flow.png\" \/><\/td>\n<td style=\"border-color: #ffffff;\"><strong>Stream regulator with the anti-limescale system<\/strong><\/td>\n<\/tr>\n<tr style=\"width: 70px;\">\n<td style=\"border-color: #ffffff;\"><img decoding=\"async\" class=\" aligncenter\" src=\"http:\/\/test.valvex.com\/content\/themes\/valvex\/assets\/img\/product-icons\/easyclean.png\" \/><\/td>\n<td style=\"border-color: #ffffff;\"><strong>Stream regulator with the anti-limescale system<\/strong><\/td>\n<\/tr>\n<\/tbody>\n<\/table>\n","protected":false},"featured_media":68271,"template":"","ikony_produktow":[2111,2112,2127,2115,2113,2117,2116],"product_category":[1926,1811,1921],"product_series":[516],"color":[1760],"class_list":["post-48738","product","type-product","status-publish","has-post-thumbnail","hentry","ikony_produktow-25jahregarantie","ikony_produktow-48-stunden-serviceinpolen","ikony_produktow-automatischerclick-clack-ablaufstopfen","ikony_produktow-easyfix-de","ikony_produktow-keramikkartuschede","ikony_produktow-save-money-de","ikony_produktow-o2-de","product_category-waschtischmischer","product_category-badezimmer","product_category-waschbecken","product_series-loft-de","color-chrome"],"acf":[],"yoast_head":"<!-- This site is optimized with the Yoast SEO plugin v22.2 - https:\/\/yoast.com\/wordpress\/plugins\/seo\/ -->\n<title>WaschtischStandmischbatterie mit automatischer Ablaufgarnitur - Valvex<\/title>\n<meta name=\"robots\" content=\"index, follow, max-snippet:-1, max-image-preview:large, max-video-preview:-1\" \/>\n<link rel=\"canonical\" href=\"http:\/\/test.valvex.com\/de\/produkt\/loft-waschtischstandmischbatterie-mit-automatischer-ablaufgarnitur-48738\/\" \/>\n<meta property=\"og:locale\" content=\"de_DE\" \/>\n<meta property=\"og:type\" content=\"article\" \/>\n<meta property=\"og:title\" content=\"WaschtischStandmischbatterie mit automatischer Ablaufgarnitur - Valvex\" \/>\n<meta property=\"og:description\" content=\"LOFT ECO ist Sparsamkeit bei jedem Tropfen&#8230; LOFT ECO ist Sparsamkeit bei jedem Tropfen&#8230; Die, in den Batterien verwendeten, Perlatoren mit dem EASY-CLEAN System reduzieren den Wasserdurchfluss bis zu 4,5l\/Min und machen somit die Rechnungen wesentlich kleiner, aber nicht den Komfort beim Nutzen &#8211; dieser bleibt n\u00e4mlich unver\u00e4ndert, dank der, zum Wasserstrahl hinzugef\u00fcgten, Luft. \u00a0Der [&hellip;]\" \/>\n<meta property=\"og:url\" content=\"http:\/\/test.valvex.com\/de\/produkt\/loft-waschtischstandmischbatterie-mit-automatischer-ablaufgarnitur-48738\/\" \/>\n<meta property=\"og:site_name\" content=\"Valvex\" \/>\n<meta property=\"article:modified_time\" content=\"2024-08-20T09:26:19+00:00\" \/>\n<meta property=\"og:image\" content=\"http:\/\/test.valvex.com\/wp-content\/uploads\/2021\/02\/VALVEX_2454900_LOFT_umywalka.png\" \/>\n\t<meta property=\"og:image:width\" content=\"800\" \/>\n\t<meta property=\"og:image:height\" content=\"800\" \/>\n\t<meta property=\"og:image:type\" content=\"image\/png\" \/>\n<meta name=\"twitter:card\" content=\"summary_large_image\" \/>\n<meta name=\"twitter:label1\" content=\"Gesch\u00e4tzte Lesezeit\" \/>\n\t<meta name=\"twitter:data1\" content=\"2\u00a0Minuten\" \/>\n<script type=\"application\/ld+json\" class=\"yoast-schema-graph\">{\"@context\":\"https:\/\/schema.org\",\"@graph\":[{\"@type\":\"WebPage\",\"@id\":\"http:\/\/test.valvex.com\/de\/produkt\/loft-waschtischstandmischbatterie-mit-automatischer-ablaufgarnitur-48738\/\",\"url\":\"http:\/\/test.valvex.com\/de\/produkt\/loft-waschtischstandmischbatterie-mit-automatischer-ablaufgarnitur-48738\/\",\"name\":\"WaschtischStandmischbatterie mit automatischer Ablaufgarnitur - Valvex\",\"isPartOf\":{\"@id\":\"http:\/\/test.valvex.com\/de\/#website\"},\"primaryImageOfPage\":{\"@id\":\"http:\/\/test.valvex.com\/de\/produkt\/loft-waschtischstandmischbatterie-mit-automatischer-ablaufgarnitur-48738\/#primaryimage\"},\"image\":{\"@id\":\"http:\/\/test.valvex.com\/de\/produkt\/loft-waschtischstandmischbatterie-mit-automatischer-ablaufgarnitur-48738\/#primaryimage\"},\"thumbnailUrl\":\"http:\/\/test.valvex.com\/wp-content\/uploads\/2021\/02\/VALVEX_2454900_LOFT_umywalka.png\",\"datePublished\":\"2021-02-17T15:38:55+00:00\",\"dateModified\":\"2024-08-20T09:26:19+00:00\",\"breadcrumb\":{\"@id\":\"http:\/\/test.valvex.com\/de\/produkt\/loft-waschtischstandmischbatterie-mit-automatischer-ablaufgarnitur-48738\/#breadcrumb\"},\"inLanguage\":\"de\",\"potentialAction\":[{\"@type\":\"ReadAction\",\"target\":[\"http:\/\/test.valvex.com\/de\/produkt\/loft-waschtischstandmischbatterie-mit-automatischer-ablaufgarnitur-48738\/\"]}]},{\"@type\":\"ImageObject\",\"inLanguage\":\"de\",\"@id\":\"http:\/\/test.valvex.com\/de\/produkt\/loft-waschtischstandmischbatterie-mit-automatischer-ablaufgarnitur-48738\/#primaryimage\",\"url\":\"http:\/\/test.valvex.com\/wp-content\/uploads\/2021\/02\/VALVEX_2454900_LOFT_umywalka.png\",\"contentUrl\":\"http:\/\/test.valvex.com\/wp-content\/uploads\/2021\/02\/VALVEX_2454900_LOFT_umywalka.png\",\"width\":800,\"height\":800},{\"@type\":\"BreadcrumbList\",\"@id\":\"http:\/\/test.valvex.com\/de\/produkt\/loft-waschtischstandmischbatterie-mit-automatischer-ablaufgarnitur-48738\/#breadcrumb\",\"itemListElement\":[{\"@type\":\"ListItem\",\"position\":1,\"name\":\"Strona g\u0142\u00f3wna\",\"item\":\"http:\/\/test.valvex.com\/de\/\"},{\"@type\":\"ListItem\",\"position\":2,\"name\":\"Badezimmer\",\"item\":\"http:\/\/test.valvex.com\/de\/oferta\/badezimmer\/\"},{\"@type\":\"ListItem\",\"position\":3,\"name\":\"WaschtischStandmischbatterie mit automatischer Ablaufgarnitur\"}]},{\"@type\":\"WebSite\",\"@id\":\"http:\/\/test.valvex.com\/de\/#website\",\"url\":\"http:\/\/test.valvex.com\/de\/\",\"name\":\"Valvex\",\"description\":\"Hersteller von Sanit\u00e4ranlagen und Armaturen\\n\\n\",\"potentialAction\":[{\"@type\":\"SearchAction\",\"target\":{\"@type\":\"EntryPoint\",\"urlTemplate\":\"http:\/\/test.valvex.com\/de\/?s={search_term_string}\"},\"query-input\":\"required name=search_term_string\"}],\"inLanguage\":\"de\"}]}<\/script>\n<!-- \/ Yoast SEO plugin. -->","yoast_head_json":{"title":"WaschtischStandmischbatterie mit automatischer Ablaufgarnitur - Valvex","robots":{"index":"index","follow":"follow","max-snippet":"max-snippet:-1","max-image-preview":"max-image-preview:large","max-video-preview":"max-video-preview:-1"},"canonical":"http:\/\/test.valvex.com\/de\/produkt\/loft-waschtischstandmischbatterie-mit-automatischer-ablaufgarnitur-48738\/","og_locale":"de_DE","og_type":"article","og_title":"WaschtischStandmischbatterie mit automatischer Ablaufgarnitur - Valvex","og_description":"LOFT ECO ist Sparsamkeit bei jedem Tropfen&#8230; LOFT ECO ist Sparsamkeit bei jedem Tropfen&#8230; Die, in den Batterien verwendeten, Perlatoren mit dem EASY-CLEAN System reduzieren den Wasserdurchfluss bis zu 4,5l\/Min und machen somit die Rechnungen wesentlich kleiner, aber nicht den Komfort beim Nutzen &#8211; dieser bleibt n\u00e4mlich unver\u00e4ndert, dank der, zum Wasserstrahl hinzugef\u00fcgten, Luft. \u00a0Der [&hellip;]","og_url":"http:\/\/test.valvex.com\/de\/produkt\/loft-waschtischstandmischbatterie-mit-automatischer-ablaufgarnitur-48738\/","og_site_name":"Valvex","article_modified_time":"2024-08-20T09:26:19+00:00","og_image":[{"width":800,"height":800,"url":"http:\/\/test.valvex.com\/wp-content\/uploads\/2021\/02\/VALVEX_2454900_LOFT_umywalka.png","type":"image\/png"}],"twitter_card":"summary_large_image","twitter_misc":{"Gesch\u00e4tzte Lesezeit":"2\u00a0Minuten"},"schema":{"@context":"https:\/\/schema.org","@graph":[{"@type":"WebPage","@id":"http:\/\/test.valvex.com\/de\/produkt\/loft-waschtischstandmischbatterie-mit-automatischer-ablaufgarnitur-48738\/","url":"http:\/\/test.valvex.com\/de\/produkt\/loft-waschtischstandmischbatterie-mit-automatischer-ablaufgarnitur-48738\/","name":"WaschtischStandmischbatterie mit automatischer Ablaufgarnitur - Valvex","isPartOf":{"@id":"http:\/\/test.valvex.com\/de\/#website"},"primaryImageOfPage":{"@id":"http:\/\/test.valvex.com\/de\/produkt\/loft-waschtischstandmischbatterie-mit-automatischer-ablaufgarnitur-48738\/#primaryimage"},"image":{"@id":"http:\/\/test.valvex.com\/de\/produkt\/loft-waschtischstandmischbatterie-mit-automatischer-ablaufgarnitur-48738\/#primaryimage"},"thumbnailUrl":"http:\/\/test.valvex.com\/wp-content\/uploads\/2021\/02\/VALVEX_2454900_LOFT_umywalka.png","datePublished":"2021-02-17T15:38:55+00:00","dateModified":"2024-08-20T09:26:19+00:00","breadcrumb":{"@id":"http:\/\/test.valvex.com\/de\/produkt\/loft-waschtischstandmischbatterie-mit-automatischer-ablaufgarnitur-48738\/#breadcrumb"},"inLanguage":"de","potentialAction":[{"@type":"ReadAction","target":["http:\/\/test.valvex.com\/de\/produkt\/loft-waschtischstandmischbatterie-mit-automatischer-ablaufgarnitur-48738\/"]}]},{"@type":"ImageObject","inLanguage":"de","@id":"http:\/\/test.valvex.com\/de\/produkt\/loft-waschtischstandmischbatterie-mit-automatischer-ablaufgarnitur-48738\/#primaryimage","url":"http:\/\/test.valvex.com\/wp-content\/uploads\/2021\/02\/VALVEX_2454900_LOFT_umywalka.png","contentUrl":"http:\/\/test.valvex.com\/wp-content\/uploads\/2021\/02\/VALVEX_2454900_LOFT_umywalka.png","width":800,"height":800},{"@type":"BreadcrumbList","@id":"http:\/\/test.valvex.com\/de\/produkt\/loft-waschtischstandmischbatterie-mit-automatischer-ablaufgarnitur-48738\/#breadcrumb","itemListElement":[{"@type":"ListItem","position":1,"name":"Strona g\u0142\u00f3wna","item":"http:\/\/test.valvex.com\/de\/"},{"@type":"ListItem","position":2,"name":"Badezimmer","item":"http:\/\/test.valvex.com\/de\/oferta\/badezimmer\/"},{"@type":"ListItem","position":3,"name":"WaschtischStandmischbatterie mit automatischer Ablaufgarnitur"}]},{"@type":"WebSite","@id":"http:\/\/test.valvex.com\/de\/#website","url":"http:\/\/test.valvex.com\/de\/","name":"Valvex","description":"Hersteller von Sanit\u00e4ranlagen und Armaturen\n\n","potentialAction":[{"@type":"SearchAction","target":{"@type":"EntryPoint","urlTemplate":"http:\/\/test.valvex.com\/de\/?s={search_term_string}"},"query-input":"required name=search_term_string"}],"inLanguage":"de"}]}},"_links":{"self":[{"href":"http:\/\/test.valvex.com\/de\/wp-json\/wp\/v2\/product\/48738","targetHints":{"allow":["GET"]}}],"collection":[{"href":"http:\/\/test.valvex.com\/de\/wp-json\/wp\/v2\/product"}],"about":[{"href":"http:\/\/test.valvex.com\/de\/wp-json\/wp\/v2\/types\/product"}],"wp:featuredmedia":[{"embeddable":true,"href":"http:\/\/test.valvex.com\/de\/wp-json\/wp\/v2\/media\/68271"}],"wp:attachment":[{"href":"http:\/\/test.valvex.com\/de\/wp-json\/wp\/v2\/media?parent=48738"}],"wp:term":[{"taxonomy":"ikony_produktow","embeddable":true,"href":"http:\/\/test.valvex.com\/de\/wp-json\/wp\/v2\/ikony_produktow?post=48738"},{"taxonomy":"product_category","embeddable":true,"href":"http:\/\/test.valvex.com\/de\/wp-json\/wp\/v2\/product_category?post=48738"},{"taxonomy":"product_series","embeddable":true,"href":"http:\/\/test.valvex.com\/de\/wp-json\/wp\/v2\/product_series?post=48738"},{"taxonomy":"color","embeddable":true,"href":"http:\/\/test.valvex.com\/de\/wp-json\/wp\/v2\/color?post=48738"}],"curies":[{"name":"wp","href":"https:\/\/api.w.org\/{rel}","templated":true}]}}