{"id":48647,"date":"2021-02-17T16:37:06","date_gmt":"2021-02-17T15:37:06","guid":{"rendered":"http:\/\/test.valvex.com\/product\/vegane-bianco-waschtisch-standmischbatterie-mit-ablaufgarnitur\/"},"modified":"2024-08-20T11:26:51","modified_gmt":"2024-08-20T09:26:51","slug":"vegane-waschtisch-standmischbatterie-mit-ablaufgarnitur-48647","status":"publish","type":"product","link":"http:\/\/test.valvex.com\/de\/produkt\/vegane-waschtisch-standmischbatterie-mit-ablaufgarnitur-48647\/","title":{"rendered":"Waschtisch-Standmischbatterie mit Ablaufgarnitur"},"content":{"rendered":"<h3>Die zeit\u00fcbergreifende wei\u00dfe Farbe bildet zusammen mit der modernen, minimalistischen Form, eine ideale Batterie f\u00fcr den heutigen Raum.<\/h3>\n<p style=\"text-align: justify;\">Sie passt zu anderen Farben, intrigiert mit der matten, strukturierten Au\u00dfenschicht. All das mit h\u00f6chster Produktionsqualit\u00e4t \u00a0verbunden. Pr\u00e4zision in jedem Zoll.<\/p>\n<table style=\"border-color: #ffffff; background-color: #ffffff;\">\n<tbody>\n<tr style=\"width: 70px;\">\n<td style=\"border-color: #ffffff;\"><img decoding=\"async\" class=\" aligncenter\" src=\"http:\/\/test.valvex.com\/content\/themes\/valvex\/assets\/img\/product-icons\/o2.png\" \/><\/td>\n<td style=\"border-color: #ffffff;\"><strong>Aerating stream regulator<\/strong><\/td>\n<\/tr>\n<tr>\n<td style=\"width: 70px; border-color: #ffffff;\"><img decoding=\"async\" class=\" aligncenter\" src=\"http:\/\/test.valvex.com\/content\/themes\/valvex\/assets\/img\/product-icons\/hcceramic.png\" \/><\/td>\n<td style=\"border-color: #ffffff;\"><strong>Mixer \/ ceramic head<\/strong><\/td>\n<\/tr>\n<tr style=\"width: 70px;\">\n<td style=\"border-color: #ffffff;\"><img decoding=\"async\" class=\" aligncenter\" src=\"http:\/\/test.valvex.com\/content\/themes\/valvex\/assets\/img\/product-icons\/zesp.png\" \/><\/td>\n<td style=\"border-color: #ffffff;\"><strong>Drain assembly with pulling rod<\/strong><\/td>\n<\/tr>\n<\/tbody>\n<\/table>\n","protected":false},"featured_media":75762,"template":"","ikony_produktow":[2111,2112,2113,2116],"product_category":[1926,1811,1921],"product_series":[498],"color":[],"class_list":["post-48647","product","type-product","status-publish","has-post-thumbnail","hentry","ikony_produktow-25jahregarantie","ikony_produktow-48-stunden-serviceinpolen","ikony_produktow-keramikkartuschede","ikony_produktow-o2-de","product_category-waschtischmischer","product_category-badezimmer","product_category-waschbecken","product_series-vegane-de"],"acf":[],"yoast_head":"<!-- This site is optimized with the Yoast SEO plugin v22.2 - https:\/\/yoast.com\/wordpress\/plugins\/seo\/ -->\n<title>Waschtisch-Standmischbatterie mit Ablaufgarnitur - Valvex<\/title>\n<meta name=\"robots\" content=\"index, follow, max-snippet:-1, max-image-preview:large, max-video-preview:-1\" \/>\n<link rel=\"canonical\" href=\"http:\/\/test.valvex.com\/de\/produkt\/vegane-waschtisch-standmischbatterie-mit-ablaufgarnitur-48647\/\" \/>\n<meta property=\"og:locale\" content=\"de_DE\" \/>\n<meta property=\"og:type\" content=\"article\" \/>\n<meta property=\"og:title\" content=\"Waschtisch-Standmischbatterie mit Ablaufgarnitur - Valvex\" \/>\n<meta property=\"og:description\" content=\"Die zeit\u00fcbergreifende wei\u00dfe Farbe bildet zusammen mit der modernen, minimalistischen Form, eine ideale Batterie f\u00fcr den heutigen Raum. Sie passt zu anderen Farben, intrigiert mit der matten, strukturierten Au\u00dfenschicht. All das mit h\u00f6chster Produktionsqualit\u00e4t \u00a0verbunden. Pr\u00e4zision in jedem Zoll. Aerating stream regulator Mixer \/ ceramic head Drain assembly with pulling rod\" \/>\n<meta property=\"og:url\" content=\"http:\/\/test.valvex.com\/de\/produkt\/vegane-waschtisch-standmischbatterie-mit-ablaufgarnitur-48647\/\" \/>\n<meta property=\"og:site_name\" content=\"Valvex\" \/>\n<meta property=\"article:modified_time\" content=\"2024-08-20T09:26:51+00:00\" \/>\n<meta property=\"og:image\" content=\"http:\/\/test.valvex.com\/wp-content\/uploads\/2022\/03\/2423300.jpg\" \/>\n\t<meta property=\"og:image:width\" content=\"650\" \/>\n\t<meta property=\"og:image:height\" content=\"415\" \/>\n\t<meta property=\"og:image:type\" content=\"image\/jpeg\" \/>\n<meta name=\"twitter:card\" content=\"summary_large_image\" \/>\n<meta name=\"twitter:label1\" content=\"Gesch\u00e4tzte Lesezeit\" \/>\n\t<meta name=\"twitter:data1\" content=\"2\u00a0Minuten\" \/>\n<script type=\"application\/ld+json\" class=\"yoast-schema-graph\">{\"@context\":\"https:\/\/schema.org\",\"@graph\":[{\"@type\":\"WebPage\",\"@id\":\"http:\/\/test.valvex.com\/de\/produkt\/vegane-waschtisch-standmischbatterie-mit-ablaufgarnitur-48647\/\",\"url\":\"http:\/\/test.valvex.com\/de\/produkt\/vegane-waschtisch-standmischbatterie-mit-ablaufgarnitur-48647\/\",\"name\":\"Waschtisch-Standmischbatterie mit Ablaufgarnitur - Valvex\",\"isPartOf\":{\"@id\":\"http:\/\/test.valvex.com\/de\/#website\"},\"primaryImageOfPage\":{\"@id\":\"http:\/\/test.valvex.com\/de\/produkt\/vegane-waschtisch-standmischbatterie-mit-ablaufgarnitur-48647\/#primaryimage\"},\"image\":{\"@id\":\"http:\/\/test.valvex.com\/de\/produkt\/vegane-waschtisch-standmischbatterie-mit-ablaufgarnitur-48647\/#primaryimage\"},\"thumbnailUrl\":\"http:\/\/test.valvex.com\/wp-content\/uploads\/2021\/02\/bianco2423300.png\",\"datePublished\":\"2021-02-17T15:37:06+00:00\",\"dateModified\":\"2024-08-20T09:26:51+00:00\",\"breadcrumb\":{\"@id\":\"http:\/\/test.valvex.com\/de\/produkt\/vegane-waschtisch-standmischbatterie-mit-ablaufgarnitur-48647\/#breadcrumb\"},\"inLanguage\":\"de\",\"potentialAction\":[{\"@type\":\"ReadAction\",\"target\":[\"http:\/\/test.valvex.com\/de\/produkt\/vegane-waschtisch-standmischbatterie-mit-ablaufgarnitur-48647\/\"]}]},{\"@type\":\"ImageObject\",\"inLanguage\":\"de\",\"@id\":\"http:\/\/test.valvex.com\/de\/produkt\/vegane-waschtisch-standmischbatterie-mit-ablaufgarnitur-48647\/#primaryimage\",\"url\":\"http:\/\/test.valvex.com\/wp-content\/uploads\/2021\/02\/bianco2423300.png\",\"contentUrl\":\"http:\/\/test.valvex.com\/wp-content\/uploads\/2021\/02\/bianco2423300.png\",\"width\":800,\"height\":800},{\"@type\":\"BreadcrumbList\",\"@id\":\"http:\/\/test.valvex.com\/de\/produkt\/vegane-waschtisch-standmischbatterie-mit-ablaufgarnitur-48647\/#breadcrumb\",\"itemListElement\":[{\"@type\":\"ListItem\",\"position\":1,\"name\":\"Strona g\u0142\u00f3wna\",\"item\":\"http:\/\/test.valvex.com\/de\/\"},{\"@type\":\"ListItem\",\"position\":2,\"name\":\"Badezimmer\",\"item\":\"http:\/\/test.valvex.com\/de\/oferta\/badezimmer\/\"},{\"@type\":\"ListItem\",\"position\":3,\"name\":\"Waschtisch-Standmischbatterie mit Ablaufgarnitur\"}]},{\"@type\":\"WebSite\",\"@id\":\"http:\/\/test.valvex.com\/de\/#website\",\"url\":\"http:\/\/test.valvex.com\/de\/\",\"name\":\"Valvex\",\"description\":\"Hersteller von Sanit\u00e4ranlagen und Armaturen\\n\\n\",\"potentialAction\":[{\"@type\":\"SearchAction\",\"target\":{\"@type\":\"EntryPoint\",\"urlTemplate\":\"http:\/\/test.valvex.com\/de\/?s={search_term_string}\"},\"query-input\":\"required name=search_term_string\"}],\"inLanguage\":\"de\"}]}<\/script>\n<!-- \/ Yoast SEO plugin. -->","yoast_head_json":{"title":"Waschtisch-Standmischbatterie mit Ablaufgarnitur - Valvex","robots":{"index":"index","follow":"follow","max-snippet":"max-snippet:-1","max-image-preview":"max-image-preview:large","max-video-preview":"max-video-preview:-1"},"canonical":"http:\/\/test.valvex.com\/de\/produkt\/vegane-waschtisch-standmischbatterie-mit-ablaufgarnitur-48647\/","og_locale":"de_DE","og_type":"article","og_title":"Waschtisch-Standmischbatterie mit Ablaufgarnitur - Valvex","og_description":"Die zeit\u00fcbergreifende wei\u00dfe Farbe bildet zusammen mit der modernen, minimalistischen Form, eine ideale Batterie f\u00fcr den heutigen Raum. Sie passt zu anderen Farben, intrigiert mit der matten, strukturierten Au\u00dfenschicht. All das mit h\u00f6chster Produktionsqualit\u00e4t \u00a0verbunden. Pr\u00e4zision in jedem Zoll. Aerating stream regulator Mixer \/ ceramic head Drain assembly with pulling rod","og_url":"http:\/\/test.valvex.com\/de\/produkt\/vegane-waschtisch-standmischbatterie-mit-ablaufgarnitur-48647\/","og_site_name":"Valvex","article_modified_time":"2024-08-20T09:26:51+00:00","og_image":[{"width":650,"height":415,"url":"http:\/\/test.valvex.com\/wp-content\/uploads\/2022\/03\/2423300.jpg","type":"image\/jpeg"}],"twitter_card":"summary_large_image","twitter_misc":{"Gesch\u00e4tzte Lesezeit":"2\u00a0Minuten"},"schema":{"@context":"https:\/\/schema.org","@graph":[{"@type":"WebPage","@id":"http:\/\/test.valvex.com\/de\/produkt\/vegane-waschtisch-standmischbatterie-mit-ablaufgarnitur-48647\/","url":"http:\/\/test.valvex.com\/de\/produkt\/vegane-waschtisch-standmischbatterie-mit-ablaufgarnitur-48647\/","name":"Waschtisch-Standmischbatterie mit Ablaufgarnitur - Valvex","isPartOf":{"@id":"http:\/\/test.valvex.com\/de\/#website"},"primaryImageOfPage":{"@id":"http:\/\/test.valvex.com\/de\/produkt\/vegane-waschtisch-standmischbatterie-mit-ablaufgarnitur-48647\/#primaryimage"},"image":{"@id":"http:\/\/test.valvex.com\/de\/produkt\/vegane-waschtisch-standmischbatterie-mit-ablaufgarnitur-48647\/#primaryimage"},"thumbnailUrl":"http:\/\/test.valvex.com\/wp-content\/uploads\/2021\/02\/bianco2423300.png","datePublished":"2021-02-17T15:37:06+00:00","dateModified":"2024-08-20T09:26:51+00:00","breadcrumb":{"@id":"http:\/\/test.valvex.com\/de\/produkt\/vegane-waschtisch-standmischbatterie-mit-ablaufgarnitur-48647\/#breadcrumb"},"inLanguage":"de","potentialAction":[{"@type":"ReadAction","target":["http:\/\/test.valvex.com\/de\/produkt\/vegane-waschtisch-standmischbatterie-mit-ablaufgarnitur-48647\/"]}]},{"@type":"ImageObject","inLanguage":"de","@id":"http:\/\/test.valvex.com\/de\/produkt\/vegane-waschtisch-standmischbatterie-mit-ablaufgarnitur-48647\/#primaryimage","url":"http:\/\/test.valvex.com\/wp-content\/uploads\/2021\/02\/bianco2423300.png","contentUrl":"http:\/\/test.valvex.com\/wp-content\/uploads\/2021\/02\/bianco2423300.png","width":800,"height":800},{"@type":"BreadcrumbList","@id":"http:\/\/test.valvex.com\/de\/produkt\/vegane-waschtisch-standmischbatterie-mit-ablaufgarnitur-48647\/#breadcrumb","itemListElement":[{"@type":"ListItem","position":1,"name":"Strona g\u0142\u00f3wna","item":"http:\/\/test.valvex.com\/de\/"},{"@type":"ListItem","position":2,"name":"Badezimmer","item":"http:\/\/test.valvex.com\/de\/oferta\/badezimmer\/"},{"@type":"ListItem","position":3,"name":"Waschtisch-Standmischbatterie mit Ablaufgarnitur"}]},{"@type":"WebSite","@id":"http:\/\/test.valvex.com\/de\/#website","url":"http:\/\/test.valvex.com\/de\/","name":"Valvex","description":"Hersteller von Sanit\u00e4ranlagen und Armaturen\n\n","potentialAction":[{"@type":"SearchAction","target":{"@type":"EntryPoint","urlTemplate":"http:\/\/test.valvex.com\/de\/?s={search_term_string}"},"query-input":"required name=search_term_string"}],"inLanguage":"de"}]}},"_links":{"self":[{"href":"http:\/\/test.valvex.com\/de\/wp-json\/wp\/v2\/product\/48647","targetHints":{"allow":["GET"]}}],"collection":[{"href":"http:\/\/test.valvex.com\/de\/wp-json\/wp\/v2\/product"}],"about":[{"href":"http:\/\/test.valvex.com\/de\/wp-json\/wp\/v2\/types\/product"}],"wp:featuredmedia":[{"embeddable":true,"href":"http:\/\/test.valvex.com\/de\/wp-json\/wp\/v2\/media\/75762"}],"wp:attachment":[{"href":"http:\/\/test.valvex.com\/de\/wp-json\/wp\/v2\/media?parent=48647"}],"wp:term":[{"taxonomy":"ikony_produktow","embeddable":true,"href":"http:\/\/test.valvex.com\/de\/wp-json\/wp\/v2\/ikony_produktow?post=48647"},{"taxonomy":"product_category","embeddable":true,"href":"http:\/\/test.valvex.com\/de\/wp-json\/wp\/v2\/product_category?post=48647"},{"taxonomy":"product_series","embeddable":true,"href":"http:\/\/test.valvex.com\/de\/wp-json\/wp\/v2\/product_series?post=48647"},{"taxonomy":"color","embeddable":true,"href":"http:\/\/test.valvex.com\/de\/wp-json\/wp\/v2\/color?post=48647"}],"curies":[{"name":"wp","href":"https:\/\/api.w.org\/{rel}","templated":true}]}}