{"id":48612,"date":"2021-02-17T16:36:28","date_gmt":"2021-02-17T15:36:28","guid":{"rendered":"http:\/\/test.valvex.com\/product\/vegane-brause-wand-mischbatterie-mit-garnitur\/"},"modified":"2024-07-08T14:59:46","modified_gmt":"2024-07-08T12:59:46","slug":"vegane-brause-wand-mischbatterie-mit-garnitur-48612","status":"publish","type":"product","link":"http:\/\/test.valvex.com\/de\/produkt\/vegane-brause-wand-mischbatterie-mit-garnitur-48612\/","title":{"rendered":"Brause-Wand-Mischbatterie mit Garnitur"},"content":{"rendered":"<h3>Die simple Form strahlt mit Frische.<\/h3>\n<p style=\"text-align: justify;\">Das minimalistische Design der Batterie wird zum Stil-Kennzeichen des ganzen Raumes. Modernit\u00e4t, Expression- mit der zylindrischen Form der Batterie ausgedr\u00fcckt. Sp\u00fcre diese Energie jeden Tag.<\/p>\n<table style=\"border-color: #ffffff; background-color: #ffffff;\">\n<tbody>\n<tr>\n<td style=\"width: 70px; border-color: #ffffff;\"><img decoding=\"async\" class=\" aligncenter\" src=\"http:\/\/test.valvex.com\/content\/themes\/valvex\/assets\/img\/product-icons\/hcceramic.png\" \/><\/td>\n<td style=\"border-color: #ffffff;\"><strong>Mixer \/ ceramic head<\/strong><\/td>\n<\/tr>\n<tr style=\"width: 70px;\">\n<td style=\"border-color: #ffffff;\"><img decoding=\"async\" class=\" aligncenter\" src=\"http:\/\/test.valvex.com\/content\/themes\/valvex\/assets\/img\/product-icons\/natrysk.png\" \/><\/td>\n<td style=\"border-color: #ffffff;\"><strong>Complete mixer with spot shower set<\/strong><\/td>\n<\/tr>\n<\/tbody>\n<\/table>\n","protected":false},"featured_media":48610,"template":"","ikony_produktow":[],"product_category":[1811,1931,1946,1896,1901,443],"product_series":[498],"color":[1760],"class_list":["post-48612","product","type-product","status-publish","has-post-thumbnail","hentry","product_category-badezimmer","product_category-badewanne","product_category-badewannenarmaturen","product_category-dusche","product_category-duscharmaturen","product_category-duschbatterien-bathroom-and-kitchen-area","product_series-vegane-de","color-chrome"],"acf":[],"yoast_head":"<!-- This site is optimized with the Yoast SEO plugin v22.2 - https:\/\/yoast.com\/wordpress\/plugins\/seo\/ -->\n<title>Brause-Wand-Mischbatterie mit Garnitur - Valvex<\/title>\n<meta name=\"robots\" content=\"index, follow, max-snippet:-1, max-image-preview:large, max-video-preview:-1\" \/>\n<link rel=\"canonical\" href=\"http:\/\/test.valvex.com\/de\/produkt\/vegane-brause-wand-mischbatterie-mit-garnitur-48612\/\" \/>\n<meta property=\"og:locale\" content=\"de_DE\" \/>\n<meta property=\"og:type\" content=\"article\" \/>\n<meta property=\"og:title\" content=\"Brause-Wand-Mischbatterie mit Garnitur - Valvex\" \/>\n<meta property=\"og:description\" content=\"Die simple Form strahlt mit Frische. Das minimalistische Design der Batterie wird zum Stil-Kennzeichen des ganzen Raumes. Modernit\u00e4t, Expression- mit der zylindrischen Form der Batterie ausgedr\u00fcckt. Sp\u00fcre diese Energie jeden Tag. Mixer \/ ceramic head Complete mixer with spot shower set\" \/>\n<meta property=\"og:url\" content=\"http:\/\/test.valvex.com\/de\/produkt\/vegane-brause-wand-mischbatterie-mit-garnitur-48612\/\" \/>\n<meta property=\"og:site_name\" content=\"Valvex\" \/>\n<meta property=\"article:modified_time\" content=\"2024-07-08T12:59:46+00:00\" \/>\n<meta property=\"og:image\" content=\"http:\/\/test.valvex.com\/wp-content\/uploads\/2022\/03\/2422870.jpg\" \/>\n\t<meta property=\"og:image:width\" content=\"650\" \/>\n\t<meta property=\"og:image:height\" content=\"415\" \/>\n\t<meta property=\"og:image:type\" content=\"image\/jpeg\" \/>\n<meta name=\"twitter:card\" content=\"summary_large_image\" \/>\n<meta name=\"twitter:label1\" content=\"Gesch\u00e4tzte Lesezeit\" \/>\n\t<meta name=\"twitter:data1\" content=\"1\u00a0Minute\" \/>\n<script type=\"application\/ld+json\" class=\"yoast-schema-graph\">{\"@context\":\"https:\/\/schema.org\",\"@graph\":[{\"@type\":\"WebPage\",\"@id\":\"http:\/\/test.valvex.com\/de\/produkt\/vegane-brause-wand-mischbatterie-mit-garnitur-48612\/\",\"url\":\"http:\/\/test.valvex.com\/de\/produkt\/vegane-brause-wand-mischbatterie-mit-garnitur-48612\/\",\"name\":\"Brause-Wand-Mischbatterie mit Garnitur - Valvex\",\"isPartOf\":{\"@id\":\"http:\/\/test.valvex.com\/de\/#website\"},\"primaryImageOfPage\":{\"@id\":\"http:\/\/test.valvex.com\/de\/produkt\/vegane-brause-wand-mischbatterie-mit-garnitur-48612\/#primaryimage\"},\"image\":{\"@id\":\"http:\/\/test.valvex.com\/de\/produkt\/vegane-brause-wand-mischbatterie-mit-garnitur-48612\/#primaryimage\"},\"thumbnailUrl\":\"http:\/\/test.valvex.com\/wp-content\/uploads\/2022\/03\/2422870.jpg\",\"datePublished\":\"2021-02-17T15:36:28+00:00\",\"dateModified\":\"2024-07-08T12:59:46+00:00\",\"breadcrumb\":{\"@id\":\"http:\/\/test.valvex.com\/de\/produkt\/vegane-brause-wand-mischbatterie-mit-garnitur-48612\/#breadcrumb\"},\"inLanguage\":\"de\",\"potentialAction\":[{\"@type\":\"ReadAction\",\"target\":[\"http:\/\/test.valvex.com\/de\/produkt\/vegane-brause-wand-mischbatterie-mit-garnitur-48612\/\"]}]},{\"@type\":\"ImageObject\",\"inLanguage\":\"de\",\"@id\":\"http:\/\/test.valvex.com\/de\/produkt\/vegane-brause-wand-mischbatterie-mit-garnitur-48612\/#primaryimage\",\"url\":\"http:\/\/test.valvex.com\/wp-content\/uploads\/2022\/03\/2422870.jpg\",\"contentUrl\":\"http:\/\/test.valvex.com\/wp-content\/uploads\/2022\/03\/2422870.jpg\",\"width\":650,\"height\":415},{\"@type\":\"BreadcrumbList\",\"@id\":\"http:\/\/test.valvex.com\/de\/produkt\/vegane-brause-wand-mischbatterie-mit-garnitur-48612\/#breadcrumb\",\"itemListElement\":[{\"@type\":\"ListItem\",\"position\":1,\"name\":\"Strona g\u0142\u00f3wna\",\"item\":\"http:\/\/test.valvex.com\/de\/\"},{\"@type\":\"ListItem\",\"position\":2,\"name\":\"Badezimmer\",\"item\":\"http:\/\/test.valvex.com\/de\/oferta\/badezimmer\/\"},{\"@type\":\"ListItem\",\"position\":3,\"name\":\"Badewanne\",\"item\":\"http:\/\/test.valvex.com\/de\/oferta\/badezimmer\/badewanne\/\"},{\"@type\":\"ListItem\",\"position\":4,\"name\":\"Badewannenarmaturen\",\"item\":\"http:\/\/test.valvex.com\/de\/oferta\/badezimmer\/badewanne\/badewannenarmaturen\/\"},{\"@type\":\"ListItem\",\"position\":5,\"name\":\"Brause-Wand-Mischbatterie mit Garnitur\"}]},{\"@type\":\"WebSite\",\"@id\":\"http:\/\/test.valvex.com\/de\/#website\",\"url\":\"http:\/\/test.valvex.com\/de\/\",\"name\":\"Valvex\",\"description\":\"Hersteller von Sanit\u00e4ranlagen und Armaturen\\n\\n\",\"potentialAction\":[{\"@type\":\"SearchAction\",\"target\":{\"@type\":\"EntryPoint\",\"urlTemplate\":\"http:\/\/test.valvex.com\/de\/?s={search_term_string}\"},\"query-input\":\"required name=search_term_string\"}],\"inLanguage\":\"de\"}]}<\/script>\n<!-- \/ Yoast SEO plugin. -->","yoast_head_json":{"title":"Brause-Wand-Mischbatterie mit Garnitur - Valvex","robots":{"index":"index","follow":"follow","max-snippet":"max-snippet:-1","max-image-preview":"max-image-preview:large","max-video-preview":"max-video-preview:-1"},"canonical":"http:\/\/test.valvex.com\/de\/produkt\/vegane-brause-wand-mischbatterie-mit-garnitur-48612\/","og_locale":"de_DE","og_type":"article","og_title":"Brause-Wand-Mischbatterie mit Garnitur - Valvex","og_description":"Die simple Form strahlt mit Frische. Das minimalistische Design der Batterie wird zum Stil-Kennzeichen des ganzen Raumes. Modernit\u00e4t, Expression- mit der zylindrischen Form der Batterie ausgedr\u00fcckt. Sp\u00fcre diese Energie jeden Tag. Mixer \/ ceramic head Complete mixer with spot shower set","og_url":"http:\/\/test.valvex.com\/de\/produkt\/vegane-brause-wand-mischbatterie-mit-garnitur-48612\/","og_site_name":"Valvex","article_modified_time":"2024-07-08T12:59:46+00:00","og_image":[{"width":650,"height":415,"url":"http:\/\/test.valvex.com\/wp-content\/uploads\/2022\/03\/2422870.jpg","type":"image\/jpeg"}],"twitter_card":"summary_large_image","twitter_misc":{"Gesch\u00e4tzte Lesezeit":"1\u00a0Minute"},"schema":{"@context":"https:\/\/schema.org","@graph":[{"@type":"WebPage","@id":"http:\/\/test.valvex.com\/de\/produkt\/vegane-brause-wand-mischbatterie-mit-garnitur-48612\/","url":"http:\/\/test.valvex.com\/de\/produkt\/vegane-brause-wand-mischbatterie-mit-garnitur-48612\/","name":"Brause-Wand-Mischbatterie mit Garnitur - Valvex","isPartOf":{"@id":"http:\/\/test.valvex.com\/de\/#website"},"primaryImageOfPage":{"@id":"http:\/\/test.valvex.com\/de\/produkt\/vegane-brause-wand-mischbatterie-mit-garnitur-48612\/#primaryimage"},"image":{"@id":"http:\/\/test.valvex.com\/de\/produkt\/vegane-brause-wand-mischbatterie-mit-garnitur-48612\/#primaryimage"},"thumbnailUrl":"http:\/\/test.valvex.com\/wp-content\/uploads\/2022\/03\/2422870.jpg","datePublished":"2021-02-17T15:36:28+00:00","dateModified":"2024-07-08T12:59:46+00:00","breadcrumb":{"@id":"http:\/\/test.valvex.com\/de\/produkt\/vegane-brause-wand-mischbatterie-mit-garnitur-48612\/#breadcrumb"},"inLanguage":"de","potentialAction":[{"@type":"ReadAction","target":["http:\/\/test.valvex.com\/de\/produkt\/vegane-brause-wand-mischbatterie-mit-garnitur-48612\/"]}]},{"@type":"ImageObject","inLanguage":"de","@id":"http:\/\/test.valvex.com\/de\/produkt\/vegane-brause-wand-mischbatterie-mit-garnitur-48612\/#primaryimage","url":"http:\/\/test.valvex.com\/wp-content\/uploads\/2022\/03\/2422870.jpg","contentUrl":"http:\/\/test.valvex.com\/wp-content\/uploads\/2022\/03\/2422870.jpg","width":650,"height":415},{"@type":"BreadcrumbList","@id":"http:\/\/test.valvex.com\/de\/produkt\/vegane-brause-wand-mischbatterie-mit-garnitur-48612\/#breadcrumb","itemListElement":[{"@type":"ListItem","position":1,"name":"Strona g\u0142\u00f3wna","item":"http:\/\/test.valvex.com\/de\/"},{"@type":"ListItem","position":2,"name":"Badezimmer","item":"http:\/\/test.valvex.com\/de\/oferta\/badezimmer\/"},{"@type":"ListItem","position":3,"name":"Badewanne","item":"http:\/\/test.valvex.com\/de\/oferta\/badezimmer\/badewanne\/"},{"@type":"ListItem","position":4,"name":"Badewannenarmaturen","item":"http:\/\/test.valvex.com\/de\/oferta\/badezimmer\/badewanne\/badewannenarmaturen\/"},{"@type":"ListItem","position":5,"name":"Brause-Wand-Mischbatterie mit Garnitur"}]},{"@type":"WebSite","@id":"http:\/\/test.valvex.com\/de\/#website","url":"http:\/\/test.valvex.com\/de\/","name":"Valvex","description":"Hersteller von Sanit\u00e4ranlagen und Armaturen\n\n","potentialAction":[{"@type":"SearchAction","target":{"@type":"EntryPoint","urlTemplate":"http:\/\/test.valvex.com\/de\/?s={search_term_string}"},"query-input":"required name=search_term_string"}],"inLanguage":"de"}]}},"_links":{"self":[{"href":"http:\/\/test.valvex.com\/de\/wp-json\/wp\/v2\/product\/48612","targetHints":{"allow":["GET"]}}],"collection":[{"href":"http:\/\/test.valvex.com\/de\/wp-json\/wp\/v2\/product"}],"about":[{"href":"http:\/\/test.valvex.com\/de\/wp-json\/wp\/v2\/types\/product"}],"wp:featuredmedia":[{"embeddable":true,"href":"http:\/\/test.valvex.com\/de\/wp-json\/wp\/v2\/media\/48610"}],"wp:attachment":[{"href":"http:\/\/test.valvex.com\/de\/wp-json\/wp\/v2\/media?parent=48612"}],"wp:term":[{"taxonomy":"ikony_produktow","embeddable":true,"href":"http:\/\/test.valvex.com\/de\/wp-json\/wp\/v2\/ikony_produktow?post=48612"},{"taxonomy":"product_category","embeddable":true,"href":"http:\/\/test.valvex.com\/de\/wp-json\/wp\/v2\/product_category?post=48612"},{"taxonomy":"product_series","embeddable":true,"href":"http:\/\/test.valvex.com\/de\/wp-json\/wp\/v2\/product_series?post=48612"},{"taxonomy":"color","embeddable":true,"href":"http:\/\/test.valvex.com\/de\/wp-json\/wp\/v2\/color?post=48612"}],"curies":[{"name":"wp","href":"https:\/\/api.w.org\/{rel}","templated":true}]}}