{"id":69581,"date":"2022-04-05T02:24:21","date_gmt":"2022-04-05T00:24:21","guid":{"rendered":"http:\/\/test.valvex.com\/profibereich\/fur-den-investor\/produkty\/"},"modified":"2024-02-14T00:30:06","modified_gmt":"2024-02-13T23:30:06","slug":"produkte","status":"publish","type":"page","link":"http:\/\/test.valvex.com\/de\/profibereich\/fur-den-investor\/produkte\/","title":{"rendered":"Produkte"},"content":{"rendered":"\n<h3 class=\"wp-block-heading\">Produkte finden<\/h3>\n\n\n\n<p>Suchen Sie nach einem bestimmten Produkt oder einer ganzen Serie? M\u00f6chten Sie deren Preise, Farbvarianten und Eigenschaften kennen? Oder planen Sie, verf\u00fcgbare Zubeh\u00f6rteile und Armaturen durchzusehen, um dann ein Set zu erstellen, das zu Ihrer Idee passt? Warten Sie nicht und lernen Sie die Produkte von Valvex mithilfe der untenstehenden Suchmaschine n\u00e4her kennen.<\/p>\n","protected":false},"excerpt":{"rendered":"<p>Produkte finden Suchen Sie nach einem bestimmten Produkt oder einer ganzen Serie? M\u00f6chten Sie deren Preise, Farbvarianten und Eigenschaften kennen? Oder planen Sie, verf\u00fcgbare Zubeh\u00f6rteile und Armaturen durchzusehen, um dann ein Set zu erstellen, das zu Ihrer Idee passt? Warten Sie nicht und lernen Sie die Produkte von Valvex mithilfe der untenstehenden Suchmaschine n\u00e4her kennen.<\/p>\n","protected":false},"author":12,"featured_media":68204,"parent":69553,"menu_order":276,"comment_status":"closed","ping_status":"closed","template":"page-search.php","meta":{"_acf_changed":false,"footnotes":""},"class_list":["post-69581","page","type-page","status-publish","has-post-thumbnail","hentry"],"acf":[],"yoast_head":"<!-- This site is optimized with the Yoast SEO plugin v22.2 - https:\/\/yoast.com\/wordpress\/plugins\/seo\/ -->\n<title>Produkte - Valvex<\/title>\n<meta name=\"robots\" content=\"index, follow, max-snippet:-1, max-image-preview:large, max-video-preview:-1\" \/>\n<link rel=\"canonical\" href=\"http:\/\/test.valvex.com\/de\/profibereich\/fur-den-investor\/produkte\/\" \/>\n<meta property=\"og:locale\" content=\"de_DE\" \/>\n<meta property=\"og:type\" content=\"article\" \/>\n<meta property=\"og:title\" content=\"Produkte - Valvex\" \/>\n<meta property=\"og:description\" content=\"Produkte finden Suchen Sie nach einem bestimmten Produkt oder einer ganzen Serie? M\u00f6chten Sie deren Preise, Farbvarianten und Eigenschaften kennen? Oder planen Sie, verf\u00fcgbare Zubeh\u00f6rteile und Armaturen durchzusehen, um dann ein Set zu erstellen, das zu Ihrer Idee passt? Warten Sie nicht und lernen Sie die Produkte von Valvex mithilfe der untenstehenden Suchmaschine n\u00e4her kennen.\" \/>\n<meta property=\"og:url\" content=\"http:\/\/test.valvex.com\/de\/profibereich\/fur-den-investor\/produkte\/\" \/>\n<meta property=\"og:site_name\" content=\"Valvex\" \/>\n<meta property=\"article:modified_time\" content=\"2024-02-13T23:30:06+00:00\" \/>\n<meta property=\"og:image\" content=\"http:\/\/test.valvex.com\/wp-content\/uploads\/2022\/06\/Valvex-dla-inwestora.jpg\" \/>\n\t<meta property=\"og:image:width\" content=\"2400\" \/>\n\t<meta property=\"og:image:height\" content=\"843\" \/>\n\t<meta property=\"og:image:type\" content=\"image\/jpeg\" \/>\n<meta name=\"twitter:card\" content=\"summary_large_image\" \/>\n<meta name=\"twitter:label1\" content=\"Gesch\u00e4tzte Lesezeit\" \/>\n\t<meta name=\"twitter:data1\" content=\"1\u00a0Minute\" \/>\n<script type=\"application\/ld+json\" class=\"yoast-schema-graph\">{\"@context\":\"https:\/\/schema.org\",\"@graph\":[{\"@type\":\"WebPage\",\"@id\":\"http:\/\/test.valvex.com\/de\/profibereich\/fur-den-investor\/produkte\/\",\"url\":\"http:\/\/test.valvex.com\/de\/profibereich\/fur-den-investor\/produkte\/\",\"name\":\"Produkte - Valvex\",\"isPartOf\":{\"@id\":\"http:\/\/test.valvex.com\/de\/#website\"},\"primaryImageOfPage\":{\"@id\":\"http:\/\/test.valvex.com\/de\/profibereich\/fur-den-investor\/produkte\/#primaryimage\"},\"image\":{\"@id\":\"http:\/\/test.valvex.com\/de\/profibereich\/fur-den-investor\/produkte\/#primaryimage\"},\"thumbnailUrl\":\"http:\/\/test.valvex.com\/wp-content\/uploads\/2022\/06\/Valvex-dla-inwestora.jpg\",\"datePublished\":\"2022-04-05T00:24:21+00:00\",\"dateModified\":\"2024-02-13T23:30:06+00:00\",\"breadcrumb\":{\"@id\":\"http:\/\/test.valvex.com\/de\/profibereich\/fur-den-investor\/produkte\/#breadcrumb\"},\"inLanguage\":\"de\",\"potentialAction\":[{\"@type\":\"ReadAction\",\"target\":[\"http:\/\/test.valvex.com\/de\/profibereich\/fur-den-investor\/produkte\/\"]}]},{\"@type\":\"ImageObject\",\"inLanguage\":\"de\",\"@id\":\"http:\/\/test.valvex.com\/de\/profibereich\/fur-den-investor\/produkte\/#primaryimage\",\"url\":\"http:\/\/test.valvex.com\/wp-content\/uploads\/2022\/06\/Valvex-dla-inwestora.jpg\",\"contentUrl\":\"http:\/\/test.valvex.com\/wp-content\/uploads\/2022\/06\/Valvex-dla-inwestora.jpg\",\"width\":2400,\"height\":843},{\"@type\":\"BreadcrumbList\",\"@id\":\"http:\/\/test.valvex.com\/de\/profibereich\/fur-den-investor\/produkte\/#breadcrumb\",\"itemListElement\":[{\"@type\":\"ListItem\",\"position\":1,\"name\":\"Strona g\u0142\u00f3wna\",\"item\":\"http:\/\/test.valvex.com\/de\/\"},{\"@type\":\"ListItem\",\"position\":2,\"name\":\"Profibereich\",\"item\":\"http:\/\/test.valvex.com\/de\/strefa-profesjonalisty\/\"},{\"@type\":\"ListItem\",\"position\":3,\"name\":\"F\u00fcr den Investor\",\"item\":\"http:\/\/test.valvex.com\/de\/strefa-profesjonalisty\/strefa-inwestora\/\"},{\"@type\":\"ListItem\",\"position\":4,\"name\":\"Produkte\"}]},{\"@type\":\"WebSite\",\"@id\":\"http:\/\/test.valvex.com\/de\/#website\",\"url\":\"http:\/\/test.valvex.com\/de\/\",\"name\":\"Valvex\",\"description\":\"Hersteller von Sanit\u00e4ranlagen und Armaturen\\n\\n\",\"potentialAction\":[{\"@type\":\"SearchAction\",\"target\":{\"@type\":\"EntryPoint\",\"urlTemplate\":\"http:\/\/test.valvex.com\/de\/?s={search_term_string}\"},\"query-input\":\"required name=search_term_string\"}],\"inLanguage\":\"de\"}]}<\/script>\n<!-- \/ Yoast SEO plugin. -->","yoast_head_json":{"title":"Produkte - Valvex","robots":{"index":"index","follow":"follow","max-snippet":"max-snippet:-1","max-image-preview":"max-image-preview:large","max-video-preview":"max-video-preview:-1"},"canonical":"http:\/\/test.valvex.com\/de\/profibereich\/fur-den-investor\/produkte\/","og_locale":"de_DE","og_type":"article","og_title":"Produkte - Valvex","og_description":"Produkte finden Suchen Sie nach einem bestimmten Produkt oder einer ganzen Serie? M\u00f6chten Sie deren Preise, Farbvarianten und Eigenschaften kennen? Oder planen Sie, verf\u00fcgbare Zubeh\u00f6rteile und Armaturen durchzusehen, um dann ein Set zu erstellen, das zu Ihrer Idee passt? Warten Sie nicht und lernen Sie die Produkte von Valvex mithilfe der untenstehenden Suchmaschine n\u00e4her kennen.","og_url":"http:\/\/test.valvex.com\/de\/profibereich\/fur-den-investor\/produkte\/","og_site_name":"Valvex","article_modified_time":"2024-02-13T23:30:06+00:00","og_image":[{"width":2400,"height":843,"url":"http:\/\/test.valvex.com\/wp-content\/uploads\/2022\/06\/Valvex-dla-inwestora.jpg","type":"image\/jpeg"}],"twitter_card":"summary_large_image","twitter_misc":{"Gesch\u00e4tzte Lesezeit":"1\u00a0Minute"},"schema":{"@context":"https:\/\/schema.org","@graph":[{"@type":"WebPage","@id":"http:\/\/test.valvex.com\/de\/profibereich\/fur-den-investor\/produkte\/","url":"http:\/\/test.valvex.com\/de\/profibereich\/fur-den-investor\/produkte\/","name":"Produkte - Valvex","isPartOf":{"@id":"http:\/\/test.valvex.com\/de\/#website"},"primaryImageOfPage":{"@id":"http:\/\/test.valvex.com\/de\/profibereich\/fur-den-investor\/produkte\/#primaryimage"},"image":{"@id":"http:\/\/test.valvex.com\/de\/profibereich\/fur-den-investor\/produkte\/#primaryimage"},"thumbnailUrl":"http:\/\/test.valvex.com\/wp-content\/uploads\/2022\/06\/Valvex-dla-inwestora.jpg","datePublished":"2022-04-05T00:24:21+00:00","dateModified":"2024-02-13T23:30:06+00:00","breadcrumb":{"@id":"http:\/\/test.valvex.com\/de\/profibereich\/fur-den-investor\/produkte\/#breadcrumb"},"inLanguage":"de","potentialAction":[{"@type":"ReadAction","target":["http:\/\/test.valvex.com\/de\/profibereich\/fur-den-investor\/produkte\/"]}]},{"@type":"ImageObject","inLanguage":"de","@id":"http:\/\/test.valvex.com\/de\/profibereich\/fur-den-investor\/produkte\/#primaryimage","url":"http:\/\/test.valvex.com\/wp-content\/uploads\/2022\/06\/Valvex-dla-inwestora.jpg","contentUrl":"http:\/\/test.valvex.com\/wp-content\/uploads\/2022\/06\/Valvex-dla-inwestora.jpg","width":2400,"height":843},{"@type":"BreadcrumbList","@id":"http:\/\/test.valvex.com\/de\/profibereich\/fur-den-investor\/produkte\/#breadcrumb","itemListElement":[{"@type":"ListItem","position":1,"name":"Strona g\u0142\u00f3wna","item":"http:\/\/test.valvex.com\/de\/"},{"@type":"ListItem","position":2,"name":"Profibereich","item":"http:\/\/test.valvex.com\/de\/strefa-profesjonalisty\/"},{"@type":"ListItem","position":3,"name":"F\u00fcr den Investor","item":"http:\/\/test.valvex.com\/de\/strefa-profesjonalisty\/strefa-inwestora\/"},{"@type":"ListItem","position":4,"name":"Produkte"}]},{"@type":"WebSite","@id":"http:\/\/test.valvex.com\/de\/#website","url":"http:\/\/test.valvex.com\/de\/","name":"Valvex","description":"Hersteller von Sanit\u00e4ranlagen und Armaturen\n\n","potentialAction":[{"@type":"SearchAction","target":{"@type":"EntryPoint","urlTemplate":"http:\/\/test.valvex.com\/de\/?s={search_term_string}"},"query-input":"required name=search_term_string"}],"inLanguage":"de"}]}},"_links":{"self":[{"href":"http:\/\/test.valvex.com\/de\/wp-json\/wp\/v2\/pages\/69581","targetHints":{"allow":["GET"]}}],"collection":[{"href":"http:\/\/test.valvex.com\/de\/wp-json\/wp\/v2\/pages"}],"about":[{"href":"http:\/\/test.valvex.com\/de\/wp-json\/wp\/v2\/types\/page"}],"author":[{"embeddable":true,"href":"http:\/\/test.valvex.com\/de\/wp-json\/wp\/v2\/users\/12"}],"replies":[{"embeddable":true,"href":"http:\/\/test.valvex.com\/de\/wp-json\/wp\/v2\/comments?post=69581"}],"version-history":[{"count":2,"href":"http:\/\/test.valvex.com\/de\/wp-json\/wp\/v2\/pages\/69581\/revisions"}],"predecessor-version":[{"id":69585,"href":"http:\/\/test.valvex.com\/de\/wp-json\/wp\/v2\/pages\/69581\/revisions\/69585"}],"up":[{"embeddable":true,"href":"http:\/\/test.valvex.com\/de\/wp-json\/wp\/v2\/pages\/69553"}],"wp:featuredmedia":[{"embeddable":true,"href":"http:\/\/test.valvex.com\/de\/wp-json\/wp\/v2\/media\/68204"}],"wp:attachment":[{"href":"http:\/\/test.valvex.com\/de\/wp-json\/wp\/v2\/media?parent=69581"}],"curies":[{"name":"wp","href":"https:\/\/api.w.org\/{rel}","templated":true}]}}