{"id":69089,"date":"2023-06-02T10:29:38","date_gmt":"2023-06-02T08:29:38","guid":{"rendered":"http:\/\/test.valvex.com\/zintegrowana-polityka-jakosci-i-srodowiskowa\/"},"modified":"2024-04-19T08:39:14","modified_gmt":"2024-04-19T06:39:14","slug":"integrierte-qualitats-und-umweltpolitik","status":"publish","type":"page","link":"http:\/\/test.valvex.com\/de\/integrierte-qualitats-und-umweltpolitik\/","title":{"rendered":"Integrierte Qualit\u00e4ts- und Umweltpolitik"},"content":{"rendered":"\n<p><\/p>\n\n\n\n<p><\/p>\n\n\n\n<h2 class=\"wp-block-heading has-text-align-left\"><\/h2>\n\n\n\n<p><strong>Valvex S.A. ist in der Entwicklung, der Herstellung und dem Verkauf von Sanit\u00e4rarmaturen t\u00e4tig.<\/strong><\/p>\n\n\n\n<p><strong>Oberstes Ziel unseres Unternehmens ist es, die Anforderungen und Erwartungen unserer Kunden zu erf\u00fcllen und dabei die Interessen unserer Interessengruppen und der Umwelt zu ber\u00fccksichtigen.<\/strong><\/p>\n\n\n\n<p><strong>Unsere Ziele erreichen wir u. a. durch:<\/strong><\/p>\n\n\n\n<ul class=\"wp-block-list\">\n<li>Auswertung der Kundenzufriedenheitsmessung und Ermittlung der Kundenerwartungen in Bezug auf das Design<br>und Funktionalit\u00e4t der hergestellten Produkte,<\/li>\n\n\n\n<li>Einbeziehung der Mitarbeiter auf allen Ebenen der Organisation in den Prozess der kontinuierlichen Verbesserung,<\/li>\n\n\n\n<li>\u00dcberwachung und Optimierung von Produktionsprozessen,<\/li>\n\n\n\n<li>Zusammenarbeit mit Lieferanten, um die Versorgung mit hochwertigen und umweltfreundlichen Materialien und Dienstleistungen zu gew\u00e4hrleisten,<\/li>\n\n\n\n<li>Sensibilisierung der Mitarbeiter f\u00fcr Qualit\u00e4t und Umwelt und St\u00e4rkung ihres Engagements in diesen Bereichen,<\/li>\n\n\n\n<li>Verringerung der negativen Auswirkungen auf die Umwelt,<\/li>\n\n\n\n<li>Reduzierung des Verbrauchs an nat\u00fcrlichen Ressourcen,<\/li>\n\n\n\n<li>Senkung des Abfallaufkommens und der Umweltemissionen,<\/li>\n\n\n\n<li>Entwicklung von umweltfreundlichen Produkten<\/li>\n\n\n\n<li>Unterst\u00fctzung der Bem\u00fchungen von Menschenrechtsorganisationen zur Beendigung von Gewalt und Gr\u00e4ueltaten durch Durchsetzung von Garantien bei direkten und indirekten Lieferanten, dass das gekaufte Material nicht an Orten abgebaut wird, an denen bewaffnete Konflikte und Menschenrechtsverletzungen stattfinden.<\/li>\n<\/ul>\n\n\n\n<p><strong>Wir verpflichten uns:<\/strong><\/p>\n\n\n\n<ul class=\"wp-block-list\">\n<li>ein integriertes Managementsystem auf der Grundlage der Anforderungen von ISO 9001:2015 und ISO 14001:2015 aufrechtzuerhalten und kontinuierlich zu verbessern,<\/li>\n\n\n\n<li>die Anforderungen in \u00dcbereinstimmung mit den allgemein geltenden Gesetzen und anderen f\u00fcr Valvex S.A. geltenden Vorschriften und Anforderungen zu erf\u00fcllen,<\/li>\n\n\n\n<li>die vom Kunden angegebenen gesetzlichen Anforderungen zu erf\u00fcllen, die sich aus den im Bestimmungsland der Produkte geltenden gesetzlichen Anforderungen ergeben,<\/li>\n\n\n\n<li>zum Schutz und zur Wahrung der Vertraulichkeit der Produktdaten und Gesch\u00e4ftsinformationen unserer Kunden<\/li>\n<\/ul>\n","protected":false},"excerpt":{"rendered":"<p>Valvex S.A. ist in der Entwicklung, der Herstellung und dem Verkauf von Sanit\u00e4rarmaturen t\u00e4tig. Oberstes Ziel unseres Unternehmens ist es, die Anforderungen und Erwartungen unserer Kunden zu erf\u00fcllen und dabei die Interessen unserer Interessengruppen und der Umwelt zu ber\u00fccksichtigen. Unsere Ziele erreichen wir u. a. durch: Wir verpflichten uns:<\/p>\n","protected":false},"author":12,"featured_media":0,"parent":0,"menu_order":27,"comment_status":"closed","ping_status":"closed","template":"","meta":{"_acf_changed":false,"footnotes":""},"class_list":["post-69089","page","type-page","status-publish","hentry"],"acf":[],"yoast_head":"<!-- This site is optimized with the Yoast SEO plugin v22.2 - https:\/\/yoast.com\/wordpress\/plugins\/seo\/ -->\n<title>Integrierte Qualit\u00e4ts- und Umweltpolitik - Valvex<\/title>\n<meta name=\"robots\" content=\"index, follow, max-snippet:-1, max-image-preview:large, max-video-preview:-1\" \/>\n<link rel=\"canonical\" href=\"http:\/\/test.valvex.com\/de\/integrierte-qualitats-und-umweltpolitik\/\" \/>\n<meta property=\"og:locale\" content=\"de_DE\" \/>\n<meta property=\"og:type\" content=\"article\" \/>\n<meta property=\"og:title\" content=\"Integrierte Qualit\u00e4ts- und Umweltpolitik - Valvex\" \/>\n<meta property=\"og:description\" content=\"Valvex S.A. ist in der Entwicklung, der Herstellung und dem Verkauf von Sanit\u00e4rarmaturen t\u00e4tig. Oberstes Ziel unseres Unternehmens ist es, die Anforderungen und Erwartungen unserer Kunden zu erf\u00fcllen und dabei die Interessen unserer Interessengruppen und der Umwelt zu ber\u00fccksichtigen. Unsere Ziele erreichen wir u. a. durch: Wir verpflichten uns:\" \/>\n<meta property=\"og:url\" content=\"http:\/\/test.valvex.com\/de\/integrierte-qualitats-und-umweltpolitik\/\" \/>\n<meta property=\"og:site_name\" content=\"Valvex\" \/>\n<meta property=\"article:modified_time\" content=\"2024-04-19T06:39:14+00:00\" \/>\n<meta name=\"twitter:card\" content=\"summary_large_image\" \/>\n<meta name=\"twitter:label1\" content=\"Gesch\u00e4tzte Lesezeit\" \/>\n\t<meta name=\"twitter:data1\" content=\"2\u00a0Minuten\" \/>\n<script type=\"application\/ld+json\" class=\"yoast-schema-graph\">{\"@context\":\"https:\/\/schema.org\",\"@graph\":[{\"@type\":\"WebPage\",\"@id\":\"http:\/\/test.valvex.com\/de\/integrierte-qualitats-und-umweltpolitik\/\",\"url\":\"http:\/\/test.valvex.com\/de\/integrierte-qualitats-und-umweltpolitik\/\",\"name\":\"Integrierte Qualit\u00e4ts- und Umweltpolitik - Valvex\",\"isPartOf\":{\"@id\":\"http:\/\/test.valvex.com\/de\/#website\"},\"datePublished\":\"2023-06-02T08:29:38+00:00\",\"dateModified\":\"2024-04-19T06:39:14+00:00\",\"breadcrumb\":{\"@id\":\"http:\/\/test.valvex.com\/de\/integrierte-qualitats-und-umweltpolitik\/#breadcrumb\"},\"inLanguage\":\"de\",\"potentialAction\":[{\"@type\":\"ReadAction\",\"target\":[\"http:\/\/test.valvex.com\/de\/integrierte-qualitats-und-umweltpolitik\/\"]}]},{\"@type\":\"BreadcrumbList\",\"@id\":\"http:\/\/test.valvex.com\/de\/integrierte-qualitats-und-umweltpolitik\/#breadcrumb\",\"itemListElement\":[{\"@type\":\"ListItem\",\"position\":1,\"name\":\"Strona g\u0142\u00f3wna\",\"item\":\"http:\/\/test.valvex.com\/de\/\"},{\"@type\":\"ListItem\",\"position\":2,\"name\":\"Integrierte Qualit\u00e4ts- und Umweltpolitik\"}]},{\"@type\":\"WebSite\",\"@id\":\"http:\/\/test.valvex.com\/de\/#website\",\"url\":\"http:\/\/test.valvex.com\/de\/\",\"name\":\"Valvex\",\"description\":\"Hersteller von Sanit\u00e4ranlagen und Armaturen\\n\\n\",\"potentialAction\":[{\"@type\":\"SearchAction\",\"target\":{\"@type\":\"EntryPoint\",\"urlTemplate\":\"http:\/\/test.valvex.com\/de\/?s={search_term_string}\"},\"query-input\":\"required name=search_term_string\"}],\"inLanguage\":\"de\"}]}<\/script>\n<!-- \/ Yoast SEO plugin. -->","yoast_head_json":{"title":"Integrierte Qualit\u00e4ts- und Umweltpolitik - Valvex","robots":{"index":"index","follow":"follow","max-snippet":"max-snippet:-1","max-image-preview":"max-image-preview:large","max-video-preview":"max-video-preview:-1"},"canonical":"http:\/\/test.valvex.com\/de\/integrierte-qualitats-und-umweltpolitik\/","og_locale":"de_DE","og_type":"article","og_title":"Integrierte Qualit\u00e4ts- und Umweltpolitik - Valvex","og_description":"Valvex S.A. ist in der Entwicklung, der Herstellung und dem Verkauf von Sanit\u00e4rarmaturen t\u00e4tig. Oberstes Ziel unseres Unternehmens ist es, die Anforderungen und Erwartungen unserer Kunden zu erf\u00fcllen und dabei die Interessen unserer Interessengruppen und der Umwelt zu ber\u00fccksichtigen. Unsere Ziele erreichen wir u. a. durch: Wir verpflichten uns:","og_url":"http:\/\/test.valvex.com\/de\/integrierte-qualitats-und-umweltpolitik\/","og_site_name":"Valvex","article_modified_time":"2024-04-19T06:39:14+00:00","twitter_card":"summary_large_image","twitter_misc":{"Gesch\u00e4tzte Lesezeit":"2\u00a0Minuten"},"schema":{"@context":"https:\/\/schema.org","@graph":[{"@type":"WebPage","@id":"http:\/\/test.valvex.com\/de\/integrierte-qualitats-und-umweltpolitik\/","url":"http:\/\/test.valvex.com\/de\/integrierte-qualitats-und-umweltpolitik\/","name":"Integrierte Qualit\u00e4ts- und Umweltpolitik - Valvex","isPartOf":{"@id":"http:\/\/test.valvex.com\/de\/#website"},"datePublished":"2023-06-02T08:29:38+00:00","dateModified":"2024-04-19T06:39:14+00:00","breadcrumb":{"@id":"http:\/\/test.valvex.com\/de\/integrierte-qualitats-und-umweltpolitik\/#breadcrumb"},"inLanguage":"de","potentialAction":[{"@type":"ReadAction","target":["http:\/\/test.valvex.com\/de\/integrierte-qualitats-und-umweltpolitik\/"]}]},{"@type":"BreadcrumbList","@id":"http:\/\/test.valvex.com\/de\/integrierte-qualitats-und-umweltpolitik\/#breadcrumb","itemListElement":[{"@type":"ListItem","position":1,"name":"Strona g\u0142\u00f3wna","item":"http:\/\/test.valvex.com\/de\/"},{"@type":"ListItem","position":2,"name":"Integrierte Qualit\u00e4ts- und Umweltpolitik"}]},{"@type":"WebSite","@id":"http:\/\/test.valvex.com\/de\/#website","url":"http:\/\/test.valvex.com\/de\/","name":"Valvex","description":"Hersteller von Sanit\u00e4ranlagen und Armaturen\n\n","potentialAction":[{"@type":"SearchAction","target":{"@type":"EntryPoint","urlTemplate":"http:\/\/test.valvex.com\/de\/?s={search_term_string}"},"query-input":"required name=search_term_string"}],"inLanguage":"de"}]}},"_links":{"self":[{"href":"http:\/\/test.valvex.com\/de\/wp-json\/wp\/v2\/pages\/69089","targetHints":{"allow":["GET"]}}],"collection":[{"href":"http:\/\/test.valvex.com\/de\/wp-json\/wp\/v2\/pages"}],"about":[{"href":"http:\/\/test.valvex.com\/de\/wp-json\/wp\/v2\/types\/page"}],"author":[{"embeddable":true,"href":"http:\/\/test.valvex.com\/de\/wp-json\/wp\/v2\/users\/12"}],"replies":[{"embeddable":true,"href":"http:\/\/test.valvex.com\/de\/wp-json\/wp\/v2\/comments?post=69089"}],"version-history":[{"count":3,"href":"http:\/\/test.valvex.com\/de\/wp-json\/wp\/v2\/pages\/69089\/revisions"}],"predecessor-version":[{"id":71497,"href":"http:\/\/test.valvex.com\/de\/wp-json\/wp\/v2\/pages\/69089\/revisions\/71497"}],"wp:attachment":[{"href":"http:\/\/test.valvex.com\/de\/wp-json\/wp\/v2\/media?parent=69089"}],"curies":[{"name":"wp","href":"https:\/\/api.w.org\/{rel}","templated":true}]}}