{"id":69068,"date":"2022-03-22T21:57:37","date_gmt":"2022-03-22T20:57:37","guid":{"rendered":"http:\/\/test.valvex.com\/kontakt\/zglos-reklamacje\/"},"modified":"2024-02-13T23:46:45","modified_gmt":"2024-02-13T22:46:45","slug":"eine-beschwerde-einreichen","status":"publish","type":"page","link":"http:\/\/test.valvex.com\/de\/kontakt\/eine-beschwerde-einreichen\/","title":{"rendered":"Eine Beschwerde einreichen"},"content":{"rendered":"\n<div class=\"wp-block-columns is-layout-flex wp-container-core-columns-is-layout-9d6595d7 wp-block-columns-is-layout-flex\">\n<div class=\"wp-block-column is-layout-flow wp-block-column-is-layout-flow\" style=\"flex-basis:25%\"><\/div>\n\n\n\n<div class=\"wp-block-column is-layout-flow wp-block-column-is-layout-flow\" style=\"flex-basis:50%\">\n<h3 class=\"wp-block-heading mb-8\">Eine Beschwerde einreichen<\/h3>\n\n\n\n<p class=\"mb-16 text-gray-400\">Um eine Beschwerde einzureichen, f\u00fcllen Sie bitte das untenstehende Formular aus.<\/p>\n\n\n\n<div class=\"wpcf7 no-js\" id=\"wpcf7-f69524-o1\" lang=\"de-DE\" dir=\"ltr\">\n<div class=\"screen-reader-response\"><p role=\"status\" aria-live=\"polite\" aria-atomic=\"true\"><\/p> <ul><\/ul><\/div>\n<form action=\"\/de\/wp-json\/wp\/v2\/pages\/69068#wpcf7-f69524-o1\" method=\"post\" class=\"wpcf7-form init\" aria-label=\"Kontaktformular\" enctype=\"multipart\/form-data\" novalidate=\"novalidate\" data-status=\"init\">\n<div style=\"display: none;\">\n<input type=\"hidden\" name=\"_wpcf7\" value=\"69524\" \/>\n<input type=\"hidden\" name=\"_wpcf7_version\" value=\"5.9.8\" \/>\n<input type=\"hidden\" name=\"_wpcf7_locale\" value=\"de_DE\" \/>\n<input type=\"hidden\" name=\"_wpcf7_unit_tag\" value=\"wpcf7-f69524-o1\" \/>\n<input type=\"hidden\" name=\"_wpcf7_container_post\" value=\"0\" \/>\n<input type=\"hidden\" name=\"_wpcf7_posted_data_hash\" value=\"\" \/>\n<input type=\"hidden\" name=\"_wpcf7_recaptcha_response\" value=\"\" \/>\n<\/div>\n<h5 class=\"my-8\">1. Produktdaten\n<\/h5>\n<p><label>Name\/Typ <span class=\"wpcf7-form-control-wrap\" data-name=\"product-name\"><input size=\"40\" maxlength=\"400\" class=\"wpcf7-form-control wpcf7-text wpcf7-validates-as-required\" aria-required=\"true\" aria-invalid=\"false\" value=\"\" type=\"text\" name=\"product-name\" \/><\/span> <\/label>\n<\/p>\n<div class=\"grid md:grid-cols-2 gap-2\">\n\t<div>\n\t\t<p><label>Katalognummer <span class=\"wpcf7-form-control-wrap\" data-name=\"product-code\"><input size=\"40\" maxlength=\"400\" class=\"wpcf7-form-control wpcf7-text wpcf7-validates-as-required\" aria-required=\"true\" aria-invalid=\"false\" value=\"\" type=\"text\" name=\"product-code\" \/><\/span> <\/label>\n\t\t<\/p>\n\t<\/div>\n\t<div>\n\t\t<p><label>Datum des Kaufs <span class=\"wpcf7-form-control-wrap\" data-name=\"data-zakupu\"><input size=\"40\" maxlength=\"400\" class=\"wpcf7-form-control wpcf7-text wpcf7-validates-as-required\" aria-required=\"true\" aria-invalid=\"false\" value=\"\" type=\"text\" name=\"data-zakupu\" \/><\/span> <\/label>\n\t\t<\/p>\n\t<\/div>\n<\/div>\n<h5 class=\"my-8\">2. Daten \u00fcber Beschwerden\n<\/h5>\n<p><label>Anzahl der St\u00fccke <span class=\"wpcf7-form-control-wrap\" data-name=\"product-count\"><input size=\"40\" maxlength=\"400\" class=\"wpcf7-form-control wpcf7-text wpcf7-validates-as-required\" aria-required=\"true\" aria-invalid=\"false\" value=\"\" type=\"text\" name=\"product-count\" \/><\/span> <\/label>\n<\/p>\n<p><label>Angaben zum werbenden Unternehmen <span class=\"wpcf7-form-control-wrap\" data-name=\"company-name\"><input size=\"40\" maxlength=\"400\" class=\"wpcf7-form-control wpcf7-text wpcf7-validates-as-required\" aria-required=\"true\" aria-invalid=\"false\" value=\"\" type=\"text\" name=\"company-name\" \/><\/span> <\/label>\n<\/p>\n<h5 class=\"mt-8\">3. Sonstige dem Protokoll beigef\u00fcgte Unterlagen (z. B. B\u00fcrgschaft, Rechnungskopie)\n<\/h5>\n<p><span class=\"text-sm text-gray-400 block mb-8\">Die maximale Dateigr\u00f6\u00dfe betr\u00e4gt 1 MB.<\/span>\n<\/p>\n<p><label>Datei 1 <span class=\"wpcf7-form-control-wrap\" data-name=\"file-423\"><input size=\"40\" class=\"wpcf7-form-control wpcf7-file\" accept=\"audio\/*,video\/*,image\/*\" aria-invalid=\"false\" type=\"file\" name=\"file-423\" \/><\/span><\/label><br \/>\n<label>Datei 2 <span class=\"wpcf7-form-control-wrap\" data-name=\"file-424\"><input size=\"40\" class=\"wpcf7-form-control wpcf7-file\" accept=\"audio\/*,video\/*,image\/*\" aria-invalid=\"false\" type=\"file\" name=\"file-424\" \/><\/span><\/label><br \/>\n<label>Datei 3 <span class=\"wpcf7-form-control-wrap\" data-name=\"file-425\"><input size=\"40\" class=\"wpcf7-form-control wpcf7-file\" accept=\"audio\/*,video\/*,image\/*\" aria-invalid=\"false\" type=\"file\" name=\"file-425\" \/><\/span><\/label><br \/>\n<label>Datei 4 <span class=\"wpcf7-form-control-wrap\" data-name=\"file-426\"><input size=\"40\" class=\"wpcf7-form-control wpcf7-file\" accept=\"audio\/*,video\/*,image\/*\" aria-invalid=\"false\" type=\"file\" name=\"file-426\" \/><\/span><\/label>\n<\/p>\n<h5 class=\"my-8\">4. Kunden-\/Unternehmensdaten\n<\/h5>\n<p><label>Name oder Firmenname <span class=\"wpcf7-form-control-wrap\" data-name=\"your-name\"><input size=\"40\" maxlength=\"400\" class=\"wpcf7-form-control wpcf7-text wpcf7-validates-as-required\" aria-required=\"true\" aria-invalid=\"false\" value=\"\" type=\"text\" name=\"your-name\" \/><\/span><\/label>\n<\/p>\n<div class=\"grid md:grid-cols-4 gap-2 mb-4\">\n\t<div class=\"col-span-2\">\n\t\t<p><label>Stra\u00dfe <span class=\"wpcf7-form-control-wrap\" data-name=\"your-street\"><input size=\"40\" maxlength=\"400\" class=\"wpcf7-form-control wpcf7-text wpcf7-validates-as-required\" aria-required=\"true\" aria-invalid=\"false\" value=\"\" type=\"text\" name=\"your-street\" \/><\/span><\/label>\n\t\t<\/p>\n\t<\/div>\n\t<div>\n\t\t<p><label>Hausnummer <span class=\"wpcf7-form-control-wrap\" data-name=\"your-street-number\"><input size=\"40\" maxlength=\"400\" class=\"wpcf7-form-control wpcf7-text\" aria-invalid=\"false\" value=\"\" type=\"text\" name=\"your-street-number\" \/><\/span> <\/label>\n\t\t<\/p>\n\t<\/div>\n\t<div>\n\t\t<p><label>Nummer der Wohnung <span class=\"wpcf7-form-control-wrap\" data-name=\"your-house\"><input size=\"40\" maxlength=\"400\" class=\"wpcf7-form-control wpcf7-text\" aria-invalid=\"false\" value=\"\" type=\"text\" name=\"your-house\" \/><\/span> <\/label>\n\t\t<\/p>\n\t<\/div>\n<\/div>\n<div class=\"grid md:grid-cols-3 gap-2 mb-4\">\n\t<div class=\"col-span-2\">\n\t\t<p><label>Stadt <span class=\"wpcf7-form-control-wrap\" data-name=\"your-city\"><input size=\"40\" maxlength=\"400\" class=\"wpcf7-form-control wpcf7-text wpcf7-validates-as-required\" aria-required=\"true\" aria-invalid=\"false\" value=\"\" type=\"text\" name=\"your-city\" \/><\/span><\/label>\n\t\t<\/p>\n\t<\/div>\n\t<div>\n\t\t<p><label>Postleitzahl <span class=\"wpcf7-form-control-wrap\" data-name=\"your-zip\"><input size=\"40\" maxlength=\"400\" class=\"wpcf7-form-control wpcf7-text wpcf7-validates-as-required\" aria-required=\"true\" aria-invalid=\"false\" value=\"\" type=\"text\" name=\"your-zip\" \/><\/span> <\/label>\n\t\t<\/p>\n\t<\/div>\n<\/div>\n<div class=\"grid md:grid-cols-2 gap-2\">\n\t<div>\n\t\t<p><label>E-mail <span class=\"wpcf7-form-control-wrap\" data-name=\"your-email\"><input size=\"40\" maxlength=\"400\" class=\"wpcf7-form-control wpcf7-email wpcf7-validates-as-required wpcf7-text wpcf7-validates-as-email\" aria-required=\"true\" aria-invalid=\"false\" value=\"\" type=\"email\" name=\"your-email\" \/><\/span> <\/label>\n\t\t<\/p>\n\t<\/div>\n\t<div>\n\t\t<p><label>Rufnummer <span class=\"wpcf7-form-control-wrap\" data-name=\"your-phone\"><input size=\"40\" maxlength=\"400\" class=\"wpcf7-form-control wpcf7-tel wpcf7-validates-as-required wpcf7-text wpcf7-validates-as-tel\" aria-required=\"true\" aria-invalid=\"false\" value=\"\" type=\"tel\" name=\"your-phone\" \/><\/span> <\/label>\n\t\t<\/p>\n\t<\/div>\n<\/div>\n<h5 class=\"my-8\">5. Details der St\u00f6rung\n<\/h5>\n<p><label> Beschreibung des Fehlers <span class=\"wpcf7-form-control-wrap\" data-name=\"your-message\"><textarea cols=\"40\" rows=\"10\" maxlength=\"2000\" class=\"wpcf7-form-control wpcf7-textarea wpcf7-validates-as-required\" aria-required=\"true\" aria-invalid=\"false\" name=\"your-message\"><\/textarea><\/span> <\/label><br \/>\n<label> Behauptungen des Beschwerdef\u00fchrers <span class=\"wpcf7-form-control-wrap\" data-name=\"your-claim\"><textarea cols=\"40\" rows=\"10\" maxlength=\"2000\" class=\"wpcf7-form-control wpcf7-textarea wpcf7-validates-as-required\" aria-required=\"true\" aria-invalid=\"false\" name=\"your-claim\"><\/textarea><\/span> <\/label>\n<\/p>\n<p style=\"font-size: 0.8rem;color: #989898;font-weight: normal;\">Der Administrator Ihrer angegebenen personenbezogenen Daten ist Valvex S.A. mit Sitz in Jordan\u00f3w, Nad Skaw\u0105 2, 34-240 Jordan\u00f3w, eingetragen im Unternehmerregister des Nationalen Gerichtsregisters durch das Bezirksgericht f\u00fcr Krakau - \u015ar\u00f3dmie\u015bcie in Krakau, Abteilung XII Wirtschaft des KRS unter der Nummer KRS 0000026818, USt-IdNr.: 735-00-24-499, REGON: 490399956. Wir verarbeiten Ihre personenbezogenen Daten, um auf die gesendeten Fragen oder in anderen Angelegenheiten zu antworten, in denen Sie uns unter Verwendung dieses Formulars kontaktieren.\n<\/p>\n<p><label style=\"font-size: 0.8rem;color: #989898;font-weight: normal;\"> <span class=\"wpcf7-form-control-wrap\" data-name=\"dane-osobowe\"><span class=\"wpcf7-form-control wpcf7-acceptance optional\"><span class=\"wpcf7-list-item\"><input type=\"checkbox\" name=\"dane-osobowe\" value=\"1\" aria-invalid=\"false\" \/><\/span><\/span><\/span>&nbsp;&nbsp;Ich erkl\u00e4re mich damit einverstanden, \u00fcber den im Formular angegebenen Kommunikationskanal zu Marketingzwecken kontaktiert zu werden, einschlie\u00dflich der Pr\u00e4sentation ungeforderter Angebote f\u00fcr Produkte und Dienstleistungen von Valvex S.A. In gesetzlich vorgesehenen F\u00e4llen haben Sie das Recht auf: Zugang zu Ihren Daten, Erhalt einer Kopie Ihrer Daten, Berichtigung, L\u00f6schung, Einschr\u00e4nkung der Verarbeitung, \u00dcbertragung, Widerruf der Zustimmung sowie Widerspruch gegen die Datenverarbeitung. Vollst\u00e4ndige Informationen zur Verarbeitung personenbezogener Daten in der Gesch\u00e4ftskommunikation finden Sie im Abschnitt <a href=\"\/de\/datenschutzrichtlinie\/\" target=\"_blank\" style=\"color:#ff0613;\">Datenschutzrichtlinie<\/a>.<\/label>\n<\/p>\n<div class=\"text-right\">\n\t<p><input class=\"wpcf7-form-control wpcf7-submit has-spinner\" type=\"submit\" value=\"Eine Beschwerde einreichen\" \/>\n\t<\/p>\n<\/div><div class=\"wpcf7-response-output\" aria-hidden=\"true\"><\/div>\n<\/form>\n<\/div>\n\n<\/div>\n\n\n\n<div class=\"wp-block-column is-layout-flow wp-block-column-is-layout-flow\" style=\"flex-basis:25%\"><\/div>\n<\/div>\n\n\n\n<p><\/p>\n","protected":false},"excerpt":{"rendered":"<p>Eine Beschwerde einreichen Um eine Beschwerde einzureichen, f\u00fcllen Sie bitte das untenstehende Formular aus.<\/p>\n","protected":false},"author":12,"featured_media":70775,"parent":68143,"menu_order":118,"comment_status":"closed","ping_status":"closed","template":"","meta":{"_acf_changed":false,"footnotes":""},"class_list":["post-69068","page","type-page","status-publish","has-post-thumbnail","hentry"],"acf":[],"yoast_head":"<!-- This site is optimized with the Yoast SEO plugin v22.2 - https:\/\/yoast.com\/wordpress\/plugins\/seo\/ -->\n<title>Eine Beschwerde einreichen - Valvex<\/title>\n<meta name=\"robots\" content=\"index, follow, max-snippet:-1, max-image-preview:large, max-video-preview:-1\" \/>\n<link rel=\"canonical\" href=\"http:\/\/test.valvex.com\/de\/kontakt\/eine-beschwerde-einreichen\/\" \/>\n<meta property=\"og:locale\" content=\"de_DE\" \/>\n<meta property=\"og:type\" content=\"article\" \/>\n<meta property=\"og:title\" content=\"Eine Beschwerde einreichen - Valvex\" \/>\n<meta property=\"og:description\" content=\"Eine Beschwerde einreichen Um eine Beschwerde einzureichen, f\u00fcllen Sie bitte das untenstehende Formular aus.\" \/>\n<meta property=\"og:url\" content=\"http:\/\/test.valvex.com\/de\/kontakt\/eine-beschwerde-einreichen\/\" \/>\n<meta property=\"og:site_name\" content=\"Valvex\" \/>\n<meta property=\"article:modified_time\" content=\"2024-02-13T22:46:45+00:00\" \/>\n<meta property=\"og:image\" content=\"http:\/\/test.valvex.com\/wp-content\/uploads\/2024\/03\/Header_PVD-1024x164.png\" \/>\n\t<meta property=\"og:image:width\" content=\"1024\" \/>\n\t<meta property=\"og:image:height\" content=\"164\" \/>\n\t<meta property=\"og:image:type\" content=\"image\/png\" \/>\n<meta name=\"twitter:card\" content=\"summary_large_image\" \/>\n<script type=\"application\/ld+json\" class=\"yoast-schema-graph\">{\"@context\":\"https:\/\/schema.org\",\"@graph\":[{\"@type\":\"WebPage\",\"@id\":\"http:\/\/test.valvex.com\/de\/kontakt\/eine-beschwerde-einreichen\/\",\"url\":\"http:\/\/test.valvex.com\/de\/kontakt\/eine-beschwerde-einreichen\/\",\"name\":\"Eine Beschwerde einreichen - Valvex\",\"isPartOf\":{\"@id\":\"http:\/\/test.valvex.com\/de\/#website\"},\"primaryImageOfPage\":{\"@id\":\"http:\/\/test.valvex.com\/de\/kontakt\/eine-beschwerde-einreichen\/#primaryimage\"},\"image\":{\"@id\":\"http:\/\/test.valvex.com\/de\/kontakt\/eine-beschwerde-einreichen\/#primaryimage\"},\"thumbnailUrl\":\"http:\/\/test.valvex.com\/wp-content\/uploads\/2024\/03\/Header_PVD.png\",\"datePublished\":\"2022-03-22T20:57:37+00:00\",\"dateModified\":\"2024-02-13T22:46:45+00:00\",\"breadcrumb\":{\"@id\":\"http:\/\/test.valvex.com\/de\/kontakt\/eine-beschwerde-einreichen\/#breadcrumb\"},\"inLanguage\":\"de\",\"potentialAction\":[{\"@type\":\"ReadAction\",\"target\":[\"http:\/\/test.valvex.com\/de\/kontakt\/eine-beschwerde-einreichen\/\"]}]},{\"@type\":\"ImageObject\",\"inLanguage\":\"de\",\"@id\":\"http:\/\/test.valvex.com\/de\/kontakt\/eine-beschwerde-einreichen\/#primaryimage\",\"url\":\"http:\/\/test.valvex.com\/wp-content\/uploads\/2024\/03\/Header_PVD.png\",\"contentUrl\":\"http:\/\/test.valvex.com\/wp-content\/uploads\/2024\/03\/Header_PVD.png\",\"width\":2400,\"height\":384},{\"@type\":\"BreadcrumbList\",\"@id\":\"http:\/\/test.valvex.com\/de\/kontakt\/eine-beschwerde-einreichen\/#breadcrumb\",\"itemListElement\":[{\"@type\":\"ListItem\",\"position\":1,\"name\":\"Strona g\u0142\u00f3wna\",\"item\":\"http:\/\/test.valvex.com\/de\/\"},{\"@type\":\"ListItem\",\"position\":2,\"name\":\"Kontakt\",\"item\":\"http:\/\/test.valvex.com\/de\/kontakt\/\"},{\"@type\":\"ListItem\",\"position\":3,\"name\":\"Eine Beschwerde einreichen\"}]},{\"@type\":\"WebSite\",\"@id\":\"http:\/\/test.valvex.com\/de\/#website\",\"url\":\"http:\/\/test.valvex.com\/de\/\",\"name\":\"Valvex\",\"description\":\"Hersteller von Sanit\u00e4ranlagen und Armaturen\\n\\n\",\"potentialAction\":[{\"@type\":\"SearchAction\",\"target\":{\"@type\":\"EntryPoint\",\"urlTemplate\":\"http:\/\/test.valvex.com\/de\/?s={search_term_string}\"},\"query-input\":\"required name=search_term_string\"}],\"inLanguage\":\"de\"}]}<\/script>\n<!-- \/ Yoast SEO plugin. -->","yoast_head_json":{"title":"Eine Beschwerde einreichen - Valvex","robots":{"index":"index","follow":"follow","max-snippet":"max-snippet:-1","max-image-preview":"max-image-preview:large","max-video-preview":"max-video-preview:-1"},"canonical":"http:\/\/test.valvex.com\/de\/kontakt\/eine-beschwerde-einreichen\/","og_locale":"de_DE","og_type":"article","og_title":"Eine Beschwerde einreichen - Valvex","og_description":"Eine Beschwerde einreichen Um eine Beschwerde einzureichen, f\u00fcllen Sie bitte das untenstehende Formular aus.","og_url":"http:\/\/test.valvex.com\/de\/kontakt\/eine-beschwerde-einreichen\/","og_site_name":"Valvex","article_modified_time":"2024-02-13T22:46:45+00:00","og_image":[{"width":1024,"height":164,"url":"http:\/\/test.valvex.com\/wp-content\/uploads\/2024\/03\/Header_PVD-1024x164.png","type":"image\/png"}],"twitter_card":"summary_large_image","schema":{"@context":"https:\/\/schema.org","@graph":[{"@type":"WebPage","@id":"http:\/\/test.valvex.com\/de\/kontakt\/eine-beschwerde-einreichen\/","url":"http:\/\/test.valvex.com\/de\/kontakt\/eine-beschwerde-einreichen\/","name":"Eine Beschwerde einreichen - Valvex","isPartOf":{"@id":"http:\/\/test.valvex.com\/de\/#website"},"primaryImageOfPage":{"@id":"http:\/\/test.valvex.com\/de\/kontakt\/eine-beschwerde-einreichen\/#primaryimage"},"image":{"@id":"http:\/\/test.valvex.com\/de\/kontakt\/eine-beschwerde-einreichen\/#primaryimage"},"thumbnailUrl":"http:\/\/test.valvex.com\/wp-content\/uploads\/2024\/03\/Header_PVD.png","datePublished":"2022-03-22T20:57:37+00:00","dateModified":"2024-02-13T22:46:45+00:00","breadcrumb":{"@id":"http:\/\/test.valvex.com\/de\/kontakt\/eine-beschwerde-einreichen\/#breadcrumb"},"inLanguage":"de","potentialAction":[{"@type":"ReadAction","target":["http:\/\/test.valvex.com\/de\/kontakt\/eine-beschwerde-einreichen\/"]}]},{"@type":"ImageObject","inLanguage":"de","@id":"http:\/\/test.valvex.com\/de\/kontakt\/eine-beschwerde-einreichen\/#primaryimage","url":"http:\/\/test.valvex.com\/wp-content\/uploads\/2024\/03\/Header_PVD.png","contentUrl":"http:\/\/test.valvex.com\/wp-content\/uploads\/2024\/03\/Header_PVD.png","width":2400,"height":384},{"@type":"BreadcrumbList","@id":"http:\/\/test.valvex.com\/de\/kontakt\/eine-beschwerde-einreichen\/#breadcrumb","itemListElement":[{"@type":"ListItem","position":1,"name":"Strona g\u0142\u00f3wna","item":"http:\/\/test.valvex.com\/de\/"},{"@type":"ListItem","position":2,"name":"Kontakt","item":"http:\/\/test.valvex.com\/de\/kontakt\/"},{"@type":"ListItem","position":3,"name":"Eine Beschwerde einreichen"}]},{"@type":"WebSite","@id":"http:\/\/test.valvex.com\/de\/#website","url":"http:\/\/test.valvex.com\/de\/","name":"Valvex","description":"Hersteller von Sanit\u00e4ranlagen und Armaturen\n\n","potentialAction":[{"@type":"SearchAction","target":{"@type":"EntryPoint","urlTemplate":"http:\/\/test.valvex.com\/de\/?s={search_term_string}"},"query-input":"required name=search_term_string"}],"inLanguage":"de"}]}},"_links":{"self":[{"href":"http:\/\/test.valvex.com\/de\/wp-json\/wp\/v2\/pages\/69068","targetHints":{"allow":["GET"]}}],"collection":[{"href":"http:\/\/test.valvex.com\/de\/wp-json\/wp\/v2\/pages"}],"about":[{"href":"http:\/\/test.valvex.com\/de\/wp-json\/wp\/v2\/types\/page"}],"author":[{"embeddable":true,"href":"http:\/\/test.valvex.com\/de\/wp-json\/wp\/v2\/users\/12"}],"replies":[{"embeddable":true,"href":"http:\/\/test.valvex.com\/de\/wp-json\/wp\/v2\/comments?post=69068"}],"version-history":[{"count":2,"href":"http:\/\/test.valvex.com\/de\/wp-json\/wp\/v2\/pages\/69068\/revisions"}],"predecessor-version":[{"id":69525,"href":"http:\/\/test.valvex.com\/de\/wp-json\/wp\/v2\/pages\/69068\/revisions\/69525"}],"up":[{"embeddable":true,"href":"http:\/\/test.valvex.com\/de\/wp-json\/wp\/v2\/pages\/68143"}],"wp:featuredmedia":[{"embeddable":true,"href":"http:\/\/test.valvex.com\/de\/wp-json\/wp\/v2\/media\/70775"}],"wp:attachment":[{"href":"http:\/\/test.valvex.com\/de\/wp-json\/wp\/v2\/media?parent=69068"}],"curies":[{"name":"wp","href":"https:\/\/api.w.org\/{rel}","templated":true}]}}