{"id":68184,"date":"2022-04-05T02:21:44","date_gmt":"2022-04-05T00:21:44","guid":{"rendered":"http:\/\/test.valvex.com\/dla-projektanta\/"},"modified":"2024-04-19T08:48:40","modified_gmt":"2024-04-19T06:48:40","slug":"fuer-den-designer","status":"publish","type":"page","link":"http:\/\/test.valvex.com\/de\/profibereich\/fur-den-designer\/fuer-den-designer\/","title":{"rendered":"F\u00fcr den Designer"},"content":{"rendered":"\n<div class=\"wp-block-columns mt-16 is-layout-flex wp-container-core-columns-is-layout-9d6595d7 wp-block-columns-is-layout-flex\">\n<div class=\"wp-block-column is-layout-flow wp-block-column-is-layout-flow\" style=\"flex-basis:66.66%\">\n<p>Wir haben schon immer die Leidenschaft f\u00fcr Sch\u00f6nheit und Details bewundert, die Innenarchitekten an den Tag legen. Wir wissen, dass Sie Produkte sch\u00e4tzen, die \u00e4sthetisch ansprechend und flexibel sind \u2013 Produkte, die sich in unterschiedliche Visionen einf\u00fcgen. Wir sind davon \u00fcberzeugt, dass Sie das Beste f\u00fcr Ihre Kunden wollen, indem Sie f\u00fcr sie Designs entwerfen, die langlebig und komfortabel sind und die \u00fcber Jahre hinweg eine wohnliche Atmosph\u00e4re schaffen. Wir erweitern unser Angebot f\u00fcr K\u00fcchen und B\u00e4der mit immer neuen Oberfl\u00e4chen, Farben und Formen, damit Sie alles bekommen, was Sie brauchen.<\/p>\n\n\n\n<p>Unser Ziel ist es, Ihre Bed\u00fcrfnisse zu erf\u00fcllen und Ihnen etwas Zeit zu ersparen. Wir haben die Plattform Valvex Share eingerichtet, auf der unsere Spezialisten Tipps, Ratschl\u00e4ge und Gedanken zu Branchentrends austauschen. In der Designer-Zone d\u00fcrfen Sie nicht fehlen:<\/p>\n\n\n\n<ul class=\"wp-block-list\">\n<li><strong>Dateien zum Herunterladen<\/strong> \u2013 Alle technischen Dateien, die Sie f\u00fcr Ihre Arbeit ben\u00f6tigen: Alle f\u00fcr die Arbeit notwendigen technischen Dateien \u2013 Hygienezertifikate, Nationale Leistungserkl\u00e4rungen, 3D-Modelle, Kataloge und Brosch\u00fcren \u2013 stehen zum Herunterladen und Gebrauch bereit.<\/li>\n\n\n\n<li><strong>Aktions- und Angebotskarten<\/strong> \u2013 Sie enthalten w\u00f6chentliche spezielle Sonderangebote. Verpassen Sie die Gelegenheit nicht, denn jeden Montag haben wir etwas Neues f\u00fcr Sie vorbereitet.<\/li>\n<\/ul>\n\n\n\n<p>Mit Blick auf Designer haben wir ein Partnerprogramm ins Leben gerufen. Unser Bestreben ist es, in Ihrer N\u00e4he zu sein und Ihre Fragen und Anliegen zu beantworten, sobald sie auftauchen. Wenn Sie eine Frage haben, ein Gespr\u00e4ch f\u00fchren oder spezifische Daten erhalten m\u00f6chten \u2013 schreiben Sie uns.<\/p>\n<\/div>\n\n\n\n<div class=\"wp-block-column is-layout-flow wp-block-column-is-layout-flow\" style=\"flex-basis:33.33%\"><\/div>\n<\/div>\n","protected":false},"excerpt":{"rendered":"<p>Wir haben schon immer die Leidenschaft f\u00fcr Sch\u00f6nheit und Details bewundert, die Innenarchitekten an den Tag legen. Wir wissen, dass Sie Produkte sch\u00e4tzen, die \u00e4sthetisch ansprechend und flexibel sind \u2013 Produkte, die sich in unterschiedliche Visionen einf\u00fcgen. Wir sind davon \u00fcberzeugt, dass Sie das Beste f\u00fcr Ihre Kunden wollen, indem Sie f\u00fcr sie Designs entwerfen, [&hellip;]<\/p>\n","protected":false},"author":12,"featured_media":70477,"parent":69411,"menu_order":63,"comment_status":"closed","ping_status":"closed","template":"","meta":{"_acf_changed":false,"footnotes":""},"class_list":["post-68184","page","type-page","status-publish","has-post-thumbnail","hentry"],"acf":[],"yoast_head":"<!-- This site is optimized with the Yoast SEO plugin v22.2 - https:\/\/yoast.com\/wordpress\/plugins\/seo\/ -->\n<title>F\u00fcr den Designer - Valvex<\/title>\n<meta name=\"robots\" content=\"index, follow, max-snippet:-1, max-image-preview:large, max-video-preview:-1\" \/>\n<link rel=\"canonical\" href=\"http:\/\/test.valvex.com\/de\/profibereich\/fur-den-designer\/fuer-den-designer\/\" \/>\n<meta property=\"og:locale\" content=\"de_DE\" \/>\n<meta property=\"og:type\" content=\"article\" \/>\n<meta property=\"og:title\" content=\"F\u00fcr den Designer - Valvex\" \/>\n<meta property=\"og:description\" content=\"Wir haben schon immer die Leidenschaft f\u00fcr Sch\u00f6nheit und Details bewundert, die Innenarchitekten an den Tag legen. Wir wissen, dass Sie Produkte sch\u00e4tzen, die \u00e4sthetisch ansprechend und flexibel sind \u2013 Produkte, die sich in unterschiedliche Visionen einf\u00fcgen. Wir sind davon \u00fcberzeugt, dass Sie das Beste f\u00fcr Ihre Kunden wollen, indem Sie f\u00fcr sie Designs entwerfen, [&hellip;]\" \/>\n<meta property=\"og:url\" content=\"http:\/\/test.valvex.com\/de\/profibereich\/fur-den-designer\/fuer-den-designer\/\" \/>\n<meta property=\"og:site_name\" content=\"Valvex\" \/>\n<meta property=\"article:modified_time\" content=\"2024-04-19T06:48:40+00:00\" \/>\n<meta property=\"og:image\" content=\"http:\/\/test.valvex.com\/wp-content\/uploads\/2024\/03\/Header_baterie-ARS-1-1024x164.png\" \/>\n\t<meta property=\"og:image:width\" content=\"1024\" \/>\n\t<meta property=\"og:image:height\" content=\"164\" \/>\n\t<meta property=\"og:image:type\" content=\"image\/png\" \/>\n<meta name=\"twitter:card\" content=\"summary_large_image\" \/>\n<meta name=\"twitter:label1\" content=\"Gesch\u00e4tzte Lesezeit\" \/>\n\t<meta name=\"twitter:data1\" content=\"2\u00a0Minuten\" \/>\n<script type=\"application\/ld+json\" class=\"yoast-schema-graph\">{\"@context\":\"https:\/\/schema.org\",\"@graph\":[{\"@type\":\"WebPage\",\"@id\":\"http:\/\/test.valvex.com\/de\/profibereich\/fur-den-designer\/fuer-den-designer\/\",\"url\":\"http:\/\/test.valvex.com\/de\/profibereich\/fur-den-designer\/fuer-den-designer\/\",\"name\":\"F\u00fcr den Designer - Valvex\",\"isPartOf\":{\"@id\":\"http:\/\/test.valvex.com\/de\/#website\"},\"primaryImageOfPage\":{\"@id\":\"http:\/\/test.valvex.com\/de\/profibereich\/fur-den-designer\/fuer-den-designer\/#primaryimage\"},\"image\":{\"@id\":\"http:\/\/test.valvex.com\/de\/profibereich\/fur-den-designer\/fuer-den-designer\/#primaryimage\"},\"thumbnailUrl\":\"http:\/\/test.valvex.com\/wp-content\/uploads\/2024\/03\/Header_baterie-ARS-1.png\",\"datePublished\":\"2022-04-05T00:21:44+00:00\",\"dateModified\":\"2024-04-19T06:48:40+00:00\",\"breadcrumb\":{\"@id\":\"http:\/\/test.valvex.com\/de\/profibereich\/fur-den-designer\/fuer-den-designer\/#breadcrumb\"},\"inLanguage\":\"de\",\"potentialAction\":[{\"@type\":\"ReadAction\",\"target\":[\"http:\/\/test.valvex.com\/de\/profibereich\/fur-den-designer\/fuer-den-designer\/\"]}]},{\"@type\":\"ImageObject\",\"inLanguage\":\"de\",\"@id\":\"http:\/\/test.valvex.com\/de\/profibereich\/fur-den-designer\/fuer-den-designer\/#primaryimage\",\"url\":\"http:\/\/test.valvex.com\/wp-content\/uploads\/2024\/03\/Header_baterie-ARS-1.png\",\"contentUrl\":\"http:\/\/test.valvex.com\/wp-content\/uploads\/2024\/03\/Header_baterie-ARS-1.png\",\"width\":2400,\"height\":384},{\"@type\":\"BreadcrumbList\",\"@id\":\"http:\/\/test.valvex.com\/de\/profibereich\/fur-den-designer\/fuer-den-designer\/#breadcrumb\",\"itemListElement\":[{\"@type\":\"ListItem\",\"position\":1,\"name\":\"Strona g\u0142\u00f3wna\",\"item\":\"http:\/\/test.valvex.com\/de\/\"},{\"@type\":\"ListItem\",\"position\":2,\"name\":\"Profibereich\",\"item\":\"http:\/\/test.valvex.com\/de\/strefa-profesjonalisty\/\"},{\"@type\":\"ListItem\",\"position\":3,\"name\":\"F\u00fcr den Designer\",\"item\":\"http:\/\/test.valvex.com\/de\/strefa-profesjonalisty\/strefa-projektanta\/\"},{\"@type\":\"ListItem\",\"position\":4,\"name\":\"F\u00fcr den Designer\"}]},{\"@type\":\"WebSite\",\"@id\":\"http:\/\/test.valvex.com\/de\/#website\",\"url\":\"http:\/\/test.valvex.com\/de\/\",\"name\":\"Valvex\",\"description\":\"Hersteller von Sanit\u00e4ranlagen und Armaturen\\n\\n\",\"potentialAction\":[{\"@type\":\"SearchAction\",\"target\":{\"@type\":\"EntryPoint\",\"urlTemplate\":\"http:\/\/test.valvex.com\/de\/?s={search_term_string}\"},\"query-input\":\"required name=search_term_string\"}],\"inLanguage\":\"de\"}]}<\/script>\n<!-- \/ Yoast SEO plugin. -->","yoast_head_json":{"title":"F\u00fcr den Designer - Valvex","robots":{"index":"index","follow":"follow","max-snippet":"max-snippet:-1","max-image-preview":"max-image-preview:large","max-video-preview":"max-video-preview:-1"},"canonical":"http:\/\/test.valvex.com\/de\/profibereich\/fur-den-designer\/fuer-den-designer\/","og_locale":"de_DE","og_type":"article","og_title":"F\u00fcr den Designer - Valvex","og_description":"Wir haben schon immer die Leidenschaft f\u00fcr Sch\u00f6nheit und Details bewundert, die Innenarchitekten an den Tag legen. Wir wissen, dass Sie Produkte sch\u00e4tzen, die \u00e4sthetisch ansprechend und flexibel sind \u2013 Produkte, die sich in unterschiedliche Visionen einf\u00fcgen. Wir sind davon \u00fcberzeugt, dass Sie das Beste f\u00fcr Ihre Kunden wollen, indem Sie f\u00fcr sie Designs entwerfen, [&hellip;]","og_url":"http:\/\/test.valvex.com\/de\/profibereich\/fur-den-designer\/fuer-den-designer\/","og_site_name":"Valvex","article_modified_time":"2024-04-19T06:48:40+00:00","og_image":[{"width":1024,"height":164,"url":"http:\/\/test.valvex.com\/wp-content\/uploads\/2024\/03\/Header_baterie-ARS-1-1024x164.png","type":"image\/png"}],"twitter_card":"summary_large_image","twitter_misc":{"Gesch\u00e4tzte Lesezeit":"2\u00a0Minuten"},"schema":{"@context":"https:\/\/schema.org","@graph":[{"@type":"WebPage","@id":"http:\/\/test.valvex.com\/de\/profibereich\/fur-den-designer\/fuer-den-designer\/","url":"http:\/\/test.valvex.com\/de\/profibereich\/fur-den-designer\/fuer-den-designer\/","name":"F\u00fcr den Designer - Valvex","isPartOf":{"@id":"http:\/\/test.valvex.com\/de\/#website"},"primaryImageOfPage":{"@id":"http:\/\/test.valvex.com\/de\/profibereich\/fur-den-designer\/fuer-den-designer\/#primaryimage"},"image":{"@id":"http:\/\/test.valvex.com\/de\/profibereich\/fur-den-designer\/fuer-den-designer\/#primaryimage"},"thumbnailUrl":"http:\/\/test.valvex.com\/wp-content\/uploads\/2024\/03\/Header_baterie-ARS-1.png","datePublished":"2022-04-05T00:21:44+00:00","dateModified":"2024-04-19T06:48:40+00:00","breadcrumb":{"@id":"http:\/\/test.valvex.com\/de\/profibereich\/fur-den-designer\/fuer-den-designer\/#breadcrumb"},"inLanguage":"de","potentialAction":[{"@type":"ReadAction","target":["http:\/\/test.valvex.com\/de\/profibereich\/fur-den-designer\/fuer-den-designer\/"]}]},{"@type":"ImageObject","inLanguage":"de","@id":"http:\/\/test.valvex.com\/de\/profibereich\/fur-den-designer\/fuer-den-designer\/#primaryimage","url":"http:\/\/test.valvex.com\/wp-content\/uploads\/2024\/03\/Header_baterie-ARS-1.png","contentUrl":"http:\/\/test.valvex.com\/wp-content\/uploads\/2024\/03\/Header_baterie-ARS-1.png","width":2400,"height":384},{"@type":"BreadcrumbList","@id":"http:\/\/test.valvex.com\/de\/profibereich\/fur-den-designer\/fuer-den-designer\/#breadcrumb","itemListElement":[{"@type":"ListItem","position":1,"name":"Strona g\u0142\u00f3wna","item":"http:\/\/test.valvex.com\/de\/"},{"@type":"ListItem","position":2,"name":"Profibereich","item":"http:\/\/test.valvex.com\/de\/strefa-profesjonalisty\/"},{"@type":"ListItem","position":3,"name":"F\u00fcr den Designer","item":"http:\/\/test.valvex.com\/de\/strefa-profesjonalisty\/strefa-projektanta\/"},{"@type":"ListItem","position":4,"name":"F\u00fcr den Designer"}]},{"@type":"WebSite","@id":"http:\/\/test.valvex.com\/de\/#website","url":"http:\/\/test.valvex.com\/de\/","name":"Valvex","description":"Hersteller von Sanit\u00e4ranlagen und Armaturen\n\n","potentialAction":[{"@type":"SearchAction","target":{"@type":"EntryPoint","urlTemplate":"http:\/\/test.valvex.com\/de\/?s={search_term_string}"},"query-input":"required name=search_term_string"}],"inLanguage":"de"}]}},"_links":{"self":[{"href":"http:\/\/test.valvex.com\/de\/wp-json\/wp\/v2\/pages\/68184","targetHints":{"allow":["GET"]}}],"collection":[{"href":"http:\/\/test.valvex.com\/de\/wp-json\/wp\/v2\/pages"}],"about":[{"href":"http:\/\/test.valvex.com\/de\/wp-json\/wp\/v2\/types\/page"}],"author":[{"embeddable":true,"href":"http:\/\/test.valvex.com\/de\/wp-json\/wp\/v2\/users\/12"}],"replies":[{"embeddable":true,"href":"http:\/\/test.valvex.com\/de\/wp-json\/wp\/v2\/comments?post=68184"}],"version-history":[{"count":4,"href":"http:\/\/test.valvex.com\/de\/wp-json\/wp\/v2\/pages\/68184\/revisions"}],"predecessor-version":[{"id":71505,"href":"http:\/\/test.valvex.com\/de\/wp-json\/wp\/v2\/pages\/68184\/revisions\/71505"}],"up":[{"embeddable":true,"href":"http:\/\/test.valvex.com\/de\/wp-json\/wp\/v2\/pages\/69411"}],"wp:featuredmedia":[{"embeddable":true,"href":"http:\/\/test.valvex.com\/de\/wp-json\/wp\/v2\/media\/70477"}],"wp:attachment":[{"href":"http:\/\/test.valvex.com\/de\/wp-json\/wp\/v2\/media?parent=68184"}],"curies":[{"name":"wp","href":"https:\/\/api.w.org\/{rel}","templated":true}]}}